{"id":2597,"date":"2021-06-14T13:03:10","date_gmt":"2021-06-14T13:03:10","guid":{"rendered":"https:\/\/melissimo.ro\/?post_type=product&#038;p=2597"},"modified":"2026-04-01T13:11:02","modified_gmt":"2026-04-01T10:11:02","slug":"melissimo-limonada","status":"publish","type":"product","link":"https:\/\/melissimo.ro\/en\/product\/melissimo-limonada\/","title":{"rendered":"Melissimo Lemonade"},"content":{"rendered":"<p><strong>Quantity: 400ml<\/strong><\/p>\n<p><img loading=\"lazy\" decoding=\"async\" class=\"wd-lazy-fade alignnone size-full wp-image-593\" src=\"https:\/\/melissimo.ro\/wp-content\/themes\/woodmart\/images\/lazy.svg\" data-src=\"https:\/\/new.melissimo.ro\/wp-content\/uploads\/2024\/10\/produs-in-romania.jpg\" alt=\"\" width=\"25\" height=\"15\" \/>\u00a0 <strong>PRODUCED IN ROMANIA<\/strong><\/p>","protected":false},"excerpt":{"rendered":"<p style=\"text-align: center;\">Melissimo Lemonade is a simple, natural and refreshing choice for daily hydration. Made from fresh lemon juice and pure water with no preservatives or added sugar, this drink is a natural tonic for the body. Lemon is known for its high vitamin C content, which helps support the immune system, has an alkalizing and detoxifying effect, supporting liver function and digestion. It is the ideal drink on hot days or during periods of overwork when the body needs a boost of freshness and mental clarity.<\/p>\n<h4 style=\"text-align: center;\"><span style=\"color: #ff7536;\">INGREDIENT<\/span><\/h4>\n<p style=\"text-align: center;\">Lemon juice (Citrus limon) 15%<br \/>\nHoney 10%<br \/>\nSea buckthorn juice (Hippophae rhamnoides) 1%<br \/>\nWater 74%<\/p>","protected":false},"featured_media":16087,"template":"","meta":{"_acf_changed":false},"product_brand":[],"product_cat":[71],"product_tag":[66],"class_list":{"0":"post-2597","1":"product","2":"type-product","3":"status-publish","4":"has-post-thumbnail","6":"product_cat-limonada","7":"product_tag-tip-1","9":"first","10":"instock","11":"taxable","12":"shipping-taxable","13":"purchasable","14":"product-type-simple"},"acf":[],"yoast_head":"<!-- This site is optimized with the Yoast SEO plugin v27.3 - https:\/\/yoast.com\/product\/yoast-seo-wordpress\/ -->\n<title>Limonad\u0103 Melissimo - Melissimo<\/title>\n<meta name=\"description\" content=\"Limonad\u0103 by Melissimo este o b\u0103utur\u0103 r\u0103coritoare ob\u021binut\u0103 din suc de l\u0103m\u00e2ie \u0219i c\u0103tin\u0103 stors la rece, \u00eendulcit\u0103 cu miere de albine.\" \/>\n<meta name=\"robots\" content=\"index, follow, max-snippet:-1, max-image-preview:large, max-video-preview:-1\" \/>\n<link rel=\"canonical\" href=\"https:\/\/melissimo.ro\/en\/product\/melissimo-limonada\/\" \/>\n<meta property=\"og:locale\" content=\"en_US\" \/>\n<meta property=\"og:type\" content=\"article\" \/>\n<meta property=\"og:title\" content=\"Limonad\u0103 Melissimo - Melissimo\" \/>\n<meta property=\"og:description\" content=\"Limonad\u0103 by Melissimo este o b\u0103utur\u0103 r\u0103coritoare ob\u021binut\u0103 din suc de l\u0103m\u00e2ie \u0219i c\u0103tin\u0103 stors la rece, \u00eendulcit\u0103 cu miere de albine.\" \/>\n<meta property=\"og:url\" content=\"https:\/\/melissimo.ro\/en\/product\/melissimo-limonada\/\" \/>\n<meta property=\"og:site_name\" content=\"Melissimo\" \/>\n<meta property=\"article:publisher\" content=\"https:\/\/www.facebook.com\/melissimo.ro\" \/>\n<meta property=\"article:modified_time\" content=\"2026-04-01T10:11:02+00:00\" \/>\n<meta property=\"og:image\" content=\"https:\/\/melissimo.ro\/wp-content\/uploads\/2021\/06\/melissimo-limonada-social.jpg\" \/>\n\t<meta property=\"og:image:width\" content=\"1200\" \/>\n\t<meta property=\"og:image:height\" content=\"630\" \/>\n\t<meta property=\"og:image:type\" content=\"image\/jpeg\" \/>\n<meta name=\"twitter:card\" content=\"summary_large_image\" \/>\n<meta name=\"twitter:label1\" content=\"Est. reading time\" \/>\n\t<meta name=\"twitter:data1\" content=\"1 minute\" \/>\n<script type=\"application\/ld+json\" class=\"yoast-schema-graph\">{\"@context\":\"https:\\\/\\\/schema.org\",\"@graph\":[{\"@type\":\"WebPage\",\"@id\":\"https:\\\/\\\/melissimo.ro\\\/product\\\/melissimo-limonada\\\/\",\"url\":\"https:\\\/\\\/melissimo.ro\\\/product\\\/melissimo-limonada\\\/\",\"name\":\"Limonad\u0103 Melissimo - Melissimo\",\"isPartOf\":{\"@id\":\"https:\\\/\\\/melissimo.ro\\\/#website\"},\"primaryImageOfPage\":{\"@id\":\"https:\\\/\\\/melissimo.ro\\\/product\\\/melissimo-limonada\\\/#primaryimage\"},\"image\":{\"@id\":\"https:\\\/\\\/melissimo.ro\\\/product\\\/melissimo-limonada\\\/#primaryimage\"},\"thumbnailUrl\":\"https:\\\/\\\/melissimo.ro\\\/wp-content\\\/uploads\\\/2021\\\/06\\\/limonada-cu-catina-si-miere-melissimo-01.jpg\",\"datePublished\":\"2021-06-14T13:03:10+00:00\",\"dateModified\":\"2026-04-01T10:11:02+00:00\",\"description\":\"Limonad\u0103 by Melissimo este o b\u0103utur\u0103 r\u0103coritoare ob\u021binut\u0103 din suc de l\u0103m\u00e2ie \u0219i c\u0103tin\u0103 stors la rece, \u00eendulcit\u0103 cu miere de albine.\",\"breadcrumb\":{\"@id\":\"https:\\\/\\\/melissimo.ro\\\/product\\\/melissimo-limonada\\\/#breadcrumb\"},\"inLanguage\":\"en-US\",\"potentialAction\":[{\"@type\":\"ReadAction\",\"target\":[\"https:\\\/\\\/melissimo.ro\\\/product\\\/melissimo-limonada\\\/\"]}]},{\"@type\":\"ImageObject\",\"inLanguage\":\"en-US\",\"@id\":\"https:\\\/\\\/melissimo.ro\\\/product\\\/melissimo-limonada\\\/#primaryimage\",\"url\":\"https:\\\/\\\/melissimo.ro\\\/wp-content\\\/uploads\\\/2021\\\/06\\\/limonada-cu-catina-si-miere-melissimo-01.jpg\",\"contentUrl\":\"https:\\\/\\\/melissimo.ro\\\/wp-content\\\/uploads\\\/2021\\\/06\\\/limonada-cu-catina-si-miere-melissimo-01.jpg\",\"width\":1080,\"height\":1080,\"caption\":\"limonada cu catina si miere melissimo\"},{\"@type\":\"BreadcrumbList\",\"@id\":\"https:\\\/\\\/melissimo.ro\\\/product\\\/melissimo-limonada\\\/#breadcrumb\",\"itemListElement\":[{\"@type\":\"ListItem\",\"position\":1,\"name\":\"Prima pagin\u0103\",\"item\":\"https:\\\/\\\/melissimo.ro\\\/\"},{\"@type\":\"ListItem\",\"position\":2,\"name\":\"Shop\",\"item\":\"https:\\\/\\\/melissimo.ro\\\/shop\\\/\"},{\"@type\":\"ListItem\",\"position\":3,\"name\":\"Limonad\u0103 Melissimo\"}]},{\"@type\":\"WebSite\",\"@id\":\"https:\\\/\\\/melissimo.ro\\\/#website\",\"url\":\"https:\\\/\\\/melissimo.ro\\\/\",\"name\":\"Melissimo\",\"description\":\"Delicios de Sanatos\",\"publisher\":{\"@id\":\"https:\\\/\\\/melissimo.ro\\\/#organization\"},\"potentialAction\":[{\"@type\":\"SearchAction\",\"target\":{\"@type\":\"EntryPoint\",\"urlTemplate\":\"https:\\\/\\\/melissimo.ro\\\/?s={search_term_string}\"},\"query-input\":{\"@type\":\"PropertyValueSpecification\",\"valueRequired\":true,\"valueName\":\"search_term_string\"}}],\"inLanguage\":\"en-US\"},{\"@type\":\"Organization\",\"@id\":\"https:\\\/\\\/melissimo.ro\\\/#organization\",\"name\":\"Melissimo\",\"url\":\"https:\\\/\\\/melissimo.ro\\\/\",\"logo\":{\"@type\":\"ImageObject\",\"inLanguage\":\"en-US\",\"@id\":\"https:\\\/\\\/melissimo.ro\\\/#\\\/schema\\\/logo\\\/image\\\/\",\"url\":\"https:\\\/\\\/melissimo.ro\\\/wp-content\\\/uploads\\\/2020\\\/10\\\/logo_dark.png\",\"contentUrl\":\"https:\\\/\\\/melissimo.ro\\\/wp-content\\\/uploads\\\/2020\\\/10\\\/logo_dark.png\",\"width\":326,\"height\":70,\"caption\":\"Melissimo\"},\"image\":{\"@id\":\"https:\\\/\\\/melissimo.ro\\\/#\\\/schema\\\/logo\\\/image\\\/\"},\"sameAs\":[\"https:\\\/\\\/www.facebook.com\\\/melissimo.ro\",\"https:\\\/\\\/www.instagram.com\\\/melissimo.ro\\\/\"]}]}<\/script>\n<!-- \/ Yoast SEO plugin. -->","yoast_head_json":{"title":"Limonad\u0103 Melissimo - Melissimo","description":"Limonad\u0103 by Melissimo este o b\u0103utur\u0103 r\u0103coritoare ob\u021binut\u0103 din suc de l\u0103m\u00e2ie \u0219i c\u0103tin\u0103 stors la rece, \u00eendulcit\u0103 cu miere de albine.","robots":{"index":"index","follow":"follow","max-snippet":"max-snippet:-1","max-image-preview":"max-image-preview:large","max-video-preview":"max-video-preview:-1"},"canonical":"https:\/\/melissimo.ro\/en\/product\/melissimo-limonada\/","og_locale":"en_US","og_type":"article","og_title":"Limonad\u0103 Melissimo - Melissimo","og_description":"Limonad\u0103 by Melissimo este o b\u0103utur\u0103 r\u0103coritoare ob\u021binut\u0103 din suc de l\u0103m\u00e2ie \u0219i c\u0103tin\u0103 stors la rece, \u00eendulcit\u0103 cu miere de albine.","og_url":"https:\/\/melissimo.ro\/en\/product\/melissimo-limonada\/","og_site_name":"Melissimo","article_publisher":"https:\/\/www.facebook.com\/melissimo.ro","article_modified_time":"2026-04-01T10:11:02+00:00","og_image":[{"width":1200,"height":630,"url":"https:\/\/melissimo.ro\/wp-content\/uploads\/2021\/06\/melissimo-limonada-social.jpg","type":"image\/jpeg"}],"twitter_card":"summary_large_image","twitter_misc":{"Est. reading time":"1 minute"},"schema":{"@context":"https:\/\/schema.org","@graph":[{"@type":"WebPage","@id":"https:\/\/melissimo.ro\/product\/melissimo-limonada\/","url":"https:\/\/melissimo.ro\/product\/melissimo-limonada\/","name":"Limonad\u0103 Melissimo - Melissimo","isPartOf":{"@id":"https:\/\/melissimo.ro\/#website"},"primaryImageOfPage":{"@id":"https:\/\/melissimo.ro\/product\/melissimo-limonada\/#primaryimage"},"image":{"@id":"https:\/\/melissimo.ro\/product\/melissimo-limonada\/#primaryimage"},"thumbnailUrl":"https:\/\/melissimo.ro\/wp-content\/uploads\/2021\/06\/limonada-cu-catina-si-miere-melissimo-01.jpg","datePublished":"2021-06-14T13:03:10+00:00","dateModified":"2026-04-01T10:11:02+00:00","description":"Limonad\u0103 by Melissimo este o b\u0103utur\u0103 r\u0103coritoare ob\u021binut\u0103 din suc de l\u0103m\u00e2ie \u0219i c\u0103tin\u0103 stors la rece, \u00eendulcit\u0103 cu miere de albine.","breadcrumb":{"@id":"https:\/\/melissimo.ro\/product\/melissimo-limonada\/#breadcrumb"},"inLanguage":"en-US","potentialAction":[{"@type":"ReadAction","target":["https:\/\/melissimo.ro\/product\/melissimo-limonada\/"]}]},{"@type":"ImageObject","inLanguage":"en-US","@id":"https:\/\/melissimo.ro\/product\/melissimo-limonada\/#primaryimage","url":"https:\/\/melissimo.ro\/wp-content\/uploads\/2021\/06\/limonada-cu-catina-si-miere-melissimo-01.jpg","contentUrl":"https:\/\/melissimo.ro\/wp-content\/uploads\/2021\/06\/limonada-cu-catina-si-miere-melissimo-01.jpg","width":1080,"height":1080,"caption":"limonada cu catina si miere melissimo"},{"@type":"BreadcrumbList","@id":"https:\/\/melissimo.ro\/product\/melissimo-limonada\/#breadcrumb","itemListElement":[{"@type":"ListItem","position":1,"name":"Prima pagin\u0103","item":"https:\/\/melissimo.ro\/"},{"@type":"ListItem","position":2,"name":"Shop","item":"https:\/\/melissimo.ro\/shop\/"},{"@type":"ListItem","position":3,"name":"Limonad\u0103 Melissimo"}]},{"@type":"WebSite","@id":"https:\/\/melissimo.ro\/#website","url":"https:\/\/melissimo.ro\/","name":"Melissimo","description":"Sanatos delights","publisher":{"@id":"https:\/\/melissimo.ro\/#organization"},"potentialAction":[{"@type":"SearchAction","target":{"@type":"EntryPoint","urlTemplate":"https:\/\/melissimo.ro\/?s={search_term_string}"},"query-input":{"@type":"PropertyValueSpecification","valueRequired":true,"valueName":"search_term_string"}}],"inLanguage":"en-US"},{"@type":"Organization","@id":"https:\/\/melissimo.ro\/#organization","name":"Melissimo","url":"https:\/\/melissimo.ro\/","logo":{"@type":"ImageObject","inLanguage":"en-US","@id":"https:\/\/melissimo.ro\/#\/schema\/logo\/image\/","url":"https:\/\/melissimo.ro\/wp-content\/uploads\/2020\/10\/logo_dark.png","contentUrl":"https:\/\/melissimo.ro\/wp-content\/uploads\/2020\/10\/logo_dark.png","width":326,"height":70,"caption":"Melissimo"},"image":{"@id":"https:\/\/melissimo.ro\/#\/schema\/logo\/image\/"},"sameAs":["https:\/\/www.facebook.com\/melissimo.ro","https:\/\/www.instagram.com\/melissimo.ro\/"]}]}},"_links":{"self":[{"href":"https:\/\/melissimo.ro\/en\/wp-json\/wp\/v2\/product\/2597","targetHints":{"allow":["GET"]}}],"collection":[{"href":"https:\/\/melissimo.ro\/en\/wp-json\/wp\/v2\/product"}],"about":[{"href":"https:\/\/melissimo.ro\/en\/wp-json\/wp\/v2\/types\/product"}],"wp:featuredmedia":[{"embeddable":true,"href":"https:\/\/melissimo.ro\/en\/wp-json\/wp\/v2\/media\/16087"}],"wp:attachment":[{"href":"https:\/\/melissimo.ro\/en\/wp-json\/wp\/v2\/media?parent=2597"}],"wp:term":[{"taxonomy":"product_brand","embeddable":true,"href":"https:\/\/melissimo.ro\/en\/wp-json\/wp\/v2\/product_brand?post=2597"},{"taxonomy":"product_cat","embeddable":true,"href":"https:\/\/melissimo.ro\/en\/wp-json\/wp\/v2\/product_cat?post=2597"},{"taxonomy":"product_tag","embeddable":true,"href":"https:\/\/melissimo.ro\/en\/wp-json\/wp\/v2\/product_tag?post=2597"}],"curies":[{"name":"wp","href":"https:\/\/api.w.org\/{rel}","templated":true}]}}