{"id":15711,"date":"2025-08-12T16:49:12","date_gmt":"2025-08-12T13:49:12","guid":{"rendered":"https:\/\/melissimo.ro\/?post_type=product&#038;p=15711"},"modified":"2026-01-15T13:13:05","modified_gmt":"2026-01-15T11:13:05","slug":"capsule-de-catina-bio-5dc","status":"publish","type":"product","link":"https:\/\/melissimo.ro\/en\/product\/capsule-de-catina-bio-5dc\/","title":{"rendered":"Organic Sea Buckthorn  capsules 5DC - 150 capsules"},"content":{"rendered":"<p><strong>Food supplement<\/strong><\/p>\n<p><strong>Contains: 150 capsules<\/strong><\/p>\n<p><img loading=\"lazy\" decoding=\"async\" class=\"wd-lazy-fade alignnone size-full wp-image-593\" src=\"https:\/\/melissimo.ro\/wp-content\/themes\/woodmart\/images\/lazy.svg\" data-src=\"https:\/\/new.melissimo.ro\/wp-content\/uploads\/2024\/10\/produs-in-romania.jpg\" alt=\"\" width=\"25\" height=\"15\" \/>\u00a0 <strong>PRODUCED IN ROMANIA<\/strong><\/p>","protected":false},"excerpt":{"rendered":"<h4 style=\"text-align: left;\"><span style=\"color: #ff7536;\">INGREDIENT<\/span><\/h4>\n<p style=\"text-align: left;\">Made from dehydrated organic sea buckthorn (Hippophae rhamnoides) 400 mg, hypromellose (vegetarian capsule). Made in Romania, RAW, vegan.<\/p>\n<p style=\"text-align: left;\"><strong>HIGH IN FIBER, NATURALLY CONTAINS VITAMINS C, E, A, K, FOLIC ACID (FOLATE) AND OMEGA 3, 6, 7 AND 9 FATTY ACIDS<\/strong><\/p>\n<hr \/>\n<p>Organic celeriac is a valuable source of essential nutrients and antioxidants, providing numerous health benefits. Including it in the diet can help maintain optimal health and improve quality of life.<\/p>\n<p>Consuming sea buckthorn or sea buckthorn supplements can have the following effects on the body:<\/p>\n<ul>\n<li>contributes to the body's natural defenses and supports the immune system;<\/li>\n<li>helps with dryness, contributes to the function of the mucous membranes of the eyes, vagina and mouth;<\/li>\n<li>helps keep skin healthy from the inside out;<\/li>\n<li>supports intestinal tract activity;<\/li>\n<li>supports metabolism;<\/li>\n<li>supports the heart system.<\/li>\n<\/ul>\n<hr \/>\n<h4 style=\"text-align: left;\"><span style=\"color: #ff7536;\">HOW TO USE<\/span><\/h4>\n<p>Recommended daily dose: 2 cps twice a day, with water, in prolonged courses. The recommended daily dose may be changed on the advice of your doctor. The capsules can be opened and the contents consumed with honey, smoothie, yogurt or tea.<\/p>\n<p>For pregnant and breastfeeding women and children under 3 years of age, consult your doctor before use.<\/p>\n<p><strong>Do not exceed the recommended daily intake!<\/strong><\/p>\n<p><strong>The product is a food supplement and should not replace a varied and balanced diet and a healthy lifestyle! Keep out of the reach and sight of small children!<\/strong><\/p>","protected":false},"featured_media":16464,"template":"","meta":{"_acf_changed":false},"product_brand":[],"product_cat":[72,58],"product_tag":[68],"class_list":{"0":"post-15711","1":"product","2":"type-product","3":"status-publish","4":"has-post-thumbnail","6":"product_cat-sucuri-nectaruri-bauturi-bio","7":"product_cat-suplimente-alimentare-5dc","8":"product_tag-tip-3","10":"first","11":"instock","12":"taxable","13":"shipping-taxable","14":"purchasable","15":"product-type-simple"},"acf":[],"yoast_head":"<!-- This site is optimized with the Yoast SEO plugin v27.3 - https:\/\/yoast.com\/product\/yoast-seo-wordpress\/ -->\n<title>Capsule de c\u0103tin\u0103 bio 5DC - 150 de capsule - Melissimo<\/title>\n<meta name=\"robots\" content=\"index, follow, max-snippet:-1, max-image-preview:large, max-video-preview:-1\" \/>\n<link rel=\"canonical\" href=\"https:\/\/melissimo.ro\/en\/product\/capsule-de-catina-bio-5dc\/\" \/>\n<meta property=\"og:locale\" content=\"en_US\" \/>\n<meta property=\"og:type\" content=\"article\" \/>\n<meta property=\"og:title\" content=\"Capsule de c\u0103tin\u0103 bio 5DC - 150 de capsule - Melissimo\" \/>\n<meta property=\"og:description\" content=\"INGREDIENTE Produs din c\u0103tin\u0103 bio deshidratat\u0103 (Hippophae rhamnoides) 400 mg, hipromeloz\u0103 (capsul\u0103 vegetal\u0103). Produs \u00een Rom\u00e2nia, RAW, vegan. BOGAT \u00ceN FIBRE, CON\u021aINE \u00ceN MOD NATURAL VITAMINELE C, E, A, K, ACID FOLIC (FOLAT) \u0218I ACIZI GRA\u0218I OMEGA 3, 6, 7 \u0218I 9     C\u0103tina bio reprezint\u0103 o surs\u0103 valoroas\u0103 de nutrien\u021bi esen\u021biali \u0219i antioxidan\u021bi, oferind numeroase beneficii pentru s\u0103n\u0103tate. Prin includerea acesteia \u00een diet\u0103, se poate contribui la men\u021binerea unei st\u0103ri de s\u0103n\u0103tate optim\u0103 \u0219i \u00eembun\u0103t\u0103\u021birea calit\u0103\u021bii vie\u021bii.  Consumul de c\u0103tin\u0103 sau de suplimente pe baz\u0103 de c\u0103tin\u0103 poate avea urm\u0103toarele efecte asupra organismului:   contribuie la ap\u0103rarea natural\u0103 a organismului \u0219i sus\u021bine sistemul imunitar;  ajutor \u00een caz de usc\u0103ciune, contribuie la func\u021bia mucoasei oculare, vaginale \u0219i bucale;  ajut\u0103 la men\u021binerea s\u0103n\u0103t\u0103\u021bii pielii din interior;  sus\u021bine activitatea tractului intestinal;  sus\u021bine metabolismul;  sus\u021bine sistemul cardiac.     MOD DE UTILIZARE Doza zilnic\u0103 recomandat\u0103: 2 cps de 2 ori\/zi, cu ap\u0103, \u00een cure prelungite. Doza zilnic\u0103 recomandat\u0103 poate fi modificat\u0103 la indica\u021bia medicului. Capsulele pot fi desf\u0103cute \u0219i con\u021binutul poate fi consumat cu miere, smoothie, iaurt sau ceai.  Pentru femei gravide, care al\u0103pteaz\u0103 \u0219i pentru copii sub 3 ani se consult\u0103 medicul \u00eenainte de utilizare.  A nu se dep\u0103\u0219i doza recomandat\u0103 pentru consumul zilnic!  Produsul este un supliment alimentar \u0219i nu trebuie s\u0103 \u00eenlocuiasc\u0103 o diet\u0103 variat\u0103 \u0219i echilibrat\u0103 \u0219i un stil de via\u021b\u0103 s\u0103n\u0103tos! A nu se l\u0103sa la \u00eendem\u00e2na \u0219i la vederea copiilor mici!\" \/>\n<meta property=\"og:url\" content=\"https:\/\/melissimo.ro\/en\/product\/capsule-de-catina-bio-5dc\/\" \/>\n<meta property=\"og:site_name\" content=\"Melissimo\" \/>\n<meta property=\"article:publisher\" content=\"https:\/\/www.facebook.com\/melissimo.ro\" \/>\n<meta property=\"article:modified_time\" content=\"2026-01-15T11:13:05+00:00\" \/>\n<meta property=\"og:image\" content=\"https:\/\/melissimo.ro\/wp-content\/uploads\/2025\/08\/featured-capsula-de-catina-bio-social-melissimo.jpg\" \/>\n\t<meta property=\"og:image:width\" content=\"1200\" \/>\n\t<meta property=\"og:image:height\" content=\"630\" \/>\n\t<meta property=\"og:image:type\" content=\"image\/jpeg\" \/>\n<meta name=\"twitter:card\" content=\"summary_large_image\" \/>\n<meta name=\"twitter:label1\" content=\"Est. reading time\" \/>\n\t<meta name=\"twitter:data1\" content=\"1 minute\" \/>\n<script type=\"application\/ld+json\" class=\"yoast-schema-graph\">{\"@context\":\"https:\\\/\\\/schema.org\",\"@graph\":[{\"@type\":\"WebPage\",\"@id\":\"https:\\\/\\\/melissimo.ro\\\/product\\\/capsule-de-catina-bio-5dc\\\/\",\"url\":\"https:\\\/\\\/melissimo.ro\\\/product\\\/capsule-de-catina-bio-5dc\\\/\",\"name\":\"Capsule de c\u0103tin\u0103 bio 5DC - 150 de capsule - Melissimo\",\"isPartOf\":{\"@id\":\"https:\\\/\\\/melissimo.ro\\\/#website\"},\"primaryImageOfPage\":{\"@id\":\"https:\\\/\\\/melissimo.ro\\\/product\\\/capsule-de-catina-bio-5dc\\\/#primaryimage\"},\"image\":{\"@id\":\"https:\\\/\\\/melissimo.ro\\\/product\\\/capsule-de-catina-bio-5dc\\\/#primaryimage\"},\"thumbnailUrl\":\"https:\\\/\\\/melissimo.ro\\\/wp-content\\\/uploads\\\/2025\\\/08\\\/capsule-catina-bio-150-de-capsule.jpg\",\"datePublished\":\"2025-08-12T13:49:12+00:00\",\"dateModified\":\"2026-01-15T11:13:05+00:00\",\"breadcrumb\":{\"@id\":\"https:\\\/\\\/melissimo.ro\\\/product\\\/capsule-de-catina-bio-5dc\\\/#breadcrumb\"},\"inLanguage\":\"en-US\",\"potentialAction\":[{\"@type\":\"ReadAction\",\"target\":[\"https:\\\/\\\/melissimo.ro\\\/product\\\/capsule-de-catina-bio-5dc\\\/\"]}]},{\"@type\":\"ImageObject\",\"inLanguage\":\"en-US\",\"@id\":\"https:\\\/\\\/melissimo.ro\\\/product\\\/capsule-de-catina-bio-5dc\\\/#primaryimage\",\"url\":\"https:\\\/\\\/melissimo.ro\\\/wp-content\\\/uploads\\\/2025\\\/08\\\/capsule-catina-bio-150-de-capsule.jpg\",\"contentUrl\":\"https:\\\/\\\/melissimo.ro\\\/wp-content\\\/uploads\\\/2025\\\/08\\\/capsule-catina-bio-150-de-capsule.jpg\",\"width\":1080,\"height\":1080,\"caption\":\"150 capsule aronia bio melissimo\"},{\"@type\":\"BreadcrumbList\",\"@id\":\"https:\\\/\\\/melissimo.ro\\\/product\\\/capsule-de-catina-bio-5dc\\\/#breadcrumb\",\"itemListElement\":[{\"@type\":\"ListItem\",\"position\":1,\"name\":\"Prima pagin\u0103\",\"item\":\"https:\\\/\\\/melissimo.ro\\\/\"},{\"@type\":\"ListItem\",\"position\":2,\"name\":\"Shop\",\"item\":\"https:\\\/\\\/melissimo.ro\\\/shop\\\/\"},{\"@type\":\"ListItem\",\"position\":3,\"name\":\"Capsule de c\u0103tin\u0103 bio 5DC &#8211; 150 de capsule\"}]},{\"@type\":\"WebSite\",\"@id\":\"https:\\\/\\\/melissimo.ro\\\/#website\",\"url\":\"https:\\\/\\\/melissimo.ro\\\/\",\"name\":\"Melissimo\",\"description\":\"Delicios de Sanatos\",\"publisher\":{\"@id\":\"https:\\\/\\\/melissimo.ro\\\/#organization\"},\"potentialAction\":[{\"@type\":\"SearchAction\",\"target\":{\"@type\":\"EntryPoint\",\"urlTemplate\":\"https:\\\/\\\/melissimo.ro\\\/?s={search_term_string}\"},\"query-input\":{\"@type\":\"PropertyValueSpecification\",\"valueRequired\":true,\"valueName\":\"search_term_string\"}}],\"inLanguage\":\"en-US\"},{\"@type\":\"Organization\",\"@id\":\"https:\\\/\\\/melissimo.ro\\\/#organization\",\"name\":\"Melissimo\",\"url\":\"https:\\\/\\\/melissimo.ro\\\/\",\"logo\":{\"@type\":\"ImageObject\",\"inLanguage\":\"en-US\",\"@id\":\"https:\\\/\\\/melissimo.ro\\\/#\\\/schema\\\/logo\\\/image\\\/\",\"url\":\"https:\\\/\\\/melissimo.ro\\\/wp-content\\\/uploads\\\/2020\\\/10\\\/logo_dark.png\",\"contentUrl\":\"https:\\\/\\\/melissimo.ro\\\/wp-content\\\/uploads\\\/2020\\\/10\\\/logo_dark.png\",\"width\":326,\"height\":70,\"caption\":\"Melissimo\"},\"image\":{\"@id\":\"https:\\\/\\\/melissimo.ro\\\/#\\\/schema\\\/logo\\\/image\\\/\"},\"sameAs\":[\"https:\\\/\\\/www.facebook.com\\\/melissimo.ro\",\"https:\\\/\\\/www.instagram.com\\\/melissimo.ro\\\/\"]}]}<\/script>\n<!-- \/ Yoast SEO plugin. -->","yoast_head_json":{"title":"Capsule de c\u0103tin\u0103 bio 5DC - 150 de capsule - Melissimo","robots":{"index":"index","follow":"follow","max-snippet":"max-snippet:-1","max-image-preview":"max-image-preview:large","max-video-preview":"max-video-preview:-1"},"canonical":"https:\/\/melissimo.ro\/en\/product\/capsule-de-catina-bio-5dc\/","og_locale":"en_US","og_type":"article","og_title":"Capsule de c\u0103tin\u0103 bio 5DC - 150 de capsule - Melissimo","og_description":"INGREDIENTE Produs din c\u0103tin\u0103 bio deshidratat\u0103 (Hippophae rhamnoides) 400 mg, hipromeloz\u0103 (capsul\u0103 vegetal\u0103). Produs \u00een Rom\u00e2nia, RAW, vegan. BOGAT \u00ceN FIBRE, CON\u021aINE \u00ceN MOD NATURAL VITAMINELE C, E, A, K, ACID FOLIC (FOLAT) \u0218I ACIZI GRA\u0218I OMEGA 3, 6, 7 \u0218I 9     C\u0103tina bio reprezint\u0103 o surs\u0103 valoroas\u0103 de nutrien\u021bi esen\u021biali \u0219i antioxidan\u021bi, oferind numeroase beneficii pentru s\u0103n\u0103tate. Prin includerea acesteia \u00een diet\u0103, se poate contribui la men\u021binerea unei st\u0103ri de s\u0103n\u0103tate optim\u0103 \u0219i \u00eembun\u0103t\u0103\u021birea calit\u0103\u021bii vie\u021bii.  Consumul de c\u0103tin\u0103 sau de suplimente pe baz\u0103 de c\u0103tin\u0103 poate avea urm\u0103toarele efecte asupra organismului:   contribuie la ap\u0103rarea natural\u0103 a organismului \u0219i sus\u021bine sistemul imunitar;  ajutor \u00een caz de usc\u0103ciune, contribuie la func\u021bia mucoasei oculare, vaginale \u0219i bucale;  ajut\u0103 la men\u021binerea s\u0103n\u0103t\u0103\u021bii pielii din interior;  sus\u021bine activitatea tractului intestinal;  sus\u021bine metabolismul;  sus\u021bine sistemul cardiac.     MOD DE UTILIZARE Doza zilnic\u0103 recomandat\u0103: 2 cps de 2 ori\/zi, cu ap\u0103, \u00een cure prelungite. Doza zilnic\u0103 recomandat\u0103 poate fi modificat\u0103 la indica\u021bia medicului. Capsulele pot fi desf\u0103cute \u0219i con\u021binutul poate fi consumat cu miere, smoothie, iaurt sau ceai.  Pentru femei gravide, care al\u0103pteaz\u0103 \u0219i pentru copii sub 3 ani se consult\u0103 medicul \u00eenainte de utilizare.  A nu se dep\u0103\u0219i doza recomandat\u0103 pentru consumul zilnic!  Produsul este un supliment alimentar \u0219i nu trebuie s\u0103 \u00eenlocuiasc\u0103 o diet\u0103 variat\u0103 \u0219i echilibrat\u0103 \u0219i un stil de via\u021b\u0103 s\u0103n\u0103tos! A nu se l\u0103sa la \u00eendem\u00e2na \u0219i la vederea copiilor mici!","og_url":"https:\/\/melissimo.ro\/en\/product\/capsule-de-catina-bio-5dc\/","og_site_name":"Melissimo","article_publisher":"https:\/\/www.facebook.com\/melissimo.ro","article_modified_time":"2026-01-15T11:13:05+00:00","og_image":[{"width":1200,"height":630,"url":"https:\/\/melissimo.ro\/wp-content\/uploads\/2025\/08\/featured-capsula-de-catina-bio-social-melissimo.jpg","type":"image\/jpeg"}],"twitter_card":"summary_large_image","twitter_misc":{"Est. reading time":"1 minute"},"schema":{"@context":"https:\/\/schema.org","@graph":[{"@type":"WebPage","@id":"https:\/\/melissimo.ro\/product\/capsule-de-catina-bio-5dc\/","url":"https:\/\/melissimo.ro\/product\/capsule-de-catina-bio-5dc\/","name":"Capsule de c\u0103tin\u0103 bio 5DC - 150 de capsule - Melissimo","isPartOf":{"@id":"https:\/\/melissimo.ro\/#website"},"primaryImageOfPage":{"@id":"https:\/\/melissimo.ro\/product\/capsule-de-catina-bio-5dc\/#primaryimage"},"image":{"@id":"https:\/\/melissimo.ro\/product\/capsule-de-catina-bio-5dc\/#primaryimage"},"thumbnailUrl":"https:\/\/melissimo.ro\/wp-content\/uploads\/2025\/08\/capsule-catina-bio-150-de-capsule.jpg","datePublished":"2025-08-12T13:49:12+00:00","dateModified":"2026-01-15T11:13:05+00:00","breadcrumb":{"@id":"https:\/\/melissimo.ro\/product\/capsule-de-catina-bio-5dc\/#breadcrumb"},"inLanguage":"en-US","potentialAction":[{"@type":"ReadAction","target":["https:\/\/melissimo.ro\/product\/capsule-de-catina-bio-5dc\/"]}]},{"@type":"ImageObject","inLanguage":"en-US","@id":"https:\/\/melissimo.ro\/product\/capsule-de-catina-bio-5dc\/#primaryimage","url":"https:\/\/melissimo.ro\/wp-content\/uploads\/2025\/08\/capsule-catina-bio-150-de-capsule.jpg","contentUrl":"https:\/\/melissimo.ro\/wp-content\/uploads\/2025\/08\/capsule-catina-bio-150-de-capsule.jpg","width":1080,"height":1080,"caption":"150 capsule aronia bio melissimo"},{"@type":"BreadcrumbList","@id":"https:\/\/melissimo.ro\/product\/capsule-de-catina-bio-5dc\/#breadcrumb","itemListElement":[{"@type":"ListItem","position":1,"name":"Prima pagin\u0103","item":"https:\/\/melissimo.ro\/"},{"@type":"ListItem","position":2,"name":"Shop","item":"https:\/\/melissimo.ro\/shop\/"},{"@type":"ListItem","position":3,"name":"Capsule de c\u0103tin\u0103 bio 5DC &#8211; 150 de capsule"}]},{"@type":"WebSite","@id":"https:\/\/melissimo.ro\/#website","url":"https:\/\/melissimo.ro\/","name":"Melissimo","description":"Sanatos delights","publisher":{"@id":"https:\/\/melissimo.ro\/#organization"},"potentialAction":[{"@type":"SearchAction","target":{"@type":"EntryPoint","urlTemplate":"https:\/\/melissimo.ro\/?s={search_term_string}"},"query-input":{"@type":"PropertyValueSpecification","valueRequired":true,"valueName":"search_term_string"}}],"inLanguage":"en-US"},{"@type":"Organization","@id":"https:\/\/melissimo.ro\/#organization","name":"Melissimo","url":"https:\/\/melissimo.ro\/","logo":{"@type":"ImageObject","inLanguage":"en-US","@id":"https:\/\/melissimo.ro\/#\/schema\/logo\/image\/","url":"https:\/\/melissimo.ro\/wp-content\/uploads\/2020\/10\/logo_dark.png","contentUrl":"https:\/\/melissimo.ro\/wp-content\/uploads\/2020\/10\/logo_dark.png","width":326,"height":70,"caption":"Melissimo"},"image":{"@id":"https:\/\/melissimo.ro\/#\/schema\/logo\/image\/"},"sameAs":["https:\/\/www.facebook.com\/melissimo.ro","https:\/\/www.instagram.com\/melissimo.ro\/"]}]}},"_links":{"self":[{"href":"https:\/\/melissimo.ro\/en\/wp-json\/wp\/v2\/product\/15711","targetHints":{"allow":["GET"]}}],"collection":[{"href":"https:\/\/melissimo.ro\/en\/wp-json\/wp\/v2\/product"}],"about":[{"href":"https:\/\/melissimo.ro\/en\/wp-json\/wp\/v2\/types\/product"}],"wp:featuredmedia":[{"embeddable":true,"href":"https:\/\/melissimo.ro\/en\/wp-json\/wp\/v2\/media\/16464"}],"wp:attachment":[{"href":"https:\/\/melissimo.ro\/en\/wp-json\/wp\/v2\/media?parent=15711"}],"wp:term":[{"taxonomy":"product_brand","embeddable":true,"href":"https:\/\/melissimo.ro\/en\/wp-json\/wp\/v2\/product_brand?post=15711"},{"taxonomy":"product_cat","embeddable":true,"href":"https:\/\/melissimo.ro\/en\/wp-json\/wp\/v2\/product_cat?post=15711"},{"taxonomy":"product_tag","embeddable":true,"href":"https:\/\/melissimo.ro\/en\/wp-json\/wp\/v2\/product_tag?post=15711"}],"curies":[{"name":"wp","href":"https:\/\/api.w.org\/{rel}","templated":true}]}}