{"id":15708,"date":"2025-08-12T16:46:14","date_gmt":"2025-08-12T13:46:14","guid":{"rendered":"https:\/\/melissimo.ro\/?post_type=product&#038;p=15708"},"modified":"2026-01-15T13:13:05","modified_gmt":"2026-01-15T11:13:05","slug":"capsule-de-aronia-bio-5dc","status":"publish","type":"product","link":"https:\/\/melissimo.ro\/en\/product\/capsule-de-aronia-bio-5dc\/","title":{"rendered":"Organic aronia capsules 5DC - 150 capsules"},"content":{"rendered":"<p><strong>Food supplement<\/strong><\/p>\n<p><strong>Contains: 150 capsules<\/strong><\/p>\n<p><img loading=\"lazy\" decoding=\"async\" class=\"wd-lazy-fade alignnone size-full wp-image-593\" src=\"https:\/\/melissimo.ro\/wp-content\/themes\/woodmart\/images\/lazy.svg\" data-src=\"https:\/\/new.melissimo.ro\/wp-content\/uploads\/2024\/10\/produs-in-romania.jpg\" alt=\"\" width=\"25\" height=\"15\" \/>\u00a0 <strong>PRODUCED IN ROMANIA<\/strong><\/p>","protected":false},"excerpt":{"rendered":"<h4 style=\"text-align: left;\"><span style=\"color: #ff7536;\">INGREDIENT<\/span><\/h4>\n<p style=\"text-align: left;\">Made from freeze-dried organic aronia (Aronia melanocarpa) 400 mg, hypromellose (vegetarian capsule). Made in Romania, RAW, vegan.<\/p>\n<p style=\"text-align: left;\"><strong>CONTAINS NATURALLY OCCURRING POLYPHENOLS (ANTHOCYANINS), VITAMINS C AND E, FLAVONOIDS, CAROTENOIDS AND TRACE ELEMENTS<\/strong><\/p>\n<hr \/>\n<p style=\"text-align: left;\">Aronia can be used for its antioxidant, antiatherosclerotic, antidiabetic, anti-inflammatory, antiviral and antimutagenic potential.<\/p>\n<p style=\"text-align: left;\">Taking aronia or aronia supplements can have the following effects on the body:<\/p>\n<ul style=\"text-align: left;\">\n<li>Antioxidant effects: the phenolic compounds in aronia help fight oxidative stress, protecting cells from damage.<\/li>\n<li>Improve cardiovascular health: Studies suggest that aronia supplementation may reduce inflammation and improve vascular function, contributing to heart health.  \ufffc<\/li>\n<li>Anti-inflammatory properties: certain compounds in aronia have been identified as having anti-inflammatory effects, which may be beneficial in various health conditions.<\/li>\n<li>Blood sugar regulation: Research indicates that aronia may have beneficial effects on glucose metabolism and is useful in the management of diabetes.<\/li>\n<\/ul>\n<p style=\"text-align: left;\">Freeze-drying is a process of drying at low temperatures and aims to preserve the nutritional values of the fruit, retaining most of the nutrients found in fresh fruit.<\/p>\n<hr \/>\n<h4 style=\"text-align: left;\"><span style=\"color: #ff7536;\">HOW TO USE<\/span><\/h4>\n<p style=\"text-align: left;\">Recommended daily dose: 2 cps twice daily with 200 ml of water. The recommended daily dose may be changed on the advice of your doctor.<\/p>\n<p style=\"text-align: left;\">Not to be consumed by children, pregnant or breastfeeding women, people allergic to any of the ingredients and people suffering from chronic medical conditions or undergoing medication without medical advice.<\/p>\n<p style=\"text-align: left;\"><strong>Do not exceed the recommended daily intake!<\/strong><\/p>\n<p style=\"text-align: left;\"><strong>The product is a food supplement and should not replace a varied and balanced diet and a healthy lifestyle! Keep out of the reach and sight of small children!<\/strong><\/p>","protected":false},"featured_media":16465,"template":"","meta":{"_acf_changed":false},"product_brand":[],"product_cat":[72,58],"product_tag":[68],"class_list":{"0":"post-15708","1":"product","2":"type-product","3":"status-publish","4":"has-post-thumbnail","6":"product_cat-sucuri-nectaruri-bauturi-bio","7":"product_cat-suplimente-alimentare-5dc","8":"product_tag-tip-3","10":"first","11":"instock","12":"taxable","13":"shipping-taxable","14":"purchasable","15":"product-type-simple"},"acf":[],"yoast_head":"<!-- This site is optimized with the Yoast SEO plugin v27.3 - https:\/\/yoast.com\/product\/yoast-seo-wordpress\/ -->\n<title>Capsule de aronia bio 5DC - 150 de capsule - Melissimo<\/title>\n<meta name=\"robots\" content=\"index, follow, max-snippet:-1, max-image-preview:large, max-video-preview:-1\" \/>\n<link rel=\"canonical\" href=\"https:\/\/melissimo.ro\/en\/product\/capsule-de-aronia-bio-5dc\/\" \/>\n<meta property=\"og:locale\" content=\"en_US\" \/>\n<meta property=\"og:type\" content=\"article\" \/>\n<meta property=\"og:title\" content=\"Capsule de aronia bio 5DC - 150 de capsule - Melissimo\" \/>\n<meta property=\"og:description\" content=\"INGREDIENTE Produs din aronia bio liofilizat\u0103 (Aronia melanocarpa) 400 mg, hipromeloz\u0103 (capsul\u0103 vegetal\u0103). Produs \u00een Rom\u00e2nia, RAW, vegan. CON\u021aINE \u00ceN MOD NATURAL POLIFENOLI (ANTOCIANI), VITAMINELE C \u0218I E, FLAVONOIDE, CAROTENOIDE \u0218I MICROELEMENTE    Aronia poate fi folosit\u0103 pentru poten\u021bialul antioxidant, antiaterosclerotic, antidiabetic, antiinflamator, antiviral \u0219i antimutagenic. Consumul de aronia sau de suplimente pe baz\u0103 de aronia poate avea urm\u0103toarele efecte asupra organismului:    Efecte antioxidante: Compu\u0219ii fenolici din aronia ajut\u0103 la combaterea stresului oxidativ, protej\u00e2nd celulele de deteriorare.  \u00cembun\u0103t\u0103\u021birea s\u0103n\u0103t\u0103\u021bii cardiovasculare: Studiile sugereaz\u0103 c\u0103 suplimentarea cu aronia poate reduce inflama\u021bia \u0219i \u00eembun\u0103t\u0103\u021bi func\u021bia vascular\u0103, contribuind la s\u0103n\u0103tatea inimii.\u00a0 \ufffc  Propriet\u0103\u021bi antiinflamatorii: Anumi\u021bi compu\u0219i din aronia au fost identifica\u021bi ca av\u00e2nd efecte antiinflamatorii, care pot fi benefice \u00een diverse condi\u021bii de s\u0103n\u0103tate.  Reglarea glicemiei: Cercet\u0103rile indic\u0103 faptul c\u0103 aronia poate avea efecte benefice asupra metabolismului glucozei, fiind util\u0103 \u00een gestionarea diabetului.  Liofilizarea este un proces de uscare la temperaturi sc\u0103zute \u0219i are ca scop p\u0103strarea valorilor nutritive ale fructelor, men\u021bin\u00e2nd majoritatea nutrien\u021bilor care se g\u0103sesc \u00een fructele proaspete.     MOD DE UTILIZARE Doza zilnic\u0103 recomandat\u0103: 2 cps de 2 ori\/zi, cu 200 ml de ap\u0103. Doza zilnic\u0103 recomandat\u0103 poate fi modificat\u0103 la indica\u021bia medicului. A nu se consuma de c\u0103tre copii, femeile \u00eens\u0103rcinate sau care al\u0103pteaz\u0103, de c\u0103tre persoanele alergice la oricare dintre ingredientele produsului \u0219i de c\u0103tre persoanele care sufer\u0103 de afec\u021biuni cronice sau care urmeaz\u0103 un tratament medicamentos, f\u0103r\u0103 sfatul medicului. A nu se dep\u0103\u0219i doza recomandat\u0103 pentru consumul zilnic! Produsul este un supliment alimentar \u0219i nu trebuie s\u0103 \u00eenlocuiasc\u0103 o diet\u0103 variat\u0103 \u0219i echilibrat\u0103 \u0219i un stil de via\u021b\u0103 s\u0103n\u0103tos! A nu se l\u0103sa la \u00eendem\u00e2na \u0219i la vederea copiilor mici!\" \/>\n<meta property=\"og:url\" content=\"https:\/\/melissimo.ro\/en\/product\/capsule-de-aronia-bio-5dc\/\" \/>\n<meta property=\"og:site_name\" content=\"Melissimo\" \/>\n<meta property=\"article:publisher\" content=\"https:\/\/www.facebook.com\/melissimo.ro\" \/>\n<meta property=\"article:modified_time\" content=\"2026-01-15T11:13:05+00:00\" \/>\n<meta property=\"og:image\" content=\"https:\/\/melissimo.ro\/wp-content\/uploads\/2025\/08\/featured-capsule-aronia-social-melissimo.jpg\" \/>\n\t<meta property=\"og:image:width\" content=\"1200\" \/>\n\t<meta property=\"og:image:height\" content=\"630\" \/>\n\t<meta property=\"og:image:type\" content=\"image\/jpeg\" \/>\n<meta name=\"twitter:card\" content=\"summary_large_image\" \/>\n<meta name=\"twitter:label1\" content=\"Est. reading time\" \/>\n\t<meta name=\"twitter:data1\" content=\"1 minute\" \/>\n<script type=\"application\/ld+json\" class=\"yoast-schema-graph\">{\"@context\":\"https:\\\/\\\/schema.org\",\"@graph\":[{\"@type\":\"WebPage\",\"@id\":\"https:\\\/\\\/melissimo.ro\\\/product\\\/capsule-de-aronia-bio-5dc\\\/\",\"url\":\"https:\\\/\\\/melissimo.ro\\\/product\\\/capsule-de-aronia-bio-5dc\\\/\",\"name\":\"Capsule de aronia bio 5DC - 150 de capsule - Melissimo\",\"isPartOf\":{\"@id\":\"https:\\\/\\\/melissimo.ro\\\/#website\"},\"primaryImageOfPage\":{\"@id\":\"https:\\\/\\\/melissimo.ro\\\/product\\\/capsule-de-aronia-bio-5dc\\\/#primaryimage\"},\"image\":{\"@id\":\"https:\\\/\\\/melissimo.ro\\\/product\\\/capsule-de-aronia-bio-5dc\\\/#primaryimage\"},\"thumbnailUrl\":\"https:\\\/\\\/melissimo.ro\\\/wp-content\\\/uploads\\\/2025\\\/08\\\/capsule-aronia-bio-150-de-capsuel.jpg\",\"datePublished\":\"2025-08-12T13:46:14+00:00\",\"dateModified\":\"2026-01-15T11:13:05+00:00\",\"breadcrumb\":{\"@id\":\"https:\\\/\\\/melissimo.ro\\\/product\\\/capsule-de-aronia-bio-5dc\\\/#breadcrumb\"},\"inLanguage\":\"en-US\",\"potentialAction\":[{\"@type\":\"ReadAction\",\"target\":[\"https:\\\/\\\/melissimo.ro\\\/product\\\/capsule-de-aronia-bio-5dc\\\/\"]}]},{\"@type\":\"ImageObject\",\"inLanguage\":\"en-US\",\"@id\":\"https:\\\/\\\/melissimo.ro\\\/product\\\/capsule-de-aronia-bio-5dc\\\/#primaryimage\",\"url\":\"https:\\\/\\\/melissimo.ro\\\/wp-content\\\/uploads\\\/2025\\\/08\\\/capsule-aronia-bio-150-de-capsuel.jpg\",\"contentUrl\":\"https:\\\/\\\/melissimo.ro\\\/wp-content\\\/uploads\\\/2025\\\/08\\\/capsule-aronia-bio-150-de-capsuel.jpg\",\"width\":1080,\"height\":1080,\"caption\":\"150 capsule aronia bio melissimo\"},{\"@type\":\"BreadcrumbList\",\"@id\":\"https:\\\/\\\/melissimo.ro\\\/product\\\/capsule-de-aronia-bio-5dc\\\/#breadcrumb\",\"itemListElement\":[{\"@type\":\"ListItem\",\"position\":1,\"name\":\"Prima pagin\u0103\",\"item\":\"https:\\\/\\\/melissimo.ro\\\/\"},{\"@type\":\"ListItem\",\"position\":2,\"name\":\"Shop\",\"item\":\"https:\\\/\\\/melissimo.ro\\\/shop\\\/\"},{\"@type\":\"ListItem\",\"position\":3,\"name\":\"Capsule de aronia bio 5DC &#8211; 150 de capsule\"}]},{\"@type\":\"WebSite\",\"@id\":\"https:\\\/\\\/melissimo.ro\\\/#website\",\"url\":\"https:\\\/\\\/melissimo.ro\\\/\",\"name\":\"Melissimo\",\"description\":\"Delicios de Sanatos\",\"publisher\":{\"@id\":\"https:\\\/\\\/melissimo.ro\\\/#organization\"},\"potentialAction\":[{\"@type\":\"SearchAction\",\"target\":{\"@type\":\"EntryPoint\",\"urlTemplate\":\"https:\\\/\\\/melissimo.ro\\\/?s={search_term_string}\"},\"query-input\":{\"@type\":\"PropertyValueSpecification\",\"valueRequired\":true,\"valueName\":\"search_term_string\"}}],\"inLanguage\":\"en-US\"},{\"@type\":\"Organization\",\"@id\":\"https:\\\/\\\/melissimo.ro\\\/#organization\",\"name\":\"Melissimo\",\"url\":\"https:\\\/\\\/melissimo.ro\\\/\",\"logo\":{\"@type\":\"ImageObject\",\"inLanguage\":\"en-US\",\"@id\":\"https:\\\/\\\/melissimo.ro\\\/#\\\/schema\\\/logo\\\/image\\\/\",\"url\":\"https:\\\/\\\/melissimo.ro\\\/wp-content\\\/uploads\\\/2020\\\/10\\\/logo_dark.png\",\"contentUrl\":\"https:\\\/\\\/melissimo.ro\\\/wp-content\\\/uploads\\\/2020\\\/10\\\/logo_dark.png\",\"width\":326,\"height\":70,\"caption\":\"Melissimo\"},\"image\":{\"@id\":\"https:\\\/\\\/melissimo.ro\\\/#\\\/schema\\\/logo\\\/image\\\/\"},\"sameAs\":[\"https:\\\/\\\/www.facebook.com\\\/melissimo.ro\",\"https:\\\/\\\/www.instagram.com\\\/melissimo.ro\\\/\"]}]}<\/script>\n<!-- \/ Yoast SEO plugin. -->","yoast_head_json":{"title":"Capsule de aronia bio 5DC - 150 de capsule - Melissimo","robots":{"index":"index","follow":"follow","max-snippet":"max-snippet:-1","max-image-preview":"max-image-preview:large","max-video-preview":"max-video-preview:-1"},"canonical":"https:\/\/melissimo.ro\/en\/product\/capsule-de-aronia-bio-5dc\/","og_locale":"en_US","og_type":"article","og_title":"Capsule de aronia bio 5DC - 150 de capsule - Melissimo","og_description":"INGREDIENTE Produs din aronia bio liofilizat\u0103 (Aronia melanocarpa) 400 mg, hipromeloz\u0103 (capsul\u0103 vegetal\u0103). Produs \u00een Rom\u00e2nia, RAW, vegan. CON\u021aINE \u00ceN MOD NATURAL POLIFENOLI (ANTOCIANI), VITAMINELE C \u0218I E, FLAVONOIDE, CAROTENOIDE \u0218I MICROELEMENTE    Aronia poate fi folosit\u0103 pentru poten\u021bialul antioxidant, antiaterosclerotic, antidiabetic, antiinflamator, antiviral \u0219i antimutagenic. Consumul de aronia sau de suplimente pe baz\u0103 de aronia poate avea urm\u0103toarele efecte asupra organismului:    Efecte antioxidante: Compu\u0219ii fenolici din aronia ajut\u0103 la combaterea stresului oxidativ, protej\u00e2nd celulele de deteriorare.  \u00cembun\u0103t\u0103\u021birea s\u0103n\u0103t\u0103\u021bii cardiovasculare: Studiile sugereaz\u0103 c\u0103 suplimentarea cu aronia poate reduce inflama\u021bia \u0219i \u00eembun\u0103t\u0103\u021bi func\u021bia vascular\u0103, contribuind la s\u0103n\u0103tatea inimii.\u00a0 \ufffc  Propriet\u0103\u021bi antiinflamatorii: Anumi\u021bi compu\u0219i din aronia au fost identifica\u021bi ca av\u00e2nd efecte antiinflamatorii, care pot fi benefice \u00een diverse condi\u021bii de s\u0103n\u0103tate.  Reglarea glicemiei: Cercet\u0103rile indic\u0103 faptul c\u0103 aronia poate avea efecte benefice asupra metabolismului glucozei, fiind util\u0103 \u00een gestionarea diabetului.  Liofilizarea este un proces de uscare la temperaturi sc\u0103zute \u0219i are ca scop p\u0103strarea valorilor nutritive ale fructelor, men\u021bin\u00e2nd majoritatea nutrien\u021bilor care se g\u0103sesc \u00een fructele proaspete.     MOD DE UTILIZARE Doza zilnic\u0103 recomandat\u0103: 2 cps de 2 ori\/zi, cu 200 ml de ap\u0103. Doza zilnic\u0103 recomandat\u0103 poate fi modificat\u0103 la indica\u021bia medicului. A nu se consuma de c\u0103tre copii, femeile \u00eens\u0103rcinate sau care al\u0103pteaz\u0103, de c\u0103tre persoanele alergice la oricare dintre ingredientele produsului \u0219i de c\u0103tre persoanele care sufer\u0103 de afec\u021biuni cronice sau care urmeaz\u0103 un tratament medicamentos, f\u0103r\u0103 sfatul medicului. A nu se dep\u0103\u0219i doza recomandat\u0103 pentru consumul zilnic! Produsul este un supliment alimentar \u0219i nu trebuie s\u0103 \u00eenlocuiasc\u0103 o diet\u0103 variat\u0103 \u0219i echilibrat\u0103 \u0219i un stil de via\u021b\u0103 s\u0103n\u0103tos! A nu se l\u0103sa la \u00eendem\u00e2na \u0219i la vederea copiilor mici!","og_url":"https:\/\/melissimo.ro\/en\/product\/capsule-de-aronia-bio-5dc\/","og_site_name":"Melissimo","article_publisher":"https:\/\/www.facebook.com\/melissimo.ro","article_modified_time":"2026-01-15T11:13:05+00:00","og_image":[{"width":1200,"height":630,"url":"https:\/\/melissimo.ro\/wp-content\/uploads\/2025\/08\/featured-capsule-aronia-social-melissimo.jpg","type":"image\/jpeg"}],"twitter_card":"summary_large_image","twitter_misc":{"Est. reading time":"1 minute"},"schema":{"@context":"https:\/\/schema.org","@graph":[{"@type":"WebPage","@id":"https:\/\/melissimo.ro\/product\/capsule-de-aronia-bio-5dc\/","url":"https:\/\/melissimo.ro\/product\/capsule-de-aronia-bio-5dc\/","name":"Capsule de aronia bio 5DC - 150 de capsule - Melissimo","isPartOf":{"@id":"https:\/\/melissimo.ro\/#website"},"primaryImageOfPage":{"@id":"https:\/\/melissimo.ro\/product\/capsule-de-aronia-bio-5dc\/#primaryimage"},"image":{"@id":"https:\/\/melissimo.ro\/product\/capsule-de-aronia-bio-5dc\/#primaryimage"},"thumbnailUrl":"https:\/\/melissimo.ro\/wp-content\/uploads\/2025\/08\/capsule-aronia-bio-150-de-capsuel.jpg","datePublished":"2025-08-12T13:46:14+00:00","dateModified":"2026-01-15T11:13:05+00:00","breadcrumb":{"@id":"https:\/\/melissimo.ro\/product\/capsule-de-aronia-bio-5dc\/#breadcrumb"},"inLanguage":"en-US","potentialAction":[{"@type":"ReadAction","target":["https:\/\/melissimo.ro\/product\/capsule-de-aronia-bio-5dc\/"]}]},{"@type":"ImageObject","inLanguage":"en-US","@id":"https:\/\/melissimo.ro\/product\/capsule-de-aronia-bio-5dc\/#primaryimage","url":"https:\/\/melissimo.ro\/wp-content\/uploads\/2025\/08\/capsule-aronia-bio-150-de-capsuel.jpg","contentUrl":"https:\/\/melissimo.ro\/wp-content\/uploads\/2025\/08\/capsule-aronia-bio-150-de-capsuel.jpg","width":1080,"height":1080,"caption":"150 capsule aronia bio melissimo"},{"@type":"BreadcrumbList","@id":"https:\/\/melissimo.ro\/product\/capsule-de-aronia-bio-5dc\/#breadcrumb","itemListElement":[{"@type":"ListItem","position":1,"name":"Prima pagin\u0103","item":"https:\/\/melissimo.ro\/"},{"@type":"ListItem","position":2,"name":"Shop","item":"https:\/\/melissimo.ro\/shop\/"},{"@type":"ListItem","position":3,"name":"Capsule de aronia bio 5DC &#8211; 150 de capsule"}]},{"@type":"WebSite","@id":"https:\/\/melissimo.ro\/#website","url":"https:\/\/melissimo.ro\/","name":"Melissimo","description":"Sanatos delights","publisher":{"@id":"https:\/\/melissimo.ro\/#organization"},"potentialAction":[{"@type":"SearchAction","target":{"@type":"EntryPoint","urlTemplate":"https:\/\/melissimo.ro\/?s={search_term_string}"},"query-input":{"@type":"PropertyValueSpecification","valueRequired":true,"valueName":"search_term_string"}}],"inLanguage":"en-US"},{"@type":"Organization","@id":"https:\/\/melissimo.ro\/#organization","name":"Melissimo","url":"https:\/\/melissimo.ro\/","logo":{"@type":"ImageObject","inLanguage":"en-US","@id":"https:\/\/melissimo.ro\/#\/schema\/logo\/image\/","url":"https:\/\/melissimo.ro\/wp-content\/uploads\/2020\/10\/logo_dark.png","contentUrl":"https:\/\/melissimo.ro\/wp-content\/uploads\/2020\/10\/logo_dark.png","width":326,"height":70,"caption":"Melissimo"},"image":{"@id":"https:\/\/melissimo.ro\/#\/schema\/logo\/image\/"},"sameAs":["https:\/\/www.facebook.com\/melissimo.ro","https:\/\/www.instagram.com\/melissimo.ro\/"]}]}},"_links":{"self":[{"href":"https:\/\/melissimo.ro\/en\/wp-json\/wp\/v2\/product\/15708","targetHints":{"allow":["GET"]}}],"collection":[{"href":"https:\/\/melissimo.ro\/en\/wp-json\/wp\/v2\/product"}],"about":[{"href":"https:\/\/melissimo.ro\/en\/wp-json\/wp\/v2\/types\/product"}],"wp:featuredmedia":[{"embeddable":true,"href":"https:\/\/melissimo.ro\/en\/wp-json\/wp\/v2\/media\/16465"}],"wp:attachment":[{"href":"https:\/\/melissimo.ro\/en\/wp-json\/wp\/v2\/media?parent=15708"}],"wp:term":[{"taxonomy":"product_brand","embeddable":true,"href":"https:\/\/melissimo.ro\/en\/wp-json\/wp\/v2\/product_brand?post=15708"},{"taxonomy":"product_cat","embeddable":true,"href":"https:\/\/melissimo.ro\/en\/wp-json\/wp\/v2\/product_cat?post=15708"},{"taxonomy":"product_tag","embeddable":true,"href":"https:\/\/melissimo.ro\/en\/wp-json\/wp\/v2\/product_tag?post=15708"}],"curies":[{"name":"wp","href":"https:\/\/api.w.org\/{rel}","templated":true}]}}