{"id":14509,"date":"2024-10-28T13:50:19","date_gmt":"2024-10-28T11:50:19","guid":{"rendered":"https:\/\/melissimo.ro\/?post_type=product&#038;p=14509"},"modified":"2026-05-01T15:17:40","modified_gmt":"2026-05-01T12:17:40","slug":"shot-de-aronia-lamaie-ghimbir-miere-si-polen-albine","status":"publish","type":"product","link":"https:\/\/melissimo.ro\/en\/product\/shot-de-aronia-lamaie-ghimbir-miere-si-polen-albine\/","title":{"rendered":"Shot of Aronia, Lemon, Ginger, Honey and Bee Pollen - Vitality - Melissimo"},"content":{"rendered":"<p><strong>Quantity: 90ml<\/strong><\/p>\n<p>&nbsp;<\/p>","protected":false},"excerpt":{"rendered":"<p style=\"text-align: center;\"><span style=\"font-weight: 400;\">A complete and complex shot that combines aronia (rich in antioxidants), lemon (detoxifying), ginger (anti-inflammatory), honey (with antibacterial properties) and bee pollen (a natural source of protein, vitamins and enzymes). It is a functional cocktail to support immunity, reduce inflammation and revitalize the body during demanding periods. Ideal as a natural supplement in strengthening and detoxifying cures.<\/span><\/p>\n<h4 style=\"text-align: center;\"><span style=\"color: #ff7536;\">INGREDIENT<\/span><\/h4>\n<p style=\"text-align: center;\"><span style=\"font-weight: 400;\">Lemon juice: 63%<\/span><\/p>\n<p style=\"text-align: center;\"><span style=\"font-weight: 400;\">Bee honey: 16,2%<\/span><\/p>\n<p style=\"text-align: center;\"><span style=\"font-weight: 400;\">Aronia juice: 10%<\/span><\/p>\n<p style=\"text-align: center;\"><span style=\"font-weight: 400;\">Ginger juice: 9%<\/span><\/p>\n<p style=\"text-align: center;\"><span style=\"font-weight: 400;\">Bee pollen: 1.8%<\/span><\/p>","protected":false},"featured_media":16201,"template":"","meta":{"_acf_changed":false},"product_brand":[],"product_cat":[60],"product_tag":[66],"class_list":{"0":"post-14509","1":"product","2":"type-product","3":"status-publish","4":"has-post-thumbnail","6":"product_cat-shot","7":"product_tag-tip-1","9":"first","10":"instock","11":"taxable","12":"shipping-taxable","13":"purchasable","14":"product-type-simple"},"acf":[],"yoast_head":"<!-- This site is optimized with the Yoast SEO plugin v27.3 - https:\/\/yoast.com\/product\/yoast-seo-wordpress\/ -->\n<title>Shot de Aronia, L\u0103m\u00e2ie, Ghimbir, Miere \u0219i Polen Albine - Vitality - Melissimo - Melissimo<\/title>\n<meta name=\"robots\" content=\"index, follow, max-snippet:-1, max-image-preview:large, max-video-preview:-1\" \/>\n<link rel=\"canonical\" href=\"https:\/\/melissimo.ro\/en\/product\/shot-de-aronia-lamaie-ghimbir-miere-si-polen-albine\/\" \/>\n<meta property=\"og:locale\" content=\"en_US\" \/>\n<meta property=\"og:type\" content=\"article\" \/>\n<meta property=\"og:title\" content=\"Shot de Aronia, L\u0103m\u00e2ie, Ghimbir, Miere \u0219i Polen Albine - Vitality - Melissimo - Melissimo\" \/>\n<meta property=\"og:description\" content=\"Un shot complet \u0219i complex, care combin\u0103 aronia (bogat\u0103 \u00een antioxidan\u021bi), l\u0103m\u00e2ia (cu efect detoxifiant), ghimbirul (antiinflamator), mierea (cu propriet\u0103\u021bi antibacteriene) \u0219i polenul de albine (o surs\u0103 natural\u0103 de proteine, vitamine \u0219i enzime). Este un cocktail func\u021bional pentru sus\u021binerea imunit\u0103\u021bii, reducerea inflama\u021biilor \u0219i revitalizarea organismului \u00een perioadele solicitante. Ideal ca supliment natural \u00een cure de fortifiere \u0219i detoxifiere.  INGREDIENTE Suc de l\u0103m\u00e2ie: 63% Miere de albine: 16,2% Suc de aronia: 10% Suc de ghimbir: 9% Polen de albine: 1,8%\" \/>\n<meta property=\"og:url\" content=\"https:\/\/melissimo.ro\/en\/product\/shot-de-aronia-lamaie-ghimbir-miere-si-polen-albine\/\" \/>\n<meta property=\"og:site_name\" content=\"Melissimo\" \/>\n<meta property=\"article:publisher\" content=\"https:\/\/www.facebook.com\/melissimo.ro\" \/>\n<meta property=\"article:modified_time\" content=\"2026-05-01T12:17:40+00:00\" \/>\n<meta property=\"og:image\" content=\"https:\/\/melissimo.ro\/wp-content\/uploads\/2024\/10\/featured-Shot-de-Aronia-Lamaie-Ghimbir-Miere-si-Polen-Albine-social-melissimo.jpg\" \/>\n\t<meta property=\"og:image:width\" content=\"1200\" \/>\n\t<meta property=\"og:image:height\" content=\"630\" \/>\n\t<meta property=\"og:image:type\" content=\"image\/jpeg\" \/>\n<meta name=\"twitter:card\" content=\"summary_large_image\" \/>\n<meta name=\"twitter:label1\" content=\"Est. reading time\" \/>\n\t<meta name=\"twitter:data1\" content=\"1 minute\" \/>\n<script type=\"application\/ld+json\" class=\"yoast-schema-graph\">{\"@context\":\"https:\\\/\\\/schema.org\",\"@graph\":[{\"@type\":\"WebPage\",\"@id\":\"https:\\\/\\\/melissimo.ro\\\/product\\\/shot-de-aronia-lamaie-ghimbir-miere-si-polen-albine\\\/\",\"url\":\"https:\\\/\\\/melissimo.ro\\\/product\\\/shot-de-aronia-lamaie-ghimbir-miere-si-polen-albine\\\/\",\"name\":\"Shot de Aronia, L\u0103m\u00e2ie, Ghimbir, Miere \u0219i Polen Albine - Vitality - Melissimo - Melissimo\",\"isPartOf\":{\"@id\":\"https:\\\/\\\/melissimo.ro\\\/#website\"},\"primaryImageOfPage\":{\"@id\":\"https:\\\/\\\/melissimo.ro\\\/product\\\/shot-de-aronia-lamaie-ghimbir-miere-si-polen-albine\\\/#primaryimage\"},\"image\":{\"@id\":\"https:\\\/\\\/melissimo.ro\\\/product\\\/shot-de-aronia-lamaie-ghimbir-miere-si-polen-albine\\\/#primaryimage\"},\"thumbnailUrl\":\"https:\\\/\\\/melissimo.ro\\\/wp-content\\\/uploads\\\/2024\\\/10\\\/shot-vitality-melissimo-01.jpg\",\"datePublished\":\"2024-10-28T11:50:19+00:00\",\"dateModified\":\"2026-05-01T12:17:40+00:00\",\"breadcrumb\":{\"@id\":\"https:\\\/\\\/melissimo.ro\\\/product\\\/shot-de-aronia-lamaie-ghimbir-miere-si-polen-albine\\\/#breadcrumb\"},\"inLanguage\":\"en-US\",\"potentialAction\":[{\"@type\":\"ReadAction\",\"target\":[\"https:\\\/\\\/melissimo.ro\\\/product\\\/shot-de-aronia-lamaie-ghimbir-miere-si-polen-albine\\\/\"]}]},{\"@type\":\"ImageObject\",\"inLanguage\":\"en-US\",\"@id\":\"https:\\\/\\\/melissimo.ro\\\/product\\\/shot-de-aronia-lamaie-ghimbir-miere-si-polen-albine\\\/#primaryimage\",\"url\":\"https:\\\/\\\/melissimo.ro\\\/wp-content\\\/uploads\\\/2024\\\/10\\\/shot-vitality-melissimo-01.jpg\",\"contentUrl\":\"https:\\\/\\\/melissimo.ro\\\/wp-content\\\/uploads\\\/2024\\\/10\\\/shot-vitality-melissimo-01.jpg\",\"width\":1080,\"height\":1080,\"caption\":\"shot vitality melissimo\"},{\"@type\":\"BreadcrumbList\",\"@id\":\"https:\\\/\\\/melissimo.ro\\\/product\\\/shot-de-aronia-lamaie-ghimbir-miere-si-polen-albine\\\/#breadcrumb\",\"itemListElement\":[{\"@type\":\"ListItem\",\"position\":1,\"name\":\"Prima pagin\u0103\",\"item\":\"https:\\\/\\\/melissimo.ro\\\/\"},{\"@type\":\"ListItem\",\"position\":2,\"name\":\"Shop\",\"item\":\"https:\\\/\\\/melissimo.ro\\\/shop\\\/\"},{\"@type\":\"ListItem\",\"position\":3,\"name\":\"Shot de Aronia, L\u0103m\u00e2ie, Ghimbir, Miere \u0219i Polen Albine &#8211; Vitality &#8211; Melissimo\"}]},{\"@type\":\"WebSite\",\"@id\":\"https:\\\/\\\/melissimo.ro\\\/#website\",\"url\":\"https:\\\/\\\/melissimo.ro\\\/\",\"name\":\"Melissimo\",\"description\":\"Delicios de Sanatos\",\"publisher\":{\"@id\":\"https:\\\/\\\/melissimo.ro\\\/#organization\"},\"potentialAction\":[{\"@type\":\"SearchAction\",\"target\":{\"@type\":\"EntryPoint\",\"urlTemplate\":\"https:\\\/\\\/melissimo.ro\\\/?s={search_term_string}\"},\"query-input\":{\"@type\":\"PropertyValueSpecification\",\"valueRequired\":true,\"valueName\":\"search_term_string\"}}],\"inLanguage\":\"en-US\"},{\"@type\":\"Organization\",\"@id\":\"https:\\\/\\\/melissimo.ro\\\/#organization\",\"name\":\"Melissimo\",\"url\":\"https:\\\/\\\/melissimo.ro\\\/\",\"logo\":{\"@type\":\"ImageObject\",\"inLanguage\":\"en-US\",\"@id\":\"https:\\\/\\\/melissimo.ro\\\/#\\\/schema\\\/logo\\\/image\\\/\",\"url\":\"https:\\\/\\\/melissimo.ro\\\/wp-content\\\/uploads\\\/2020\\\/10\\\/logo_dark.png\",\"contentUrl\":\"https:\\\/\\\/melissimo.ro\\\/wp-content\\\/uploads\\\/2020\\\/10\\\/logo_dark.png\",\"width\":326,\"height\":70,\"caption\":\"Melissimo\"},\"image\":{\"@id\":\"https:\\\/\\\/melissimo.ro\\\/#\\\/schema\\\/logo\\\/image\\\/\"},\"sameAs\":[\"https:\\\/\\\/www.facebook.com\\\/melissimo.ro\",\"https:\\\/\\\/www.instagram.com\\\/melissimo.ro\\\/\"]}]}<\/script>\n<!-- \/ Yoast SEO plugin. -->","yoast_head_json":{"title":"Shot de Aronia, L\u0103m\u00e2ie, Ghimbir, Miere \u0219i Polen Albine - Vitality - Melissimo - Melissimo","robots":{"index":"index","follow":"follow","max-snippet":"max-snippet:-1","max-image-preview":"max-image-preview:large","max-video-preview":"max-video-preview:-1"},"canonical":"https:\/\/melissimo.ro\/en\/product\/shot-de-aronia-lamaie-ghimbir-miere-si-polen-albine\/","og_locale":"en_US","og_type":"article","og_title":"Shot de Aronia, L\u0103m\u00e2ie, Ghimbir, Miere \u0219i Polen Albine - Vitality - Melissimo - Melissimo","og_description":"Un shot complet \u0219i complex, care combin\u0103 aronia (bogat\u0103 \u00een antioxidan\u021bi), l\u0103m\u00e2ia (cu efect detoxifiant), ghimbirul (antiinflamator), mierea (cu propriet\u0103\u021bi antibacteriene) \u0219i polenul de albine (o surs\u0103 natural\u0103 de proteine, vitamine \u0219i enzime). Este un cocktail func\u021bional pentru sus\u021binerea imunit\u0103\u021bii, reducerea inflama\u021biilor \u0219i revitalizarea organismului \u00een perioadele solicitante. Ideal ca supliment natural \u00een cure de fortifiere \u0219i detoxifiere.  INGREDIENTE Suc de l\u0103m\u00e2ie: 63% Miere de albine: 16,2% Suc de aronia: 10% Suc de ghimbir: 9% Polen de albine: 1,8%","og_url":"https:\/\/melissimo.ro\/en\/product\/shot-de-aronia-lamaie-ghimbir-miere-si-polen-albine\/","og_site_name":"Melissimo","article_publisher":"https:\/\/www.facebook.com\/melissimo.ro","article_modified_time":"2026-05-01T12:17:40+00:00","og_image":[{"width":1200,"height":630,"url":"https:\/\/melissimo.ro\/wp-content\/uploads\/2024\/10\/featured-Shot-de-Aronia-Lamaie-Ghimbir-Miere-si-Polen-Albine-social-melissimo.jpg","type":"image\/jpeg"}],"twitter_card":"summary_large_image","twitter_misc":{"Est. reading time":"1 minute"},"schema":{"@context":"https:\/\/schema.org","@graph":[{"@type":"WebPage","@id":"https:\/\/melissimo.ro\/product\/shot-de-aronia-lamaie-ghimbir-miere-si-polen-albine\/","url":"https:\/\/melissimo.ro\/product\/shot-de-aronia-lamaie-ghimbir-miere-si-polen-albine\/","name":"Shot de Aronia, L\u0103m\u00e2ie, Ghimbir, Miere \u0219i Polen Albine - Vitality - Melissimo - Melissimo","isPartOf":{"@id":"https:\/\/melissimo.ro\/#website"},"primaryImageOfPage":{"@id":"https:\/\/melissimo.ro\/product\/shot-de-aronia-lamaie-ghimbir-miere-si-polen-albine\/#primaryimage"},"image":{"@id":"https:\/\/melissimo.ro\/product\/shot-de-aronia-lamaie-ghimbir-miere-si-polen-albine\/#primaryimage"},"thumbnailUrl":"https:\/\/melissimo.ro\/wp-content\/uploads\/2024\/10\/shot-vitality-melissimo-01.jpg","datePublished":"2024-10-28T11:50:19+00:00","dateModified":"2026-05-01T12:17:40+00:00","breadcrumb":{"@id":"https:\/\/melissimo.ro\/product\/shot-de-aronia-lamaie-ghimbir-miere-si-polen-albine\/#breadcrumb"},"inLanguage":"en-US","potentialAction":[{"@type":"ReadAction","target":["https:\/\/melissimo.ro\/product\/shot-de-aronia-lamaie-ghimbir-miere-si-polen-albine\/"]}]},{"@type":"ImageObject","inLanguage":"en-US","@id":"https:\/\/melissimo.ro\/product\/shot-de-aronia-lamaie-ghimbir-miere-si-polen-albine\/#primaryimage","url":"https:\/\/melissimo.ro\/wp-content\/uploads\/2024\/10\/shot-vitality-melissimo-01.jpg","contentUrl":"https:\/\/melissimo.ro\/wp-content\/uploads\/2024\/10\/shot-vitality-melissimo-01.jpg","width":1080,"height":1080,"caption":"shot vitality melissimo"},{"@type":"BreadcrumbList","@id":"https:\/\/melissimo.ro\/product\/shot-de-aronia-lamaie-ghimbir-miere-si-polen-albine\/#breadcrumb","itemListElement":[{"@type":"ListItem","position":1,"name":"Prima pagin\u0103","item":"https:\/\/melissimo.ro\/"},{"@type":"ListItem","position":2,"name":"Shop","item":"https:\/\/melissimo.ro\/shop\/"},{"@type":"ListItem","position":3,"name":"Shot de Aronia, L\u0103m\u00e2ie, Ghimbir, Miere \u0219i Polen Albine &#8211; Vitality &#8211; Melissimo"}]},{"@type":"WebSite","@id":"https:\/\/melissimo.ro\/#website","url":"https:\/\/melissimo.ro\/","name":"Melissimo","description":"Sanatos delights","publisher":{"@id":"https:\/\/melissimo.ro\/#organization"},"potentialAction":[{"@type":"SearchAction","target":{"@type":"EntryPoint","urlTemplate":"https:\/\/melissimo.ro\/?s={search_term_string}"},"query-input":{"@type":"PropertyValueSpecification","valueRequired":true,"valueName":"search_term_string"}}],"inLanguage":"en-US"},{"@type":"Organization","@id":"https:\/\/melissimo.ro\/#organization","name":"Melissimo","url":"https:\/\/melissimo.ro\/","logo":{"@type":"ImageObject","inLanguage":"en-US","@id":"https:\/\/melissimo.ro\/#\/schema\/logo\/image\/","url":"https:\/\/melissimo.ro\/wp-content\/uploads\/2020\/10\/logo_dark.png","contentUrl":"https:\/\/melissimo.ro\/wp-content\/uploads\/2020\/10\/logo_dark.png","width":326,"height":70,"caption":"Melissimo"},"image":{"@id":"https:\/\/melissimo.ro\/#\/schema\/logo\/image\/"},"sameAs":["https:\/\/www.facebook.com\/melissimo.ro","https:\/\/www.instagram.com\/melissimo.ro\/"]}]}},"_links":{"self":[{"href":"https:\/\/melissimo.ro\/en\/wp-json\/wp\/v2\/product\/14509","targetHints":{"allow":["GET"]}}],"collection":[{"href":"https:\/\/melissimo.ro\/en\/wp-json\/wp\/v2\/product"}],"about":[{"href":"https:\/\/melissimo.ro\/en\/wp-json\/wp\/v2\/types\/product"}],"wp:featuredmedia":[{"embeddable":true,"href":"https:\/\/melissimo.ro\/en\/wp-json\/wp\/v2\/media\/16201"}],"wp:attachment":[{"href":"https:\/\/melissimo.ro\/en\/wp-json\/wp\/v2\/media?parent=14509"}],"wp:term":[{"taxonomy":"product_brand","embeddable":true,"href":"https:\/\/melissimo.ro\/en\/wp-json\/wp\/v2\/product_brand?post=14509"},{"taxonomy":"product_cat","embeddable":true,"href":"https:\/\/melissimo.ro\/en\/wp-json\/wp\/v2\/product_cat?post=14509"},{"taxonomy":"product_tag","embeddable":true,"href":"https:\/\/melissimo.ro\/en\/wp-json\/wp\/v2\/product_tag?post=14509"}],"curies":[{"name":"wp","href":"https:\/\/api.w.org\/{rel}","templated":true}]}}