{"id":14507,"date":"2024-10-28T13:44:51","date_gmt":"2024-10-28T11:44:51","guid":{"rendered":"https:\/\/melissimo.ro\/?post_type=product&#038;p=14507"},"modified":"2026-04-21T21:00:07","modified_gmt":"2026-04-21T18:00:07","slug":"shot-catina-si-ghimbir","status":"publish","type":"product","link":"https:\/\/melissimo.ro\/en\/product\/shot-catina-si-ghimbir\/","title":{"rendered":"Shot Sea Buckthorn and Ginger - Health - Melissimo"},"content":{"rendered":"<p><strong>Quantity: 90ml<\/strong><\/p>\n<p><img loading=\"lazy\" decoding=\"async\" class=\"wd-lazy-fade alignnone size-full wp-image-593\" src=\"https:\/\/melissimo.ro\/wp-content\/themes\/woodmart\/images\/lazy.svg\" data-src=\"https:\/\/new.melissimo.ro\/wp-content\/uploads\/2024\/10\/produs-in-romania.jpg\" alt=\"\" width=\"25\" height=\"15\" \/>\u00a0 <strong>PRODUCED IN ROMANIA<\/strong><\/p>","protected":false},"excerpt":{"rendered":"<p style=\"text-align: center\"><span style=\"font-weight: 400\">This concentrated shot combines the antioxidant power of cinnamon with the thermogenic and anti-inflammatory effect of ginger. It is perfect for boosting immunity, fighting fatigue and supporting metabolism. Cinnamon provides vitamin C and beta-carotene and ginger stimulates circulation, relieves nausea and improves digestion. Consume in the morning for an energized and vital start to the day.<\/span><\/p>\n<h4 style=\"text-align: center\"><span style=\"color: #ff7536\">INGREDIENT<\/span><\/h4>\n<p style=\"text-align: center\"><span style=\"font-weight: 400\">Sea buckthorn juice: 75%, Ginger juice: 25%<\/span><\/p>","protected":false},"featured_media":16211,"template":"","meta":{"_acf_changed":false},"product_brand":[],"product_cat":[60],"product_tag":[66],"class_list":{"0":"post-14507","1":"product","2":"type-product","3":"status-publish","4":"has-post-thumbnail","6":"product_cat-shot","7":"product_tag-tip-1","9":"first","10":"instock","11":"taxable","12":"shipping-taxable","13":"purchasable","14":"product-type-simple"},"acf":[],"yoast_head":"<!-- This site is optimized with the Yoast SEO plugin v27.3 - https:\/\/yoast.com\/product\/yoast-seo-wordpress\/ -->\n<title>Shot C\u0103tin\u0103 \u0219i Ghimbir - Health - Melissimo - Melissimo<\/title>\n<meta name=\"robots\" content=\"index, follow, max-snippet:-1, max-image-preview:large, max-video-preview:-1\" \/>\n<link rel=\"canonical\" href=\"https:\/\/melissimo.ro\/en\/product\/shot-catina-si-ghimbir\/\" \/>\n<meta property=\"og:locale\" content=\"en_US\" \/>\n<meta property=\"og:type\" content=\"article\" \/>\n<meta property=\"og:title\" content=\"Shot C\u0103tin\u0103 \u0219i Ghimbir - Health - Melissimo - Melissimo\" \/>\n<meta property=\"og:description\" content=\"Acest shot concentrat combin\u0103 for\u021ba antioxidant\u0103 a c\u0103tinei cu efectul termogenic \u0219i antiinflamator al ghimbirului. Este perfect pentru \u00eent\u0103rirea imunit\u0103\u021bii, combaterea oboselii \u0219i sus\u021binerea metabolismului. C\u0103tina aduce vitamina C \u0219i betacaroten, iar ghimbirul stimuleaz\u0103 circula\u021bia, amelioreaz\u0103 grea\u021ba \u0219i \u00eembun\u0103t\u0103\u021be\u0219te digestia. Se consum\u0103 diminea\u021ba, pentru un \u00eenceput de zi plin de energie \u0219i vitalitate.  INGREDIENTE Suc de c\u0103tin\u0103: 75%, Suc de ghimbir: 25%\" \/>\n<meta property=\"og:url\" content=\"https:\/\/melissimo.ro\/en\/product\/shot-catina-si-ghimbir\/\" \/>\n<meta property=\"og:site_name\" content=\"Melissimo\" \/>\n<meta property=\"article:publisher\" content=\"https:\/\/www.facebook.com\/melissimo.ro\" \/>\n<meta property=\"article:modified_time\" content=\"2026-04-21T18:00:07+00:00\" \/>\n<meta property=\"og:image\" content=\"https:\/\/melissimo.ro\/wp-content\/uploads\/2024\/10\/featured-Shot-Catina-si-Ghimbir-social-melissimo.jpg\" \/>\n\t<meta property=\"og:image:width\" content=\"1200\" \/>\n\t<meta property=\"og:image:height\" content=\"630\" \/>\n\t<meta property=\"og:image:type\" content=\"image\/jpeg\" \/>\n<meta name=\"twitter:card\" content=\"summary_large_image\" \/>\n<meta name=\"twitter:label1\" content=\"Est. reading time\" \/>\n\t<meta name=\"twitter:data1\" content=\"1 minute\" \/>\n<script type=\"application\/ld+json\" class=\"yoast-schema-graph\">{\"@context\":\"https:\\\/\\\/schema.org\",\"@graph\":[{\"@type\":\"WebPage\",\"@id\":\"https:\\\/\\\/melissimo.ro\\\/product\\\/shot-catina-si-ghimbir\\\/\",\"url\":\"https:\\\/\\\/melissimo.ro\\\/product\\\/shot-catina-si-ghimbir\\\/\",\"name\":\"Shot C\u0103tin\u0103 \u0219i Ghimbir - Health - Melissimo - Melissimo\",\"isPartOf\":{\"@id\":\"https:\\\/\\\/melissimo.ro\\\/#website\"},\"primaryImageOfPage\":{\"@id\":\"https:\\\/\\\/melissimo.ro\\\/product\\\/shot-catina-si-ghimbir\\\/#primaryimage\"},\"image\":{\"@id\":\"https:\\\/\\\/melissimo.ro\\\/product\\\/shot-catina-si-ghimbir\\\/#primaryimage\"},\"thumbnailUrl\":\"https:\\\/\\\/melissimo.ro\\\/wp-content\\\/uploads\\\/2024\\\/10\\\/shot-health-melissimo-01.jpg\",\"datePublished\":\"2024-10-28T11:44:51+00:00\",\"dateModified\":\"2026-04-21T18:00:07+00:00\",\"breadcrumb\":{\"@id\":\"https:\\\/\\\/melissimo.ro\\\/product\\\/shot-catina-si-ghimbir\\\/#breadcrumb\"},\"inLanguage\":\"en-US\",\"potentialAction\":[{\"@type\":\"ReadAction\",\"target\":[\"https:\\\/\\\/melissimo.ro\\\/product\\\/shot-catina-si-ghimbir\\\/\"]}]},{\"@type\":\"ImageObject\",\"inLanguage\":\"en-US\",\"@id\":\"https:\\\/\\\/melissimo.ro\\\/product\\\/shot-catina-si-ghimbir\\\/#primaryimage\",\"url\":\"https:\\\/\\\/melissimo.ro\\\/wp-content\\\/uploads\\\/2024\\\/10\\\/shot-health-melissimo-01.jpg\",\"contentUrl\":\"https:\\\/\\\/melissimo.ro\\\/wp-content\\\/uploads\\\/2024\\\/10\\\/shot-health-melissimo-01.jpg\",\"width\":1080,\"height\":1080,\"caption\":\"shot health melissimo\"},{\"@type\":\"BreadcrumbList\",\"@id\":\"https:\\\/\\\/melissimo.ro\\\/product\\\/shot-catina-si-ghimbir\\\/#breadcrumb\",\"itemListElement\":[{\"@type\":\"ListItem\",\"position\":1,\"name\":\"Prima pagin\u0103\",\"item\":\"https:\\\/\\\/melissimo.ro\\\/\"},{\"@type\":\"ListItem\",\"position\":2,\"name\":\"Shop\",\"item\":\"https:\\\/\\\/melissimo.ro\\\/shop\\\/\"},{\"@type\":\"ListItem\",\"position\":3,\"name\":\"Shot C\u0103tin\u0103 \u0219i Ghimbir &#8211; Health &#8211; Melissimo\"}]},{\"@type\":\"WebSite\",\"@id\":\"https:\\\/\\\/melissimo.ro\\\/#website\",\"url\":\"https:\\\/\\\/melissimo.ro\\\/\",\"name\":\"Melissimo\",\"description\":\"Delicios de Sanatos\",\"publisher\":{\"@id\":\"https:\\\/\\\/melissimo.ro\\\/#organization\"},\"potentialAction\":[{\"@type\":\"SearchAction\",\"target\":{\"@type\":\"EntryPoint\",\"urlTemplate\":\"https:\\\/\\\/melissimo.ro\\\/?s={search_term_string}\"},\"query-input\":{\"@type\":\"PropertyValueSpecification\",\"valueRequired\":true,\"valueName\":\"search_term_string\"}}],\"inLanguage\":\"en-US\"},{\"@type\":\"Organization\",\"@id\":\"https:\\\/\\\/melissimo.ro\\\/#organization\",\"name\":\"Melissimo\",\"url\":\"https:\\\/\\\/melissimo.ro\\\/\",\"logo\":{\"@type\":\"ImageObject\",\"inLanguage\":\"en-US\",\"@id\":\"https:\\\/\\\/melissimo.ro\\\/#\\\/schema\\\/logo\\\/image\\\/\",\"url\":\"https:\\\/\\\/melissimo.ro\\\/wp-content\\\/uploads\\\/2020\\\/10\\\/logo_dark.png\",\"contentUrl\":\"https:\\\/\\\/melissimo.ro\\\/wp-content\\\/uploads\\\/2020\\\/10\\\/logo_dark.png\",\"width\":326,\"height\":70,\"caption\":\"Melissimo\"},\"image\":{\"@id\":\"https:\\\/\\\/melissimo.ro\\\/#\\\/schema\\\/logo\\\/image\\\/\"},\"sameAs\":[\"https:\\\/\\\/www.facebook.com\\\/melissimo.ro\",\"https:\\\/\\\/www.instagram.com\\\/melissimo.ro\\\/\"]}]}<\/script>\n<!-- \/ Yoast SEO plugin. -->","yoast_head_json":{"title":"Shot C\u0103tin\u0103 \u0219i Ghimbir - Health - Melissimo - Melissimo","robots":{"index":"index","follow":"follow","max-snippet":"max-snippet:-1","max-image-preview":"max-image-preview:large","max-video-preview":"max-video-preview:-1"},"canonical":"https:\/\/melissimo.ro\/en\/product\/shot-catina-si-ghimbir\/","og_locale":"en_US","og_type":"article","og_title":"Shot C\u0103tin\u0103 \u0219i Ghimbir - Health - Melissimo - Melissimo","og_description":"Acest shot concentrat combin\u0103 for\u021ba antioxidant\u0103 a c\u0103tinei cu efectul termogenic \u0219i antiinflamator al ghimbirului. Este perfect pentru \u00eent\u0103rirea imunit\u0103\u021bii, combaterea oboselii \u0219i sus\u021binerea metabolismului. C\u0103tina aduce vitamina C \u0219i betacaroten, iar ghimbirul stimuleaz\u0103 circula\u021bia, amelioreaz\u0103 grea\u021ba \u0219i \u00eembun\u0103t\u0103\u021be\u0219te digestia. Se consum\u0103 diminea\u021ba, pentru un \u00eenceput de zi plin de energie \u0219i vitalitate.  INGREDIENTE Suc de c\u0103tin\u0103: 75%, Suc de ghimbir: 25%","og_url":"https:\/\/melissimo.ro\/en\/product\/shot-catina-si-ghimbir\/","og_site_name":"Melissimo","article_publisher":"https:\/\/www.facebook.com\/melissimo.ro","article_modified_time":"2026-04-21T18:00:07+00:00","og_image":[{"width":1200,"height":630,"url":"https:\/\/melissimo.ro\/wp-content\/uploads\/2024\/10\/featured-Shot-Catina-si-Ghimbir-social-melissimo.jpg","type":"image\/jpeg"}],"twitter_card":"summary_large_image","twitter_misc":{"Est. reading time":"1 minute"},"schema":{"@context":"https:\/\/schema.org","@graph":[{"@type":"WebPage","@id":"https:\/\/melissimo.ro\/product\/shot-catina-si-ghimbir\/","url":"https:\/\/melissimo.ro\/product\/shot-catina-si-ghimbir\/","name":"Shot C\u0103tin\u0103 \u0219i Ghimbir - Health - Melissimo - Melissimo","isPartOf":{"@id":"https:\/\/melissimo.ro\/#website"},"primaryImageOfPage":{"@id":"https:\/\/melissimo.ro\/product\/shot-catina-si-ghimbir\/#primaryimage"},"image":{"@id":"https:\/\/melissimo.ro\/product\/shot-catina-si-ghimbir\/#primaryimage"},"thumbnailUrl":"https:\/\/melissimo.ro\/wp-content\/uploads\/2024\/10\/shot-health-melissimo-01.jpg","datePublished":"2024-10-28T11:44:51+00:00","dateModified":"2026-04-21T18:00:07+00:00","breadcrumb":{"@id":"https:\/\/melissimo.ro\/product\/shot-catina-si-ghimbir\/#breadcrumb"},"inLanguage":"en-US","potentialAction":[{"@type":"ReadAction","target":["https:\/\/melissimo.ro\/product\/shot-catina-si-ghimbir\/"]}]},{"@type":"ImageObject","inLanguage":"en-US","@id":"https:\/\/melissimo.ro\/product\/shot-catina-si-ghimbir\/#primaryimage","url":"https:\/\/melissimo.ro\/wp-content\/uploads\/2024\/10\/shot-health-melissimo-01.jpg","contentUrl":"https:\/\/melissimo.ro\/wp-content\/uploads\/2024\/10\/shot-health-melissimo-01.jpg","width":1080,"height":1080,"caption":"shot health melissimo"},{"@type":"BreadcrumbList","@id":"https:\/\/melissimo.ro\/product\/shot-catina-si-ghimbir\/#breadcrumb","itemListElement":[{"@type":"ListItem","position":1,"name":"Prima pagin\u0103","item":"https:\/\/melissimo.ro\/"},{"@type":"ListItem","position":2,"name":"Shop","item":"https:\/\/melissimo.ro\/shop\/"},{"@type":"ListItem","position":3,"name":"Shot C\u0103tin\u0103 \u0219i Ghimbir &#8211; Health &#8211; Melissimo"}]},{"@type":"WebSite","@id":"https:\/\/melissimo.ro\/#website","url":"https:\/\/melissimo.ro\/","name":"Melissimo","description":"Sanatos delights","publisher":{"@id":"https:\/\/melissimo.ro\/#organization"},"potentialAction":[{"@type":"SearchAction","target":{"@type":"EntryPoint","urlTemplate":"https:\/\/melissimo.ro\/?s={search_term_string}"},"query-input":{"@type":"PropertyValueSpecification","valueRequired":true,"valueName":"search_term_string"}}],"inLanguage":"en-US"},{"@type":"Organization","@id":"https:\/\/melissimo.ro\/#organization","name":"Melissimo","url":"https:\/\/melissimo.ro\/","logo":{"@type":"ImageObject","inLanguage":"en-US","@id":"https:\/\/melissimo.ro\/#\/schema\/logo\/image\/","url":"https:\/\/melissimo.ro\/wp-content\/uploads\/2020\/10\/logo_dark.png","contentUrl":"https:\/\/melissimo.ro\/wp-content\/uploads\/2020\/10\/logo_dark.png","width":326,"height":70,"caption":"Melissimo"},"image":{"@id":"https:\/\/melissimo.ro\/#\/schema\/logo\/image\/"},"sameAs":["https:\/\/www.facebook.com\/melissimo.ro","https:\/\/www.instagram.com\/melissimo.ro\/"]}]}},"_links":{"self":[{"href":"https:\/\/melissimo.ro\/en\/wp-json\/wp\/v2\/product\/14507","targetHints":{"allow":["GET"]}}],"collection":[{"href":"https:\/\/melissimo.ro\/en\/wp-json\/wp\/v2\/product"}],"about":[{"href":"https:\/\/melissimo.ro\/en\/wp-json\/wp\/v2\/types\/product"}],"wp:featuredmedia":[{"embeddable":true,"href":"https:\/\/melissimo.ro\/en\/wp-json\/wp\/v2\/media\/16211"}],"wp:attachment":[{"href":"https:\/\/melissimo.ro\/en\/wp-json\/wp\/v2\/media?parent=14507"}],"wp:term":[{"taxonomy":"product_brand","embeddable":true,"href":"https:\/\/melissimo.ro\/en\/wp-json\/wp\/v2\/product_brand?post=14507"},{"taxonomy":"product_cat","embeddable":true,"href":"https:\/\/melissimo.ro\/en\/wp-json\/wp\/v2\/product_cat?post=14507"},{"taxonomy":"product_tag","embeddable":true,"href":"https:\/\/melissimo.ro\/en\/wp-json\/wp\/v2\/product_tag?post=14507"}],"curies":[{"name":"wp","href":"https:\/\/api.w.org\/{rel}","templated":true}]}}