{"id":14505,"date":"2024-10-28T13:32:50","date_gmt":"2024-10-28T11:32:50","guid":{"rendered":"https:\/\/melissimo.ro\/?post_type=product&#038;p=14505"},"modified":"2026-04-29T10:26:37","modified_gmt":"2026-04-29T07:26:37","slug":"shot-de-portocale-lamaie-ghimbir-turmeric-si-ardei-cayenne","status":"publish","type":"product","link":"https:\/\/melissimo.ro\/en\/product\/shot-de-portocale-lamaie-ghimbir-turmeric-si-ardei-cayenne\/","title":{"rendered":"Orange, Lemon, Ginger, Turmeric and Cayenne Pepper Shot - Strenght - Melissimo"},"content":{"rendered":"<p><strong>Quantity: 100ml<\/strong><\/p>\n<p><img loading=\"lazy\" decoding=\"async\" class=\"wd-lazy-fade alignnone size-full wp-image-24613\" src=\"https:\/\/melissimo.ro\/wp-content\/themes\/woodmart\/images\/lazy.svg\" data-src=\"https:\/\/new.melissimo.ro\/wp-content\/uploads\/2025\/05\/ue-flag-melissimo.jpg\" alt=\"\" width=\"25\" height=\"15\" \/>\u00a0\u00a0<strong>PRODUCT IN EU for EUROMELLIS NATURA SRL<\/strong><\/p>","protected":false},"excerpt":{"rendered":"<p style=\"text-align: center\"><span style=\"font-weight: 400\">An intense shot with a toning and anti-inflammatory effect, ideal for those who want to activate their metabolism. Orange and lemon provide extra vitamin C, ginger and turmeric help fight inflammation and cayenne pepper stimulates circulation and digestion. It's a great way to start the day, especially in the cold season or during periods of chronic fatigue.<\/span><\/p>\n<h4 style=\"text-align: center\"><span style=\"color: #ff7536\">INGREDIENT<\/span><\/h4>\n<p style=\"text-align: center\"><span style=\"font-weight: 400\">Orange juice 70%<\/span><\/p>\n<p style=\"text-align: center\"><span style=\"font-weight: 400\">Ginger juice 10%<\/span><\/p>\n<p style=\"text-align: center\"><span style=\"font-weight: 400\">Lemon juice (10%)<\/span><\/p>\n<p style=\"text-align: center\"><span style=\"font-weight: 400\">Turmeric juice (9,95%)<\/span><\/p>\n<p style=\"text-align: center\"><span style=\"font-weight: 400\">Cayenne pepper juice (0,04999%)<\/span><\/p>\n<p style=\"text-align: center\"><span style=\"font-weight: 400\">Vitamin D\u2083 (0.00001%)<\/span><\/p>","protected":false},"featured_media":16200,"template":"","meta":{"_acf_changed":false},"product_brand":[],"product_cat":[60],"product_tag":[66],"class_list":{"0":"post-14505","1":"product","2":"type-product","3":"status-publish","4":"has-post-thumbnail","6":"product_cat-shot","7":"product_tag-tip-1","9":"first","10":"instock","11":"taxable","12":"shipping-taxable","13":"purchasable","14":"product-type-simple"},"acf":[],"yoast_head":"<!-- This site is optimized with the Yoast SEO plugin v27.3 - https:\/\/yoast.com\/product\/yoast-seo-wordpress\/ -->\n<title>Shot de Portocale, L\u0103m\u00e2ie, Ghimbir, Turmeric \u0219i Ardei Cayenne - Strenght - Melissimo - Melissimo<\/title>\n<meta name=\"robots\" content=\"index, follow, max-snippet:-1, max-image-preview:large, max-video-preview:-1\" \/>\n<link rel=\"canonical\" href=\"https:\/\/melissimo.ro\/en\/product\/shot-de-portocale-lamaie-ghimbir-turmeric-si-ardei-cayenne\/\" \/>\n<meta property=\"og:locale\" content=\"en_US\" \/>\n<meta property=\"og:type\" content=\"article\" \/>\n<meta property=\"og:title\" content=\"Shot de Portocale, L\u0103m\u00e2ie, Ghimbir, Turmeric \u0219i Ardei Cayenne - Strenght - Melissimo - Melissimo\" \/>\n<meta property=\"og:description\" content=\"Un shot intens, cu efect tonic \u0219i antiinflamator, ideal pentru cei care doresc s\u0103-\u0219i activeze metabolismul. Portocala \u0219i l\u0103m\u00e2ia aduc un plus de vitamina C, ghimbirul \u0219i turmericul contribuie la combaterea inflama\u021biilor, iar ardeiul cayenne stimuleaz\u0103 circula\u021bia \u0219i digestia. Este un produs excelent pentru \u00eenceputul zilei, \u00een special \u00een sezonul rece sau \u00een perioadele de oboseal\u0103 cronic\u0103.  INGREDIENTE Suc de portocale 70% Suc de ghimbir 10% Suc de l\u0103m\u00e2ie (10%) Suc de turmeric (9,95%) Suc de ardei cayenne (0,04999%) Vitamina D\u2083 (0,00001%)\" \/>\n<meta property=\"og:url\" content=\"https:\/\/melissimo.ro\/en\/product\/shot-de-portocale-lamaie-ghimbir-turmeric-si-ardei-cayenne\/\" \/>\n<meta property=\"og:site_name\" content=\"Melissimo\" \/>\n<meta property=\"article:publisher\" content=\"https:\/\/www.facebook.com\/melissimo.ro\" \/>\n<meta property=\"article:modified_time\" content=\"2026-04-29T07:26:37+00:00\" \/>\n<meta property=\"og:image\" content=\"https:\/\/melissimo.ro\/wp-content\/uploads\/2024\/10\/featured-Shot-de-Portocale-Lamaie-Ghimbir-Turmeric-si-Ardei-Cayenne-social-melissimo.jpg\" \/>\n\t<meta property=\"og:image:width\" content=\"1200\" \/>\n\t<meta property=\"og:image:height\" content=\"630\" \/>\n\t<meta property=\"og:image:type\" content=\"image\/jpeg\" \/>\n<meta name=\"twitter:card\" content=\"summary_large_image\" \/>\n<meta name=\"twitter:label1\" content=\"Est. reading time\" \/>\n\t<meta name=\"twitter:data1\" content=\"1 minute\" \/>\n<script type=\"application\/ld+json\" class=\"yoast-schema-graph\">{\"@context\":\"https:\\\/\\\/schema.org\",\"@graph\":[{\"@type\":\"WebPage\",\"@id\":\"https:\\\/\\\/melissimo.ro\\\/product\\\/shot-de-portocale-lamaie-ghimbir-turmeric-si-ardei-cayenne\\\/\",\"url\":\"https:\\\/\\\/melissimo.ro\\\/product\\\/shot-de-portocale-lamaie-ghimbir-turmeric-si-ardei-cayenne\\\/\",\"name\":\"Shot de Portocale, L\u0103m\u00e2ie, Ghimbir, Turmeric \u0219i Ardei Cayenne - Strenght - Melissimo - Melissimo\",\"isPartOf\":{\"@id\":\"https:\\\/\\\/melissimo.ro\\\/#website\"},\"primaryImageOfPage\":{\"@id\":\"https:\\\/\\\/melissimo.ro\\\/product\\\/shot-de-portocale-lamaie-ghimbir-turmeric-si-ardei-cayenne\\\/#primaryimage\"},\"image\":{\"@id\":\"https:\\\/\\\/melissimo.ro\\\/product\\\/shot-de-portocale-lamaie-ghimbir-turmeric-si-ardei-cayenne\\\/#primaryimage\"},\"thumbnailUrl\":\"https:\\\/\\\/melissimo.ro\\\/wp-content\\\/uploads\\\/2024\\\/10\\\/shot-strenght-melissimo-01.jpg\",\"datePublished\":\"2024-10-28T11:32:50+00:00\",\"dateModified\":\"2026-04-29T07:26:37+00:00\",\"breadcrumb\":{\"@id\":\"https:\\\/\\\/melissimo.ro\\\/product\\\/shot-de-portocale-lamaie-ghimbir-turmeric-si-ardei-cayenne\\\/#breadcrumb\"},\"inLanguage\":\"en-US\",\"potentialAction\":[{\"@type\":\"ReadAction\",\"target\":[\"https:\\\/\\\/melissimo.ro\\\/product\\\/shot-de-portocale-lamaie-ghimbir-turmeric-si-ardei-cayenne\\\/\"]}]},{\"@type\":\"ImageObject\",\"inLanguage\":\"en-US\",\"@id\":\"https:\\\/\\\/melissimo.ro\\\/product\\\/shot-de-portocale-lamaie-ghimbir-turmeric-si-ardei-cayenne\\\/#primaryimage\",\"url\":\"https:\\\/\\\/melissimo.ro\\\/wp-content\\\/uploads\\\/2024\\\/10\\\/shot-strenght-melissimo-01.jpg\",\"contentUrl\":\"https:\\\/\\\/melissimo.ro\\\/wp-content\\\/uploads\\\/2024\\\/10\\\/shot-strenght-melissimo-01.jpg\",\"width\":1080,\"height\":1080,\"caption\":\"shot strenght melissimo\"},{\"@type\":\"BreadcrumbList\",\"@id\":\"https:\\\/\\\/melissimo.ro\\\/product\\\/shot-de-portocale-lamaie-ghimbir-turmeric-si-ardei-cayenne\\\/#breadcrumb\",\"itemListElement\":[{\"@type\":\"ListItem\",\"position\":1,\"name\":\"Prima pagin\u0103\",\"item\":\"https:\\\/\\\/melissimo.ro\\\/\"},{\"@type\":\"ListItem\",\"position\":2,\"name\":\"Shop\",\"item\":\"https:\\\/\\\/melissimo.ro\\\/shop\\\/\"},{\"@type\":\"ListItem\",\"position\":3,\"name\":\"Shot de Portocale, L\u0103m\u00e2ie, Ghimbir, Turmeric \u0219i Ardei Cayenne &#8211; Strenght &#8211; Melissimo\"}]},{\"@type\":\"WebSite\",\"@id\":\"https:\\\/\\\/melissimo.ro\\\/#website\",\"url\":\"https:\\\/\\\/melissimo.ro\\\/\",\"name\":\"Melissimo\",\"description\":\"Delicios de Sanatos\",\"publisher\":{\"@id\":\"https:\\\/\\\/melissimo.ro\\\/#organization\"},\"potentialAction\":[{\"@type\":\"SearchAction\",\"target\":{\"@type\":\"EntryPoint\",\"urlTemplate\":\"https:\\\/\\\/melissimo.ro\\\/?s={search_term_string}\"},\"query-input\":{\"@type\":\"PropertyValueSpecification\",\"valueRequired\":true,\"valueName\":\"search_term_string\"}}],\"inLanguage\":\"en-US\"},{\"@type\":\"Organization\",\"@id\":\"https:\\\/\\\/melissimo.ro\\\/#organization\",\"name\":\"Melissimo\",\"url\":\"https:\\\/\\\/melissimo.ro\\\/\",\"logo\":{\"@type\":\"ImageObject\",\"inLanguage\":\"en-US\",\"@id\":\"https:\\\/\\\/melissimo.ro\\\/#\\\/schema\\\/logo\\\/image\\\/\",\"url\":\"https:\\\/\\\/melissimo.ro\\\/wp-content\\\/uploads\\\/2020\\\/10\\\/logo_dark.png\",\"contentUrl\":\"https:\\\/\\\/melissimo.ro\\\/wp-content\\\/uploads\\\/2020\\\/10\\\/logo_dark.png\",\"width\":326,\"height\":70,\"caption\":\"Melissimo\"},\"image\":{\"@id\":\"https:\\\/\\\/melissimo.ro\\\/#\\\/schema\\\/logo\\\/image\\\/\"},\"sameAs\":[\"https:\\\/\\\/www.facebook.com\\\/melissimo.ro\",\"https:\\\/\\\/www.instagram.com\\\/melissimo.ro\\\/\"]}]}<\/script>\n<!-- \/ Yoast SEO plugin. -->","yoast_head_json":{"title":"Shot de Portocale, L\u0103m\u00e2ie, Ghimbir, Turmeric \u0219i Ardei Cayenne - Strenght - Melissimo - Melissimo","robots":{"index":"index","follow":"follow","max-snippet":"max-snippet:-1","max-image-preview":"max-image-preview:large","max-video-preview":"max-video-preview:-1"},"canonical":"https:\/\/melissimo.ro\/en\/product\/shot-de-portocale-lamaie-ghimbir-turmeric-si-ardei-cayenne\/","og_locale":"en_US","og_type":"article","og_title":"Shot de Portocale, L\u0103m\u00e2ie, Ghimbir, Turmeric \u0219i Ardei Cayenne - Strenght - Melissimo - Melissimo","og_description":"Un shot intens, cu efect tonic \u0219i antiinflamator, ideal pentru cei care doresc s\u0103-\u0219i activeze metabolismul. Portocala \u0219i l\u0103m\u00e2ia aduc un plus de vitamina C, ghimbirul \u0219i turmericul contribuie la combaterea inflama\u021biilor, iar ardeiul cayenne stimuleaz\u0103 circula\u021bia \u0219i digestia. Este un produs excelent pentru \u00eenceputul zilei, \u00een special \u00een sezonul rece sau \u00een perioadele de oboseal\u0103 cronic\u0103.  INGREDIENTE Suc de portocale 70% Suc de ghimbir 10% Suc de l\u0103m\u00e2ie (10%) Suc de turmeric (9,95%) Suc de ardei cayenne (0,04999%) Vitamina D\u2083 (0,00001%)","og_url":"https:\/\/melissimo.ro\/en\/product\/shot-de-portocale-lamaie-ghimbir-turmeric-si-ardei-cayenne\/","og_site_name":"Melissimo","article_publisher":"https:\/\/www.facebook.com\/melissimo.ro","article_modified_time":"2026-04-29T07:26:37+00:00","og_image":[{"width":1200,"height":630,"url":"https:\/\/melissimo.ro\/wp-content\/uploads\/2024\/10\/featured-Shot-de-Portocale-Lamaie-Ghimbir-Turmeric-si-Ardei-Cayenne-social-melissimo.jpg","type":"image\/jpeg"}],"twitter_card":"summary_large_image","twitter_misc":{"Est. reading time":"1 minute"},"schema":{"@context":"https:\/\/schema.org","@graph":[{"@type":"WebPage","@id":"https:\/\/melissimo.ro\/product\/shot-de-portocale-lamaie-ghimbir-turmeric-si-ardei-cayenne\/","url":"https:\/\/melissimo.ro\/product\/shot-de-portocale-lamaie-ghimbir-turmeric-si-ardei-cayenne\/","name":"Shot de Portocale, L\u0103m\u00e2ie, Ghimbir, Turmeric \u0219i Ardei Cayenne - Strenght - Melissimo - Melissimo","isPartOf":{"@id":"https:\/\/melissimo.ro\/#website"},"primaryImageOfPage":{"@id":"https:\/\/melissimo.ro\/product\/shot-de-portocale-lamaie-ghimbir-turmeric-si-ardei-cayenne\/#primaryimage"},"image":{"@id":"https:\/\/melissimo.ro\/product\/shot-de-portocale-lamaie-ghimbir-turmeric-si-ardei-cayenne\/#primaryimage"},"thumbnailUrl":"https:\/\/melissimo.ro\/wp-content\/uploads\/2024\/10\/shot-strenght-melissimo-01.jpg","datePublished":"2024-10-28T11:32:50+00:00","dateModified":"2026-04-29T07:26:37+00:00","breadcrumb":{"@id":"https:\/\/melissimo.ro\/product\/shot-de-portocale-lamaie-ghimbir-turmeric-si-ardei-cayenne\/#breadcrumb"},"inLanguage":"en-US","potentialAction":[{"@type":"ReadAction","target":["https:\/\/melissimo.ro\/product\/shot-de-portocale-lamaie-ghimbir-turmeric-si-ardei-cayenne\/"]}]},{"@type":"ImageObject","inLanguage":"en-US","@id":"https:\/\/melissimo.ro\/product\/shot-de-portocale-lamaie-ghimbir-turmeric-si-ardei-cayenne\/#primaryimage","url":"https:\/\/melissimo.ro\/wp-content\/uploads\/2024\/10\/shot-strenght-melissimo-01.jpg","contentUrl":"https:\/\/melissimo.ro\/wp-content\/uploads\/2024\/10\/shot-strenght-melissimo-01.jpg","width":1080,"height":1080,"caption":"shot strenght melissimo"},{"@type":"BreadcrumbList","@id":"https:\/\/melissimo.ro\/product\/shot-de-portocale-lamaie-ghimbir-turmeric-si-ardei-cayenne\/#breadcrumb","itemListElement":[{"@type":"ListItem","position":1,"name":"Prima pagin\u0103","item":"https:\/\/melissimo.ro\/"},{"@type":"ListItem","position":2,"name":"Shop","item":"https:\/\/melissimo.ro\/shop\/"},{"@type":"ListItem","position":3,"name":"Shot de Portocale, L\u0103m\u00e2ie, Ghimbir, Turmeric \u0219i Ardei Cayenne &#8211; Strenght &#8211; Melissimo"}]},{"@type":"WebSite","@id":"https:\/\/melissimo.ro\/#website","url":"https:\/\/melissimo.ro\/","name":"Melissimo","description":"Sanatos delights","publisher":{"@id":"https:\/\/melissimo.ro\/#organization"},"potentialAction":[{"@type":"SearchAction","target":{"@type":"EntryPoint","urlTemplate":"https:\/\/melissimo.ro\/?s={search_term_string}"},"query-input":{"@type":"PropertyValueSpecification","valueRequired":true,"valueName":"search_term_string"}}],"inLanguage":"en-US"},{"@type":"Organization","@id":"https:\/\/melissimo.ro\/#organization","name":"Melissimo","url":"https:\/\/melissimo.ro\/","logo":{"@type":"ImageObject","inLanguage":"en-US","@id":"https:\/\/melissimo.ro\/#\/schema\/logo\/image\/","url":"https:\/\/melissimo.ro\/wp-content\/uploads\/2020\/10\/logo_dark.png","contentUrl":"https:\/\/melissimo.ro\/wp-content\/uploads\/2020\/10\/logo_dark.png","width":326,"height":70,"caption":"Melissimo"},"image":{"@id":"https:\/\/melissimo.ro\/#\/schema\/logo\/image\/"},"sameAs":["https:\/\/www.facebook.com\/melissimo.ro","https:\/\/www.instagram.com\/melissimo.ro\/"]}]}},"_links":{"self":[{"href":"https:\/\/melissimo.ro\/en\/wp-json\/wp\/v2\/product\/14505","targetHints":{"allow":["GET"]}}],"collection":[{"href":"https:\/\/melissimo.ro\/en\/wp-json\/wp\/v2\/product"}],"about":[{"href":"https:\/\/melissimo.ro\/en\/wp-json\/wp\/v2\/types\/product"}],"wp:featuredmedia":[{"embeddable":true,"href":"https:\/\/melissimo.ro\/en\/wp-json\/wp\/v2\/media\/16200"}],"wp:attachment":[{"href":"https:\/\/melissimo.ro\/en\/wp-json\/wp\/v2\/media?parent=14505"}],"wp:term":[{"taxonomy":"product_brand","embeddable":true,"href":"https:\/\/melissimo.ro\/en\/wp-json\/wp\/v2\/product_brand?post=14505"},{"taxonomy":"product_cat","embeddable":true,"href":"https:\/\/melissimo.ro\/en\/wp-json\/wp\/v2\/product_cat?post=14505"},{"taxonomy":"product_tag","embeddable":true,"href":"https:\/\/melissimo.ro\/en\/wp-json\/wp\/v2\/product_tag?post=14505"}],"curies":[{"name":"wp","href":"https:\/\/api.w.org\/{rel}","templated":true}]}}