{"id":14337,"date":"2024-10-07T16:55:03","date_gmt":"2024-10-07T13:55:03","guid":{"rendered":"https:\/\/melissimo.ro\/?post_type=product&#038;p=14337"},"modified":"2026-01-15T13:13:07","modified_gmt":"2026-01-15T11:13:07","slug":"suc-de-portocale-si-grapefruit","status":"publish","type":"product","link":"https:\/\/melissimo.ro\/en\/product\/suc-de-portocale-si-grapefruit\/","title":{"rendered":"Melissimo Orange and Grapefruit Juice"},"content":{"rendered":"<p><strong>Quantity: 250ml<\/strong><\/p>\n<p><img loading=\"lazy\" decoding=\"async\" class=\"wd-lazy-fade alignnone size-full wp-image-593\" src=\"https:\/\/melissimo.ro\/wp-content\/themes\/woodmart\/images\/lazy.svg\" data-src=\"https:\/\/new.melissimo.ro\/wp-content\/uploads\/2024\/10\/produs-in-romania.jpg\" alt=\"\" width=\"25\" height=\"15\" \/>\u00a0 <strong>PRODUCED IN ROMANIA<\/strong><\/p>","protected":false},"excerpt":{"rendered":"<p style=\"text-align: center;\"><span style=\"font-weight: 400;\">This drink combines the natural sweetness of orange with the slightly bitter flavor of grapefruit, providing a balanced and healthy experience. It is rich in vitamin C, folic acid, potassium and bioactive compounds that contribute to heart health, fight fatigue and support digestion. It is an ideal juice for detoxification, hydration and a daily energy boost.<\/span><\/p>\n<p style=\"text-align: center;\"><span style=\"font-weight: 400;\">\u00a0<\/span><\/p>\n<h4 style=\"text-align: center;\"><span style=\"color: #ff7536;\">INGREDIENT<\/span><\/h4>\n<p style=\"text-align: center;\"><span style=\"font-weight: 400;\">Orange juice (<\/span><i><span style=\"font-weight: 400;\">Citrus sinensis<\/span><\/i><span style=\"font-weight: 400;\">)<\/span><\/p>\n<p style=\"text-align: center;\"><span style=\"font-weight: 400;\">Grapefruit juice (<\/span><i><span style=\"font-weight: 400;\">Citrus paradisi<\/span><\/i><span style=\"font-weight: 400;\">)<\/span><span style=\"font-weight: 400;\"><br \/>\n<\/span><\/p>\n<h4 style=\"text-align: center;\"><span style=\"color: #ff7536;\">ATTENTION<\/span><\/h4>\n<p style=\"text-align: center;\"><span style=\"font-weight: 400;\">Grapefruit juice is an enzyme inhibitor and interacts with many drugs!<\/span><span style=\"font-weight: 400;\"><br \/>\n<\/span><span style=\"font-weight: 400;\">Grapefruit juice is an enzyme inhibitor and may increase plasma concentration for a number of drugs. It is recommended to avoid consumption of grapefruit juice when administering drugs that are metabolized at cytochrome P450, unless a lack of drug interaction with grapefruit juice has already been demonstrated.<\/span><\/p>\n<p>&nbsp;<\/p>","protected":false},"featured_media":16318,"template":"","meta":{"_acf_changed":false},"product_brand":[],"product_cat":[69],"product_tag":[66],"class_list":{"0":"post-14337","1":"product","2":"type-product","3":"status-publish","4":"has-post-thumbnail","6":"product_cat-suc","7":"product_tag-tip-1","9":"first","10":"outofstock","11":"taxable","12":"shipping-taxable","13":"purchasable","14":"product-type-simple"},"acf":[],"yoast_head":"<!-- This site is optimized with the Yoast SEO plugin v27.3 - https:\/\/yoast.com\/product\/yoast-seo-wordpress\/ -->\n<title>Suc de Portocale \u015fi Grapefruit Melissimo - Melissimo<\/title>\n<meta name=\"robots\" content=\"index, follow, max-snippet:-1, max-image-preview:large, max-video-preview:-1\" \/>\n<link rel=\"canonical\" href=\"https:\/\/melissimo.ro\/en\/product\/suc-de-portocale-si-grapefruit\/\" \/>\n<meta property=\"og:locale\" content=\"en_US\" \/>\n<meta property=\"og:type\" content=\"article\" \/>\n<meta property=\"og:title\" content=\"Suc de Portocale \u015fi Grapefruit Melissimo - Melissimo\" \/>\n<meta property=\"og:description\" content=\"Aceast\u0103 b\u0103utur\u0103 combin\u0103 dulcea\u021ba natural\u0103 a portocalei cu aroma u\u0219or amar\u0103 a grapefruitului, oferind o experien\u021b\u0103 echilibrat\u0103 \u0219i s\u0103n\u0103toas\u0103. Este bogat\u0103 \u00een vitamina C, acid folic, potasiu \u0219i compu\u0219i bioactivi care contribuie la s\u0103n\u0103tatea inimii, combat oboseala \u0219i sus\u021bin digestia. Este un suc ideal pentru detoxifiere, hidratare \u0219i un plus de energie zilnic\u0103. \u00a0  INGREDIENTE Suc de portocal\u0103 (Citrus sinensis) Suc de grapefruit (Citrus paradisi)   ATEN\u021aIE Sucul de grapefruit este inhibitor enzimatic \u0219i interac\u021bioneaz\u0103 cu foarte multe medicamente! Sucul de grapefruit este un inhibitor enzimatic \u0219i poate cre\u0219te concentra\u021bia plasmatic\u0103 pentru o serie de medicamente. Se recomand\u0103 evitarea consumului de suc de grapefruit atunci c\u00e2nd se administreaz\u0103 medicamente care sunt metabolizate la nivelul citocromului P450, cu excep\u021bia cazului \u00een care a fost deja demonstrat\u0103 o lips\u0103 de interac\u021biune a medicamentului cu sucul de grapefruit. &nbsp;\" \/>\n<meta property=\"og:url\" content=\"https:\/\/melissimo.ro\/en\/product\/suc-de-portocale-si-grapefruit\/\" \/>\n<meta property=\"og:site_name\" content=\"Melissimo\" \/>\n<meta property=\"article:publisher\" content=\"https:\/\/www.facebook.com\/melissimo.ro\" \/>\n<meta property=\"article:modified_time\" content=\"2026-01-15T11:13:07+00:00\" \/>\n<meta property=\"og:image\" content=\"https:\/\/melissimo.ro\/wp-content\/uploads\/2024\/10\/featured-Suc-de-Portocale-si-Grapefruit-social-melissimo.jpg\" \/>\n\t<meta property=\"og:image:width\" content=\"1200\" \/>\n\t<meta property=\"og:image:height\" content=\"630\" \/>\n\t<meta property=\"og:image:type\" content=\"image\/jpeg\" \/>\n<meta name=\"twitter:card\" content=\"summary_large_image\" \/>\n<meta name=\"twitter:label1\" content=\"Est. reading time\" \/>\n\t<meta name=\"twitter:data1\" content=\"1 minute\" \/>\n<script type=\"application\/ld+json\" class=\"yoast-schema-graph\">{\"@context\":\"https:\\\/\\\/schema.org\",\"@graph\":[{\"@type\":\"WebPage\",\"@id\":\"https:\\\/\\\/melissimo.ro\\\/product\\\/suc-de-portocale-si-grapefruit\\\/\",\"url\":\"https:\\\/\\\/melissimo.ro\\\/product\\\/suc-de-portocale-si-grapefruit\\\/\",\"name\":\"Suc de Portocale \u015fi Grapefruit Melissimo - Melissimo\",\"isPartOf\":{\"@id\":\"https:\\\/\\\/melissimo.ro\\\/#website\"},\"primaryImageOfPage\":{\"@id\":\"https:\\\/\\\/melissimo.ro\\\/product\\\/suc-de-portocale-si-grapefruit\\\/#primaryimage\"},\"image\":{\"@id\":\"https:\\\/\\\/melissimo.ro\\\/product\\\/suc-de-portocale-si-grapefruit\\\/#primaryimage\"},\"thumbnailUrl\":\"https:\\\/\\\/melissimo.ro\\\/wp-content\\\/uploads\\\/2024\\\/10\\\/suc-de-portocale-si-grapefruit-provizoriu.jpg\",\"datePublished\":\"2024-10-07T13:55:03+00:00\",\"dateModified\":\"2026-01-15T11:13:07+00:00\",\"breadcrumb\":{\"@id\":\"https:\\\/\\\/melissimo.ro\\\/product\\\/suc-de-portocale-si-grapefruit\\\/#breadcrumb\"},\"inLanguage\":\"en-US\",\"potentialAction\":[{\"@type\":\"ReadAction\",\"target\":[\"https:\\\/\\\/melissimo.ro\\\/product\\\/suc-de-portocale-si-grapefruit\\\/\"]}]},{\"@type\":\"ImageObject\",\"inLanguage\":\"en-US\",\"@id\":\"https:\\\/\\\/melissimo.ro\\\/product\\\/suc-de-portocale-si-grapefruit\\\/#primaryimage\",\"url\":\"https:\\\/\\\/melissimo.ro\\\/wp-content\\\/uploads\\\/2024\\\/10\\\/suc-de-portocale-si-grapefruit-provizoriu.jpg\",\"contentUrl\":\"https:\\\/\\\/melissimo.ro\\\/wp-content\\\/uploads\\\/2024\\\/10\\\/suc-de-portocale-si-grapefruit-provizoriu.jpg\",\"width\":1080,\"height\":1080,\"caption\":\"suc de portocale si grapefruit melissimo\"},{\"@type\":\"BreadcrumbList\",\"@id\":\"https:\\\/\\\/melissimo.ro\\\/product\\\/suc-de-portocale-si-grapefruit\\\/#breadcrumb\",\"itemListElement\":[{\"@type\":\"ListItem\",\"position\":1,\"name\":\"Prima pagin\u0103\",\"item\":\"https:\\\/\\\/melissimo.ro\\\/\"},{\"@type\":\"ListItem\",\"position\":2,\"name\":\"Shop\",\"item\":\"https:\\\/\\\/melissimo.ro\\\/shop\\\/\"},{\"@type\":\"ListItem\",\"position\":3,\"name\":\"Suc de Portocale \u015fi Grapefruit Melissimo\"}]},{\"@type\":\"WebSite\",\"@id\":\"https:\\\/\\\/melissimo.ro\\\/#website\",\"url\":\"https:\\\/\\\/melissimo.ro\\\/\",\"name\":\"Melissimo\",\"description\":\"Delicios de Sanatos\",\"publisher\":{\"@id\":\"https:\\\/\\\/melissimo.ro\\\/#organization\"},\"potentialAction\":[{\"@type\":\"SearchAction\",\"target\":{\"@type\":\"EntryPoint\",\"urlTemplate\":\"https:\\\/\\\/melissimo.ro\\\/?s={search_term_string}\"},\"query-input\":{\"@type\":\"PropertyValueSpecification\",\"valueRequired\":true,\"valueName\":\"search_term_string\"}}],\"inLanguage\":\"en-US\"},{\"@type\":\"Organization\",\"@id\":\"https:\\\/\\\/melissimo.ro\\\/#organization\",\"name\":\"Melissimo\",\"url\":\"https:\\\/\\\/melissimo.ro\\\/\",\"logo\":{\"@type\":\"ImageObject\",\"inLanguage\":\"en-US\",\"@id\":\"https:\\\/\\\/melissimo.ro\\\/#\\\/schema\\\/logo\\\/image\\\/\",\"url\":\"https:\\\/\\\/melissimo.ro\\\/wp-content\\\/uploads\\\/2020\\\/10\\\/logo_dark.png\",\"contentUrl\":\"https:\\\/\\\/melissimo.ro\\\/wp-content\\\/uploads\\\/2020\\\/10\\\/logo_dark.png\",\"width\":326,\"height\":70,\"caption\":\"Melissimo\"},\"image\":{\"@id\":\"https:\\\/\\\/melissimo.ro\\\/#\\\/schema\\\/logo\\\/image\\\/\"},\"sameAs\":[\"https:\\\/\\\/www.facebook.com\\\/melissimo.ro\",\"https:\\\/\\\/www.instagram.com\\\/melissimo.ro\\\/\"]}]}<\/script>\n<!-- \/ Yoast SEO plugin. -->","yoast_head_json":{"title":"Suc de Portocale \u015fi Grapefruit Melissimo - Melissimo","robots":{"index":"index","follow":"follow","max-snippet":"max-snippet:-1","max-image-preview":"max-image-preview:large","max-video-preview":"max-video-preview:-1"},"canonical":"https:\/\/melissimo.ro\/en\/product\/suc-de-portocale-si-grapefruit\/","og_locale":"en_US","og_type":"article","og_title":"Suc de Portocale \u015fi Grapefruit Melissimo - Melissimo","og_description":"Aceast\u0103 b\u0103utur\u0103 combin\u0103 dulcea\u021ba natural\u0103 a portocalei cu aroma u\u0219or amar\u0103 a grapefruitului, oferind o experien\u021b\u0103 echilibrat\u0103 \u0219i s\u0103n\u0103toas\u0103. Este bogat\u0103 \u00een vitamina C, acid folic, potasiu \u0219i compu\u0219i bioactivi care contribuie la s\u0103n\u0103tatea inimii, combat oboseala \u0219i sus\u021bin digestia. Este un suc ideal pentru detoxifiere, hidratare \u0219i un plus de energie zilnic\u0103. \u00a0  INGREDIENTE Suc de portocal\u0103 (Citrus sinensis) Suc de grapefruit (Citrus paradisi)   ATEN\u021aIE Sucul de grapefruit este inhibitor enzimatic \u0219i interac\u021bioneaz\u0103 cu foarte multe medicamente! Sucul de grapefruit este un inhibitor enzimatic \u0219i poate cre\u0219te concentra\u021bia plasmatic\u0103 pentru o serie de medicamente. Se recomand\u0103 evitarea consumului de suc de grapefruit atunci c\u00e2nd se administreaz\u0103 medicamente care sunt metabolizate la nivelul citocromului P450, cu excep\u021bia cazului \u00een care a fost deja demonstrat\u0103 o lips\u0103 de interac\u021biune a medicamentului cu sucul de grapefruit. &nbsp;","og_url":"https:\/\/melissimo.ro\/en\/product\/suc-de-portocale-si-grapefruit\/","og_site_name":"Melissimo","article_publisher":"https:\/\/www.facebook.com\/melissimo.ro","article_modified_time":"2026-01-15T11:13:07+00:00","og_image":[{"width":1200,"height":630,"url":"https:\/\/melissimo.ro\/wp-content\/uploads\/2024\/10\/featured-Suc-de-Portocale-si-Grapefruit-social-melissimo.jpg","type":"image\/jpeg"}],"twitter_card":"summary_large_image","twitter_misc":{"Est. reading time":"1 minute"},"schema":{"@context":"https:\/\/schema.org","@graph":[{"@type":"WebPage","@id":"https:\/\/melissimo.ro\/product\/suc-de-portocale-si-grapefruit\/","url":"https:\/\/melissimo.ro\/product\/suc-de-portocale-si-grapefruit\/","name":"Suc de Portocale \u015fi Grapefruit Melissimo - Melissimo","isPartOf":{"@id":"https:\/\/melissimo.ro\/#website"},"primaryImageOfPage":{"@id":"https:\/\/melissimo.ro\/product\/suc-de-portocale-si-grapefruit\/#primaryimage"},"image":{"@id":"https:\/\/melissimo.ro\/product\/suc-de-portocale-si-grapefruit\/#primaryimage"},"thumbnailUrl":"https:\/\/melissimo.ro\/wp-content\/uploads\/2024\/10\/suc-de-portocale-si-grapefruit-provizoriu.jpg","datePublished":"2024-10-07T13:55:03+00:00","dateModified":"2026-01-15T11:13:07+00:00","breadcrumb":{"@id":"https:\/\/melissimo.ro\/product\/suc-de-portocale-si-grapefruit\/#breadcrumb"},"inLanguage":"en-US","potentialAction":[{"@type":"ReadAction","target":["https:\/\/melissimo.ro\/product\/suc-de-portocale-si-grapefruit\/"]}]},{"@type":"ImageObject","inLanguage":"en-US","@id":"https:\/\/melissimo.ro\/product\/suc-de-portocale-si-grapefruit\/#primaryimage","url":"https:\/\/melissimo.ro\/wp-content\/uploads\/2024\/10\/suc-de-portocale-si-grapefruit-provizoriu.jpg","contentUrl":"https:\/\/melissimo.ro\/wp-content\/uploads\/2024\/10\/suc-de-portocale-si-grapefruit-provizoriu.jpg","width":1080,"height":1080,"caption":"suc de portocale si grapefruit melissimo"},{"@type":"BreadcrumbList","@id":"https:\/\/melissimo.ro\/product\/suc-de-portocale-si-grapefruit\/#breadcrumb","itemListElement":[{"@type":"ListItem","position":1,"name":"Prima pagin\u0103","item":"https:\/\/melissimo.ro\/"},{"@type":"ListItem","position":2,"name":"Shop","item":"https:\/\/melissimo.ro\/shop\/"},{"@type":"ListItem","position":3,"name":"Suc de Portocale \u015fi Grapefruit Melissimo"}]},{"@type":"WebSite","@id":"https:\/\/melissimo.ro\/#website","url":"https:\/\/melissimo.ro\/","name":"Melissimo","description":"Sanatos delights","publisher":{"@id":"https:\/\/melissimo.ro\/#organization"},"potentialAction":[{"@type":"SearchAction","target":{"@type":"EntryPoint","urlTemplate":"https:\/\/melissimo.ro\/?s={search_term_string}"},"query-input":{"@type":"PropertyValueSpecification","valueRequired":true,"valueName":"search_term_string"}}],"inLanguage":"en-US"},{"@type":"Organization","@id":"https:\/\/melissimo.ro\/#organization","name":"Melissimo","url":"https:\/\/melissimo.ro\/","logo":{"@type":"ImageObject","inLanguage":"en-US","@id":"https:\/\/melissimo.ro\/#\/schema\/logo\/image\/","url":"https:\/\/melissimo.ro\/wp-content\/uploads\/2020\/10\/logo_dark.png","contentUrl":"https:\/\/melissimo.ro\/wp-content\/uploads\/2020\/10\/logo_dark.png","width":326,"height":70,"caption":"Melissimo"},"image":{"@id":"https:\/\/melissimo.ro\/#\/schema\/logo\/image\/"},"sameAs":["https:\/\/www.facebook.com\/melissimo.ro","https:\/\/www.instagram.com\/melissimo.ro\/"]}]}},"_links":{"self":[{"href":"https:\/\/melissimo.ro\/en\/wp-json\/wp\/v2\/product\/14337","targetHints":{"allow":["GET"]}}],"collection":[{"href":"https:\/\/melissimo.ro\/en\/wp-json\/wp\/v2\/product"}],"about":[{"href":"https:\/\/melissimo.ro\/en\/wp-json\/wp\/v2\/types\/product"}],"wp:featuredmedia":[{"embeddable":true,"href":"https:\/\/melissimo.ro\/en\/wp-json\/wp\/v2\/media\/16318"}],"wp:attachment":[{"href":"https:\/\/melissimo.ro\/en\/wp-json\/wp\/v2\/media?parent=14337"}],"wp:term":[{"taxonomy":"product_brand","embeddable":true,"href":"https:\/\/melissimo.ro\/en\/wp-json\/wp\/v2\/product_brand?post=14337"},{"taxonomy":"product_cat","embeddable":true,"href":"https:\/\/melissimo.ro\/en\/wp-json\/wp\/v2\/product_cat?post=14337"},{"taxonomy":"product_tag","embeddable":true,"href":"https:\/\/melissimo.ro\/en\/wp-json\/wp\/v2\/product_tag?post=14337"}],"curies":[{"name":"wp","href":"https:\/\/api.w.org\/{rel}","templated":true}]}}