{"id":14333,"date":"2024-10-07T16:52:45","date_gmt":"2024-10-07T13:52:45","guid":{"rendered":"https:\/\/melissimo.ro\/?post_type=product&#038;p=14333"},"modified":"2026-01-15T13:13:08","modified_gmt":"2026-01-15T11:13:08","slug":"suc-de-mandarine-si-portocale","status":"publish","type":"product","link":"https:\/\/melissimo.ro\/en\/product\/suc-de-mandarine-si-portocale\/","title":{"rendered":"Melissimo Tangerine and Orange Juice"},"content":{"rendered":"","protected":false},"excerpt":{"rendered":"<p style=\"text-align: center;\"><span style=\"font-weight: 400;\">A natural drink that brings together the sweetness of tangerines and the freshness of oranges, providing a generous intake of vitamin C, potassium and antioxidants. It is ideal for supporting immunity, reducing inflammation and regulating blood pressure. Thanks to its natural fiber and flavonoid content, it supports digestion and helps detoxify the body. Its balanced taste makes it perfect for all ages and a healthy alternative to artificially sweetened juices.<\/span><\/p>\n<p style=\"text-align: center;\"><span style=\"font-weight: 400;\">\u00a0<\/span><\/p>\n<h4 style=\"text-align: center;\"><span style=\"color: #ff7536;\">INGREDIENT<\/span><\/h4>\n<p style=\"text-align: center;\"><span style=\"font-weight: 400;\">Tangerine juice (<\/span><i><span style=\"font-weight: 400;\">Citrus reticulata<\/span><\/i><span style=\"font-weight: 400;\">)<\/span><\/p>\n<p style=\"text-align: center;\"><span style=\"font-weight: 400;\">Orange juice (<\/span><i><span style=\"font-weight: 400;\">Citrus sinensis<\/span><\/i><span style=\"font-weight: 400;\">)<\/span><\/p>","protected":false},"featured_media":16316,"template":"","meta":{"_acf_changed":false},"product_brand":[],"product_cat":[69],"product_tag":[66],"class_list":{"0":"post-14333","1":"product","2":"type-product","3":"status-publish","4":"has-post-thumbnail","6":"product_cat-suc","7":"product_tag-tip-1","9":"first","10":"outofstock","11":"taxable","12":"shipping-taxable","13":"purchasable","14":"product-type-simple"},"acf":[],"yoast_head":"<!-- This site is optimized with the Yoast SEO plugin v27.3 - https:\/\/yoast.com\/product\/yoast-seo-wordpress\/ -->\n<title>Suc de Mandarine \u015fi Portocale Melissimo - Melissimo<\/title>\n<meta name=\"robots\" content=\"index, follow, max-snippet:-1, max-image-preview:large, max-video-preview:-1\" \/>\n<link rel=\"canonical\" href=\"https:\/\/melissimo.ro\/en\/product\/suc-de-mandarine-si-portocale\/\" \/>\n<meta property=\"og:locale\" content=\"en_US\" \/>\n<meta property=\"og:type\" content=\"article\" \/>\n<meta property=\"og:title\" content=\"Suc de Mandarine \u015fi Portocale Melissimo - Melissimo\" \/>\n<meta property=\"og:description\" content=\"O b\u0103utur\u0103 natural\u0103 care aduce laolalt\u0103 dulcea\u021ba mandarinelor \u0219i prospe\u021bimea portocalelor, oferind un aport generos de vitamina C, potasiu \u0219i antioxidan\u021bi. Este ideal\u0103 pentru sus\u021binerea imunit\u0103\u021bii, reducerea inflama\u021biei \u0219i reglarea tensiunii arteriale. Datorit\u0103 con\u021binutului natural de fibre \u0219i flavonoide, sus\u021bine digestia \u0219i contribuie la detoxifierea organismului. Gustul s\u0103u echilibrat o face perfect\u0103 pentru toate v\u00e2rstele, fiind o alternativ\u0103 s\u0103n\u0103toas\u0103 la sucurile \u00eendulcite artificial. \u00a0  INGREDIENTE Suc de mandarin\u0103 (Citrus reticulata) Suc de portocal\u0103 (Citrus sinensis)\" \/>\n<meta property=\"og:url\" content=\"https:\/\/melissimo.ro\/en\/product\/suc-de-mandarine-si-portocale\/\" \/>\n<meta property=\"og:site_name\" content=\"Melissimo\" \/>\n<meta property=\"article:publisher\" content=\"https:\/\/www.facebook.com\/melissimo.ro\" \/>\n<meta property=\"article:modified_time\" content=\"2026-01-15T11:13:08+00:00\" \/>\n<meta property=\"og:image\" content=\"https:\/\/melissimo.ro\/wp-content\/uploads\/2024\/10\/featured-Suc-de-Mandarine-si-Portocale-social-melissimo.jpg\" \/>\n\t<meta property=\"og:image:width\" content=\"1200\" \/>\n\t<meta property=\"og:image:height\" content=\"630\" \/>\n\t<meta property=\"og:image:type\" content=\"image\/jpeg\" \/>\n<meta name=\"twitter:card\" content=\"summary_large_image\" \/>\n<meta name=\"twitter:label1\" content=\"Est. reading time\" \/>\n\t<meta name=\"twitter:data1\" content=\"1 minute\" \/>\n<script type=\"application\/ld+json\" class=\"yoast-schema-graph\">{\"@context\":\"https:\\\/\\\/schema.org\",\"@graph\":[{\"@type\":\"WebPage\",\"@id\":\"https:\\\/\\\/melissimo.ro\\\/product\\\/suc-de-mandarine-si-portocale\\\/\",\"url\":\"https:\\\/\\\/melissimo.ro\\\/product\\\/suc-de-mandarine-si-portocale\\\/\",\"name\":\"Suc de Mandarine \u015fi Portocale Melissimo - Melissimo\",\"isPartOf\":{\"@id\":\"https:\\\/\\\/melissimo.ro\\\/#website\"},\"primaryImageOfPage\":{\"@id\":\"https:\\\/\\\/melissimo.ro\\\/product\\\/suc-de-mandarine-si-portocale\\\/#primaryimage\"},\"image\":{\"@id\":\"https:\\\/\\\/melissimo.ro\\\/product\\\/suc-de-mandarine-si-portocale\\\/#primaryimage\"},\"thumbnailUrl\":\"https:\\\/\\\/melissimo.ro\\\/wp-content\\\/uploads\\\/2024\\\/10\\\/suc-de-mandarine-si-portocale-provizoriu.jpg\",\"datePublished\":\"2024-10-07T13:52:45+00:00\",\"dateModified\":\"2026-01-15T11:13:08+00:00\",\"breadcrumb\":{\"@id\":\"https:\\\/\\\/melissimo.ro\\\/product\\\/suc-de-mandarine-si-portocale\\\/#breadcrumb\"},\"inLanguage\":\"en-US\",\"potentialAction\":[{\"@type\":\"ReadAction\",\"target\":[\"https:\\\/\\\/melissimo.ro\\\/product\\\/suc-de-mandarine-si-portocale\\\/\"]}]},{\"@type\":\"ImageObject\",\"inLanguage\":\"en-US\",\"@id\":\"https:\\\/\\\/melissimo.ro\\\/product\\\/suc-de-mandarine-si-portocale\\\/#primaryimage\",\"url\":\"https:\\\/\\\/melissimo.ro\\\/wp-content\\\/uploads\\\/2024\\\/10\\\/suc-de-mandarine-si-portocale-provizoriu.jpg\",\"contentUrl\":\"https:\\\/\\\/melissimo.ro\\\/wp-content\\\/uploads\\\/2024\\\/10\\\/suc-de-mandarine-si-portocale-provizoriu.jpg\",\"width\":1080,\"height\":1080,\"caption\":\"suc de mandarine si portocale melissimo\"},{\"@type\":\"BreadcrumbList\",\"@id\":\"https:\\\/\\\/melissimo.ro\\\/product\\\/suc-de-mandarine-si-portocale\\\/#breadcrumb\",\"itemListElement\":[{\"@type\":\"ListItem\",\"position\":1,\"name\":\"Prima pagin\u0103\",\"item\":\"https:\\\/\\\/melissimo.ro\\\/\"},{\"@type\":\"ListItem\",\"position\":2,\"name\":\"Shop\",\"item\":\"https:\\\/\\\/melissimo.ro\\\/shop\\\/\"},{\"@type\":\"ListItem\",\"position\":3,\"name\":\"Suc de Mandarine \u015fi Portocale Melissimo\"}]},{\"@type\":\"WebSite\",\"@id\":\"https:\\\/\\\/melissimo.ro\\\/#website\",\"url\":\"https:\\\/\\\/melissimo.ro\\\/\",\"name\":\"Melissimo\",\"description\":\"Delicios de Sanatos\",\"publisher\":{\"@id\":\"https:\\\/\\\/melissimo.ro\\\/#organization\"},\"potentialAction\":[{\"@type\":\"SearchAction\",\"target\":{\"@type\":\"EntryPoint\",\"urlTemplate\":\"https:\\\/\\\/melissimo.ro\\\/?s={search_term_string}\"},\"query-input\":{\"@type\":\"PropertyValueSpecification\",\"valueRequired\":true,\"valueName\":\"search_term_string\"}}],\"inLanguage\":\"en-US\"},{\"@type\":\"Organization\",\"@id\":\"https:\\\/\\\/melissimo.ro\\\/#organization\",\"name\":\"Melissimo\",\"url\":\"https:\\\/\\\/melissimo.ro\\\/\",\"logo\":{\"@type\":\"ImageObject\",\"inLanguage\":\"en-US\",\"@id\":\"https:\\\/\\\/melissimo.ro\\\/#\\\/schema\\\/logo\\\/image\\\/\",\"url\":\"https:\\\/\\\/melissimo.ro\\\/wp-content\\\/uploads\\\/2020\\\/10\\\/logo_dark.png\",\"contentUrl\":\"https:\\\/\\\/melissimo.ro\\\/wp-content\\\/uploads\\\/2020\\\/10\\\/logo_dark.png\",\"width\":326,\"height\":70,\"caption\":\"Melissimo\"},\"image\":{\"@id\":\"https:\\\/\\\/melissimo.ro\\\/#\\\/schema\\\/logo\\\/image\\\/\"},\"sameAs\":[\"https:\\\/\\\/www.facebook.com\\\/melissimo.ro\",\"https:\\\/\\\/www.instagram.com\\\/melissimo.ro\\\/\"]}]}<\/script>\n<!-- \/ Yoast SEO plugin. -->","yoast_head_json":{"title":"Suc de Mandarine \u015fi Portocale Melissimo - Melissimo","robots":{"index":"index","follow":"follow","max-snippet":"max-snippet:-1","max-image-preview":"max-image-preview:large","max-video-preview":"max-video-preview:-1"},"canonical":"https:\/\/melissimo.ro\/en\/product\/suc-de-mandarine-si-portocale\/","og_locale":"en_US","og_type":"article","og_title":"Suc de Mandarine \u015fi Portocale Melissimo - Melissimo","og_description":"O b\u0103utur\u0103 natural\u0103 care aduce laolalt\u0103 dulcea\u021ba mandarinelor \u0219i prospe\u021bimea portocalelor, oferind un aport generos de vitamina C, potasiu \u0219i antioxidan\u021bi. Este ideal\u0103 pentru sus\u021binerea imunit\u0103\u021bii, reducerea inflama\u021biei \u0219i reglarea tensiunii arteriale. Datorit\u0103 con\u021binutului natural de fibre \u0219i flavonoide, sus\u021bine digestia \u0219i contribuie la detoxifierea organismului. Gustul s\u0103u echilibrat o face perfect\u0103 pentru toate v\u00e2rstele, fiind o alternativ\u0103 s\u0103n\u0103toas\u0103 la sucurile \u00eendulcite artificial. \u00a0  INGREDIENTE Suc de mandarin\u0103 (Citrus reticulata) Suc de portocal\u0103 (Citrus sinensis)","og_url":"https:\/\/melissimo.ro\/en\/product\/suc-de-mandarine-si-portocale\/","og_site_name":"Melissimo","article_publisher":"https:\/\/www.facebook.com\/melissimo.ro","article_modified_time":"2026-01-15T11:13:08+00:00","og_image":[{"width":1200,"height":630,"url":"https:\/\/melissimo.ro\/wp-content\/uploads\/2024\/10\/featured-Suc-de-Mandarine-si-Portocale-social-melissimo.jpg","type":"image\/jpeg"}],"twitter_card":"summary_large_image","twitter_misc":{"Est. reading time":"1 minute"},"schema":{"@context":"https:\/\/schema.org","@graph":[{"@type":"WebPage","@id":"https:\/\/melissimo.ro\/product\/suc-de-mandarine-si-portocale\/","url":"https:\/\/melissimo.ro\/product\/suc-de-mandarine-si-portocale\/","name":"Suc de Mandarine \u015fi Portocale Melissimo - Melissimo","isPartOf":{"@id":"https:\/\/melissimo.ro\/#website"},"primaryImageOfPage":{"@id":"https:\/\/melissimo.ro\/product\/suc-de-mandarine-si-portocale\/#primaryimage"},"image":{"@id":"https:\/\/melissimo.ro\/product\/suc-de-mandarine-si-portocale\/#primaryimage"},"thumbnailUrl":"https:\/\/melissimo.ro\/wp-content\/uploads\/2024\/10\/suc-de-mandarine-si-portocale-provizoriu.jpg","datePublished":"2024-10-07T13:52:45+00:00","dateModified":"2026-01-15T11:13:08+00:00","breadcrumb":{"@id":"https:\/\/melissimo.ro\/product\/suc-de-mandarine-si-portocale\/#breadcrumb"},"inLanguage":"en-US","potentialAction":[{"@type":"ReadAction","target":["https:\/\/melissimo.ro\/product\/suc-de-mandarine-si-portocale\/"]}]},{"@type":"ImageObject","inLanguage":"en-US","@id":"https:\/\/melissimo.ro\/product\/suc-de-mandarine-si-portocale\/#primaryimage","url":"https:\/\/melissimo.ro\/wp-content\/uploads\/2024\/10\/suc-de-mandarine-si-portocale-provizoriu.jpg","contentUrl":"https:\/\/melissimo.ro\/wp-content\/uploads\/2024\/10\/suc-de-mandarine-si-portocale-provizoriu.jpg","width":1080,"height":1080,"caption":"suc de mandarine si portocale melissimo"},{"@type":"BreadcrumbList","@id":"https:\/\/melissimo.ro\/product\/suc-de-mandarine-si-portocale\/#breadcrumb","itemListElement":[{"@type":"ListItem","position":1,"name":"Prima pagin\u0103","item":"https:\/\/melissimo.ro\/"},{"@type":"ListItem","position":2,"name":"Shop","item":"https:\/\/melissimo.ro\/shop\/"},{"@type":"ListItem","position":3,"name":"Suc de Mandarine \u015fi Portocale Melissimo"}]},{"@type":"WebSite","@id":"https:\/\/melissimo.ro\/#website","url":"https:\/\/melissimo.ro\/","name":"Melissimo","description":"Sanatos delights","publisher":{"@id":"https:\/\/melissimo.ro\/#organization"},"potentialAction":[{"@type":"SearchAction","target":{"@type":"EntryPoint","urlTemplate":"https:\/\/melissimo.ro\/?s={search_term_string}"},"query-input":{"@type":"PropertyValueSpecification","valueRequired":true,"valueName":"search_term_string"}}],"inLanguage":"en-US"},{"@type":"Organization","@id":"https:\/\/melissimo.ro\/#organization","name":"Melissimo","url":"https:\/\/melissimo.ro\/","logo":{"@type":"ImageObject","inLanguage":"en-US","@id":"https:\/\/melissimo.ro\/#\/schema\/logo\/image\/","url":"https:\/\/melissimo.ro\/wp-content\/uploads\/2020\/10\/logo_dark.png","contentUrl":"https:\/\/melissimo.ro\/wp-content\/uploads\/2020\/10\/logo_dark.png","width":326,"height":70,"caption":"Melissimo"},"image":{"@id":"https:\/\/melissimo.ro\/#\/schema\/logo\/image\/"},"sameAs":["https:\/\/www.facebook.com\/melissimo.ro","https:\/\/www.instagram.com\/melissimo.ro\/"]}]}},"_links":{"self":[{"href":"https:\/\/melissimo.ro\/en\/wp-json\/wp\/v2\/product\/14333","targetHints":{"allow":["GET"]}}],"collection":[{"href":"https:\/\/melissimo.ro\/en\/wp-json\/wp\/v2\/product"}],"about":[{"href":"https:\/\/melissimo.ro\/en\/wp-json\/wp\/v2\/types\/product"}],"wp:featuredmedia":[{"embeddable":true,"href":"https:\/\/melissimo.ro\/en\/wp-json\/wp\/v2\/media\/16316"}],"wp:attachment":[{"href":"https:\/\/melissimo.ro\/en\/wp-json\/wp\/v2\/media?parent=14333"}],"wp:term":[{"taxonomy":"product_brand","embeddable":true,"href":"https:\/\/melissimo.ro\/en\/wp-json\/wp\/v2\/product_brand?post=14333"},{"taxonomy":"product_cat","embeddable":true,"href":"https:\/\/melissimo.ro\/en\/wp-json\/wp\/v2\/product_cat?post=14333"},{"taxonomy":"product_tag","embeddable":true,"href":"https:\/\/melissimo.ro\/en\/wp-json\/wp\/v2\/product_tag?post=14333"}],"curies":[{"name":"wp","href":"https:\/\/api.w.org\/{rel}","templated":true}]}}