{"id":14331,"date":"2024-10-07T16:51:10","date_gmt":"2024-10-07T13:51:10","guid":{"rendered":"https:\/\/melissimo.ro\/?post_type=product&#038;p=14331"},"modified":"2026-04-27T09:03:32","modified_gmt":"2026-04-27T06:03:32","slug":"suc-de-mandarine-si-catina","status":"publish","type":"product","link":"https:\/\/melissimo.ro\/en\/product\/suc-de-mandarine-si-catina\/","title":{"rendered":"Melissimo Tangerine Juice with Sea Buckthorn"},"content":{"rendered":"<p><strong>Quantity: 250ml<\/strong><\/p>\n<p><img loading=\"lazy\" decoding=\"async\" class=\"wd-lazy-fade alignnone size-full wp-image-24613\" src=\"https:\/\/melissimo.ro\/wp-content\/themes\/woodmart\/images\/lazy.svg\" data-src=\"https:\/\/new.melissimo.ro\/wp-content\/uploads\/2025\/05\/ue-flag-melissimo.jpg\" alt=\"\" width=\"25\" height=\"15\" \/>\u00a0 <strong>PRODUCT IN EU for EUROMELLIS NATURA SRL<\/strong><\/p>","protected":false},"excerpt":{"rendered":"<p style=\"text-align: center\"><span style=\"font-weight: 400\">The combination of tangerines and sea buckthorn is a natural and delicious immune boost. Tangerine contributes its sweet taste and vitamin C and fiber content, while quince adds powerful antioxidants, beta-carotene and omega fatty acids. The resulting drink helps fight fatigue, supports skin health and aids cell regeneration. It is especially recommended in the cold season to prevent infections and support general well-being. Ideal for all ages, with no preservatives or added sugar.<br \/>\n<\/span><\/p>\n<h4 style=\"text-align: center\"><span style=\"color: #ff7536\">INGREDIENT<\/span><\/h4>\n<p style=\"text-align: center\"><span style=\"font-weight: 400\">Tangerine juice (<\/span><i><span style=\"font-weight: 400\">Citrus reticulata<\/span><\/i><span style=\"font-weight: 400\">) 90%<\/span><span style=\"font-weight: 400\"><br \/>\n<\/span><span style=\"font-weight: 400\">Sea buckthorn juice (<\/span><i><span style=\"font-weight: 400\">Hippophae rhamnoides<\/span><\/i><span style=\"font-weight: 400\">) 10%<\/span><\/p>","protected":false},"featured_media":16296,"template":"","meta":{"_acf_changed":false},"product_brand":[],"product_cat":[69],"product_tag":[66],"class_list":{"0":"post-14331","1":"product","2":"type-product","3":"status-publish","4":"has-post-thumbnail","6":"product_cat-suc","7":"product_tag-tip-1","9":"first","10":"instock","11":"taxable","12":"shipping-taxable","13":"purchasable","14":"product-type-simple"},"acf":[],"yoast_head":"<!-- This site is optimized with the Yoast SEO plugin v27.3 - https:\/\/yoast.com\/product\/yoast-seo-wordpress\/ -->\n<title>Suc de Mandarin\u0103 cu Catin\u0103 Melissimo - Melissimo<\/title>\n<meta name=\"robots\" content=\"index, follow, max-snippet:-1, max-image-preview:large, max-video-preview:-1\" \/>\n<link rel=\"canonical\" href=\"https:\/\/melissimo.ro\/en\/product\/suc-de-mandarine-si-catina\/\" \/>\n<meta property=\"og:locale\" content=\"en_US\" \/>\n<meta property=\"og:type\" content=\"article\" \/>\n<meta property=\"og:title\" content=\"Suc de Mandarin\u0103 cu Catin\u0103 Melissimo - Melissimo\" \/>\n<meta property=\"og:description\" content=\"Combina\u021bia de mandarine \u0219i c\u0103tin\u0103 este un boost imunitar natural \u0219i delicios. Mandarina contribuie cu gustul s\u0103u dulce \u0219i con\u021binutul de vitamina C \u0219i fibre, \u00een timp ce c\u0103tina adaug\u0103 antioxidan\u021bi puternici, betacaroten \u0219i acizi gra\u0219i omega. B\u0103utura rezultat\u0103 ajut\u0103 la combaterea oboselii, sus\u021bine s\u0103n\u0103tatea pielii \u0219i ajut\u0103 la regenerarea celular\u0103. Este indicat\u0103 mai ales \u00een sezonul rece, pentru prevenirea infec\u021biilor \u0219i sus\u021binerea unei st\u0103ri generale de bine. Ideal\u0103 pentru toate v\u00e2rstele, f\u0103r\u0103 conservan\u021bi sau zah\u0103r ad\u0103ugat.   INGREDIENTE Suc de mandarin\u0103 (Citrus reticulata) 90% Suc de c\u0103tin\u0103 (Hippophae rhamnoides) 10%\" \/>\n<meta property=\"og:url\" content=\"https:\/\/melissimo.ro\/en\/product\/suc-de-mandarine-si-catina\/\" \/>\n<meta property=\"og:site_name\" content=\"Melissimo\" \/>\n<meta property=\"article:publisher\" content=\"https:\/\/www.facebook.com\/melissimo.ro\" \/>\n<meta property=\"article:modified_time\" content=\"2026-04-27T06:03:32+00:00\" \/>\n<meta property=\"og:image\" content=\"https:\/\/melissimo.ro\/wp-content\/uploads\/2024\/10\/featured-Suc-de-Mandarina-cu-Catina-social-melissimo.jpg\" \/>\n\t<meta property=\"og:image:width\" content=\"1200\" \/>\n\t<meta property=\"og:image:height\" content=\"630\" \/>\n\t<meta property=\"og:image:type\" content=\"image\/jpeg\" \/>\n<meta name=\"twitter:card\" content=\"summary_large_image\" \/>\n<meta name=\"twitter:label1\" content=\"Est. reading time\" \/>\n\t<meta name=\"twitter:data1\" content=\"1 minute\" \/>\n<script type=\"application\/ld+json\" class=\"yoast-schema-graph\">{\"@context\":\"https:\\\/\\\/schema.org\",\"@graph\":[{\"@type\":\"WebPage\",\"@id\":\"https:\\\/\\\/melissimo.ro\\\/product\\\/suc-de-mandarine-si-catina\\\/\",\"url\":\"https:\\\/\\\/melissimo.ro\\\/product\\\/suc-de-mandarine-si-catina\\\/\",\"name\":\"Suc de Mandarin\u0103 cu Catin\u0103 Melissimo - Melissimo\",\"isPartOf\":{\"@id\":\"https:\\\/\\\/melissimo.ro\\\/#website\"},\"primaryImageOfPage\":{\"@id\":\"https:\\\/\\\/melissimo.ro\\\/product\\\/suc-de-mandarine-si-catina\\\/#primaryimage\"},\"image\":{\"@id\":\"https:\\\/\\\/melissimo.ro\\\/product\\\/suc-de-mandarine-si-catina\\\/#primaryimage\"},\"thumbnailUrl\":\"https:\\\/\\\/melissimo.ro\\\/wp-content\\\/uploads\\\/2024\\\/10\\\/suc-de-mandarine-si-catina-melissimo-01.jpg\",\"datePublished\":\"2024-10-07T13:51:10+00:00\",\"dateModified\":\"2026-04-27T06:03:32+00:00\",\"breadcrumb\":{\"@id\":\"https:\\\/\\\/melissimo.ro\\\/product\\\/suc-de-mandarine-si-catina\\\/#breadcrumb\"},\"inLanguage\":\"en-US\",\"potentialAction\":[{\"@type\":\"ReadAction\",\"target\":[\"https:\\\/\\\/melissimo.ro\\\/product\\\/suc-de-mandarine-si-catina\\\/\"]}]},{\"@type\":\"ImageObject\",\"inLanguage\":\"en-US\",\"@id\":\"https:\\\/\\\/melissimo.ro\\\/product\\\/suc-de-mandarine-si-catina\\\/#primaryimage\",\"url\":\"https:\\\/\\\/melissimo.ro\\\/wp-content\\\/uploads\\\/2024\\\/10\\\/suc-de-mandarine-si-catina-melissimo-01.jpg\",\"contentUrl\":\"https:\\\/\\\/melissimo.ro\\\/wp-content\\\/uploads\\\/2024\\\/10\\\/suc-de-mandarine-si-catina-melissimo-01.jpg\",\"width\":1080,\"height\":1080,\"caption\":\"suc de mandarine si catina melissimo\"},{\"@type\":\"BreadcrumbList\",\"@id\":\"https:\\\/\\\/melissimo.ro\\\/product\\\/suc-de-mandarine-si-catina\\\/#breadcrumb\",\"itemListElement\":[{\"@type\":\"ListItem\",\"position\":1,\"name\":\"Prima pagin\u0103\",\"item\":\"https:\\\/\\\/melissimo.ro\\\/\"},{\"@type\":\"ListItem\",\"position\":2,\"name\":\"Shop\",\"item\":\"https:\\\/\\\/melissimo.ro\\\/shop\\\/\"},{\"@type\":\"ListItem\",\"position\":3,\"name\":\"Suc de Mandarin\u0103 cu Catin\u0103 Melissimo\"}]},{\"@type\":\"WebSite\",\"@id\":\"https:\\\/\\\/melissimo.ro\\\/#website\",\"url\":\"https:\\\/\\\/melissimo.ro\\\/\",\"name\":\"Melissimo\",\"description\":\"Delicios de Sanatos\",\"publisher\":{\"@id\":\"https:\\\/\\\/melissimo.ro\\\/#organization\"},\"potentialAction\":[{\"@type\":\"SearchAction\",\"target\":{\"@type\":\"EntryPoint\",\"urlTemplate\":\"https:\\\/\\\/melissimo.ro\\\/?s={search_term_string}\"},\"query-input\":{\"@type\":\"PropertyValueSpecification\",\"valueRequired\":true,\"valueName\":\"search_term_string\"}}],\"inLanguage\":\"en-US\"},{\"@type\":\"Organization\",\"@id\":\"https:\\\/\\\/melissimo.ro\\\/#organization\",\"name\":\"Melissimo\",\"url\":\"https:\\\/\\\/melissimo.ro\\\/\",\"logo\":{\"@type\":\"ImageObject\",\"inLanguage\":\"en-US\",\"@id\":\"https:\\\/\\\/melissimo.ro\\\/#\\\/schema\\\/logo\\\/image\\\/\",\"url\":\"https:\\\/\\\/melissimo.ro\\\/wp-content\\\/uploads\\\/2020\\\/10\\\/logo_dark.png\",\"contentUrl\":\"https:\\\/\\\/melissimo.ro\\\/wp-content\\\/uploads\\\/2020\\\/10\\\/logo_dark.png\",\"width\":326,\"height\":70,\"caption\":\"Melissimo\"},\"image\":{\"@id\":\"https:\\\/\\\/melissimo.ro\\\/#\\\/schema\\\/logo\\\/image\\\/\"},\"sameAs\":[\"https:\\\/\\\/www.facebook.com\\\/melissimo.ro\",\"https:\\\/\\\/www.instagram.com\\\/melissimo.ro\\\/\"]}]}<\/script>\n<!-- \/ Yoast SEO plugin. -->","yoast_head_json":{"title":"Melissimo Tangerine Juice with Quinine - Melissimo","robots":{"index":"index","follow":"follow","max-snippet":"max-snippet:-1","max-image-preview":"max-image-preview:large","max-video-preview":"max-video-preview:-1"},"canonical":"https:\/\/melissimo.ro\/en\/product\/suc-de-mandarine-si-catina\/","og_locale":"en_US","og_type":"article","og_title":"Suc de Mandarin\u0103 cu Catin\u0103 Melissimo - Melissimo","og_description":"Combina\u021bia de mandarine \u0219i c\u0103tin\u0103 este un boost imunitar natural \u0219i delicios. Mandarina contribuie cu gustul s\u0103u dulce \u0219i con\u021binutul de vitamina C \u0219i fibre, \u00een timp ce c\u0103tina adaug\u0103 antioxidan\u021bi puternici, betacaroten \u0219i acizi gra\u0219i omega. B\u0103utura rezultat\u0103 ajut\u0103 la combaterea oboselii, sus\u021bine s\u0103n\u0103tatea pielii \u0219i ajut\u0103 la regenerarea celular\u0103. Este indicat\u0103 mai ales \u00een sezonul rece, pentru prevenirea infec\u021biilor \u0219i sus\u021binerea unei st\u0103ri generale de bine. Ideal\u0103 pentru toate v\u00e2rstele, f\u0103r\u0103 conservan\u021bi sau zah\u0103r ad\u0103ugat.   INGREDIENTE Suc de mandarin\u0103 (Citrus reticulata) 90% Suc de c\u0103tin\u0103 (Hippophae rhamnoides) 10%","og_url":"https:\/\/melissimo.ro\/en\/product\/suc-de-mandarine-si-catina\/","og_site_name":"Melissimo","article_publisher":"https:\/\/www.facebook.com\/melissimo.ro","article_modified_time":"2026-04-27T06:03:32+00:00","og_image":[{"width":1200,"height":630,"url":"https:\/\/melissimo.ro\/wp-content\/uploads\/2024\/10\/featured-Suc-de-Mandarina-cu-Catina-social-melissimo.jpg","type":"image\/jpeg"}],"twitter_card":"summary_large_image","twitter_misc":{"Est. reading time":"1 minute"},"schema":{"@context":"https:\/\/schema.org","@graph":[{"@type":"WebPage","@id":"https:\/\/melissimo.ro\/product\/suc-de-mandarine-si-catina\/","url":"https:\/\/melissimo.ro\/product\/suc-de-mandarine-si-catina\/","name":"Melissimo Tangerine Juice with Quinine - Melissimo","isPartOf":{"@id":"https:\/\/melissimo.ro\/#website"},"primaryImageOfPage":{"@id":"https:\/\/melissimo.ro\/product\/suc-de-mandarine-si-catina\/#primaryimage"},"image":{"@id":"https:\/\/melissimo.ro\/product\/suc-de-mandarine-si-catina\/#primaryimage"},"thumbnailUrl":"https:\/\/melissimo.ro\/wp-content\/uploads\/2024\/10\/suc-de-mandarine-si-catina-melissimo-01.jpg","datePublished":"2024-10-07T13:51:10+00:00","dateModified":"2026-04-27T06:03:32+00:00","breadcrumb":{"@id":"https:\/\/melissimo.ro\/product\/suc-de-mandarine-si-catina\/#breadcrumb"},"inLanguage":"en-US","potentialAction":[{"@type":"ReadAction","target":["https:\/\/melissimo.ro\/product\/suc-de-mandarine-si-catina\/"]}]},{"@type":"ImageObject","inLanguage":"en-US","@id":"https:\/\/melissimo.ro\/product\/suc-de-mandarine-si-catina\/#primaryimage","url":"https:\/\/melissimo.ro\/wp-content\/uploads\/2024\/10\/suc-de-mandarine-si-catina-melissimo-01.jpg","contentUrl":"https:\/\/melissimo.ro\/wp-content\/uploads\/2024\/10\/suc-de-mandarine-si-catina-melissimo-01.jpg","width":1080,"height":1080,"caption":"suc de mandarine si catina melissimo"},{"@type":"BreadcrumbList","@id":"https:\/\/melissimo.ro\/product\/suc-de-mandarine-si-catina\/#breadcrumb","itemListElement":[{"@type":"ListItem","position":1,"name":"Prima pagin\u0103","item":"https:\/\/melissimo.ro\/"},{"@type":"ListItem","position":2,"name":"Shop","item":"https:\/\/melissimo.ro\/shop\/"},{"@type":"ListItem","position":3,"name":"Suc de Mandarin\u0103 cu Catin\u0103 Melissimo"}]},{"@type":"WebSite","@id":"https:\/\/melissimo.ro\/#website","url":"https:\/\/melissimo.ro\/","name":"Melissimo","description":"Sanatos delights","publisher":{"@id":"https:\/\/melissimo.ro\/#organization"},"potentialAction":[{"@type":"SearchAction","target":{"@type":"EntryPoint","urlTemplate":"https:\/\/melissimo.ro\/?s={search_term_string}"},"query-input":{"@type":"PropertyValueSpecification","valueRequired":true,"valueName":"search_term_string"}}],"inLanguage":"en-US"},{"@type":"Organization","@id":"https:\/\/melissimo.ro\/#organization","name":"Melissimo","url":"https:\/\/melissimo.ro\/","logo":{"@type":"ImageObject","inLanguage":"en-US","@id":"https:\/\/melissimo.ro\/#\/schema\/logo\/image\/","url":"https:\/\/melissimo.ro\/wp-content\/uploads\/2020\/10\/logo_dark.png","contentUrl":"https:\/\/melissimo.ro\/wp-content\/uploads\/2020\/10\/logo_dark.png","width":326,"height":70,"caption":"Melissimo"},"image":{"@id":"https:\/\/melissimo.ro\/#\/schema\/logo\/image\/"},"sameAs":["https:\/\/www.facebook.com\/melissimo.ro","https:\/\/www.instagram.com\/melissimo.ro\/"]}]}},"_links":{"self":[{"href":"https:\/\/melissimo.ro\/en\/wp-json\/wp\/v2\/product\/14331","targetHints":{"allow":["GET"]}}],"collection":[{"href":"https:\/\/melissimo.ro\/en\/wp-json\/wp\/v2\/product"}],"about":[{"href":"https:\/\/melissimo.ro\/en\/wp-json\/wp\/v2\/types\/product"}],"wp:featuredmedia":[{"embeddable":true,"href":"https:\/\/melissimo.ro\/en\/wp-json\/wp\/v2\/media\/16296"}],"wp:attachment":[{"href":"https:\/\/melissimo.ro\/en\/wp-json\/wp\/v2\/media?parent=14331"}],"wp:term":[{"taxonomy":"product_brand","embeddable":true,"href":"https:\/\/melissimo.ro\/en\/wp-json\/wp\/v2\/product_brand?post=14331"},{"taxonomy":"product_cat","embeddable":true,"href":"https:\/\/melissimo.ro\/en\/wp-json\/wp\/v2\/product_cat?post=14331"},{"taxonomy":"product_tag","embeddable":true,"href":"https:\/\/melissimo.ro\/en\/wp-json\/wp\/v2\/product_tag?post=14331"}],"curies":[{"name":"wp","href":"https:\/\/api.w.org\/{rel}","templated":true}]}}