{"id":14329,"date":"2024-10-07T16:23:08","date_gmt":"2024-10-07T13:23:08","guid":{"rendered":"https:\/\/melissimo.ro\/?post_type=product&#038;p=14329"},"modified":"2026-01-15T13:13:09","modified_gmt":"2026-01-15T11:13:09","slug":"suc-de-mandarine-si-grapefruit","status":"publish","type":"product","link":"https:\/\/melissimo.ro\/en\/product\/suc-de-mandarine-si-grapefruit\/","title":{"rendered":"Melissimo Tangerine and Grapefruit Juice"},"content":{"rendered":"","protected":false},"excerpt":{"rendered":"<p style=\"text-align: center;\"><span style=\"font-weight: 400;\">A balanced blend of the sweetness of mandarin and the subtle bitterness of grapefruit, this drink is a valuable source of vitamin C, flavonoids and potassium. It is ideal for supporting the immune system, improving digestion and regulating blood pressure. It has antioxidant, detoxifying and energizing effects and is perfect for daily consumption. Its refreshing taste makes it suitable for both adults and children. Great with breakfast or as a refreshing drink after exercise.<\/span><\/p>\n<h4 style=\"text-align: center;\"><span style=\"color: #ff7536;\">INGREDIENT<\/span><\/h4>\n<p style=\"text-align: center;\"><span style=\"font-weight: 400;\">Tangerine juice (<i>Citrus reticulata<\/i>)<br \/>\nGrapefruit juice 100% (<i>Citrus paradisi<\/i>)<br \/>\n<\/span><\/p>\n<h4 style=\"text-align: center;\"><span style=\"color: #ff7536;\">ATTENTION<\/span><\/h4>\n<p style=\"text-align: center;\"><span style=\"font-weight: 400;\">Enzyme inhibitor - increases plasma concentration and effect of certain drugs!<\/span><\/p>","protected":false},"featured_media":16317,"template":"","meta":{"_acf_changed":false},"product_brand":[],"product_cat":[69],"product_tag":[66],"class_list":{"0":"post-14329","1":"product","2":"type-product","3":"status-publish","4":"has-post-thumbnail","6":"product_cat-suc","7":"product_tag-tip-1","9":"first","10":"outofstock","11":"taxable","12":"shipping-taxable","13":"purchasable","14":"product-type-simple"},"acf":[],"yoast_head":"<!-- This site is optimized with the Yoast SEO plugin v27.3 - https:\/\/yoast.com\/product\/yoast-seo-wordpress\/ -->\n<title>Suc de Mandarine \u015fi Grapefruit Melissimo - Melissimo<\/title>\n<meta name=\"robots\" content=\"index, follow, max-snippet:-1, max-image-preview:large, max-video-preview:-1\" \/>\n<link rel=\"canonical\" href=\"https:\/\/melissimo.ro\/en\/product\/suc-de-mandarine-si-grapefruit\/\" \/>\n<meta property=\"og:locale\" content=\"en_US\" \/>\n<meta property=\"og:type\" content=\"article\" \/>\n<meta property=\"og:title\" content=\"Suc de Mandarine \u015fi Grapefruit Melissimo - Melissimo\" \/>\n<meta property=\"og:description\" content=\"Un amestec echilibrat \u00eentre dulcea\u021ba mandarinelor \u0219i am\u0103reala subtil\u0103 a grapefruitului, aceast\u0103 b\u0103utur\u0103 este o surs\u0103 valoroas\u0103 de vitamina C, flavonoide \u0219i potasiu. Este ideal\u0103 pentru sus\u021binerea sistemului imunitar, \u00eembun\u0103t\u0103\u021birea digestiei \u0219i reglarea tensiunii arteriale. Are efecte antioxidante, detoxifiante \u0219i energizante, fiind perfect\u0103 pentru consumul zilnic. Gustul s\u0103u r\u0103coritor \u00eel face potrivit at\u00e2t pentru adul\u021bi, c\u00e2t \u0219i pentru copii. Se potrive\u0219te excelent la micul dejun sau ca b\u0103utur\u0103 de revigorare dup\u0103 efort.  INGREDIENTE Suc de mandarin\u0103 (Citrus reticulata) Suc de grapefruit 100% (Citrus paradisi)   ATEN\u021aIE Inhibitor enzimatic - cre\u0219te concentra\u021bia plasmatic\u0103 \u0219i efectul anumitor medicamente!\" \/>\n<meta property=\"og:url\" content=\"https:\/\/melissimo.ro\/en\/product\/suc-de-mandarine-si-grapefruit\/\" \/>\n<meta property=\"og:site_name\" content=\"Melissimo\" \/>\n<meta property=\"article:publisher\" content=\"https:\/\/www.facebook.com\/melissimo.ro\" \/>\n<meta property=\"article:modified_time\" content=\"2026-01-15T11:13:09+00:00\" \/>\n<meta property=\"og:image\" content=\"https:\/\/melissimo.ro\/wp-content\/uploads\/2024\/10\/featured-Suc-de-Mandarine-si-Grapefruit-social-melissimo.jpg\" \/>\n\t<meta property=\"og:image:width\" content=\"1200\" \/>\n\t<meta property=\"og:image:height\" content=\"630\" \/>\n\t<meta property=\"og:image:type\" content=\"image\/jpeg\" \/>\n<meta name=\"twitter:card\" content=\"summary_large_image\" \/>\n<meta name=\"twitter:label1\" content=\"Est. reading time\" \/>\n\t<meta name=\"twitter:data1\" content=\"1 minute\" \/>\n<script type=\"application\/ld+json\" class=\"yoast-schema-graph\">{\"@context\":\"https:\\\/\\\/schema.org\",\"@graph\":[{\"@type\":\"WebPage\",\"@id\":\"https:\\\/\\\/melissimo.ro\\\/product\\\/suc-de-mandarine-si-grapefruit\\\/\",\"url\":\"https:\\\/\\\/melissimo.ro\\\/product\\\/suc-de-mandarine-si-grapefruit\\\/\",\"name\":\"Suc de Mandarine \u015fi Grapefruit Melissimo - Melissimo\",\"isPartOf\":{\"@id\":\"https:\\\/\\\/melissimo.ro\\\/#website\"},\"primaryImageOfPage\":{\"@id\":\"https:\\\/\\\/melissimo.ro\\\/product\\\/suc-de-mandarine-si-grapefruit\\\/#primaryimage\"},\"image\":{\"@id\":\"https:\\\/\\\/melissimo.ro\\\/product\\\/suc-de-mandarine-si-grapefruit\\\/#primaryimage\"},\"thumbnailUrl\":\"https:\\\/\\\/melissimo.ro\\\/wp-content\\\/uploads\\\/2024\\\/10\\\/suc-de-mandarine-si-grapefruit-provizoriu.jpg\",\"datePublished\":\"2024-10-07T13:23:08+00:00\",\"dateModified\":\"2026-01-15T11:13:09+00:00\",\"breadcrumb\":{\"@id\":\"https:\\\/\\\/melissimo.ro\\\/product\\\/suc-de-mandarine-si-grapefruit\\\/#breadcrumb\"},\"inLanguage\":\"en-US\",\"potentialAction\":[{\"@type\":\"ReadAction\",\"target\":[\"https:\\\/\\\/melissimo.ro\\\/product\\\/suc-de-mandarine-si-grapefruit\\\/\"]}]},{\"@type\":\"ImageObject\",\"inLanguage\":\"en-US\",\"@id\":\"https:\\\/\\\/melissimo.ro\\\/product\\\/suc-de-mandarine-si-grapefruit\\\/#primaryimage\",\"url\":\"https:\\\/\\\/melissimo.ro\\\/wp-content\\\/uploads\\\/2024\\\/10\\\/suc-de-mandarine-si-grapefruit-provizoriu.jpg\",\"contentUrl\":\"https:\\\/\\\/melissimo.ro\\\/wp-content\\\/uploads\\\/2024\\\/10\\\/suc-de-mandarine-si-grapefruit-provizoriu.jpg\",\"width\":1080,\"height\":1080,\"caption\":\"suc de mandarine si grapefruit melissimo\"},{\"@type\":\"BreadcrumbList\",\"@id\":\"https:\\\/\\\/melissimo.ro\\\/product\\\/suc-de-mandarine-si-grapefruit\\\/#breadcrumb\",\"itemListElement\":[{\"@type\":\"ListItem\",\"position\":1,\"name\":\"Prima pagin\u0103\",\"item\":\"https:\\\/\\\/melissimo.ro\\\/\"},{\"@type\":\"ListItem\",\"position\":2,\"name\":\"Shop\",\"item\":\"https:\\\/\\\/melissimo.ro\\\/shop\\\/\"},{\"@type\":\"ListItem\",\"position\":3,\"name\":\"Suc de Mandarine \u015fi Grapefruit Melissimo\"}]},{\"@type\":\"WebSite\",\"@id\":\"https:\\\/\\\/melissimo.ro\\\/#website\",\"url\":\"https:\\\/\\\/melissimo.ro\\\/\",\"name\":\"Melissimo\",\"description\":\"Delicios de Sanatos\",\"publisher\":{\"@id\":\"https:\\\/\\\/melissimo.ro\\\/#organization\"},\"potentialAction\":[{\"@type\":\"SearchAction\",\"target\":{\"@type\":\"EntryPoint\",\"urlTemplate\":\"https:\\\/\\\/melissimo.ro\\\/?s={search_term_string}\"},\"query-input\":{\"@type\":\"PropertyValueSpecification\",\"valueRequired\":true,\"valueName\":\"search_term_string\"}}],\"inLanguage\":\"en-US\"},{\"@type\":\"Organization\",\"@id\":\"https:\\\/\\\/melissimo.ro\\\/#organization\",\"name\":\"Melissimo\",\"url\":\"https:\\\/\\\/melissimo.ro\\\/\",\"logo\":{\"@type\":\"ImageObject\",\"inLanguage\":\"en-US\",\"@id\":\"https:\\\/\\\/melissimo.ro\\\/#\\\/schema\\\/logo\\\/image\\\/\",\"url\":\"https:\\\/\\\/melissimo.ro\\\/wp-content\\\/uploads\\\/2020\\\/10\\\/logo_dark.png\",\"contentUrl\":\"https:\\\/\\\/melissimo.ro\\\/wp-content\\\/uploads\\\/2020\\\/10\\\/logo_dark.png\",\"width\":326,\"height\":70,\"caption\":\"Melissimo\"},\"image\":{\"@id\":\"https:\\\/\\\/melissimo.ro\\\/#\\\/schema\\\/logo\\\/image\\\/\"},\"sameAs\":[\"https:\\\/\\\/www.facebook.com\\\/melissimo.ro\",\"https:\\\/\\\/www.instagram.com\\\/melissimo.ro\\\/\"]}]}<\/script>\n<!-- \/ Yoast SEO plugin. -->","yoast_head_json":{"title":"Suc de Mandarine \u015fi Grapefruit Melissimo - Melissimo","robots":{"index":"index","follow":"follow","max-snippet":"max-snippet:-1","max-image-preview":"max-image-preview:large","max-video-preview":"max-video-preview:-1"},"canonical":"https:\/\/melissimo.ro\/en\/product\/suc-de-mandarine-si-grapefruit\/","og_locale":"en_US","og_type":"article","og_title":"Suc de Mandarine \u015fi Grapefruit Melissimo - Melissimo","og_description":"Un amestec echilibrat \u00eentre dulcea\u021ba mandarinelor \u0219i am\u0103reala subtil\u0103 a grapefruitului, aceast\u0103 b\u0103utur\u0103 este o surs\u0103 valoroas\u0103 de vitamina C, flavonoide \u0219i potasiu. Este ideal\u0103 pentru sus\u021binerea sistemului imunitar, \u00eembun\u0103t\u0103\u021birea digestiei \u0219i reglarea tensiunii arteriale. Are efecte antioxidante, detoxifiante \u0219i energizante, fiind perfect\u0103 pentru consumul zilnic. Gustul s\u0103u r\u0103coritor \u00eel face potrivit at\u00e2t pentru adul\u021bi, c\u00e2t \u0219i pentru copii. Se potrive\u0219te excelent la micul dejun sau ca b\u0103utur\u0103 de revigorare dup\u0103 efort.  INGREDIENTE Suc de mandarin\u0103 (Citrus reticulata) Suc de grapefruit 100% (Citrus paradisi)   ATEN\u021aIE Inhibitor enzimatic - cre\u0219te concentra\u021bia plasmatic\u0103 \u0219i efectul anumitor medicamente!","og_url":"https:\/\/melissimo.ro\/en\/product\/suc-de-mandarine-si-grapefruit\/","og_site_name":"Melissimo","article_publisher":"https:\/\/www.facebook.com\/melissimo.ro","article_modified_time":"2026-01-15T11:13:09+00:00","og_image":[{"width":1200,"height":630,"url":"https:\/\/melissimo.ro\/wp-content\/uploads\/2024\/10\/featured-Suc-de-Mandarine-si-Grapefruit-social-melissimo.jpg","type":"image\/jpeg"}],"twitter_card":"summary_large_image","twitter_misc":{"Est. reading time":"1 minute"},"schema":{"@context":"https:\/\/schema.org","@graph":[{"@type":"WebPage","@id":"https:\/\/melissimo.ro\/product\/suc-de-mandarine-si-grapefruit\/","url":"https:\/\/melissimo.ro\/product\/suc-de-mandarine-si-grapefruit\/","name":"Suc de Mandarine \u015fi Grapefruit Melissimo - Melissimo","isPartOf":{"@id":"https:\/\/melissimo.ro\/#website"},"primaryImageOfPage":{"@id":"https:\/\/melissimo.ro\/product\/suc-de-mandarine-si-grapefruit\/#primaryimage"},"image":{"@id":"https:\/\/melissimo.ro\/product\/suc-de-mandarine-si-grapefruit\/#primaryimage"},"thumbnailUrl":"https:\/\/melissimo.ro\/wp-content\/uploads\/2024\/10\/suc-de-mandarine-si-grapefruit-provizoriu.jpg","datePublished":"2024-10-07T13:23:08+00:00","dateModified":"2026-01-15T11:13:09+00:00","breadcrumb":{"@id":"https:\/\/melissimo.ro\/product\/suc-de-mandarine-si-grapefruit\/#breadcrumb"},"inLanguage":"en-US","potentialAction":[{"@type":"ReadAction","target":["https:\/\/melissimo.ro\/product\/suc-de-mandarine-si-grapefruit\/"]}]},{"@type":"ImageObject","inLanguage":"en-US","@id":"https:\/\/melissimo.ro\/product\/suc-de-mandarine-si-grapefruit\/#primaryimage","url":"https:\/\/melissimo.ro\/wp-content\/uploads\/2024\/10\/suc-de-mandarine-si-grapefruit-provizoriu.jpg","contentUrl":"https:\/\/melissimo.ro\/wp-content\/uploads\/2024\/10\/suc-de-mandarine-si-grapefruit-provizoriu.jpg","width":1080,"height":1080,"caption":"suc de mandarine si grapefruit melissimo"},{"@type":"BreadcrumbList","@id":"https:\/\/melissimo.ro\/product\/suc-de-mandarine-si-grapefruit\/#breadcrumb","itemListElement":[{"@type":"ListItem","position":1,"name":"Prima pagin\u0103","item":"https:\/\/melissimo.ro\/"},{"@type":"ListItem","position":2,"name":"Shop","item":"https:\/\/melissimo.ro\/shop\/"},{"@type":"ListItem","position":3,"name":"Suc de Mandarine \u015fi Grapefruit Melissimo"}]},{"@type":"WebSite","@id":"https:\/\/melissimo.ro\/#website","url":"https:\/\/melissimo.ro\/","name":"Melissimo","description":"Sanatos delights","publisher":{"@id":"https:\/\/melissimo.ro\/#organization"},"potentialAction":[{"@type":"SearchAction","target":{"@type":"EntryPoint","urlTemplate":"https:\/\/melissimo.ro\/?s={search_term_string}"},"query-input":{"@type":"PropertyValueSpecification","valueRequired":true,"valueName":"search_term_string"}}],"inLanguage":"en-US"},{"@type":"Organization","@id":"https:\/\/melissimo.ro\/#organization","name":"Melissimo","url":"https:\/\/melissimo.ro\/","logo":{"@type":"ImageObject","inLanguage":"en-US","@id":"https:\/\/melissimo.ro\/#\/schema\/logo\/image\/","url":"https:\/\/melissimo.ro\/wp-content\/uploads\/2020\/10\/logo_dark.png","contentUrl":"https:\/\/melissimo.ro\/wp-content\/uploads\/2020\/10\/logo_dark.png","width":326,"height":70,"caption":"Melissimo"},"image":{"@id":"https:\/\/melissimo.ro\/#\/schema\/logo\/image\/"},"sameAs":["https:\/\/www.facebook.com\/melissimo.ro","https:\/\/www.instagram.com\/melissimo.ro\/"]}]}},"_links":{"self":[{"href":"https:\/\/melissimo.ro\/en\/wp-json\/wp\/v2\/product\/14329","targetHints":{"allow":["GET"]}}],"collection":[{"href":"https:\/\/melissimo.ro\/en\/wp-json\/wp\/v2\/product"}],"about":[{"href":"https:\/\/melissimo.ro\/en\/wp-json\/wp\/v2\/types\/product"}],"wp:featuredmedia":[{"embeddable":true,"href":"https:\/\/melissimo.ro\/en\/wp-json\/wp\/v2\/media\/16317"}],"wp:attachment":[{"href":"https:\/\/melissimo.ro\/en\/wp-json\/wp\/v2\/media?parent=14329"}],"wp:term":[{"taxonomy":"product_brand","embeddable":true,"href":"https:\/\/melissimo.ro\/en\/wp-json\/wp\/v2\/product_brand?post=14329"},{"taxonomy":"product_cat","embeddable":true,"href":"https:\/\/melissimo.ro\/en\/wp-json\/wp\/v2\/product_cat?post=14329"},{"taxonomy":"product_tag","embeddable":true,"href":"https:\/\/melissimo.ro\/en\/wp-json\/wp\/v2\/product_tag?post=14329"}],"curies":[{"name":"wp","href":"https:\/\/api.w.org\/{rel}","templated":true}]}}