{"id":13996,"date":"2024-08-05T13:49:14","date_gmt":"2024-08-05T10:49:14","guid":{"rendered":"https:\/\/melissimo.ro\/?post_type=product&#038;p=13996"},"modified":"2026-03-09T16:10:19","modified_gmt":"2026-03-09T14:10:19","slug":"melissimo-pulpa-catina-bio","status":"publish","type":"product","link":"https:\/\/melissimo.ro\/en\/product\/melissimo-pulpa-catina-bio\/","title":{"rendered":"Organic Sea Buckthorn Pulp - 5DC - Melissimo"},"content":{"rendered":"<p><strong>Quantity: 250ml<\/strong><\/p>\n<p><img loading=\"lazy\" decoding=\"async\" class=\"wd-lazy-fade alignnone size-full wp-image-593\" src=\"https:\/\/melissimo.ro\/wp-content\/themes\/woodmart\/images\/lazy.svg\" data-src=\"https:\/\/new.melissimo.ro\/wp-content\/uploads\/2024\/10\/produs-in-romania.jpg\" alt=\"\" width=\"25\" height=\"15\" \/>\u00a0 <strong>PRODUCED IN ROMANIA<\/strong><\/p>","protected":false},"excerpt":{"rendered":"<p style=\"text-align: center;\"><span style=\"font-weight: 400;\">Melissimo - Organic Organic Sea Buckthorn Pulp is a real health concentrate, made from certified organic sea buckthorn fruits, without additives or preservatives. Bilberry, also known as Romanian ginseng, is one of the richest natural sources of vitamin C, often surpassing citrus fruits. Its high content of antioxidants - such as flavonoids, polyphenols and vitamin E - helps neutralize free radicals, slowing cell ageing and strengthening the immune system. It also has anti-inflammatory effects, helping the body cope with oxidative stress, chronic fatigue and inflammation of various kinds. Pure sea buckthorn pulp is also indicated for supporting liver health, regulating bowel movements and improving eyesight, thanks to its beta-carotene content. It is an ideal product for those who want a natural boost of energy, iron immunity and long-term general well-being.<\/span><\/p>\n<p>&nbsp;<\/p>\n<h4 style=\"text-align: center;\"><span style=\"color: #ff7536;\"><strong>INGREDIENT<br \/>\n<\/strong><\/span><\/h4>\n<p style=\"text-align: center;\"><b>100%<\/b> <b>organic sea buckthorn pulp juice<\/b><span style=\"font-weight: 400;\"> (<\/span><i><span style=\"font-weight: 400;\">Hippophae rhamnoides<\/span><\/i><span style=\"font-weight: 400;\">).<\/span><\/p>\n<h4 style=\"text-align: center;\"><span style=\"color: #ff7536;\"><strong>How to use<\/strong><\/span><\/h4>\n<p>A daily maximum of 150 ml of organic sea buckthorn pulp for adults and 50 ml of organic sea buckthorn pulp for children over 3 years of age is recommended. Do not exceed the recommended daily intake! The product is a food supplement and should not replace a varied and balanced diet and a healthy lifestyle! Keep out of the reach and sight of small children!<\/p>\n<p>&nbsp;<\/p>","protected":false},"featured_media":16117,"template":"","meta":{"_acf_changed":false},"product_brand":[],"product_cat":[72,58],"product_tag":[66],"class_list":{"0":"post-13996","1":"product","2":"type-product","3":"status-publish","4":"has-post-thumbnail","6":"product_cat-sucuri-nectaruri-bauturi-bio","7":"product_cat-suplimente-alimentare-5dc","8":"product_tag-tip-1","10":"first","11":"instock","12":"taxable","13":"shipping-taxable","14":"purchasable","15":"product-type-simple"},"acf":[],"yoast_head":"<!-- This site is optimized with the Yoast SEO plugin v27.3 - https:\/\/yoast.com\/product\/yoast-seo-wordpress\/ -->\n<title>Pulp\u0103 de C\u0103tin\u0103 BIO \u2013 5DC \u2013 Melissimo - Melissimo<\/title>\n<meta name=\"description\" content=\"Pulp\u0103 BIO din fructe de c\u0103tin\u0103 ecologice.\" \/>\n<meta name=\"robots\" content=\"index, follow, max-snippet:-1, max-image-preview:large, max-video-preview:-1\" \/>\n<link rel=\"canonical\" href=\"https:\/\/melissimo.ro\/en\/product\/melissimo-pulpa-catina-bio\/\" \/>\n<meta property=\"og:locale\" content=\"en_US\" \/>\n<meta property=\"og:type\" content=\"article\" \/>\n<meta property=\"og:title\" content=\"Pulp\u0103 de C\u0103tin\u0103 BIO \u2013 5DC \u2013 Melissimo - Melissimo\" \/>\n<meta property=\"og:description\" content=\"Pulp\u0103 BIO din fructe de c\u0103tin\u0103 ecologice.\" \/>\n<meta property=\"og:url\" content=\"https:\/\/melissimo.ro\/en\/product\/melissimo-pulpa-catina-bio\/\" \/>\n<meta property=\"og:site_name\" content=\"Melissimo\" \/>\n<meta property=\"article:publisher\" content=\"https:\/\/www.facebook.com\/melissimo.ro\" \/>\n<meta property=\"article:modified_time\" content=\"2026-03-09T14:10:19+00:00\" \/>\n<meta property=\"og:image\" content=\"https:\/\/melissimo.ro\/wp-content\/uploads\/2024\/08\/featured-Pulpa-de-Catina-BIO-social-melissimo.jpg\" \/>\n\t<meta property=\"og:image:width\" content=\"1200\" \/>\n\t<meta property=\"og:image:height\" content=\"630\" \/>\n\t<meta property=\"og:image:type\" content=\"image\/jpeg\" \/>\n<meta name=\"twitter:card\" content=\"summary_large_image\" \/>\n<meta name=\"twitter:label1\" content=\"Est. reading time\" \/>\n\t<meta name=\"twitter:data1\" content=\"1 minute\" \/>\n<script type=\"application\/ld+json\" class=\"yoast-schema-graph\">{\"@context\":\"https:\\\/\\\/schema.org\",\"@graph\":[{\"@type\":\"WebPage\",\"@id\":\"https:\\\/\\\/melissimo.ro\\\/product\\\/melissimo-pulpa-catina-bio\\\/\",\"url\":\"https:\\\/\\\/melissimo.ro\\\/product\\\/melissimo-pulpa-catina-bio\\\/\",\"name\":\"Pulp\u0103 de C\u0103tin\u0103 BIO \u2013 5DC \u2013 Melissimo - Melissimo\",\"isPartOf\":{\"@id\":\"https:\\\/\\\/melissimo.ro\\\/#website\"},\"primaryImageOfPage\":{\"@id\":\"https:\\\/\\\/melissimo.ro\\\/product\\\/melissimo-pulpa-catina-bio\\\/#primaryimage\"},\"image\":{\"@id\":\"https:\\\/\\\/melissimo.ro\\\/product\\\/melissimo-pulpa-catina-bio\\\/#primaryimage\"},\"thumbnailUrl\":\"https:\\\/\\\/melissimo.ro\\\/wp-content\\\/uploads\\\/2024\\\/08\\\/suc-pulpa-de-catina-bio-5dc-melissimo-01.jpg\",\"datePublished\":\"2024-08-05T10:49:14+00:00\",\"dateModified\":\"2026-03-09T14:10:19+00:00\",\"description\":\"Pulp\u0103 BIO din fructe de c\u0103tin\u0103 ecologice.\",\"breadcrumb\":{\"@id\":\"https:\\\/\\\/melissimo.ro\\\/product\\\/melissimo-pulpa-catina-bio\\\/#breadcrumb\"},\"inLanguage\":\"en-US\",\"potentialAction\":[{\"@type\":\"ReadAction\",\"target\":[\"https:\\\/\\\/melissimo.ro\\\/product\\\/melissimo-pulpa-catina-bio\\\/\"]}]},{\"@type\":\"ImageObject\",\"inLanguage\":\"en-US\",\"@id\":\"https:\\\/\\\/melissimo.ro\\\/product\\\/melissimo-pulpa-catina-bio\\\/#primaryimage\",\"url\":\"https:\\\/\\\/melissimo.ro\\\/wp-content\\\/uploads\\\/2024\\\/08\\\/suc-pulpa-de-catina-bio-5dc-melissimo-01.jpg\",\"contentUrl\":\"https:\\\/\\\/melissimo.ro\\\/wp-content\\\/uploads\\\/2024\\\/08\\\/suc-pulpa-de-catina-bio-5dc-melissimo-01.jpg\",\"width\":1080,\"height\":1080,\"caption\":\"suc pulpa de catina bio 5dc melissimo\"},{\"@type\":\"BreadcrumbList\",\"@id\":\"https:\\\/\\\/melissimo.ro\\\/product\\\/melissimo-pulpa-catina-bio\\\/#breadcrumb\",\"itemListElement\":[{\"@type\":\"ListItem\",\"position\":1,\"name\":\"Prima pagin\u0103\",\"item\":\"https:\\\/\\\/melissimo.ro\\\/\"},{\"@type\":\"ListItem\",\"position\":2,\"name\":\"Shop\",\"item\":\"https:\\\/\\\/melissimo.ro\\\/shop\\\/\"},{\"@type\":\"ListItem\",\"position\":3,\"name\":\"Pulp\u0103 de C\u0103tin\u0103 BIO \u2013 5DC \u2013 Melissimo\"}]},{\"@type\":\"WebSite\",\"@id\":\"https:\\\/\\\/melissimo.ro\\\/#website\",\"url\":\"https:\\\/\\\/melissimo.ro\\\/\",\"name\":\"Melissimo\",\"description\":\"Delicios de Sanatos\",\"publisher\":{\"@id\":\"https:\\\/\\\/melissimo.ro\\\/#organization\"},\"potentialAction\":[{\"@type\":\"SearchAction\",\"target\":{\"@type\":\"EntryPoint\",\"urlTemplate\":\"https:\\\/\\\/melissimo.ro\\\/?s={search_term_string}\"},\"query-input\":{\"@type\":\"PropertyValueSpecification\",\"valueRequired\":true,\"valueName\":\"search_term_string\"}}],\"inLanguage\":\"en-US\"},{\"@type\":\"Organization\",\"@id\":\"https:\\\/\\\/melissimo.ro\\\/#organization\",\"name\":\"Melissimo\",\"url\":\"https:\\\/\\\/melissimo.ro\\\/\",\"logo\":{\"@type\":\"ImageObject\",\"inLanguage\":\"en-US\",\"@id\":\"https:\\\/\\\/melissimo.ro\\\/#\\\/schema\\\/logo\\\/image\\\/\",\"url\":\"https:\\\/\\\/melissimo.ro\\\/wp-content\\\/uploads\\\/2020\\\/10\\\/logo_dark.png\",\"contentUrl\":\"https:\\\/\\\/melissimo.ro\\\/wp-content\\\/uploads\\\/2020\\\/10\\\/logo_dark.png\",\"width\":326,\"height\":70,\"caption\":\"Melissimo\"},\"image\":{\"@id\":\"https:\\\/\\\/melissimo.ro\\\/#\\\/schema\\\/logo\\\/image\\\/\"},\"sameAs\":[\"https:\\\/\\\/www.facebook.com\\\/melissimo.ro\",\"https:\\\/\\\/www.instagram.com\\\/melissimo.ro\\\/\"]}]}<\/script>\n<!-- \/ Yoast SEO plugin. -->","yoast_head_json":{"title":"Pulp\u0103 de C\u0103tin\u0103 BIO \u2013 5DC \u2013 Melissimo - Melissimo","description":"Pulp\u0103 BIO din fructe de c\u0103tin\u0103 ecologice.","robots":{"index":"index","follow":"follow","max-snippet":"max-snippet:-1","max-image-preview":"max-image-preview:large","max-video-preview":"max-video-preview:-1"},"canonical":"https:\/\/melissimo.ro\/en\/product\/melissimo-pulpa-catina-bio\/","og_locale":"en_US","og_type":"article","og_title":"Pulp\u0103 de C\u0103tin\u0103 BIO \u2013 5DC \u2013 Melissimo - Melissimo","og_description":"Pulp\u0103 BIO din fructe de c\u0103tin\u0103 ecologice.","og_url":"https:\/\/melissimo.ro\/en\/product\/melissimo-pulpa-catina-bio\/","og_site_name":"Melissimo","article_publisher":"https:\/\/www.facebook.com\/melissimo.ro","article_modified_time":"2026-03-09T14:10:19+00:00","og_image":[{"width":1200,"height":630,"url":"https:\/\/melissimo.ro\/wp-content\/uploads\/2024\/08\/featured-Pulpa-de-Catina-BIO-social-melissimo.jpg","type":"image\/jpeg"}],"twitter_card":"summary_large_image","twitter_misc":{"Est. reading time":"1 minute"},"schema":{"@context":"https:\/\/schema.org","@graph":[{"@type":"WebPage","@id":"https:\/\/melissimo.ro\/product\/melissimo-pulpa-catina-bio\/","url":"https:\/\/melissimo.ro\/product\/melissimo-pulpa-catina-bio\/","name":"Pulp\u0103 de C\u0103tin\u0103 BIO \u2013 5DC \u2013 Melissimo - Melissimo","isPartOf":{"@id":"https:\/\/melissimo.ro\/#website"},"primaryImageOfPage":{"@id":"https:\/\/melissimo.ro\/product\/melissimo-pulpa-catina-bio\/#primaryimage"},"image":{"@id":"https:\/\/melissimo.ro\/product\/melissimo-pulpa-catina-bio\/#primaryimage"},"thumbnailUrl":"https:\/\/melissimo.ro\/wp-content\/uploads\/2024\/08\/suc-pulpa-de-catina-bio-5dc-melissimo-01.jpg","datePublished":"2024-08-05T10:49:14+00:00","dateModified":"2026-03-09T14:10:19+00:00","description":"Pulp\u0103 BIO din fructe de c\u0103tin\u0103 ecologice.","breadcrumb":{"@id":"https:\/\/melissimo.ro\/product\/melissimo-pulpa-catina-bio\/#breadcrumb"},"inLanguage":"en-US","potentialAction":[{"@type":"ReadAction","target":["https:\/\/melissimo.ro\/product\/melissimo-pulpa-catina-bio\/"]}]},{"@type":"ImageObject","inLanguage":"en-US","@id":"https:\/\/melissimo.ro\/product\/melissimo-pulpa-catina-bio\/#primaryimage","url":"https:\/\/melissimo.ro\/wp-content\/uploads\/2024\/08\/suc-pulpa-de-catina-bio-5dc-melissimo-01.jpg","contentUrl":"https:\/\/melissimo.ro\/wp-content\/uploads\/2024\/08\/suc-pulpa-de-catina-bio-5dc-melissimo-01.jpg","width":1080,"height":1080,"caption":"suc pulpa de catina bio 5dc melissimo"},{"@type":"BreadcrumbList","@id":"https:\/\/melissimo.ro\/product\/melissimo-pulpa-catina-bio\/#breadcrumb","itemListElement":[{"@type":"ListItem","position":1,"name":"Prima pagin\u0103","item":"https:\/\/melissimo.ro\/"},{"@type":"ListItem","position":2,"name":"Shop","item":"https:\/\/melissimo.ro\/shop\/"},{"@type":"ListItem","position":3,"name":"Pulp\u0103 de C\u0103tin\u0103 BIO \u2013 5DC \u2013 Melissimo"}]},{"@type":"WebSite","@id":"https:\/\/melissimo.ro\/#website","url":"https:\/\/melissimo.ro\/","name":"Melissimo","description":"Sanatos delights","publisher":{"@id":"https:\/\/melissimo.ro\/#organization"},"potentialAction":[{"@type":"SearchAction","target":{"@type":"EntryPoint","urlTemplate":"https:\/\/melissimo.ro\/?s={search_term_string}"},"query-input":{"@type":"PropertyValueSpecification","valueRequired":true,"valueName":"search_term_string"}}],"inLanguage":"en-US"},{"@type":"Organization","@id":"https:\/\/melissimo.ro\/#organization","name":"Melissimo","url":"https:\/\/melissimo.ro\/","logo":{"@type":"ImageObject","inLanguage":"en-US","@id":"https:\/\/melissimo.ro\/#\/schema\/logo\/image\/","url":"https:\/\/melissimo.ro\/wp-content\/uploads\/2020\/10\/logo_dark.png","contentUrl":"https:\/\/melissimo.ro\/wp-content\/uploads\/2020\/10\/logo_dark.png","width":326,"height":70,"caption":"Melissimo"},"image":{"@id":"https:\/\/melissimo.ro\/#\/schema\/logo\/image\/"},"sameAs":["https:\/\/www.facebook.com\/melissimo.ro","https:\/\/www.instagram.com\/melissimo.ro\/"]}]}},"_links":{"self":[{"href":"https:\/\/melissimo.ro\/en\/wp-json\/wp\/v2\/product\/13996","targetHints":{"allow":["GET"]}}],"collection":[{"href":"https:\/\/melissimo.ro\/en\/wp-json\/wp\/v2\/product"}],"about":[{"href":"https:\/\/melissimo.ro\/en\/wp-json\/wp\/v2\/types\/product"}],"wp:featuredmedia":[{"embeddable":true,"href":"https:\/\/melissimo.ro\/en\/wp-json\/wp\/v2\/media\/16117"}],"wp:attachment":[{"href":"https:\/\/melissimo.ro\/en\/wp-json\/wp\/v2\/media?parent=13996"}],"wp:term":[{"taxonomy":"product_brand","embeddable":true,"href":"https:\/\/melissimo.ro\/en\/wp-json\/wp\/v2\/product_brand?post=13996"},{"taxonomy":"product_cat","embeddable":true,"href":"https:\/\/melissimo.ro\/en\/wp-json\/wp\/v2\/product_cat?post=13996"},{"taxonomy":"product_tag","embeddable":true,"href":"https:\/\/melissimo.ro\/en\/wp-json\/wp\/v2\/product_tag?post=13996"}],"curies":[{"name":"wp","href":"https:\/\/api.w.org\/{rel}","templated":true}]}}