{"id":13992,"date":"2024-08-05T11:16:17","date_gmt":"2024-08-05T08:16:17","guid":{"rendered":"https:\/\/melissimo.ro\/?post_type=product&#038;p=13992"},"modified":"2026-04-17T12:33:53","modified_gmt":"2026-04-17T09:33:53","slug":"melissimo-nectar-bio-din-fructe-de-catina-si-miere-de-salcam-bio","status":"publish","type":"product","link":"https:\/\/melissimo.ro\/en\/product\/melissimo-nectar-bio-din-fructe-de-catina-si-miere-de-salcam-bio\/","title":{"rendered":"Organic Organic Sea Buckthorn Nectar and Organic Acacia Honey - 5DC - Melissimo"},"content":{"rendered":"<p><strong>Quantity: 250ml<\/strong><\/p>\n<p><img loading=\"lazy\" decoding=\"async\" class=\"wd-lazy-fade alignnone size-full wp-image-593\" src=\"https:\/\/melissimo.ro\/wp-content\/themes\/woodmart\/images\/lazy.svg\" data-src=\"https:\/\/new.melissimo.ro\/wp-content\/uploads\/2024\/10\/produs-in-romania.jpg\" alt=\"\" width=\"25\" height=\"15\" \/>\u00a0 <strong>PRODUCED IN ROMANIA<\/strong><\/p>","protected":false},"excerpt":{"rendered":"<p style=\"text-align: center;\">This ORGANIC nectar is an excellent source of vitality, bringing together the extraordinary properties of sea buckthorn with the benefits of pure honey, both from organic sources. <strong>C\u0103tina<\/strong> is recognized for its impressive concentration of <strong>vitamin C, beta-carotene<\/strong> and <strong>natural antioxidants<\/strong> which strengthen the immune system, improve liver function and contribute to healthy skin. Honey adds not only natural sweetness but also a complex of <strong>enzymes, minerals<\/strong> and <strong>antibacterial compounds<\/strong> which support the digestive system and have a general tonic effect. This combination is ideal during periods of physical and mental fatigue, for children and adults alike, providing natural support for <strong>maintaining the body's energy and balance<\/strong> in any season.<\/p>\n<p>&nbsp;<\/p>\n<h4 style=\"text-align: center;\"><span style=\"color: #ff7536;\"><strong>INGREDIENT<br \/>\n<\/strong><\/span><\/h4>\n<p style=\"text-align: center;\">60% juice with <strong>organic sea buckthorn pulp<\/strong> <em>(Hippophae rhamnoides)<\/em>, 40% <strong>organic acacia honey.<\/strong><\/p>\n<h4 style=\"text-align: center;\"><span style=\"color: #ff7536;\"><strong>How to use<\/strong><\/span><\/h4>\n<p>It is recommended daily 150 ml of organic nectar for adults and 50 ml of organic nectar for children over 3 years. Do not exceed the recommended amount for daily consumption! People allergic to beekeeping products and diabetics require a doctor's consent for consumption of this product! The product is not recommended for children under 3 years of age and pregnant women require medical advice before consumption. The product is a food supplement and should not replace a varied and balanced diet and a healthy lifestyle! Keep out of the reach and sight of small children!<\/p>","protected":false},"featured_media":16358,"template":"","meta":{"_acf_changed":false},"product_brand":[],"product_cat":[72,58],"product_tag":[67],"class_list":{"0":"post-13992","1":"product","2":"type-product","3":"status-publish","4":"has-post-thumbnail","6":"product_cat-sucuri-nectaruri-bauturi-bio","7":"product_cat-suplimente-alimentare-5dc","8":"product_tag-tip-2","10":"first","11":"instock","12":"taxable","13":"shipping-taxable","14":"purchasable","15":"product-type-simple"},"acf":[],"yoast_head":"<!-- This site is optimized with the Yoast SEO plugin v27.3 - https:\/\/yoast.com\/product\/yoast-seo-wordpress\/ -->\n<title>Nectar BIO din Fructe de C\u0103tin\u0103 \u0219i Miere de Salc\u00e2m BIO \u2013 5DC \u2013 Melissimo - Melissimo<\/title>\n<meta name=\"description\" content=\"Nectar BIO din fructe de c\u0103tin\u0103 ecologice \u00eendulcit cu miere de albine ecologic\u0103.\" \/>\n<meta name=\"robots\" content=\"index, follow, max-snippet:-1, max-image-preview:large, max-video-preview:-1\" \/>\n<link rel=\"canonical\" href=\"https:\/\/melissimo.ro\/en\/product\/melissimo-nectar-bio-din-fructe-de-catina-si-miere-de-salcam-bio\/\" \/>\n<meta property=\"og:locale\" content=\"en_US\" \/>\n<meta property=\"og:type\" content=\"article\" \/>\n<meta property=\"og:title\" content=\"Nectar BIO din Fructe de C\u0103tin\u0103 \u0219i Miere de Salc\u00e2m BIO \u2013 5DC \u2013 Melissimo - Melissimo\" \/>\n<meta property=\"og:description\" content=\"Nectar BIO din fructe de c\u0103tin\u0103 ecologice \u00eendulcit cu miere de albine ecologic\u0103.\" \/>\n<meta property=\"og:url\" content=\"https:\/\/melissimo.ro\/en\/product\/melissimo-nectar-bio-din-fructe-de-catina-si-miere-de-salcam-bio\/\" \/>\n<meta property=\"og:site_name\" content=\"Melissimo\" \/>\n<meta property=\"article:publisher\" content=\"https:\/\/www.facebook.com\/melissimo.ro\" \/>\n<meta property=\"article:modified_time\" content=\"2026-04-17T09:33:53+00:00\" \/>\n<meta property=\"og:image\" content=\"https:\/\/melissimo.ro\/wp-content\/uploads\/2024\/08\/featured-Nectar-BIO-din-Fructe-de-Catina-si-Miere-de-Salcam-BIO-social-melissimo.jpg\" \/>\n\t<meta property=\"og:image:width\" content=\"1200\" \/>\n\t<meta property=\"og:image:height\" content=\"630\" \/>\n\t<meta property=\"og:image:type\" content=\"image\/jpeg\" \/>\n<meta name=\"twitter:card\" content=\"summary_large_image\" \/>\n<meta name=\"twitter:label1\" content=\"Est. reading time\" \/>\n\t<meta name=\"twitter:data1\" content=\"1 minute\" \/>\n<script type=\"application\/ld+json\" class=\"yoast-schema-graph\">{\"@context\":\"https:\\\/\\\/schema.org\",\"@graph\":[{\"@type\":\"WebPage\",\"@id\":\"https:\\\/\\\/melissimo.ro\\\/product\\\/melissimo-nectar-bio-din-fructe-de-catina-si-miere-de-salcam-bio\\\/\",\"url\":\"https:\\\/\\\/melissimo.ro\\\/product\\\/melissimo-nectar-bio-din-fructe-de-catina-si-miere-de-salcam-bio\\\/\",\"name\":\"Nectar BIO din Fructe de C\u0103tin\u0103 \u0219i Miere de Salc\u00e2m BIO \u2013 5DC \u2013 Melissimo - Melissimo\",\"isPartOf\":{\"@id\":\"https:\\\/\\\/melissimo.ro\\\/#website\"},\"primaryImageOfPage\":{\"@id\":\"https:\\\/\\\/melissimo.ro\\\/product\\\/melissimo-nectar-bio-din-fructe-de-catina-si-miere-de-salcam-bio\\\/#primaryimage\"},\"image\":{\"@id\":\"https:\\\/\\\/melissimo.ro\\\/product\\\/melissimo-nectar-bio-din-fructe-de-catina-si-miere-de-salcam-bio\\\/#primaryimage\"},\"thumbnailUrl\":\"https:\\\/\\\/melissimo.ro\\\/wp-content\\\/uploads\\\/2024\\\/08\\\/nectar-catina-bio-5dc-melissimo-bun-01.jpg\",\"datePublished\":\"2024-08-05T08:16:17+00:00\",\"dateModified\":\"2026-04-17T09:33:53+00:00\",\"description\":\"Nectar BIO din fructe de c\u0103tin\u0103 ecologice \u00eendulcit cu miere de albine ecologic\u0103.\",\"breadcrumb\":{\"@id\":\"https:\\\/\\\/melissimo.ro\\\/product\\\/melissimo-nectar-bio-din-fructe-de-catina-si-miere-de-salcam-bio\\\/#breadcrumb\"},\"inLanguage\":\"en-US\",\"potentialAction\":[{\"@type\":\"ReadAction\",\"target\":[\"https:\\\/\\\/melissimo.ro\\\/product\\\/melissimo-nectar-bio-din-fructe-de-catina-si-miere-de-salcam-bio\\\/\"]}]},{\"@type\":\"ImageObject\",\"inLanguage\":\"en-US\",\"@id\":\"https:\\\/\\\/melissimo.ro\\\/product\\\/melissimo-nectar-bio-din-fructe-de-catina-si-miere-de-salcam-bio\\\/#primaryimage\",\"url\":\"https:\\\/\\\/melissimo.ro\\\/wp-content\\\/uploads\\\/2024\\\/08\\\/nectar-catina-bio-5dc-melissimo-bun-01.jpg\",\"contentUrl\":\"https:\\\/\\\/melissimo.ro\\\/wp-content\\\/uploads\\\/2024\\\/08\\\/nectar-catina-bio-5dc-melissimo-bun-01.jpg\",\"width\":1080,\"height\":1080,\"caption\":\"nectar catina bio 5dc melissimo\"},{\"@type\":\"BreadcrumbList\",\"@id\":\"https:\\\/\\\/melissimo.ro\\\/product\\\/melissimo-nectar-bio-din-fructe-de-catina-si-miere-de-salcam-bio\\\/#breadcrumb\",\"itemListElement\":[{\"@type\":\"ListItem\",\"position\":1,\"name\":\"Prima pagin\u0103\",\"item\":\"https:\\\/\\\/melissimo.ro\\\/\"},{\"@type\":\"ListItem\",\"position\":2,\"name\":\"Shop\",\"item\":\"https:\\\/\\\/melissimo.ro\\\/shop\\\/\"},{\"@type\":\"ListItem\",\"position\":3,\"name\":\"Nectar BIO din Fructe de C\u0103tin\u0103 \u0219i Miere de Salc\u00e2m BIO \u2013 5DC \u2013 Melissimo\"}]},{\"@type\":\"WebSite\",\"@id\":\"https:\\\/\\\/melissimo.ro\\\/#website\",\"url\":\"https:\\\/\\\/melissimo.ro\\\/\",\"name\":\"Melissimo\",\"description\":\"Delicios de Sanatos\",\"publisher\":{\"@id\":\"https:\\\/\\\/melissimo.ro\\\/#organization\"},\"potentialAction\":[{\"@type\":\"SearchAction\",\"target\":{\"@type\":\"EntryPoint\",\"urlTemplate\":\"https:\\\/\\\/melissimo.ro\\\/?s={search_term_string}\"},\"query-input\":{\"@type\":\"PropertyValueSpecification\",\"valueRequired\":true,\"valueName\":\"search_term_string\"}}],\"inLanguage\":\"en-US\"},{\"@type\":\"Organization\",\"@id\":\"https:\\\/\\\/melissimo.ro\\\/#organization\",\"name\":\"Melissimo\",\"url\":\"https:\\\/\\\/melissimo.ro\\\/\",\"logo\":{\"@type\":\"ImageObject\",\"inLanguage\":\"en-US\",\"@id\":\"https:\\\/\\\/melissimo.ro\\\/#\\\/schema\\\/logo\\\/image\\\/\",\"url\":\"https:\\\/\\\/melissimo.ro\\\/wp-content\\\/uploads\\\/2020\\\/10\\\/logo_dark.png\",\"contentUrl\":\"https:\\\/\\\/melissimo.ro\\\/wp-content\\\/uploads\\\/2020\\\/10\\\/logo_dark.png\",\"width\":326,\"height\":70,\"caption\":\"Melissimo\"},\"image\":{\"@id\":\"https:\\\/\\\/melissimo.ro\\\/#\\\/schema\\\/logo\\\/image\\\/\"},\"sameAs\":[\"https:\\\/\\\/www.facebook.com\\\/melissimo.ro\",\"https:\\\/\\\/www.instagram.com\\\/melissimo.ro\\\/\"]}]}<\/script>\n<!-- \/ Yoast SEO plugin. -->","yoast_head_json":{"title":"Nectar BIO din Fructe de C\u0103tin\u0103 \u0219i Miere de Salc\u00e2m BIO \u2013 5DC \u2013 Melissimo - Melissimo","description":"Organic organic sea buckthorn fruit nectar sweetened with organic honey.","robots":{"index":"index","follow":"follow","max-snippet":"max-snippet:-1","max-image-preview":"max-image-preview:large","max-video-preview":"max-video-preview:-1"},"canonical":"https:\/\/melissimo.ro\/en\/product\/melissimo-nectar-bio-din-fructe-de-catina-si-miere-de-salcam-bio\/","og_locale":"en_US","og_type":"article","og_title":"Nectar BIO din Fructe de C\u0103tin\u0103 \u0219i Miere de Salc\u00e2m BIO \u2013 5DC \u2013 Melissimo - Melissimo","og_description":"Nectar BIO din fructe de c\u0103tin\u0103 ecologice \u00eendulcit cu miere de albine ecologic\u0103.","og_url":"https:\/\/melissimo.ro\/en\/product\/melissimo-nectar-bio-din-fructe-de-catina-si-miere-de-salcam-bio\/","og_site_name":"Melissimo","article_publisher":"https:\/\/www.facebook.com\/melissimo.ro","article_modified_time":"2026-04-17T09:33:53+00:00","og_image":[{"width":1200,"height":630,"url":"https:\/\/melissimo.ro\/wp-content\/uploads\/2024\/08\/featured-Nectar-BIO-din-Fructe-de-Catina-si-Miere-de-Salcam-BIO-social-melissimo.jpg","type":"image\/jpeg"}],"twitter_card":"summary_large_image","twitter_misc":{"Est. reading time":"1 minute"},"schema":{"@context":"https:\/\/schema.org","@graph":[{"@type":"WebPage","@id":"https:\/\/melissimo.ro\/product\/melissimo-nectar-bio-din-fructe-de-catina-si-miere-de-salcam-bio\/","url":"https:\/\/melissimo.ro\/product\/melissimo-nectar-bio-din-fructe-de-catina-si-miere-de-salcam-bio\/","name":"Nectar BIO din Fructe de C\u0103tin\u0103 \u0219i Miere de Salc\u00e2m BIO \u2013 5DC \u2013 Melissimo - Melissimo","isPartOf":{"@id":"https:\/\/melissimo.ro\/#website"},"primaryImageOfPage":{"@id":"https:\/\/melissimo.ro\/product\/melissimo-nectar-bio-din-fructe-de-catina-si-miere-de-salcam-bio\/#primaryimage"},"image":{"@id":"https:\/\/melissimo.ro\/product\/melissimo-nectar-bio-din-fructe-de-catina-si-miere-de-salcam-bio\/#primaryimage"},"thumbnailUrl":"https:\/\/melissimo.ro\/wp-content\/uploads\/2024\/08\/nectar-catina-bio-5dc-melissimo-bun-01.jpg","datePublished":"2024-08-05T08:16:17+00:00","dateModified":"2026-04-17T09:33:53+00:00","description":"Organic organic sea buckthorn fruit nectar sweetened with organic honey.","breadcrumb":{"@id":"https:\/\/melissimo.ro\/product\/melissimo-nectar-bio-din-fructe-de-catina-si-miere-de-salcam-bio\/#breadcrumb"},"inLanguage":"en-US","potentialAction":[{"@type":"ReadAction","target":["https:\/\/melissimo.ro\/product\/melissimo-nectar-bio-din-fructe-de-catina-si-miere-de-salcam-bio\/"]}]},{"@type":"ImageObject","inLanguage":"en-US","@id":"https:\/\/melissimo.ro\/product\/melissimo-nectar-bio-din-fructe-de-catina-si-miere-de-salcam-bio\/#primaryimage","url":"https:\/\/melissimo.ro\/wp-content\/uploads\/2024\/08\/nectar-catina-bio-5dc-melissimo-bun-01.jpg","contentUrl":"https:\/\/melissimo.ro\/wp-content\/uploads\/2024\/08\/nectar-catina-bio-5dc-melissimo-bun-01.jpg","width":1080,"height":1080,"caption":"nectar catina bio 5dc melissimo"},{"@type":"BreadcrumbList","@id":"https:\/\/melissimo.ro\/product\/melissimo-nectar-bio-din-fructe-de-catina-si-miere-de-salcam-bio\/#breadcrumb","itemListElement":[{"@type":"ListItem","position":1,"name":"Prima pagin\u0103","item":"https:\/\/melissimo.ro\/"},{"@type":"ListItem","position":2,"name":"Shop","item":"https:\/\/melissimo.ro\/shop\/"},{"@type":"ListItem","position":3,"name":"Nectar BIO din Fructe de C\u0103tin\u0103 \u0219i Miere de Salc\u00e2m BIO \u2013 5DC \u2013 Melissimo"}]},{"@type":"WebSite","@id":"https:\/\/melissimo.ro\/#website","url":"https:\/\/melissimo.ro\/","name":"Melissimo","description":"Sanatos delights","publisher":{"@id":"https:\/\/melissimo.ro\/#organization"},"potentialAction":[{"@type":"SearchAction","target":{"@type":"EntryPoint","urlTemplate":"https:\/\/melissimo.ro\/?s={search_term_string}"},"query-input":{"@type":"PropertyValueSpecification","valueRequired":true,"valueName":"search_term_string"}}],"inLanguage":"en-US"},{"@type":"Organization","@id":"https:\/\/melissimo.ro\/#organization","name":"Melissimo","url":"https:\/\/melissimo.ro\/","logo":{"@type":"ImageObject","inLanguage":"en-US","@id":"https:\/\/melissimo.ro\/#\/schema\/logo\/image\/","url":"https:\/\/melissimo.ro\/wp-content\/uploads\/2020\/10\/logo_dark.png","contentUrl":"https:\/\/melissimo.ro\/wp-content\/uploads\/2020\/10\/logo_dark.png","width":326,"height":70,"caption":"Melissimo"},"image":{"@id":"https:\/\/melissimo.ro\/#\/schema\/logo\/image\/"},"sameAs":["https:\/\/www.facebook.com\/melissimo.ro","https:\/\/www.instagram.com\/melissimo.ro\/"]}]}},"_links":{"self":[{"href":"https:\/\/melissimo.ro\/en\/wp-json\/wp\/v2\/product\/13992","targetHints":{"allow":["GET"]}}],"collection":[{"href":"https:\/\/melissimo.ro\/en\/wp-json\/wp\/v2\/product"}],"about":[{"href":"https:\/\/melissimo.ro\/en\/wp-json\/wp\/v2\/types\/product"}],"wp:featuredmedia":[{"embeddable":true,"href":"https:\/\/melissimo.ro\/en\/wp-json\/wp\/v2\/media\/16358"}],"wp:attachment":[{"href":"https:\/\/melissimo.ro\/en\/wp-json\/wp\/v2\/media?parent=13992"}],"wp:term":[{"taxonomy":"product_brand","embeddable":true,"href":"https:\/\/melissimo.ro\/en\/wp-json\/wp\/v2\/product_brand?post=13992"},{"taxonomy":"product_cat","embeddable":true,"href":"https:\/\/melissimo.ro\/en\/wp-json\/wp\/v2\/product_cat?post=13992"},{"taxonomy":"product_tag","embeddable":true,"href":"https:\/\/melissimo.ro\/en\/wp-json\/wp\/v2\/product_tag?post=13992"}],"curies":[{"name":"wp","href":"https:\/\/api.w.org\/{rel}","templated":true}]}}