{"id":13990,"date":"2024-08-05T11:14:31","date_gmt":"2024-08-05T08:14:31","guid":{"rendered":"https:\/\/melissimo.ro\/?post_type=product&#038;p=13990"},"modified":"2026-01-15T13:13:10","modified_gmt":"2026-01-15T11:13:10","slug":"suc-de-portocala-rosie-bio","status":"publish","type":"product","link":"https:\/\/melissimo.ro\/en\/product\/suc-de-portocala-rosie-bio\/","title":{"rendered":"Melissimo Organic Organic Red Orange Juice"},"content":{"rendered":"<p><strong>Quantity: 250ml<\/strong><\/p>\n<p><img loading=\"lazy\" decoding=\"async\" class=\"wd-lazy-fade alignnone size-full wp-image-593\" src=\"https:\/\/melissimo.ro\/wp-content\/themes\/woodmart\/images\/lazy.svg\" data-src=\"https:\/\/new.melissimo.ro\/wp-content\/uploads\/2024\/10\/produs-in-romania.jpg\" alt=\"\" width=\"25\" height=\"15\" \/>\u00a0 <strong>PRODUCED IN ROMANIA<\/strong><\/p>","protected":false},"excerpt":{"rendered":"<p style=\"text-align: center;\">Made from organically grown red oranges, this juice is an excellent source of antioxidants, especially anthocyanins - pigments that provide the specific color and have powerful anti-inflammatory and anti-aging effects. Vitamin C supports the immune system, while vitamin A and potassium contribute to skin health and blood pressure regulation. The sweet-sour taste makes it ideal for morning, breakfast or whenever you feel the need for a natural boost of freshness. It is a real tonic that supports overall vitality and good mood.<\/p>\n<h4 style=\"text-align: center;\"><span style=\"color: #ff7536;\">INGREDIENT<\/span><\/h4>\n<p style=\"text-align: center;\">Organic red orange juice (Citrus \u00d7 sinensis)<\/p>","protected":false},"featured_media":16323,"template":"","meta":{"_acf_changed":false},"product_brand":[],"product_cat":[72],"product_tag":[66],"class_list":{"0":"post-13990","1":"product","2":"type-product","3":"status-publish","4":"has-post-thumbnail","6":"product_cat-sucuri-nectaruri-bauturi-bio","7":"product_tag-tip-1","9":"first","10":"outofstock","11":"taxable","12":"shipping-taxable","13":"purchasable","14":"product-type-simple"},"acf":[],"yoast_head":"<!-- This site is optimized with the Yoast SEO plugin v27.3 - https:\/\/yoast.com\/product\/yoast-seo-wordpress\/ -->\n<title>Suc de Portocal\u0103 Ro\u0219ie BIO Melissimo - Melissimo<\/title>\n<meta name=\"robots\" content=\"index, follow, max-snippet:-1, max-image-preview:large, max-video-preview:-1\" \/>\n<link rel=\"canonical\" href=\"https:\/\/melissimo.ro\/en\/product\/suc-de-portocala-rosie-bio\/\" \/>\n<meta property=\"og:locale\" content=\"en_US\" \/>\n<meta property=\"og:type\" content=\"article\" \/>\n<meta property=\"og:title\" content=\"Suc de Portocal\u0103 Ro\u0219ie BIO Melissimo - Melissimo\" \/>\n<meta property=\"og:description\" content=\"Ob\u021binut din portocale ro\u0219ii crescute ecologic, acest suc este o surs\u0103 excelent\u0103 de antioxidan\u021bi, \u00een special antocianine \u2013 pigmen\u021bi care ofer\u0103 culoarea specific\u0103 \u0219i care au efecte puternic antiinflamatoare \u0219i anti\u00eemb\u0103tr\u00e2nire. Vitamina C sus\u021bine sistemul imunitar, \u00een timp ce vitamina A \u0219i potasiul contribuie la s\u0103n\u0103tatea pielii \u0219i reglarea presiunii arteriale. Gustul dulce-acri\u0219or \u00eel face ideal pentru a fi consumat diminea\u021ba, la micul dejun sau oric\u00e2nd sim\u021bi nevoia de un boost natural de prospe\u021bime. Este un adev\u0103rat tonic care sus\u021bine vitalitatea general\u0103 \u0219i buna dispozi\u021bie.  INGREDIENTE Suc de portocal\u0103 ro\u0219ie bio (Citrus \u00d7 sinensis)\" \/>\n<meta property=\"og:url\" content=\"https:\/\/melissimo.ro\/en\/product\/suc-de-portocala-rosie-bio\/\" \/>\n<meta property=\"og:site_name\" content=\"Melissimo\" \/>\n<meta property=\"article:publisher\" content=\"https:\/\/www.facebook.com\/melissimo.ro\" \/>\n<meta property=\"article:modified_time\" content=\"2026-01-15T11:13:10+00:00\" \/>\n<meta property=\"og:image\" content=\"https:\/\/melissimo.ro\/wp-content\/uploads\/2024\/08\/featured-social-Suc-de-Portocala-Rosie-BIO-Melissimo.jpg\" \/>\n\t<meta property=\"og:image:width\" content=\"1200\" \/>\n\t<meta property=\"og:image:height\" content=\"630\" \/>\n\t<meta property=\"og:image:type\" content=\"image\/jpeg\" \/>\n<meta name=\"twitter:card\" content=\"summary_large_image\" \/>\n<meta name=\"twitter:label1\" content=\"Est. reading time\" \/>\n\t<meta name=\"twitter:data1\" content=\"1 minute\" \/>\n<script type=\"application\/ld+json\" class=\"yoast-schema-graph\">{\"@context\":\"https:\\\/\\\/schema.org\",\"@graph\":[{\"@type\":\"WebPage\",\"@id\":\"https:\\\/\\\/melissimo.ro\\\/product\\\/suc-de-portocala-rosie-bio\\\/\",\"url\":\"https:\\\/\\\/melissimo.ro\\\/product\\\/suc-de-portocala-rosie-bio\\\/\",\"name\":\"Suc de Portocal\u0103 Ro\u0219ie BIO Melissimo - Melissimo\",\"isPartOf\":{\"@id\":\"https:\\\/\\\/melissimo.ro\\\/#website\"},\"primaryImageOfPage\":{\"@id\":\"https:\\\/\\\/melissimo.ro\\\/product\\\/suc-de-portocala-rosie-bio\\\/#primaryimage\"},\"image\":{\"@id\":\"https:\\\/\\\/melissimo.ro\\\/product\\\/suc-de-portocala-rosie-bio\\\/#primaryimage\"},\"thumbnailUrl\":\"https:\\\/\\\/melissimo.ro\\\/wp-content\\\/uploads\\\/2024\\\/08\\\/portocale-rosii-bio-melissimo-provizoriu.jpg\",\"datePublished\":\"2024-08-05T08:14:31+00:00\",\"dateModified\":\"2026-01-15T11:13:10+00:00\",\"breadcrumb\":{\"@id\":\"https:\\\/\\\/melissimo.ro\\\/product\\\/suc-de-portocala-rosie-bio\\\/#breadcrumb\"},\"inLanguage\":\"en-US\",\"potentialAction\":[{\"@type\":\"ReadAction\",\"target\":[\"https:\\\/\\\/melissimo.ro\\\/product\\\/suc-de-portocala-rosie-bio\\\/\"]}]},{\"@type\":\"ImageObject\",\"inLanguage\":\"en-US\",\"@id\":\"https:\\\/\\\/melissimo.ro\\\/product\\\/suc-de-portocala-rosie-bio\\\/#primaryimage\",\"url\":\"https:\\\/\\\/melissimo.ro\\\/wp-content\\\/uploads\\\/2024\\\/08\\\/portocale-rosii-bio-melissimo-provizoriu.jpg\",\"contentUrl\":\"https:\\\/\\\/melissimo.ro\\\/wp-content\\\/uploads\\\/2024\\\/08\\\/portocale-rosii-bio-melissimo-provizoriu.jpg\",\"width\":1080,\"height\":1080,\"caption\":\"portocale rosii bio melissimo\"},{\"@type\":\"BreadcrumbList\",\"@id\":\"https:\\\/\\\/melissimo.ro\\\/product\\\/suc-de-portocala-rosie-bio\\\/#breadcrumb\",\"itemListElement\":[{\"@type\":\"ListItem\",\"position\":1,\"name\":\"Prima pagin\u0103\",\"item\":\"https:\\\/\\\/melissimo.ro\\\/\"},{\"@type\":\"ListItem\",\"position\":2,\"name\":\"Shop\",\"item\":\"https:\\\/\\\/melissimo.ro\\\/shop\\\/\"},{\"@type\":\"ListItem\",\"position\":3,\"name\":\"Suc de Portocal\u0103 Ro\u0219ie BIO Melissimo\"}]},{\"@type\":\"WebSite\",\"@id\":\"https:\\\/\\\/melissimo.ro\\\/#website\",\"url\":\"https:\\\/\\\/melissimo.ro\\\/\",\"name\":\"Melissimo\",\"description\":\"Delicios de Sanatos\",\"publisher\":{\"@id\":\"https:\\\/\\\/melissimo.ro\\\/#organization\"},\"potentialAction\":[{\"@type\":\"SearchAction\",\"target\":{\"@type\":\"EntryPoint\",\"urlTemplate\":\"https:\\\/\\\/melissimo.ro\\\/?s={search_term_string}\"},\"query-input\":{\"@type\":\"PropertyValueSpecification\",\"valueRequired\":true,\"valueName\":\"search_term_string\"}}],\"inLanguage\":\"en-US\"},{\"@type\":\"Organization\",\"@id\":\"https:\\\/\\\/melissimo.ro\\\/#organization\",\"name\":\"Melissimo\",\"url\":\"https:\\\/\\\/melissimo.ro\\\/\",\"logo\":{\"@type\":\"ImageObject\",\"inLanguage\":\"en-US\",\"@id\":\"https:\\\/\\\/melissimo.ro\\\/#\\\/schema\\\/logo\\\/image\\\/\",\"url\":\"https:\\\/\\\/melissimo.ro\\\/wp-content\\\/uploads\\\/2020\\\/10\\\/logo_dark.png\",\"contentUrl\":\"https:\\\/\\\/melissimo.ro\\\/wp-content\\\/uploads\\\/2020\\\/10\\\/logo_dark.png\",\"width\":326,\"height\":70,\"caption\":\"Melissimo\"},\"image\":{\"@id\":\"https:\\\/\\\/melissimo.ro\\\/#\\\/schema\\\/logo\\\/image\\\/\"},\"sameAs\":[\"https:\\\/\\\/www.facebook.com\\\/melissimo.ro\",\"https:\\\/\\\/www.instagram.com\\\/melissimo.ro\\\/\"]}]}<\/script>\n<!-- \/ Yoast SEO plugin. -->","yoast_head_json":{"title":"Suc de Portocal\u0103 Ro\u0219ie BIO Melissimo - Melissimo","robots":{"index":"index","follow":"follow","max-snippet":"max-snippet:-1","max-image-preview":"max-image-preview:large","max-video-preview":"max-video-preview:-1"},"canonical":"https:\/\/melissimo.ro\/en\/product\/suc-de-portocala-rosie-bio\/","og_locale":"en_US","og_type":"article","og_title":"Suc de Portocal\u0103 Ro\u0219ie BIO Melissimo - Melissimo","og_description":"Ob\u021binut din portocale ro\u0219ii crescute ecologic, acest suc este o surs\u0103 excelent\u0103 de antioxidan\u021bi, \u00een special antocianine \u2013 pigmen\u021bi care ofer\u0103 culoarea specific\u0103 \u0219i care au efecte puternic antiinflamatoare \u0219i anti\u00eemb\u0103tr\u00e2nire. Vitamina C sus\u021bine sistemul imunitar, \u00een timp ce vitamina A \u0219i potasiul contribuie la s\u0103n\u0103tatea pielii \u0219i reglarea presiunii arteriale. Gustul dulce-acri\u0219or \u00eel face ideal pentru a fi consumat diminea\u021ba, la micul dejun sau oric\u00e2nd sim\u021bi nevoia de un boost natural de prospe\u021bime. Este un adev\u0103rat tonic care sus\u021bine vitalitatea general\u0103 \u0219i buna dispozi\u021bie.  INGREDIENTE Suc de portocal\u0103 ro\u0219ie bio (Citrus \u00d7 sinensis)","og_url":"https:\/\/melissimo.ro\/en\/product\/suc-de-portocala-rosie-bio\/","og_site_name":"Melissimo","article_publisher":"https:\/\/www.facebook.com\/melissimo.ro","article_modified_time":"2026-01-15T11:13:10+00:00","og_image":[{"width":1200,"height":630,"url":"https:\/\/melissimo.ro\/wp-content\/uploads\/2024\/08\/featured-social-Suc-de-Portocala-Rosie-BIO-Melissimo.jpg","type":"image\/jpeg"}],"twitter_card":"summary_large_image","twitter_misc":{"Est. reading time":"1 minute"},"schema":{"@context":"https:\/\/schema.org","@graph":[{"@type":"WebPage","@id":"https:\/\/melissimo.ro\/product\/suc-de-portocala-rosie-bio\/","url":"https:\/\/melissimo.ro\/product\/suc-de-portocala-rosie-bio\/","name":"Suc de Portocal\u0103 Ro\u0219ie BIO Melissimo - Melissimo","isPartOf":{"@id":"https:\/\/melissimo.ro\/#website"},"primaryImageOfPage":{"@id":"https:\/\/melissimo.ro\/product\/suc-de-portocala-rosie-bio\/#primaryimage"},"image":{"@id":"https:\/\/melissimo.ro\/product\/suc-de-portocala-rosie-bio\/#primaryimage"},"thumbnailUrl":"https:\/\/melissimo.ro\/wp-content\/uploads\/2024\/08\/portocale-rosii-bio-melissimo-provizoriu.jpg","datePublished":"2024-08-05T08:14:31+00:00","dateModified":"2026-01-15T11:13:10+00:00","breadcrumb":{"@id":"https:\/\/melissimo.ro\/product\/suc-de-portocala-rosie-bio\/#breadcrumb"},"inLanguage":"en-US","potentialAction":[{"@type":"ReadAction","target":["https:\/\/melissimo.ro\/product\/suc-de-portocala-rosie-bio\/"]}]},{"@type":"ImageObject","inLanguage":"en-US","@id":"https:\/\/melissimo.ro\/product\/suc-de-portocala-rosie-bio\/#primaryimage","url":"https:\/\/melissimo.ro\/wp-content\/uploads\/2024\/08\/portocale-rosii-bio-melissimo-provizoriu.jpg","contentUrl":"https:\/\/melissimo.ro\/wp-content\/uploads\/2024\/08\/portocale-rosii-bio-melissimo-provizoriu.jpg","width":1080,"height":1080,"caption":"portocale rosii bio melissimo"},{"@type":"BreadcrumbList","@id":"https:\/\/melissimo.ro\/product\/suc-de-portocala-rosie-bio\/#breadcrumb","itemListElement":[{"@type":"ListItem","position":1,"name":"Prima pagin\u0103","item":"https:\/\/melissimo.ro\/"},{"@type":"ListItem","position":2,"name":"Shop","item":"https:\/\/melissimo.ro\/shop\/"},{"@type":"ListItem","position":3,"name":"Suc de Portocal\u0103 Ro\u0219ie BIO Melissimo"}]},{"@type":"WebSite","@id":"https:\/\/melissimo.ro\/#website","url":"https:\/\/melissimo.ro\/","name":"Melissimo","description":"Sanatos delights","publisher":{"@id":"https:\/\/melissimo.ro\/#organization"},"potentialAction":[{"@type":"SearchAction","target":{"@type":"EntryPoint","urlTemplate":"https:\/\/melissimo.ro\/?s={search_term_string}"},"query-input":{"@type":"PropertyValueSpecification","valueRequired":true,"valueName":"search_term_string"}}],"inLanguage":"en-US"},{"@type":"Organization","@id":"https:\/\/melissimo.ro\/#organization","name":"Melissimo","url":"https:\/\/melissimo.ro\/","logo":{"@type":"ImageObject","inLanguage":"en-US","@id":"https:\/\/melissimo.ro\/#\/schema\/logo\/image\/","url":"https:\/\/melissimo.ro\/wp-content\/uploads\/2020\/10\/logo_dark.png","contentUrl":"https:\/\/melissimo.ro\/wp-content\/uploads\/2020\/10\/logo_dark.png","width":326,"height":70,"caption":"Melissimo"},"image":{"@id":"https:\/\/melissimo.ro\/#\/schema\/logo\/image\/"},"sameAs":["https:\/\/www.facebook.com\/melissimo.ro","https:\/\/www.instagram.com\/melissimo.ro\/"]}]}},"_links":{"self":[{"href":"https:\/\/melissimo.ro\/en\/wp-json\/wp\/v2\/product\/13990","targetHints":{"allow":["GET"]}}],"collection":[{"href":"https:\/\/melissimo.ro\/en\/wp-json\/wp\/v2\/product"}],"about":[{"href":"https:\/\/melissimo.ro\/en\/wp-json\/wp\/v2\/types\/product"}],"wp:featuredmedia":[{"embeddable":true,"href":"https:\/\/melissimo.ro\/en\/wp-json\/wp\/v2\/media\/16323"}],"wp:attachment":[{"href":"https:\/\/melissimo.ro\/en\/wp-json\/wp\/v2\/media?parent=13990"}],"wp:term":[{"taxonomy":"product_brand","embeddable":true,"href":"https:\/\/melissimo.ro\/en\/wp-json\/wp\/v2\/product_brand?post=13990"},{"taxonomy":"product_cat","embeddable":true,"href":"https:\/\/melissimo.ro\/en\/wp-json\/wp\/v2\/product_cat?post=13990"},{"taxonomy":"product_tag","embeddable":true,"href":"https:\/\/melissimo.ro\/en\/wp-json\/wp\/v2\/product_tag?post=13990"}],"curies":[{"name":"wp","href":"https:\/\/api.w.org\/{rel}","templated":true}]}}