{"id":13988,"date":"2024-08-05T10:48:38","date_gmt":"2024-08-05T07:48:38","guid":{"rendered":"https:\/\/melissimo.ro\/?post_type=product&#038;p=13988"},"modified":"2026-01-15T13:13:11","modified_gmt":"2026-01-15T11:13:11","slug":"suc-de-mandarina-bio","status":"publish","type":"product","link":"https:\/\/melissimo.ro\/en\/product\/suc-de-mandarina-bio\/","title":{"rendered":"Organic Mandarin Juice Melissimo"},"content":{"rendered":"<p><strong>Quantity: 250ml<\/strong><\/p>\n<p><img loading=\"lazy\" decoding=\"async\" class=\"wd-lazy-fade alignnone size-full wp-image-593\" src=\"https:\/\/melissimo.ro\/wp-content\/themes\/woodmart\/images\/lazy.svg\" data-src=\"https:\/\/new.melissimo.ro\/wp-content\/uploads\/2024\/10\/produs-in-romania.jpg\" alt=\"\" width=\"25\" height=\"15\" \/>\u00a0 \u00ce<strong>mbuteliat in EN<\/strong><\/p>","protected":false},"excerpt":{"rendered":"<p style=\"text-align: center;\"><span style=\"font-weight: 400;\">A sweet, fragrant and highly enjoyable juice ideal for the whole family - organic mandarin orange juice is a natural source of vitamin C, potassium and fiber. It helps to boost immunity, supports optimal heart function and supports digestion. Thanks to its flavonoid and carotenoid content, it has antioxidant and anti-inflammatory effects, helping to fight oxidative stress. It is an excellent ally during periods of growth, convalescence or fatigue and a delicious way to ensure a daily intake of essential nutrients.<\/span><\/p>\n<h4 style=\"text-align: center;\"><span style=\"color: #ff7536;\">INGREDIENT<\/span><\/h4>\n<p style=\"text-align: center;\"><span style=\"font-weight: 400;\">Tangerine juice (<\/span><i><span style=\"font-weight: 400;\">Citrus reticulata<\/span><\/i><span style=\"font-weight: 400;\">) 100% BIO<\/span><\/p>\n<p>&nbsp;<\/p>","protected":false},"featured_media":16321,"template":"","meta":{"_acf_changed":false},"product_brand":[],"product_cat":[72],"product_tag":[66],"class_list":{"0":"post-13988","1":"product","2":"type-product","3":"status-publish","4":"has-post-thumbnail","6":"product_cat-sucuri-nectaruri-bauturi-bio","7":"product_tag-tip-1","9":"first","10":"outofstock","11":"taxable","12":"shipping-taxable","13":"purchasable","14":"product-type-simple"},"acf":[],"yoast_head":"<!-- This site is optimized with the Yoast SEO plugin v27.3 - https:\/\/yoast.com\/product\/yoast-seo-wordpress\/ -->\n<title>Suc de Mandarin\u0103 BIO Melissimo - Melissimo<\/title>\n<meta name=\"robots\" content=\"index, follow, max-snippet:-1, max-image-preview:large, max-video-preview:-1\" \/>\n<link rel=\"canonical\" href=\"https:\/\/melissimo.ro\/en\/product\/suc-de-mandarina-bio\/\" \/>\n<meta property=\"og:locale\" content=\"en_US\" \/>\n<meta property=\"og:type\" content=\"article\" \/>\n<meta property=\"og:title\" content=\"Suc de Mandarin\u0103 BIO Melissimo - Melissimo\" \/>\n<meta property=\"og:description\" content=\"Un suc dulce, parfumat \u0219i extrem de pl\u0103cut, ideal pentru \u00eentreaga familie \u2013 sucul de mandarin\u0103 bio este o surs\u0103 natural\u0103 de vitamina C, potasiu \u0219i fibre. Contribuie la \u00eent\u0103rirea imunit\u0103\u021bii, la func\u021bionarea optim\u0103 a inimii \u0219i sus\u021bine digestia. Datorit\u0103 con\u021binutului s\u0103u de flavonoide \u0219i carotenoizi, are efect antioxidant \u0219i antiinflamator, ajut\u00e2nd la combaterea stresului oxidativ. Este un aliat excelent \u00een perioadele de cre\u0219tere, convalescen\u021b\u0103 sau oboseal\u0103 \u0219i un mod delicios de a asigura un aport zilnic de nutrien\u021bi esen\u021biali.  INGREDIENTE Suc de mandarin\u0103 (Citrus reticulata) 100% BIO &nbsp;\" \/>\n<meta property=\"og:url\" content=\"https:\/\/melissimo.ro\/en\/product\/suc-de-mandarina-bio\/\" \/>\n<meta property=\"og:site_name\" content=\"Melissimo\" \/>\n<meta property=\"article:publisher\" content=\"https:\/\/www.facebook.com\/melissimo.ro\" \/>\n<meta property=\"article:modified_time\" content=\"2026-01-15T11:13:11+00:00\" \/>\n<meta property=\"og:image\" content=\"https:\/\/melissimo.ro\/wp-content\/uploads\/2024\/08\/featured-social-Suc-de-Mandarina-BIO-Melissimo.jpg\" \/>\n\t<meta property=\"og:image:width\" content=\"1200\" \/>\n\t<meta property=\"og:image:height\" content=\"630\" \/>\n\t<meta property=\"og:image:type\" content=\"image\/jpeg\" \/>\n<meta name=\"twitter:card\" content=\"summary_large_image\" \/>\n<meta name=\"twitter:label1\" content=\"Est. reading time\" \/>\n\t<meta name=\"twitter:data1\" content=\"1 minute\" \/>\n<script type=\"application\/ld+json\" class=\"yoast-schema-graph\">{\"@context\":\"https:\\\/\\\/schema.org\",\"@graph\":[{\"@type\":\"WebPage\",\"@id\":\"https:\\\/\\\/melissimo.ro\\\/product\\\/suc-de-mandarina-bio\\\/\",\"url\":\"https:\\\/\\\/melissimo.ro\\\/product\\\/suc-de-mandarina-bio\\\/\",\"name\":\"Suc de Mandarin\u0103 BIO Melissimo - Melissimo\",\"isPartOf\":{\"@id\":\"https:\\\/\\\/melissimo.ro\\\/#website\"},\"primaryImageOfPage\":{\"@id\":\"https:\\\/\\\/melissimo.ro\\\/product\\\/suc-de-mandarina-bio\\\/#primaryimage\"},\"image\":{\"@id\":\"https:\\\/\\\/melissimo.ro\\\/product\\\/suc-de-mandarina-bio\\\/#primaryimage\"},\"thumbnailUrl\":\"https:\\\/\\\/melissimo.ro\\\/wp-content\\\/uploads\\\/2024\\\/08\\\/suc-de-mandarina-bio-provizoriu.jpg\",\"datePublished\":\"2024-08-05T07:48:38+00:00\",\"dateModified\":\"2026-01-15T11:13:11+00:00\",\"breadcrumb\":{\"@id\":\"https:\\\/\\\/melissimo.ro\\\/product\\\/suc-de-mandarina-bio\\\/#breadcrumb\"},\"inLanguage\":\"en-US\",\"potentialAction\":[{\"@type\":\"ReadAction\",\"target\":[\"https:\\\/\\\/melissimo.ro\\\/product\\\/suc-de-mandarina-bio\\\/\"]}]},{\"@type\":\"ImageObject\",\"inLanguage\":\"en-US\",\"@id\":\"https:\\\/\\\/melissimo.ro\\\/product\\\/suc-de-mandarina-bio\\\/#primaryimage\",\"url\":\"https:\\\/\\\/melissimo.ro\\\/wp-content\\\/uploads\\\/2024\\\/08\\\/suc-de-mandarina-bio-provizoriu.jpg\",\"contentUrl\":\"https:\\\/\\\/melissimo.ro\\\/wp-content\\\/uploads\\\/2024\\\/08\\\/suc-de-mandarina-bio-provizoriu.jpg\",\"width\":1080,\"height\":1080,\"caption\":\"suc de mandarina bio melissimo\"},{\"@type\":\"BreadcrumbList\",\"@id\":\"https:\\\/\\\/melissimo.ro\\\/product\\\/suc-de-mandarina-bio\\\/#breadcrumb\",\"itemListElement\":[{\"@type\":\"ListItem\",\"position\":1,\"name\":\"Prima pagin\u0103\",\"item\":\"https:\\\/\\\/melissimo.ro\\\/\"},{\"@type\":\"ListItem\",\"position\":2,\"name\":\"Shop\",\"item\":\"https:\\\/\\\/melissimo.ro\\\/shop\\\/\"},{\"@type\":\"ListItem\",\"position\":3,\"name\":\"Suc de Mandarin\u0103 BIO Melissimo\"}]},{\"@type\":\"WebSite\",\"@id\":\"https:\\\/\\\/melissimo.ro\\\/#website\",\"url\":\"https:\\\/\\\/melissimo.ro\\\/\",\"name\":\"Melissimo\",\"description\":\"Delicios de Sanatos\",\"publisher\":{\"@id\":\"https:\\\/\\\/melissimo.ro\\\/#organization\"},\"potentialAction\":[{\"@type\":\"SearchAction\",\"target\":{\"@type\":\"EntryPoint\",\"urlTemplate\":\"https:\\\/\\\/melissimo.ro\\\/?s={search_term_string}\"},\"query-input\":{\"@type\":\"PropertyValueSpecification\",\"valueRequired\":true,\"valueName\":\"search_term_string\"}}],\"inLanguage\":\"en-US\"},{\"@type\":\"Organization\",\"@id\":\"https:\\\/\\\/melissimo.ro\\\/#organization\",\"name\":\"Melissimo\",\"url\":\"https:\\\/\\\/melissimo.ro\\\/\",\"logo\":{\"@type\":\"ImageObject\",\"inLanguage\":\"en-US\",\"@id\":\"https:\\\/\\\/melissimo.ro\\\/#\\\/schema\\\/logo\\\/image\\\/\",\"url\":\"https:\\\/\\\/melissimo.ro\\\/wp-content\\\/uploads\\\/2020\\\/10\\\/logo_dark.png\",\"contentUrl\":\"https:\\\/\\\/melissimo.ro\\\/wp-content\\\/uploads\\\/2020\\\/10\\\/logo_dark.png\",\"width\":326,\"height\":70,\"caption\":\"Melissimo\"},\"image\":{\"@id\":\"https:\\\/\\\/melissimo.ro\\\/#\\\/schema\\\/logo\\\/image\\\/\"},\"sameAs\":[\"https:\\\/\\\/www.facebook.com\\\/melissimo.ro\",\"https:\\\/\\\/www.instagram.com\\\/melissimo.ro\\\/\"]}]}<\/script>\n<!-- \/ Yoast SEO plugin. -->","yoast_head_json":{"title":"Suc de Mandarin\u0103 BIO Melissimo - Melissimo","robots":{"index":"index","follow":"follow","max-snippet":"max-snippet:-1","max-image-preview":"max-image-preview:large","max-video-preview":"max-video-preview:-1"},"canonical":"https:\/\/melissimo.ro\/en\/product\/suc-de-mandarina-bio\/","og_locale":"en_US","og_type":"article","og_title":"Suc de Mandarin\u0103 BIO Melissimo - Melissimo","og_description":"Un suc dulce, parfumat \u0219i extrem de pl\u0103cut, ideal pentru \u00eentreaga familie \u2013 sucul de mandarin\u0103 bio este o surs\u0103 natural\u0103 de vitamina C, potasiu \u0219i fibre. Contribuie la \u00eent\u0103rirea imunit\u0103\u021bii, la func\u021bionarea optim\u0103 a inimii \u0219i sus\u021bine digestia. Datorit\u0103 con\u021binutului s\u0103u de flavonoide \u0219i carotenoizi, are efect antioxidant \u0219i antiinflamator, ajut\u00e2nd la combaterea stresului oxidativ. Este un aliat excelent \u00een perioadele de cre\u0219tere, convalescen\u021b\u0103 sau oboseal\u0103 \u0219i un mod delicios de a asigura un aport zilnic de nutrien\u021bi esen\u021biali.  INGREDIENTE Suc de mandarin\u0103 (Citrus reticulata) 100% BIO &nbsp;","og_url":"https:\/\/melissimo.ro\/en\/product\/suc-de-mandarina-bio\/","og_site_name":"Melissimo","article_publisher":"https:\/\/www.facebook.com\/melissimo.ro","article_modified_time":"2026-01-15T11:13:11+00:00","og_image":[{"width":1200,"height":630,"url":"https:\/\/melissimo.ro\/wp-content\/uploads\/2024\/08\/featured-social-Suc-de-Mandarina-BIO-Melissimo.jpg","type":"image\/jpeg"}],"twitter_card":"summary_large_image","twitter_misc":{"Est. reading time":"1 minute"},"schema":{"@context":"https:\/\/schema.org","@graph":[{"@type":"WebPage","@id":"https:\/\/melissimo.ro\/product\/suc-de-mandarina-bio\/","url":"https:\/\/melissimo.ro\/product\/suc-de-mandarina-bio\/","name":"Suc de Mandarin\u0103 BIO Melissimo - Melissimo","isPartOf":{"@id":"https:\/\/melissimo.ro\/#website"},"primaryImageOfPage":{"@id":"https:\/\/melissimo.ro\/product\/suc-de-mandarina-bio\/#primaryimage"},"image":{"@id":"https:\/\/melissimo.ro\/product\/suc-de-mandarina-bio\/#primaryimage"},"thumbnailUrl":"https:\/\/melissimo.ro\/wp-content\/uploads\/2024\/08\/suc-de-mandarina-bio-provizoriu.jpg","datePublished":"2024-08-05T07:48:38+00:00","dateModified":"2026-01-15T11:13:11+00:00","breadcrumb":{"@id":"https:\/\/melissimo.ro\/product\/suc-de-mandarina-bio\/#breadcrumb"},"inLanguage":"en-US","potentialAction":[{"@type":"ReadAction","target":["https:\/\/melissimo.ro\/product\/suc-de-mandarina-bio\/"]}]},{"@type":"ImageObject","inLanguage":"en-US","@id":"https:\/\/melissimo.ro\/product\/suc-de-mandarina-bio\/#primaryimage","url":"https:\/\/melissimo.ro\/wp-content\/uploads\/2024\/08\/suc-de-mandarina-bio-provizoriu.jpg","contentUrl":"https:\/\/melissimo.ro\/wp-content\/uploads\/2024\/08\/suc-de-mandarina-bio-provizoriu.jpg","width":1080,"height":1080,"caption":"suc de mandarina bio melissimo"},{"@type":"BreadcrumbList","@id":"https:\/\/melissimo.ro\/product\/suc-de-mandarina-bio\/#breadcrumb","itemListElement":[{"@type":"ListItem","position":1,"name":"Prima pagin\u0103","item":"https:\/\/melissimo.ro\/"},{"@type":"ListItem","position":2,"name":"Shop","item":"https:\/\/melissimo.ro\/shop\/"},{"@type":"ListItem","position":3,"name":"Suc de Mandarin\u0103 BIO Melissimo"}]},{"@type":"WebSite","@id":"https:\/\/melissimo.ro\/#website","url":"https:\/\/melissimo.ro\/","name":"Melissimo","description":"Sanatos delights","publisher":{"@id":"https:\/\/melissimo.ro\/#organization"},"potentialAction":[{"@type":"SearchAction","target":{"@type":"EntryPoint","urlTemplate":"https:\/\/melissimo.ro\/?s={search_term_string}"},"query-input":{"@type":"PropertyValueSpecification","valueRequired":true,"valueName":"search_term_string"}}],"inLanguage":"en-US"},{"@type":"Organization","@id":"https:\/\/melissimo.ro\/#organization","name":"Melissimo","url":"https:\/\/melissimo.ro\/","logo":{"@type":"ImageObject","inLanguage":"en-US","@id":"https:\/\/melissimo.ro\/#\/schema\/logo\/image\/","url":"https:\/\/melissimo.ro\/wp-content\/uploads\/2020\/10\/logo_dark.png","contentUrl":"https:\/\/melissimo.ro\/wp-content\/uploads\/2020\/10\/logo_dark.png","width":326,"height":70,"caption":"Melissimo"},"image":{"@id":"https:\/\/melissimo.ro\/#\/schema\/logo\/image\/"},"sameAs":["https:\/\/www.facebook.com\/melissimo.ro","https:\/\/www.instagram.com\/melissimo.ro\/"]}]}},"_links":{"self":[{"href":"https:\/\/melissimo.ro\/en\/wp-json\/wp\/v2\/product\/13988","targetHints":{"allow":["GET"]}}],"collection":[{"href":"https:\/\/melissimo.ro\/en\/wp-json\/wp\/v2\/product"}],"about":[{"href":"https:\/\/melissimo.ro\/en\/wp-json\/wp\/v2\/types\/product"}],"wp:featuredmedia":[{"embeddable":true,"href":"https:\/\/melissimo.ro\/en\/wp-json\/wp\/v2\/media\/16321"}],"wp:attachment":[{"href":"https:\/\/melissimo.ro\/en\/wp-json\/wp\/v2\/media?parent=13988"}],"wp:term":[{"taxonomy":"product_brand","embeddable":true,"href":"https:\/\/melissimo.ro\/en\/wp-json\/wp\/v2\/product_brand?post=13988"},{"taxonomy":"product_cat","embeddable":true,"href":"https:\/\/melissimo.ro\/en\/wp-json\/wp\/v2\/product_cat?post=13988"},{"taxonomy":"product_tag","embeddable":true,"href":"https:\/\/melissimo.ro\/en\/wp-json\/wp\/v2\/product_tag?post=13988"}],"curies":[{"name":"wp","href":"https:\/\/api.w.org\/{rel}","templated":true}]}}