{"id":13983,"date":"2024-08-05T10:45:27","date_gmt":"2024-08-05T07:45:27","guid":{"rendered":"https:\/\/melissimo.ro\/?post_type=product&#038;p=13983"},"modified":"2026-01-15T13:13:11","modified_gmt":"2026-01-15T11:13:11","slug":"melissimo-suc-de-grapefruit","status":"publish","type":"product","link":"https:\/\/melissimo.ro\/en\/product\/melissimo-suc-de-grapefruit\/","title":{"rendered":"Melissimo Grapefruit Juice"},"content":{"rendered":"<p><strong>Quantity: 250ml<\/strong><\/p>\n<p><img loading=\"lazy\" decoding=\"async\" class=\"wd-lazy-fade alignnone size-full wp-image-593\" src=\"https:\/\/melissimo.ro\/wp-content\/themes\/woodmart\/images\/lazy.svg\" data-src=\"https:\/\/new.melissimo.ro\/wp-content\/uploads\/2024\/10\/produs-in-romania.jpg\" alt=\"\" width=\"25\" height=\"15\" \/>\u00a0 <strong>PRODUCED IN ROMANIA<\/strong><\/p>","protected":false},"excerpt":{"rendered":"<p style=\"text-align: center;\">Refreshing and slightly bitter, organic grapefruit juice is an outstanding natural detoxifier. Rich in vitamin C, A and antioxidants, this juice helps boost immunity, regulate cholesterol and speed up metabolism. It also contains naringenin, a compound that supports liver health and has anti-inflammatory and antibacterial effects. It is ideal in detoxification cures, healthy diets and lifestyles, and is also recommended to fight water retention. Eat it as part of a healthy breakfast or between meals for extra energy and mental clarity.<\/p>\n<h4 style=\"text-align: center;\"><span style=\"color: #ff7536;\">INGREDIENT<\/span><\/h4>\n<p style=\"text-align: center;\">Grapefruit juice 100% (Citrus paradisi)<\/p>\n<h4 style=\"text-align: center;\"><span style=\"color: #ff7536;\"><b>WARNING:<\/b><\/span><\/h4>\n<p style=\"text-align: center;\"><span style=\"font-weight: 400;\">Grapefruit juice is an enzyme inhibitor and can interact with many drugs!<\/span><span style=\"font-weight: 400;\"><br \/>\n<\/span><span style=\"font-weight: 400;\">Grapefruit juice is an enzyme inhibitor and may increase plasma concentration for a number of drugs. Consumption of grapefruit juice should be avoided when administering drugs that are metabolized to cytochrome P450, unless a lack of drug interaction with grapefruit juice has already been demonstrated. Ask your doctor for more information about possible interactions between your treatment and grapefruit juice.<\/span><\/p>","protected":false},"featured_media":16314,"template":"","meta":{"_acf_changed":false},"product_brand":[],"product_cat":[69],"product_tag":[66],"class_list":{"0":"post-13983","1":"product","2":"type-product","3":"status-publish","4":"has-post-thumbnail","6":"product_cat-suc","7":"product_tag-tip-1","9":"first","10":"outofstock","11":"taxable","12":"shipping-taxable","13":"purchasable","14":"product-type-simple"},"acf":[],"yoast_head":"<!-- This site is optimized with the Yoast SEO plugin v27.3 - https:\/\/yoast.com\/product\/yoast-seo-wordpress\/ -->\n<title>Suc de Grapefruit Melissimo - Melissimo<\/title>\n<meta name=\"robots\" content=\"index, follow, max-snippet:-1, max-image-preview:large, max-video-preview:-1\" \/>\n<link rel=\"canonical\" href=\"https:\/\/melissimo.ro\/en\/product\/melissimo-suc-de-grapefruit\/\" \/>\n<meta property=\"og:locale\" content=\"en_US\" \/>\n<meta property=\"og:type\" content=\"article\" \/>\n<meta property=\"og:title\" content=\"Suc de Grapefruit Melissimo - Melissimo\" \/>\n<meta property=\"og:description\" content=\"R\u0103coritor \u0219i u\u0219or am\u0103rui, sucul de grapefruit bio este un detoxifiant natural remarcabil. Bogat \u00een vitamina C, A \u0219i antioxidan\u021bi, acest suc contribuie la \u00eent\u0103rirea imunit\u0103\u021bii, reglarea colesterolului \u0219i accelerarea metabolismului. De asemenea, con\u021bine naringenin\u0103, un compus care sus\u021bine s\u0103n\u0103tatea ficatului \u0219i are efecte antiinflamatoare \u0219i antibacteriene. Este ideal \u00een curele de detoxifiere, diete \u0219i stiluri de via\u021b\u0103 s\u0103n\u0103toase, fiind recomandat \u0219i pentru combaterea reten\u021biei de ap\u0103. Consum\u0103-l ca parte dintr-un mic dejun s\u0103n\u0103tos sau \u00eentre mese, pentru un plus de energie \u0219i claritate mental\u0103.  INGREDIENTE Suc de grapefruit 100% (Citrus paradisi)  ATEN\u021aIE: Sucul de grapefruit este un inhibitor enzimatic \u0219i poate interac\u021biona cu foarte multe medicamente! Sucul de grapefruit este un inhibitor enzimatic \u0219i poate cre\u0219te concentra\u021bia plasmatic\u0103 pentru o serie de medicamente. Se recomand\u0103 evitarea consumului de suc de grapefruit atunci c\u00e2nd se administreaz\u0103 medicamente care sunt metabolizate la nivelul citocromului P450, cu excep\u021bia cazului \u00een care a fost deja demonstrat\u0103 o lips\u0103 de interac\u021biune a medicamentului cu sucul de grapefruit. Solici\u021bi mai multe informa\u021bii medicului \u00een leg\u0103tur\u0103 cu posibilele interac\u021biuni dintre tratamentul dumneavoastr\u0103 \u0219i sucul de grapefruit.\" \/>\n<meta property=\"og:url\" content=\"https:\/\/melissimo.ro\/en\/product\/melissimo-suc-de-grapefruit\/\" \/>\n<meta property=\"og:site_name\" content=\"Melissimo\" \/>\n<meta property=\"article:publisher\" content=\"https:\/\/www.facebook.com\/melissimo.ro\" \/>\n<meta property=\"article:modified_time\" content=\"2026-01-15T11:13:11+00:00\" \/>\n<meta property=\"og:image\" content=\"https:\/\/melissimo.ro\/wp-content\/uploads\/2024\/08\/featured-social-Suc-de-Grapefruit-Melissimo.jpg\" \/>\n\t<meta property=\"og:image:width\" content=\"1200\" \/>\n\t<meta property=\"og:image:height\" content=\"630\" \/>\n\t<meta property=\"og:image:type\" content=\"image\/jpeg\" \/>\n<meta name=\"twitter:card\" content=\"summary_large_image\" \/>\n<meta name=\"twitter:label1\" content=\"Est. reading time\" \/>\n\t<meta name=\"twitter:data1\" content=\"1 minute\" \/>\n<script type=\"application\/ld+json\" class=\"yoast-schema-graph\">{\"@context\":\"https:\\\/\\\/schema.org\",\"@graph\":[{\"@type\":\"WebPage\",\"@id\":\"https:\\\/\\\/melissimo.ro\\\/product\\\/melissimo-suc-de-grapefruit\\\/\",\"url\":\"https:\\\/\\\/melissimo.ro\\\/product\\\/melissimo-suc-de-grapefruit\\\/\",\"name\":\"Suc de Grapefruit Melissimo - Melissimo\",\"isPartOf\":{\"@id\":\"https:\\\/\\\/melissimo.ro\\\/#website\"},\"primaryImageOfPage\":{\"@id\":\"https:\\\/\\\/melissimo.ro\\\/product\\\/melissimo-suc-de-grapefruit\\\/#primaryimage\"},\"image\":{\"@id\":\"https:\\\/\\\/melissimo.ro\\\/product\\\/melissimo-suc-de-grapefruit\\\/#primaryimage\"},\"thumbnailUrl\":\"https:\\\/\\\/melissimo.ro\\\/wp-content\\\/uploads\\\/2024\\\/08\\\/melissimo-suc-de-grapefruit-provizoriu.jpg\",\"datePublished\":\"2024-08-05T07:45:27+00:00\",\"dateModified\":\"2026-01-15T11:13:11+00:00\",\"breadcrumb\":{\"@id\":\"https:\\\/\\\/melissimo.ro\\\/product\\\/melissimo-suc-de-grapefruit\\\/#breadcrumb\"},\"inLanguage\":\"en-US\",\"potentialAction\":[{\"@type\":\"ReadAction\",\"target\":[\"https:\\\/\\\/melissimo.ro\\\/product\\\/melissimo-suc-de-grapefruit\\\/\"]}]},{\"@type\":\"ImageObject\",\"inLanguage\":\"en-US\",\"@id\":\"https:\\\/\\\/melissimo.ro\\\/product\\\/melissimo-suc-de-grapefruit\\\/#primaryimage\",\"url\":\"https:\\\/\\\/melissimo.ro\\\/wp-content\\\/uploads\\\/2024\\\/08\\\/melissimo-suc-de-grapefruit-provizoriu.jpg\",\"contentUrl\":\"https:\\\/\\\/melissimo.ro\\\/wp-content\\\/uploads\\\/2024\\\/08\\\/melissimo-suc-de-grapefruit-provizoriu.jpg\",\"width\":1080,\"height\":1080,\"caption\":\"melissimo suc de grapefruit\"},{\"@type\":\"BreadcrumbList\",\"@id\":\"https:\\\/\\\/melissimo.ro\\\/product\\\/melissimo-suc-de-grapefruit\\\/#breadcrumb\",\"itemListElement\":[{\"@type\":\"ListItem\",\"position\":1,\"name\":\"Prima pagin\u0103\",\"item\":\"https:\\\/\\\/melissimo.ro\\\/\"},{\"@type\":\"ListItem\",\"position\":2,\"name\":\"Shop\",\"item\":\"https:\\\/\\\/melissimo.ro\\\/shop\\\/\"},{\"@type\":\"ListItem\",\"position\":3,\"name\":\"Suc de Grapefruit Melissimo\"}]},{\"@type\":\"WebSite\",\"@id\":\"https:\\\/\\\/melissimo.ro\\\/#website\",\"url\":\"https:\\\/\\\/melissimo.ro\\\/\",\"name\":\"Melissimo\",\"description\":\"Delicios de Sanatos\",\"publisher\":{\"@id\":\"https:\\\/\\\/melissimo.ro\\\/#organization\"},\"potentialAction\":[{\"@type\":\"SearchAction\",\"target\":{\"@type\":\"EntryPoint\",\"urlTemplate\":\"https:\\\/\\\/melissimo.ro\\\/?s={search_term_string}\"},\"query-input\":{\"@type\":\"PropertyValueSpecification\",\"valueRequired\":true,\"valueName\":\"search_term_string\"}}],\"inLanguage\":\"en-US\"},{\"@type\":\"Organization\",\"@id\":\"https:\\\/\\\/melissimo.ro\\\/#organization\",\"name\":\"Melissimo\",\"url\":\"https:\\\/\\\/melissimo.ro\\\/\",\"logo\":{\"@type\":\"ImageObject\",\"inLanguage\":\"en-US\",\"@id\":\"https:\\\/\\\/melissimo.ro\\\/#\\\/schema\\\/logo\\\/image\\\/\",\"url\":\"https:\\\/\\\/melissimo.ro\\\/wp-content\\\/uploads\\\/2020\\\/10\\\/logo_dark.png\",\"contentUrl\":\"https:\\\/\\\/melissimo.ro\\\/wp-content\\\/uploads\\\/2020\\\/10\\\/logo_dark.png\",\"width\":326,\"height\":70,\"caption\":\"Melissimo\"},\"image\":{\"@id\":\"https:\\\/\\\/melissimo.ro\\\/#\\\/schema\\\/logo\\\/image\\\/\"},\"sameAs\":[\"https:\\\/\\\/www.facebook.com\\\/melissimo.ro\",\"https:\\\/\\\/www.instagram.com\\\/melissimo.ro\\\/\"]}]}<\/script>\n<!-- \/ Yoast SEO plugin. -->","yoast_head_json":{"title":"Suc de Grapefruit Melissimo - Melissimo","robots":{"index":"index","follow":"follow","max-snippet":"max-snippet:-1","max-image-preview":"max-image-preview:large","max-video-preview":"max-video-preview:-1"},"canonical":"https:\/\/melissimo.ro\/en\/product\/melissimo-suc-de-grapefruit\/","og_locale":"en_US","og_type":"article","og_title":"Suc de Grapefruit Melissimo - Melissimo","og_description":"R\u0103coritor \u0219i u\u0219or am\u0103rui, sucul de grapefruit bio este un detoxifiant natural remarcabil. Bogat \u00een vitamina C, A \u0219i antioxidan\u021bi, acest suc contribuie la \u00eent\u0103rirea imunit\u0103\u021bii, reglarea colesterolului \u0219i accelerarea metabolismului. De asemenea, con\u021bine naringenin\u0103, un compus care sus\u021bine s\u0103n\u0103tatea ficatului \u0219i are efecte antiinflamatoare \u0219i antibacteriene. Este ideal \u00een curele de detoxifiere, diete \u0219i stiluri de via\u021b\u0103 s\u0103n\u0103toase, fiind recomandat \u0219i pentru combaterea reten\u021biei de ap\u0103. Consum\u0103-l ca parte dintr-un mic dejun s\u0103n\u0103tos sau \u00eentre mese, pentru un plus de energie \u0219i claritate mental\u0103.  INGREDIENTE Suc de grapefruit 100% (Citrus paradisi)  ATEN\u021aIE: Sucul de grapefruit este un inhibitor enzimatic \u0219i poate interac\u021biona cu foarte multe medicamente! Sucul de grapefruit este un inhibitor enzimatic \u0219i poate cre\u0219te concentra\u021bia plasmatic\u0103 pentru o serie de medicamente. Se recomand\u0103 evitarea consumului de suc de grapefruit atunci c\u00e2nd se administreaz\u0103 medicamente care sunt metabolizate la nivelul citocromului P450, cu excep\u021bia cazului \u00een care a fost deja demonstrat\u0103 o lips\u0103 de interac\u021biune a medicamentului cu sucul de grapefruit. Solici\u021bi mai multe informa\u021bii medicului \u00een leg\u0103tur\u0103 cu posibilele interac\u021biuni dintre tratamentul dumneavoastr\u0103 \u0219i sucul de grapefruit.","og_url":"https:\/\/melissimo.ro\/en\/product\/melissimo-suc-de-grapefruit\/","og_site_name":"Melissimo","article_publisher":"https:\/\/www.facebook.com\/melissimo.ro","article_modified_time":"2026-01-15T11:13:11+00:00","og_image":[{"width":1200,"height":630,"url":"https:\/\/melissimo.ro\/wp-content\/uploads\/2024\/08\/featured-social-Suc-de-Grapefruit-Melissimo.jpg","type":"image\/jpeg"}],"twitter_card":"summary_large_image","twitter_misc":{"Est. reading time":"1 minute"},"schema":{"@context":"https:\/\/schema.org","@graph":[{"@type":"WebPage","@id":"https:\/\/melissimo.ro\/product\/melissimo-suc-de-grapefruit\/","url":"https:\/\/melissimo.ro\/product\/melissimo-suc-de-grapefruit\/","name":"Suc de Grapefruit Melissimo - Melissimo","isPartOf":{"@id":"https:\/\/melissimo.ro\/#website"},"primaryImageOfPage":{"@id":"https:\/\/melissimo.ro\/product\/melissimo-suc-de-grapefruit\/#primaryimage"},"image":{"@id":"https:\/\/melissimo.ro\/product\/melissimo-suc-de-grapefruit\/#primaryimage"},"thumbnailUrl":"https:\/\/melissimo.ro\/wp-content\/uploads\/2024\/08\/melissimo-suc-de-grapefruit-provizoriu.jpg","datePublished":"2024-08-05T07:45:27+00:00","dateModified":"2026-01-15T11:13:11+00:00","breadcrumb":{"@id":"https:\/\/melissimo.ro\/product\/melissimo-suc-de-grapefruit\/#breadcrumb"},"inLanguage":"en-US","potentialAction":[{"@type":"ReadAction","target":["https:\/\/melissimo.ro\/product\/melissimo-suc-de-grapefruit\/"]}]},{"@type":"ImageObject","inLanguage":"en-US","@id":"https:\/\/melissimo.ro\/product\/melissimo-suc-de-grapefruit\/#primaryimage","url":"https:\/\/melissimo.ro\/wp-content\/uploads\/2024\/08\/melissimo-suc-de-grapefruit-provizoriu.jpg","contentUrl":"https:\/\/melissimo.ro\/wp-content\/uploads\/2024\/08\/melissimo-suc-de-grapefruit-provizoriu.jpg","width":1080,"height":1080,"caption":"melissimo suc de grapefruit"},{"@type":"BreadcrumbList","@id":"https:\/\/melissimo.ro\/product\/melissimo-suc-de-grapefruit\/#breadcrumb","itemListElement":[{"@type":"ListItem","position":1,"name":"Prima pagin\u0103","item":"https:\/\/melissimo.ro\/"},{"@type":"ListItem","position":2,"name":"Shop","item":"https:\/\/melissimo.ro\/shop\/"},{"@type":"ListItem","position":3,"name":"Suc de Grapefruit Melissimo"}]},{"@type":"WebSite","@id":"https:\/\/melissimo.ro\/#website","url":"https:\/\/melissimo.ro\/","name":"Melissimo","description":"Sanatos delights","publisher":{"@id":"https:\/\/melissimo.ro\/#organization"},"potentialAction":[{"@type":"SearchAction","target":{"@type":"EntryPoint","urlTemplate":"https:\/\/melissimo.ro\/?s={search_term_string}"},"query-input":{"@type":"PropertyValueSpecification","valueRequired":true,"valueName":"search_term_string"}}],"inLanguage":"en-US"},{"@type":"Organization","@id":"https:\/\/melissimo.ro\/#organization","name":"Melissimo","url":"https:\/\/melissimo.ro\/","logo":{"@type":"ImageObject","inLanguage":"en-US","@id":"https:\/\/melissimo.ro\/#\/schema\/logo\/image\/","url":"https:\/\/melissimo.ro\/wp-content\/uploads\/2020\/10\/logo_dark.png","contentUrl":"https:\/\/melissimo.ro\/wp-content\/uploads\/2020\/10\/logo_dark.png","width":326,"height":70,"caption":"Melissimo"},"image":{"@id":"https:\/\/melissimo.ro\/#\/schema\/logo\/image\/"},"sameAs":["https:\/\/www.facebook.com\/melissimo.ro","https:\/\/www.instagram.com\/melissimo.ro\/"]}]}},"_links":{"self":[{"href":"https:\/\/melissimo.ro\/en\/wp-json\/wp\/v2\/product\/13983","targetHints":{"allow":["GET"]}}],"collection":[{"href":"https:\/\/melissimo.ro\/en\/wp-json\/wp\/v2\/product"}],"about":[{"href":"https:\/\/melissimo.ro\/en\/wp-json\/wp\/v2\/types\/product"}],"wp:featuredmedia":[{"embeddable":true,"href":"https:\/\/melissimo.ro\/en\/wp-json\/wp\/v2\/media\/16314"}],"wp:attachment":[{"href":"https:\/\/melissimo.ro\/en\/wp-json\/wp\/v2\/media?parent=13983"}],"wp:term":[{"taxonomy":"product_brand","embeddable":true,"href":"https:\/\/melissimo.ro\/en\/wp-json\/wp\/v2\/product_brand?post=13983"},{"taxonomy":"product_cat","embeddable":true,"href":"https:\/\/melissimo.ro\/en\/wp-json\/wp\/v2\/product_cat?post=13983"},{"taxonomy":"product_tag","embeddable":true,"href":"https:\/\/melissimo.ro\/en\/wp-json\/wp\/v2\/product_tag?post=13983"}],"curies":[{"name":"wp","href":"https:\/\/api.w.org\/{rel}","templated":true}]}}