{"id":13962,"date":"2024-07-31T15:05:26","date_gmt":"2024-07-31T12:05:26","guid":{"rendered":"https:\/\/melissimo.ro\/?post_type=product&#038;p=13962"},"modified":"2026-02-12T15:40:48","modified_gmt":"2026-02-12T13:40:48","slug":"ulei-de-catina","status":"publish","type":"product","link":"https:\/\/melissimo.ro\/en\/product\/ulei-de-catina\/","title":{"rendered":"Organic Sea buckthorn Oil - 5DC - Melissimo"},"content":{"rendered":"<p><strong>30 ml black bottle with pipette.<\/strong><\/p>\n<p><img loading=\"lazy\" decoding=\"async\" class=\"wd-lazy-fade alignnone size-full wp-image-593\" src=\"https:\/\/melissimo.ro\/wp-content\/themes\/woodmart\/images\/lazy.svg\" data-src=\"https:\/\/new.melissimo.ro\/wp-content\/uploads\/2024\/10\/produs-in-romania.jpg\" alt=\"\" width=\"25\" height=\"15\" \/>\u00a0 <strong>PRODUCED IN ROMANIA<\/strong><\/p>","protected":false},"excerpt":{"rendered":"<p style=\"text-align: center;\"><span style=\"font-weight: 400;\">Sea buckthorn oil is considered a precious elixir of health, obtained by cold-pressing the fruit and seeds of the sea buckthorn. This oil is extremely rich in fatty acids <\/span><b>omega-3<\/b><span style=\"font-weight: 400;\">, <\/span><b>omega-6<\/b><span style=\"font-weight: 400;\">, <\/span><b>omega-7<\/b><span style=\"font-weight: 400;\"> and <\/span><b>omega-9<\/b><span style=\"font-weight: 400;\">, being one of the few vegetable oils containing <\/span><b>omega-7<\/b><span style=\"font-weight: 400;\"> naturally. These essential fatty acids contribute to healthy skin, support brain function and reduce inflammation in the body. The oil is also a valuable source of<\/span><b> vitamin E<\/b><span style=\"font-weight: 400;\"> and <\/span><b>carotenoid<\/b><span style=\"font-weight: 400;\">, which strengthen the immune system and support cell regeneration. Internally, sea buckthorn oil is used to support digestive health - including gastritis and ulcers - and to regulate cholesterol levels. Externally, it is used in dermatological treatments for dry, irritated or eczematous skin. It is an ideal ally during periods of stress, intense exertion or prolonged exposure to aggressive environmental factors.<\/span><\/p>\n<h4 style=\"text-align: center;\"><span style=\"color: #ff7536;\"><strong>INGREDIENT<br \/>\n<\/strong><\/span><\/h4>\n<p style=\"text-align: center;\"><b>100% organic sea buckthorn fruit oil<\/b><span style=\"font-weight: 400;\"> (<\/span><i><span style=\"font-weight: 400;\">Hippophae rhamnoides<\/span><\/i><span style=\"font-weight: 400;\">), obtained by cold pressing.<\/span><\/p>\n<h4 style=\"text-align: center;\"><span style=\"color: #ff7536;\"><strong>HOW TO USE<\/strong><\/span><\/h4>\n<p style=\"text-align: center;\"><strong>Adults:<\/strong> 10-15 drops 3 times a day;<br \/>\n<strong>Children:<\/strong> 3-5 drops 3 times a day.<\/p>\n<h4 style=\"text-align: center;\"><span style=\"color: #ff7536;\"><strong>SPECIAL RECOMMENDATIONS AND WARNINGS<\/strong><\/span><\/h4>\n<p style=\"text-align: center;\">The duration of a cure with organic sea buckthorn oil may vary depending on the purpose for which it is used and the recommendations of the health specialist. In general, regular use of sea buckthorn oil over a period of at least several weeks or even months is recommended to achieve maximum benefits.<\/p>\n<p style=\"text-align: center;\"><strong>In pregnancy and breastfeeding, as well as in children up to 3 years of age, a specialist's recommendation is necessary before use.<\/strong><br \/>\nThe product is a food supplement and should not replace a varied and balanced diet and a healthy lifestyle!<br \/><strong>Do not exceed the recommended daily intake! Keep out of the reach and sight of small children!<\/strong><\/p>","protected":false},"featured_media":16442,"template":"","meta":{"_acf_changed":false},"product_brand":[],"product_cat":[72,58],"product_tag":[66],"class_list":{"0":"post-13962","1":"product","2":"type-product","3":"status-publish","4":"has-post-thumbnail","6":"product_cat-sucuri-nectaruri-bauturi-bio","7":"product_cat-suplimente-alimentare-5dc","8":"product_tag-tip-1","10":"first","11":"instock","12":"taxable","13":"shipping-taxable","14":"purchasable","15":"product-type-simple"},"acf":[],"yoast_head":"<!-- This site is optimized with the Yoast SEO plugin v27.3 - https:\/\/yoast.com\/product\/yoast-seo-wordpress\/ -->\n<title>Ulei de C\u0103tin\u0103 BIO \u2013 5DC \u2013 Melissimo - Melissimo<\/title>\n<meta name=\"robots\" content=\"index, follow, max-snippet:-1, max-image-preview:large, max-video-preview:-1\" \/>\n<link rel=\"canonical\" href=\"https:\/\/melissimo.ro\/en\/product\/ulei-de-catina\/\" \/>\n<meta property=\"og:locale\" content=\"en_US\" \/>\n<meta property=\"og:type\" content=\"article\" \/>\n<meta property=\"og:title\" content=\"Ulei de C\u0103tin\u0103 BIO \u2013 5DC \u2013 Melissimo - Melissimo\" \/>\n<meta property=\"og:description\" content=\"Uleiul de c\u0103tin\u0103 este considerat un elixir pre\u021bios al s\u0103n\u0103t\u0103\u021bii, fiind ob\u021binut prin presare la rece din fructele \u0219i semin\u021bele de c\u0103tin\u0103. Acest ulei este extrem de bogat \u00een acizi gra\u0219i omega-3, omega-6, omega-7 \u0219i omega-9, fiind unul dintre pu\u021binele uleiuri vegetale care con\u021bin omega-7 \u00een mod natural. Ace\u0219ti acizi gra\u0219i esen\u021biali contribuie la s\u0103n\u0103tatea pielii, sus\u021bin func\u021bionarea creierului \u0219i reduc inflama\u021bia \u00een corp. De asemenea, uleiul este o surs\u0103 valoroas\u0103 de vitamina E \u0219i carotenoide, care \u00eent\u0103resc sistemul imunitar \u0219i sprijin\u0103 regenerarea celular\u0103. Intern, uleiul de c\u0103tin\u0103 este utilizat pentru sus\u021binerea s\u0103n\u0103t\u0103\u021bii sistemului digestiv \u2013 inclusiv \u00een cazul gastritei \u0219i ulcerului \u2013 \u0219i pentru reglarea nivelurilor de colesterol. Extern, se aplic\u0103 \u00een tratamente dermatologice pentru piele uscat\u0103, iritat\u0103 sau afectat\u0103 de eczeme. Este un aliat ideal \u00een perioadele de stres, efort intens sau expunere prelungit\u0103 la factori de mediu agresivi.  INGREDIENTE  100% ulei din fructe de c\u0103tin\u0103 bio (Hippophae rhamnoides), ob\u021binut prin presare la rece.  MOD DE UTILIZARE Adul\u021bi: 10-15 pic\u0103turi de 3 ori pe zi; Copii: 3-5 pic\u0103turi de 3 ori pe zi.  RECOMAND\u0102RI \u0218I ATEN\u021aION\u0102RI SPECIALE Durata unei cure cu ulei de c\u0103tin\u0103 bio poate varia \u00een func\u021bie de scopul pentru care este utilizat \u0219i de recomand\u0103rile specialistului \u00een domeniul s\u0103n\u0103t\u0103\u021bii. \u00cen general, pentru a ob\u021bine beneficiile maxime, se recomand\u0103 utilizarea regulat\u0103 a uleiului de c\u0103tin\u0103 pe o perioad\u0103 de cel pu\u021bin c\u00e2teva s\u0103pt\u0103m\u00e2ni sau chiar luni. \u00cen sarcin\u0103 \u0219i \u00een perioada de al\u0103ptare, precum \u0219i la copiii p\u00e2n\u0103 la v\u00e2rsta de 3 ani este necesar\u0103 recomandarea specialistului \u00eenainte de utilizare. Produsul este un supliment alimentar \u0219i nu trebuie s\u0103 \u00eenlocuiasc\u0103 o diet\u0103 variat\u0103 \u0219i echilibrat\u0103 \u0219i un stil de via\u021b\u0103 s\u0103n\u0103tos!A nu se dep\u0103\u0219i doza recomandat\u0103 pentru consumul zilnic! A nu se l\u0103sa la \u00eendem\u00e2na \u0219i la vederea copiilor mici!\" \/>\n<meta property=\"og:url\" content=\"https:\/\/melissimo.ro\/en\/product\/ulei-de-catina\/\" \/>\n<meta property=\"og:site_name\" content=\"Melissimo\" \/>\n<meta property=\"article:publisher\" content=\"https:\/\/www.facebook.com\/melissimo.ro\" \/>\n<meta property=\"article:modified_time\" content=\"2026-02-12T13:40:48+00:00\" \/>\n<meta property=\"og:image\" content=\"https:\/\/melissimo.ro\/wp-content\/uploads\/2024\/07\/featured-social-Ulei-de-Catina-BIO-5DC-Melissimo.jpg\" \/>\n\t<meta property=\"og:image:width\" content=\"1200\" \/>\n\t<meta property=\"og:image:height\" content=\"630\" \/>\n\t<meta property=\"og:image:type\" content=\"image\/jpeg\" \/>\n<meta name=\"twitter:card\" content=\"summary_large_image\" \/>\n<meta name=\"twitter:label1\" content=\"Est. reading time\" \/>\n\t<meta name=\"twitter:data1\" content=\"1 minute\" \/>\n<script type=\"application\/ld+json\" class=\"yoast-schema-graph\">{\"@context\":\"https:\\\/\\\/schema.org\",\"@graph\":[{\"@type\":\"WebPage\",\"@id\":\"https:\\\/\\\/melissimo.ro\\\/product\\\/ulei-de-catina\\\/\",\"url\":\"https:\\\/\\\/melissimo.ro\\\/product\\\/ulei-de-catina\\\/\",\"name\":\"Ulei de C\u0103tin\u0103 BIO \u2013 5DC \u2013 Melissimo - Melissimo\",\"isPartOf\":{\"@id\":\"https:\\\/\\\/melissimo.ro\\\/#website\"},\"primaryImageOfPage\":{\"@id\":\"https:\\\/\\\/melissimo.ro\\\/product\\\/ulei-de-catina\\\/#primaryimage\"},\"image\":{\"@id\":\"https:\\\/\\\/melissimo.ro\\\/product\\\/ulei-de-catina\\\/#primaryimage\"},\"thumbnailUrl\":\"https:\\\/\\\/melissimo.ro\\\/wp-content\\\/uploads\\\/2024\\\/07\\\/flacon-ulei-de-catina-bio-melissimo.jpg\",\"datePublished\":\"2024-07-31T12:05:26+00:00\",\"dateModified\":\"2026-02-12T13:40:48+00:00\",\"breadcrumb\":{\"@id\":\"https:\\\/\\\/melissimo.ro\\\/product\\\/ulei-de-catina\\\/#breadcrumb\"},\"inLanguage\":\"en-US\",\"potentialAction\":[{\"@type\":\"ReadAction\",\"target\":[\"https:\\\/\\\/melissimo.ro\\\/product\\\/ulei-de-catina\\\/\"]}]},{\"@type\":\"ImageObject\",\"inLanguage\":\"en-US\",\"@id\":\"https:\\\/\\\/melissimo.ro\\\/product\\\/ulei-de-catina\\\/#primaryimage\",\"url\":\"https:\\\/\\\/melissimo.ro\\\/wp-content\\\/uploads\\\/2024\\\/07\\\/flacon-ulei-de-catina-bio-melissimo.jpg\",\"contentUrl\":\"https:\\\/\\\/melissimo.ro\\\/wp-content\\\/uploads\\\/2024\\\/07\\\/flacon-ulei-de-catina-bio-melissimo.jpg\",\"width\":1080,\"height\":1080,\"caption\":\"Ulei de Catina Bio melissimo\"},{\"@type\":\"BreadcrumbList\",\"@id\":\"https:\\\/\\\/melissimo.ro\\\/product\\\/ulei-de-catina\\\/#breadcrumb\",\"itemListElement\":[{\"@type\":\"ListItem\",\"position\":1,\"name\":\"Prima pagin\u0103\",\"item\":\"https:\\\/\\\/melissimo.ro\\\/\"},{\"@type\":\"ListItem\",\"position\":2,\"name\":\"Shop\",\"item\":\"https:\\\/\\\/melissimo.ro\\\/shop\\\/\"},{\"@type\":\"ListItem\",\"position\":3,\"name\":\"Ulei de C\u0103tin\u0103 BIO \u2013 5DC \u2013 Melissimo\"}]},{\"@type\":\"WebSite\",\"@id\":\"https:\\\/\\\/melissimo.ro\\\/#website\",\"url\":\"https:\\\/\\\/melissimo.ro\\\/\",\"name\":\"Melissimo\",\"description\":\"Delicios de Sanatos\",\"publisher\":{\"@id\":\"https:\\\/\\\/melissimo.ro\\\/#organization\"},\"potentialAction\":[{\"@type\":\"SearchAction\",\"target\":{\"@type\":\"EntryPoint\",\"urlTemplate\":\"https:\\\/\\\/melissimo.ro\\\/?s={search_term_string}\"},\"query-input\":{\"@type\":\"PropertyValueSpecification\",\"valueRequired\":true,\"valueName\":\"search_term_string\"}}],\"inLanguage\":\"en-US\"},{\"@type\":\"Organization\",\"@id\":\"https:\\\/\\\/melissimo.ro\\\/#organization\",\"name\":\"Melissimo\",\"url\":\"https:\\\/\\\/melissimo.ro\\\/\",\"logo\":{\"@type\":\"ImageObject\",\"inLanguage\":\"en-US\",\"@id\":\"https:\\\/\\\/melissimo.ro\\\/#\\\/schema\\\/logo\\\/image\\\/\",\"url\":\"https:\\\/\\\/melissimo.ro\\\/wp-content\\\/uploads\\\/2020\\\/10\\\/logo_dark.png\",\"contentUrl\":\"https:\\\/\\\/melissimo.ro\\\/wp-content\\\/uploads\\\/2020\\\/10\\\/logo_dark.png\",\"width\":326,\"height\":70,\"caption\":\"Melissimo\"},\"image\":{\"@id\":\"https:\\\/\\\/melissimo.ro\\\/#\\\/schema\\\/logo\\\/image\\\/\"},\"sameAs\":[\"https:\\\/\\\/www.facebook.com\\\/melissimo.ro\",\"https:\\\/\\\/www.instagram.com\\\/melissimo.ro\\\/\"]}]}<\/script>\n<!-- \/ Yoast SEO plugin. -->","yoast_head_json":{"title":"Ulei de C\u0103tin\u0103 BIO \u2013 5DC \u2013 Melissimo - Melissimo","robots":{"index":"index","follow":"follow","max-snippet":"max-snippet:-1","max-image-preview":"max-image-preview:large","max-video-preview":"max-video-preview:-1"},"canonical":"https:\/\/melissimo.ro\/en\/product\/ulei-de-catina\/","og_locale":"en_US","og_type":"article","og_title":"Ulei de C\u0103tin\u0103 BIO \u2013 5DC \u2013 Melissimo - Melissimo","og_description":"Uleiul de c\u0103tin\u0103 este considerat un elixir pre\u021bios al s\u0103n\u0103t\u0103\u021bii, fiind ob\u021binut prin presare la rece din fructele \u0219i semin\u021bele de c\u0103tin\u0103. Acest ulei este extrem de bogat \u00een acizi gra\u0219i omega-3, omega-6, omega-7 \u0219i omega-9, fiind unul dintre pu\u021binele uleiuri vegetale care con\u021bin omega-7 \u00een mod natural. Ace\u0219ti acizi gra\u0219i esen\u021biali contribuie la s\u0103n\u0103tatea pielii, sus\u021bin func\u021bionarea creierului \u0219i reduc inflama\u021bia \u00een corp. De asemenea, uleiul este o surs\u0103 valoroas\u0103 de vitamina E \u0219i carotenoide, care \u00eent\u0103resc sistemul imunitar \u0219i sprijin\u0103 regenerarea celular\u0103. Intern, uleiul de c\u0103tin\u0103 este utilizat pentru sus\u021binerea s\u0103n\u0103t\u0103\u021bii sistemului digestiv \u2013 inclusiv \u00een cazul gastritei \u0219i ulcerului \u2013 \u0219i pentru reglarea nivelurilor de colesterol. Extern, se aplic\u0103 \u00een tratamente dermatologice pentru piele uscat\u0103, iritat\u0103 sau afectat\u0103 de eczeme. Este un aliat ideal \u00een perioadele de stres, efort intens sau expunere prelungit\u0103 la factori de mediu agresivi.  INGREDIENTE  100% ulei din fructe de c\u0103tin\u0103 bio (Hippophae rhamnoides), ob\u021binut prin presare la rece.  MOD DE UTILIZARE Adul\u021bi: 10-15 pic\u0103turi de 3 ori pe zi; Copii: 3-5 pic\u0103turi de 3 ori pe zi.  RECOMAND\u0102RI \u0218I ATEN\u021aION\u0102RI SPECIALE Durata unei cure cu ulei de c\u0103tin\u0103 bio poate varia \u00een func\u021bie de scopul pentru care este utilizat \u0219i de recomand\u0103rile specialistului \u00een domeniul s\u0103n\u0103t\u0103\u021bii. \u00cen general, pentru a ob\u021bine beneficiile maxime, se recomand\u0103 utilizarea regulat\u0103 a uleiului de c\u0103tin\u0103 pe o perioad\u0103 de cel pu\u021bin c\u00e2teva s\u0103pt\u0103m\u00e2ni sau chiar luni. \u00cen sarcin\u0103 \u0219i \u00een perioada de al\u0103ptare, precum \u0219i la copiii p\u00e2n\u0103 la v\u00e2rsta de 3 ani este necesar\u0103 recomandarea specialistului \u00eenainte de utilizare. Produsul este un supliment alimentar \u0219i nu trebuie s\u0103 \u00eenlocuiasc\u0103 o diet\u0103 variat\u0103 \u0219i echilibrat\u0103 \u0219i un stil de via\u021b\u0103 s\u0103n\u0103tos!A nu se dep\u0103\u0219i doza recomandat\u0103 pentru consumul zilnic! A nu se l\u0103sa la \u00eendem\u00e2na \u0219i la vederea copiilor mici!","og_url":"https:\/\/melissimo.ro\/en\/product\/ulei-de-catina\/","og_site_name":"Melissimo","article_publisher":"https:\/\/www.facebook.com\/melissimo.ro","article_modified_time":"2026-02-12T13:40:48+00:00","og_image":[{"width":1200,"height":630,"url":"https:\/\/melissimo.ro\/wp-content\/uploads\/2024\/07\/featured-social-Ulei-de-Catina-BIO-5DC-Melissimo.jpg","type":"image\/jpeg"}],"twitter_card":"summary_large_image","twitter_misc":{"Est. reading time":"1 minute"},"schema":{"@context":"https:\/\/schema.org","@graph":[{"@type":"WebPage","@id":"https:\/\/melissimo.ro\/product\/ulei-de-catina\/","url":"https:\/\/melissimo.ro\/product\/ulei-de-catina\/","name":"Ulei de C\u0103tin\u0103 BIO \u2013 5DC \u2013 Melissimo - Melissimo","isPartOf":{"@id":"https:\/\/melissimo.ro\/#website"},"primaryImageOfPage":{"@id":"https:\/\/melissimo.ro\/product\/ulei-de-catina\/#primaryimage"},"image":{"@id":"https:\/\/melissimo.ro\/product\/ulei-de-catina\/#primaryimage"},"thumbnailUrl":"https:\/\/melissimo.ro\/wp-content\/uploads\/2024\/07\/flacon-ulei-de-catina-bio-melissimo.jpg","datePublished":"2024-07-31T12:05:26+00:00","dateModified":"2026-02-12T13:40:48+00:00","breadcrumb":{"@id":"https:\/\/melissimo.ro\/product\/ulei-de-catina\/#breadcrumb"},"inLanguage":"en-US","potentialAction":[{"@type":"ReadAction","target":["https:\/\/melissimo.ro\/product\/ulei-de-catina\/"]}]},{"@type":"ImageObject","inLanguage":"en-US","@id":"https:\/\/melissimo.ro\/product\/ulei-de-catina\/#primaryimage","url":"https:\/\/melissimo.ro\/wp-content\/uploads\/2024\/07\/flacon-ulei-de-catina-bio-melissimo.jpg","contentUrl":"https:\/\/melissimo.ro\/wp-content\/uploads\/2024\/07\/flacon-ulei-de-catina-bio-melissimo.jpg","width":1080,"height":1080,"caption":"Ulei de Catina Bio melissimo"},{"@type":"BreadcrumbList","@id":"https:\/\/melissimo.ro\/product\/ulei-de-catina\/#breadcrumb","itemListElement":[{"@type":"ListItem","position":1,"name":"Prima pagin\u0103","item":"https:\/\/melissimo.ro\/"},{"@type":"ListItem","position":2,"name":"Shop","item":"https:\/\/melissimo.ro\/shop\/"},{"@type":"ListItem","position":3,"name":"Ulei de C\u0103tin\u0103 BIO \u2013 5DC \u2013 Melissimo"}]},{"@type":"WebSite","@id":"https:\/\/melissimo.ro\/#website","url":"https:\/\/melissimo.ro\/","name":"Melissimo","description":"Sanatos delights","publisher":{"@id":"https:\/\/melissimo.ro\/#organization"},"potentialAction":[{"@type":"SearchAction","target":{"@type":"EntryPoint","urlTemplate":"https:\/\/melissimo.ro\/?s={search_term_string}"},"query-input":{"@type":"PropertyValueSpecification","valueRequired":true,"valueName":"search_term_string"}}],"inLanguage":"en-US"},{"@type":"Organization","@id":"https:\/\/melissimo.ro\/#organization","name":"Melissimo","url":"https:\/\/melissimo.ro\/","logo":{"@type":"ImageObject","inLanguage":"en-US","@id":"https:\/\/melissimo.ro\/#\/schema\/logo\/image\/","url":"https:\/\/melissimo.ro\/wp-content\/uploads\/2020\/10\/logo_dark.png","contentUrl":"https:\/\/melissimo.ro\/wp-content\/uploads\/2020\/10\/logo_dark.png","width":326,"height":70,"caption":"Melissimo"},"image":{"@id":"https:\/\/melissimo.ro\/#\/schema\/logo\/image\/"},"sameAs":["https:\/\/www.facebook.com\/melissimo.ro","https:\/\/www.instagram.com\/melissimo.ro\/"]}]}},"_links":{"self":[{"href":"https:\/\/melissimo.ro\/en\/wp-json\/wp\/v2\/product\/13962","targetHints":{"allow":["GET"]}}],"collection":[{"href":"https:\/\/melissimo.ro\/en\/wp-json\/wp\/v2\/product"}],"about":[{"href":"https:\/\/melissimo.ro\/en\/wp-json\/wp\/v2\/types\/product"}],"wp:featuredmedia":[{"embeddable":true,"href":"https:\/\/melissimo.ro\/en\/wp-json\/wp\/v2\/media\/16442"}],"wp:attachment":[{"href":"https:\/\/melissimo.ro\/en\/wp-json\/wp\/v2\/media?parent=13962"}],"wp:term":[{"taxonomy":"product_brand","embeddable":true,"href":"https:\/\/melissimo.ro\/en\/wp-json\/wp\/v2\/product_brand?post=13962"},{"taxonomy":"product_cat","embeddable":true,"href":"https:\/\/melissimo.ro\/en\/wp-json\/wp\/v2\/product_cat?post=13962"},{"taxonomy":"product_tag","embeddable":true,"href":"https:\/\/melissimo.ro\/en\/wp-json\/wp\/v2\/product_tag?post=13962"}],"curies":[{"name":"wp","href":"https:\/\/api.w.org\/{rel}","templated":true}]}}