{"id":1324,"date":"2020-11-04T13:12:08","date_gmt":"2020-11-04T11:12:08","guid":{"rendered":"https:\/\/melissimo.ro\/?post_type=product&#038;p=1324"},"modified":"2026-04-01T13:11:43","modified_gmt":"2026-04-01T10:11:43","slug":"melissimo-aronia","status":"publish","type":"product","link":"https:\/\/melissimo.ro\/en\/product\/melissimo-aronia\/","title":{"rendered":"Aronia organic natural refreshing drink"},"content":{"rendered":"<div class=\"wpb-content-wrapper\"><div class=\"vc_row wpb_row vc_row-fluid\"><div class=\"wpb_column vc_column_container vc_col-sm-12\"><div class=\"vc_column-inner\"><div class=\"wpb_wrapper\">\n\t<div class=\"wpb_text_column wpb_content_element\" >\n\t\t<div class=\"wpb_wrapper\">\n\t\t\t<p><strong>Quantity: 250ml<\/strong><\/p>\n<p><img loading=\"lazy\" decoding=\"async\" class=\"wd-lazy-fade alignnone size-full wp-image-593\" src=\"https:\/\/melissimo.ro\/wp-content\/themes\/woodmart\/images\/lazy.svg\" data-src=\"https:\/\/new.melissimo.ro\/wp-content\/uploads\/2024\/10\/produs-in-romania.jpg\" alt=\"\" width=\"25\" height=\"15\" \/>\u00a0 <strong>PRODUCED IN ROMANIA<\/strong><\/p>\n\n\t\t<\/div>\n\t<\/div>\n<\/div><\/div><\/div><\/div>\n<\/div>","protected":false},"excerpt":{"rendered":"<p style=\"text-align: center;\"><span style=\"font-weight: 400;\">Melissimo Aronia is a natural drink made from aronia fruits, recognized for their exceptional antioxidant content - up to 3 times higher than that of blueberries or apples. Rich in polyphenols, vitamin C, vitamin K and folic acid, aronia fruits support the functioning of the cardiovascular system, help reduce inflammation and boost immunity. Thanks to its high anthocyanin content, it helps protect cells against oxidative stress, with beneficial effects on skin, vision and memory. It is recommended during periods of detoxification, in the prevention of premature ageing and as a natural supplement in blood sugar control.<\/span><\/p>\n<h4 style=\"text-align: center;\"><span style=\"color: #ff7536;\">INGREDIENT<\/span><\/h4>\n<p style=\"text-align: center;\"><span style=\"font-weight: 400;\">Sea buckthorn juice (<i>Hippophae rhamnoides<\/i>) 100% BIO<br \/>\nAronia fruit juice (<i>Aronia melanocarpa<\/i>) 100% BIO<br \/>\nHoney 100% Organic<br \/>\nAlkaline spring water 100% BIO<\/span><\/p>","protected":false},"featured_media":16440,"template":"","meta":{"_acf_changed":false},"product_brand":[],"product_cat":[72],"product_tag":[66],"class_list":{"0":"post-1324","1":"product","2":"type-product","3":"status-publish","4":"has-post-thumbnail","6":"product_cat-sucuri-nectaruri-bauturi-bio","7":"product_tag-tip-1","9":"first","10":"instock","11":"taxable","12":"shipping-taxable","13":"purchasable","14":"product-type-simple"},"acf":[],"yoast_head":"<!-- This site is optimized with the Yoast SEO plugin v27.3 - https:\/\/yoast.com\/product\/yoast-seo-wordpress\/ -->\n<title>B\u0103utur\u0103 r\u0103coritoare natural\u0103 BIO Aronia - Melissimo<\/title>\n<meta name=\"description\" content=\"Melissimo Aronia este un suc\u00a0BIO ob\u021binut din fructe de aronia \u0219i c\u0103tin\u0103 stoarse la rece, \u00eendulcit\u0103 cu miere de albine...\" \/>\n<meta name=\"robots\" content=\"index, follow, max-snippet:-1, max-image-preview:large, max-video-preview:-1\" \/>\n<link rel=\"canonical\" href=\"https:\/\/melissimo.ro\/en\/product\/melissimo-aronia\/\" \/>\n<meta property=\"og:locale\" content=\"en_US\" \/>\n<meta property=\"og:type\" content=\"article\" \/>\n<meta property=\"og:title\" content=\"B\u0103utur\u0103 r\u0103coritoare natural\u0103 BIO Aronia - Melissimo\" \/>\n<meta property=\"og:description\" content=\"Melissimo Aronia este un suc\u00a0BIO ob\u021binut din fructe de aronia \u0219i c\u0103tin\u0103 stoarse la rece, \u00eendulcit\u0103 cu miere de albine...\" \/>\n<meta property=\"og:url\" content=\"https:\/\/melissimo.ro\/en\/product\/melissimo-aronia\/\" \/>\n<meta property=\"og:site_name\" content=\"Melissimo\" \/>\n<meta property=\"article:publisher\" content=\"https:\/\/www.facebook.com\/melissimo.ro\" \/>\n<meta property=\"article:modified_time\" content=\"2026-04-01T10:11:43+00:00\" \/>\n<meta property=\"og:image\" content=\"https:\/\/melissimo.ro\/wp-content\/uploads\/2020\/11\/melissimo-aronia-bio-social.jpg\" \/>\n\t<meta property=\"og:image:width\" content=\"1200\" \/>\n\t<meta property=\"og:image:height\" content=\"630\" \/>\n\t<meta property=\"og:image:type\" content=\"image\/jpeg\" \/>\n<meta name=\"twitter:card\" content=\"summary_large_image\" \/>\n<meta name=\"twitter:label1\" content=\"Est. reading time\" \/>\n\t<meta name=\"twitter:data1\" content=\"1 minute\" \/>\n<script type=\"application\/ld+json\" class=\"yoast-schema-graph\">{\"@context\":\"https:\\\/\\\/schema.org\",\"@graph\":[{\"@type\":\"WebPage\",\"@id\":\"https:\\\/\\\/melissimo.ro\\\/product\\\/melissimo-aronia\\\/\",\"url\":\"https:\\\/\\\/melissimo.ro\\\/product\\\/melissimo-aronia\\\/\",\"name\":\"B\u0103utur\u0103 r\u0103coritoare natural\u0103 BIO Aronia - Melissimo\",\"isPartOf\":{\"@id\":\"https:\\\/\\\/melissimo.ro\\\/#website\"},\"primaryImageOfPage\":{\"@id\":\"https:\\\/\\\/melissimo.ro\\\/product\\\/melissimo-aronia\\\/#primaryimage\"},\"image\":{\"@id\":\"https:\\\/\\\/melissimo.ro\\\/product\\\/melissimo-aronia\\\/#primaryimage\"},\"thumbnailUrl\":\"https:\\\/\\\/melissimo.ro\\\/wp-content\\\/uploads\\\/2020\\\/11\\\/suc-aronia-bio-melissimo-01.jpg\",\"datePublished\":\"2020-11-04T11:12:08+00:00\",\"dateModified\":\"2026-04-01T10:11:43+00:00\",\"description\":\"Melissimo Aronia este un suc\u00a0BIO ob\u021binut din fructe de aronia \u0219i c\u0103tin\u0103 stoarse la rece, \u00eendulcit\u0103 cu miere de albine...\",\"breadcrumb\":{\"@id\":\"https:\\\/\\\/melissimo.ro\\\/product\\\/melissimo-aronia\\\/#breadcrumb\"},\"inLanguage\":\"en-US\",\"potentialAction\":[{\"@type\":\"ReadAction\",\"target\":[\"https:\\\/\\\/melissimo.ro\\\/product\\\/melissimo-aronia\\\/\"]}]},{\"@type\":\"ImageObject\",\"inLanguage\":\"en-US\",\"@id\":\"https:\\\/\\\/melissimo.ro\\\/product\\\/melissimo-aronia\\\/#primaryimage\",\"url\":\"https:\\\/\\\/melissimo.ro\\\/wp-content\\\/uploads\\\/2020\\\/11\\\/suc-aronia-bio-melissimo-01.jpg\",\"contentUrl\":\"https:\\\/\\\/melissimo.ro\\\/wp-content\\\/uploads\\\/2020\\\/11\\\/suc-aronia-bio-melissimo-01.jpg\",\"width\":1080,\"height\":1080,\"caption\":\"suc aronia bio melissimo\"},{\"@type\":\"BreadcrumbList\",\"@id\":\"https:\\\/\\\/melissimo.ro\\\/product\\\/melissimo-aronia\\\/#breadcrumb\",\"itemListElement\":[{\"@type\":\"ListItem\",\"position\":1,\"name\":\"Prima pagin\u0103\",\"item\":\"https:\\\/\\\/melissimo.ro\\\/\"},{\"@type\":\"ListItem\",\"position\":2,\"name\":\"Shop\",\"item\":\"https:\\\/\\\/melissimo.ro\\\/shop\\\/\"},{\"@type\":\"ListItem\",\"position\":3,\"name\":\"B\u0103utur\u0103 r\u0103coritoare natural\u0103 BIO Aronia\"}]},{\"@type\":\"WebSite\",\"@id\":\"https:\\\/\\\/melissimo.ro\\\/#website\",\"url\":\"https:\\\/\\\/melissimo.ro\\\/\",\"name\":\"Melissimo\",\"description\":\"Delicios de Sanatos\",\"publisher\":{\"@id\":\"https:\\\/\\\/melissimo.ro\\\/#organization\"},\"potentialAction\":[{\"@type\":\"SearchAction\",\"target\":{\"@type\":\"EntryPoint\",\"urlTemplate\":\"https:\\\/\\\/melissimo.ro\\\/?s={search_term_string}\"},\"query-input\":{\"@type\":\"PropertyValueSpecification\",\"valueRequired\":true,\"valueName\":\"search_term_string\"}}],\"inLanguage\":\"en-US\"},{\"@type\":\"Organization\",\"@id\":\"https:\\\/\\\/melissimo.ro\\\/#organization\",\"name\":\"Melissimo\",\"url\":\"https:\\\/\\\/melissimo.ro\\\/\",\"logo\":{\"@type\":\"ImageObject\",\"inLanguage\":\"en-US\",\"@id\":\"https:\\\/\\\/melissimo.ro\\\/#\\\/schema\\\/logo\\\/image\\\/\",\"url\":\"https:\\\/\\\/melissimo.ro\\\/wp-content\\\/uploads\\\/2020\\\/10\\\/logo_dark.png\",\"contentUrl\":\"https:\\\/\\\/melissimo.ro\\\/wp-content\\\/uploads\\\/2020\\\/10\\\/logo_dark.png\",\"width\":326,\"height\":70,\"caption\":\"Melissimo\"},\"image\":{\"@id\":\"https:\\\/\\\/melissimo.ro\\\/#\\\/schema\\\/logo\\\/image\\\/\"},\"sameAs\":[\"https:\\\/\\\/www.facebook.com\\\/melissimo.ro\",\"https:\\\/\\\/www.instagram.com\\\/melissimo.ro\\\/\"]}]}<\/script>\n<!-- \/ Yoast SEO plugin. -->","yoast_head_json":{"title":"B\u0103utur\u0103 r\u0103coritoare natural\u0103 BIO Aronia - Melissimo","description":"Melissimo Aronia este un suc\u00a0BIO ob\u021binut din fructe de aronia \u0219i c\u0103tin\u0103 stoarse la rece, \u00eendulcit\u0103 cu miere de albine...","robots":{"index":"index","follow":"follow","max-snippet":"max-snippet:-1","max-image-preview":"max-image-preview:large","max-video-preview":"max-video-preview:-1"},"canonical":"https:\/\/melissimo.ro\/en\/product\/melissimo-aronia\/","og_locale":"en_US","og_type":"article","og_title":"B\u0103utur\u0103 r\u0103coritoare natural\u0103 BIO Aronia - Melissimo","og_description":"Melissimo Aronia este un suc\u00a0BIO ob\u021binut din fructe de aronia \u0219i c\u0103tin\u0103 stoarse la rece, \u00eendulcit\u0103 cu miere de albine...","og_url":"https:\/\/melissimo.ro\/en\/product\/melissimo-aronia\/","og_site_name":"Melissimo","article_publisher":"https:\/\/www.facebook.com\/melissimo.ro","article_modified_time":"2026-04-01T10:11:43+00:00","og_image":[{"width":1200,"height":630,"url":"https:\/\/melissimo.ro\/wp-content\/uploads\/2020\/11\/melissimo-aronia-bio-social.jpg","type":"image\/jpeg"}],"twitter_card":"summary_large_image","twitter_misc":{"Est. reading time":"1 minute"},"schema":{"@context":"https:\/\/schema.org","@graph":[{"@type":"WebPage","@id":"https:\/\/melissimo.ro\/product\/melissimo-aronia\/","url":"https:\/\/melissimo.ro\/product\/melissimo-aronia\/","name":"B\u0103utur\u0103 r\u0103coritoare natural\u0103 BIO Aronia - Melissimo","isPartOf":{"@id":"https:\/\/melissimo.ro\/#website"},"primaryImageOfPage":{"@id":"https:\/\/melissimo.ro\/product\/melissimo-aronia\/#primaryimage"},"image":{"@id":"https:\/\/melissimo.ro\/product\/melissimo-aronia\/#primaryimage"},"thumbnailUrl":"https:\/\/melissimo.ro\/wp-content\/uploads\/2020\/11\/suc-aronia-bio-melissimo-01.jpg","datePublished":"2020-11-04T11:12:08+00:00","dateModified":"2026-04-01T10:11:43+00:00","description":"Melissimo Aronia este un suc\u00a0BIO ob\u021binut din fructe de aronia \u0219i c\u0103tin\u0103 stoarse la rece, \u00eendulcit\u0103 cu miere de albine...","breadcrumb":{"@id":"https:\/\/melissimo.ro\/product\/melissimo-aronia\/#breadcrumb"},"inLanguage":"en-US","potentialAction":[{"@type":"ReadAction","target":["https:\/\/melissimo.ro\/product\/melissimo-aronia\/"]}]},{"@type":"ImageObject","inLanguage":"en-US","@id":"https:\/\/melissimo.ro\/product\/melissimo-aronia\/#primaryimage","url":"https:\/\/melissimo.ro\/wp-content\/uploads\/2020\/11\/suc-aronia-bio-melissimo-01.jpg","contentUrl":"https:\/\/melissimo.ro\/wp-content\/uploads\/2020\/11\/suc-aronia-bio-melissimo-01.jpg","width":1080,"height":1080,"caption":"suc aronia bio melissimo"},{"@type":"BreadcrumbList","@id":"https:\/\/melissimo.ro\/product\/melissimo-aronia\/#breadcrumb","itemListElement":[{"@type":"ListItem","position":1,"name":"Prima pagin\u0103","item":"https:\/\/melissimo.ro\/"},{"@type":"ListItem","position":2,"name":"Shop","item":"https:\/\/melissimo.ro\/shop\/"},{"@type":"ListItem","position":3,"name":"B\u0103utur\u0103 r\u0103coritoare natural\u0103 BIO Aronia"}]},{"@type":"WebSite","@id":"https:\/\/melissimo.ro\/#website","url":"https:\/\/melissimo.ro\/","name":"Melissimo","description":"Sanatos delights","publisher":{"@id":"https:\/\/melissimo.ro\/#organization"},"potentialAction":[{"@type":"SearchAction","target":{"@type":"EntryPoint","urlTemplate":"https:\/\/melissimo.ro\/?s={search_term_string}"},"query-input":{"@type":"PropertyValueSpecification","valueRequired":true,"valueName":"search_term_string"}}],"inLanguage":"en-US"},{"@type":"Organization","@id":"https:\/\/melissimo.ro\/#organization","name":"Melissimo","url":"https:\/\/melissimo.ro\/","logo":{"@type":"ImageObject","inLanguage":"en-US","@id":"https:\/\/melissimo.ro\/#\/schema\/logo\/image\/","url":"https:\/\/melissimo.ro\/wp-content\/uploads\/2020\/10\/logo_dark.png","contentUrl":"https:\/\/melissimo.ro\/wp-content\/uploads\/2020\/10\/logo_dark.png","width":326,"height":70,"caption":"Melissimo"},"image":{"@id":"https:\/\/melissimo.ro\/#\/schema\/logo\/image\/"},"sameAs":["https:\/\/www.facebook.com\/melissimo.ro","https:\/\/www.instagram.com\/melissimo.ro\/"]}]}},"_links":{"self":[{"href":"https:\/\/melissimo.ro\/en\/wp-json\/wp\/v2\/product\/1324","targetHints":{"allow":["GET"]}}],"collection":[{"href":"https:\/\/melissimo.ro\/en\/wp-json\/wp\/v2\/product"}],"about":[{"href":"https:\/\/melissimo.ro\/en\/wp-json\/wp\/v2\/types\/product"}],"wp:featuredmedia":[{"embeddable":true,"href":"https:\/\/melissimo.ro\/en\/wp-json\/wp\/v2\/media\/16440"}],"wp:attachment":[{"href":"https:\/\/melissimo.ro\/en\/wp-json\/wp\/v2\/media?parent=1324"}],"wp:term":[{"taxonomy":"product_brand","embeddable":true,"href":"https:\/\/melissimo.ro\/en\/wp-json\/wp\/v2\/product_brand?post=1324"},{"taxonomy":"product_cat","embeddable":true,"href":"https:\/\/melissimo.ro\/en\/wp-json\/wp\/v2\/product_cat?post=1324"},{"taxonomy":"product_tag","embeddable":true,"href":"https:\/\/melissimo.ro\/en\/wp-json\/wp\/v2\/product_tag?post=1324"}],"curies":[{"name":"wp","href":"https:\/\/api.w.org\/{rel}","templated":true}]}}