{"id":11291,"date":"2024-02-19T17:40:45","date_gmt":"2024-02-19T15:40:45","guid":{"rendered":"https:\/\/melissimo.ro\/?post_type=product&#038;p=11291"},"modified":"2026-04-27T09:03:32","modified_gmt":"2026-04-27T06:03:32","slug":"suc-de-rodie","status":"publish","type":"product","link":"https:\/\/melissimo.ro\/en\/product\/suc-de-rodie\/","title":{"rendered":"Pomegranate Juice Melissimo"},"content":{"rendered":"<div class=\"wpb-content-wrapper\"><div class=\"vc_row wpb_row vc_row-fluid\"><div class=\"wpb_column vc_column_container vc_col-sm-12\"><div class=\"vc_column-inner\"><div class=\"wpb_wrapper\">\n\t<div class=\"wpb_text_column wpb_content_element\" >\n\t\t<div class=\"wpb_wrapper\">\n\t\t\t<p><strong>Quantity: 250ml<\/strong><\/p>\n<p><img loading=\"lazy\" decoding=\"async\" class=\"wd-lazy-fade alignnone size-full wp-image-24613\" src=\"https:\/\/melissimo.ro\/wp-content\/themes\/woodmart\/images\/lazy.svg\" data-src=\"https:\/\/new.melissimo.ro\/wp-content\/uploads\/2025\/05\/ue-flag-melissimo.jpg\" alt=\"\" width=\"25\" height=\"15\" \/>\u00a0 <strong>PRODUCT IN EU for EUROMELLIS NATURA SRL<\/strong><\/p>\n\n\t\t<\/div>\n\t<\/div>\n<\/div><\/div><\/div><\/div>\n<\/div>","protected":false},"excerpt":{"rendered":"<p style=\"text-align: center\"><span style=\"font-weight: 400\">Pomegranate juice is a sophisticated drink with remarkable health benefits. It is one of the richest sources of natural antioxidants, playing an essential role in preventing cardiovascular disease, regulating blood pressure and protecting cells against free radicals. It contains polyphenols, vitamin C, vitamin K and folic acid. Studies show that pomegranate juice can also help improve memory and mood. Its complex taste - sweet, slightly astringent - makes it ideal as part of a balanced and healthy diet.<\/span><\/p>\n<h4 style=\"text-align: center\"><span style=\"color: #ff7536\">INGREDIENT<\/span><\/h4>\n<p style=\"text-align: center\"><span style=\"font-weight: 400\">Pomegranate juice 100% (<\/span><i><span style=\"font-weight: 400\">Punica granatum<\/span><\/i><span style=\"font-weight: 400\">)<\/span><\/p>","protected":false},"featured_media":16254,"template":"","meta":{"_acf_changed":false},"product_brand":[],"product_cat":[69],"product_tag":[66],"class_list":{"0":"post-11291","1":"product","2":"type-product","3":"status-publish","4":"has-post-thumbnail","6":"product_cat-suc","7":"product_tag-tip-1","9":"first","10":"instock","11":"taxable","12":"shipping-taxable","13":"purchasable","14":"product-type-simple"},"acf":[],"yoast_head":"<!-- This site is optimized with the Yoast SEO plugin v27.3 - https:\/\/yoast.com\/product\/yoast-seo-wordpress\/ -->\n<title>Suc de Rodie Melissimo - Melissimo<\/title>\n<meta name=\"robots\" content=\"index, follow, max-snippet:-1, max-image-preview:large, max-video-preview:-1\" \/>\n<link rel=\"canonical\" href=\"https:\/\/melissimo.ro\/en\/product\/suc-de-rodie\/\" \/>\n<meta property=\"og:locale\" content=\"en_US\" \/>\n<meta property=\"og:type\" content=\"article\" \/>\n<meta property=\"og:title\" content=\"Suc de Rodie Melissimo - Melissimo\" \/>\n<meta property=\"og:description\" content=\"Sucul de rodie este o b\u0103utur\u0103 sofisticat\u0103 cu beneficii remarcabile pentru s\u0103n\u0103tate. Este una dintre cele mai bogate surse de antioxidan\u021bi naturali, av\u00e2nd un rol esen\u021bial \u00een prevenirea bolilor cardiovasculare, reglarea tensiunii arteriale \u0219i protec\u021bia celulelor \u00eempotriva radicalilor liberi. Con\u021bine polifenoli, vitamina C, vitamina K \u0219i acid folic. Studiile arat\u0103 c\u0103 sucul de rodie poate contribui \u0219i la \u00eembun\u0103t\u0103\u021birea memoriei \u0219i a st\u0103rii de spirit. Gustul s\u0103u complex \u2013 dulce, u\u0219or astringent \u2013 \u00eel face ideal ca parte dintr-un regim echilibrat \u0219i s\u0103n\u0103tos.  INGREDIENTE Suc de rodie 100% (Punica granatum)\" \/>\n<meta property=\"og:url\" content=\"https:\/\/melissimo.ro\/en\/product\/suc-de-rodie\/\" \/>\n<meta property=\"og:site_name\" content=\"Melissimo\" \/>\n<meta property=\"article:publisher\" content=\"https:\/\/www.facebook.com\/melissimo.ro\" \/>\n<meta property=\"article:modified_time\" content=\"2026-04-27T06:03:32+00:00\" \/>\n<meta property=\"og:image\" content=\"https:\/\/melissimo.ro\/wp-content\/uploads\/2024\/02\/featured-social-Suc-de-Rodie-Melissimo.jpg\" \/>\n\t<meta property=\"og:image:width\" content=\"1200\" \/>\n\t<meta property=\"og:image:height\" content=\"630\" \/>\n\t<meta property=\"og:image:type\" content=\"image\/jpeg\" \/>\n<meta name=\"twitter:card\" content=\"summary_large_image\" \/>\n<meta name=\"twitter:label1\" content=\"Est. reading time\" \/>\n\t<meta name=\"twitter:data1\" content=\"1 minute\" \/>\n<script type=\"application\/ld+json\" class=\"yoast-schema-graph\">{\"@context\":\"https:\\\/\\\/schema.org\",\"@graph\":[{\"@type\":\"WebPage\",\"@id\":\"https:\\\/\\\/melissimo.ro\\\/product\\\/suc-de-rodie\\\/\",\"url\":\"https:\\\/\\\/melissimo.ro\\\/product\\\/suc-de-rodie\\\/\",\"name\":\"Suc de Rodie Melissimo - Melissimo\",\"isPartOf\":{\"@id\":\"https:\\\/\\\/melissimo.ro\\\/#website\"},\"primaryImageOfPage\":{\"@id\":\"https:\\\/\\\/melissimo.ro\\\/product\\\/suc-de-rodie\\\/#primaryimage\"},\"image\":{\"@id\":\"https:\\\/\\\/melissimo.ro\\\/product\\\/suc-de-rodie\\\/#primaryimage\"},\"thumbnailUrl\":\"https:\\\/\\\/melissimo.ro\\\/wp-content\\\/uploads\\\/2024\\\/02\\\/suc-de-rodie-melissimo-01.jpg\",\"datePublished\":\"2024-02-19T15:40:45+00:00\",\"dateModified\":\"2026-04-27T06:03:32+00:00\",\"breadcrumb\":{\"@id\":\"https:\\\/\\\/melissimo.ro\\\/product\\\/suc-de-rodie\\\/#breadcrumb\"},\"inLanguage\":\"en-US\",\"potentialAction\":[{\"@type\":\"ReadAction\",\"target\":[\"https:\\\/\\\/melissimo.ro\\\/product\\\/suc-de-rodie\\\/\"]}]},{\"@type\":\"ImageObject\",\"inLanguage\":\"en-US\",\"@id\":\"https:\\\/\\\/melissimo.ro\\\/product\\\/suc-de-rodie\\\/#primaryimage\",\"url\":\"https:\\\/\\\/melissimo.ro\\\/wp-content\\\/uploads\\\/2024\\\/02\\\/suc-de-rodie-melissimo-01.jpg\",\"contentUrl\":\"https:\\\/\\\/melissimo.ro\\\/wp-content\\\/uploads\\\/2024\\\/02\\\/suc-de-rodie-melissimo-01.jpg\",\"width\":1080,\"height\":1080,\"caption\":\"suc de rodie melissimo\"},{\"@type\":\"BreadcrumbList\",\"@id\":\"https:\\\/\\\/melissimo.ro\\\/product\\\/suc-de-rodie\\\/#breadcrumb\",\"itemListElement\":[{\"@type\":\"ListItem\",\"position\":1,\"name\":\"Prima pagin\u0103\",\"item\":\"https:\\\/\\\/melissimo.ro\\\/\"},{\"@type\":\"ListItem\",\"position\":2,\"name\":\"Shop\",\"item\":\"https:\\\/\\\/melissimo.ro\\\/shop\\\/\"},{\"@type\":\"ListItem\",\"position\":3,\"name\":\"Suc de Rodie Melissimo\"}]},{\"@type\":\"WebSite\",\"@id\":\"https:\\\/\\\/melissimo.ro\\\/#website\",\"url\":\"https:\\\/\\\/melissimo.ro\\\/\",\"name\":\"Melissimo\",\"description\":\"Delicios de Sanatos\",\"publisher\":{\"@id\":\"https:\\\/\\\/melissimo.ro\\\/#organization\"},\"potentialAction\":[{\"@type\":\"SearchAction\",\"target\":{\"@type\":\"EntryPoint\",\"urlTemplate\":\"https:\\\/\\\/melissimo.ro\\\/?s={search_term_string}\"},\"query-input\":{\"@type\":\"PropertyValueSpecification\",\"valueRequired\":true,\"valueName\":\"search_term_string\"}}],\"inLanguage\":\"en-US\"},{\"@type\":\"Organization\",\"@id\":\"https:\\\/\\\/melissimo.ro\\\/#organization\",\"name\":\"Melissimo\",\"url\":\"https:\\\/\\\/melissimo.ro\\\/\",\"logo\":{\"@type\":\"ImageObject\",\"inLanguage\":\"en-US\",\"@id\":\"https:\\\/\\\/melissimo.ro\\\/#\\\/schema\\\/logo\\\/image\\\/\",\"url\":\"https:\\\/\\\/melissimo.ro\\\/wp-content\\\/uploads\\\/2020\\\/10\\\/logo_dark.png\",\"contentUrl\":\"https:\\\/\\\/melissimo.ro\\\/wp-content\\\/uploads\\\/2020\\\/10\\\/logo_dark.png\",\"width\":326,\"height\":70,\"caption\":\"Melissimo\"},\"image\":{\"@id\":\"https:\\\/\\\/melissimo.ro\\\/#\\\/schema\\\/logo\\\/image\\\/\"},\"sameAs\":[\"https:\\\/\\\/www.facebook.com\\\/melissimo.ro\",\"https:\\\/\\\/www.instagram.com\\\/melissimo.ro\\\/\"]}]}<\/script>\n<!-- \/ Yoast SEO plugin. -->","yoast_head_json":{"title":"Suc de Rodie Melissimo - Melissimo","robots":{"index":"index","follow":"follow","max-snippet":"max-snippet:-1","max-image-preview":"max-image-preview:large","max-video-preview":"max-video-preview:-1"},"canonical":"https:\/\/melissimo.ro\/en\/product\/suc-de-rodie\/","og_locale":"en_US","og_type":"article","og_title":"Suc de Rodie Melissimo - Melissimo","og_description":"Sucul de rodie este o b\u0103utur\u0103 sofisticat\u0103 cu beneficii remarcabile pentru s\u0103n\u0103tate. Este una dintre cele mai bogate surse de antioxidan\u021bi naturali, av\u00e2nd un rol esen\u021bial \u00een prevenirea bolilor cardiovasculare, reglarea tensiunii arteriale \u0219i protec\u021bia celulelor \u00eempotriva radicalilor liberi. Con\u021bine polifenoli, vitamina C, vitamina K \u0219i acid folic. Studiile arat\u0103 c\u0103 sucul de rodie poate contribui \u0219i la \u00eembun\u0103t\u0103\u021birea memoriei \u0219i a st\u0103rii de spirit. Gustul s\u0103u complex \u2013 dulce, u\u0219or astringent \u2013 \u00eel face ideal ca parte dintr-un regim echilibrat \u0219i s\u0103n\u0103tos.  INGREDIENTE Suc de rodie 100% (Punica granatum)","og_url":"https:\/\/melissimo.ro\/en\/product\/suc-de-rodie\/","og_site_name":"Melissimo","article_publisher":"https:\/\/www.facebook.com\/melissimo.ro","article_modified_time":"2026-04-27T06:03:32+00:00","og_image":[{"width":1200,"height":630,"url":"https:\/\/melissimo.ro\/wp-content\/uploads\/2024\/02\/featured-social-Suc-de-Rodie-Melissimo.jpg","type":"image\/jpeg"}],"twitter_card":"summary_large_image","twitter_misc":{"Est. reading time":"1 minute"},"schema":{"@context":"https:\/\/schema.org","@graph":[{"@type":"WebPage","@id":"https:\/\/melissimo.ro\/product\/suc-de-rodie\/","url":"https:\/\/melissimo.ro\/product\/suc-de-rodie\/","name":"Suc de Rodie Melissimo - Melissimo","isPartOf":{"@id":"https:\/\/melissimo.ro\/#website"},"primaryImageOfPage":{"@id":"https:\/\/melissimo.ro\/product\/suc-de-rodie\/#primaryimage"},"image":{"@id":"https:\/\/melissimo.ro\/product\/suc-de-rodie\/#primaryimage"},"thumbnailUrl":"https:\/\/melissimo.ro\/wp-content\/uploads\/2024\/02\/suc-de-rodie-melissimo-01.jpg","datePublished":"2024-02-19T15:40:45+00:00","dateModified":"2026-04-27T06:03:32+00:00","breadcrumb":{"@id":"https:\/\/melissimo.ro\/product\/suc-de-rodie\/#breadcrumb"},"inLanguage":"en-US","potentialAction":[{"@type":"ReadAction","target":["https:\/\/melissimo.ro\/product\/suc-de-rodie\/"]}]},{"@type":"ImageObject","inLanguage":"en-US","@id":"https:\/\/melissimo.ro\/product\/suc-de-rodie\/#primaryimage","url":"https:\/\/melissimo.ro\/wp-content\/uploads\/2024\/02\/suc-de-rodie-melissimo-01.jpg","contentUrl":"https:\/\/melissimo.ro\/wp-content\/uploads\/2024\/02\/suc-de-rodie-melissimo-01.jpg","width":1080,"height":1080,"caption":"suc de rodie melissimo"},{"@type":"BreadcrumbList","@id":"https:\/\/melissimo.ro\/product\/suc-de-rodie\/#breadcrumb","itemListElement":[{"@type":"ListItem","position":1,"name":"Prima pagin\u0103","item":"https:\/\/melissimo.ro\/"},{"@type":"ListItem","position":2,"name":"Shop","item":"https:\/\/melissimo.ro\/shop\/"},{"@type":"ListItem","position":3,"name":"Suc de Rodie Melissimo"}]},{"@type":"WebSite","@id":"https:\/\/melissimo.ro\/#website","url":"https:\/\/melissimo.ro\/","name":"Melissimo","description":"Sanatos delights","publisher":{"@id":"https:\/\/melissimo.ro\/#organization"},"potentialAction":[{"@type":"SearchAction","target":{"@type":"EntryPoint","urlTemplate":"https:\/\/melissimo.ro\/?s={search_term_string}"},"query-input":{"@type":"PropertyValueSpecification","valueRequired":true,"valueName":"search_term_string"}}],"inLanguage":"en-US"},{"@type":"Organization","@id":"https:\/\/melissimo.ro\/#organization","name":"Melissimo","url":"https:\/\/melissimo.ro\/","logo":{"@type":"ImageObject","inLanguage":"en-US","@id":"https:\/\/melissimo.ro\/#\/schema\/logo\/image\/","url":"https:\/\/melissimo.ro\/wp-content\/uploads\/2020\/10\/logo_dark.png","contentUrl":"https:\/\/melissimo.ro\/wp-content\/uploads\/2020\/10\/logo_dark.png","width":326,"height":70,"caption":"Melissimo"},"image":{"@id":"https:\/\/melissimo.ro\/#\/schema\/logo\/image\/"},"sameAs":["https:\/\/www.facebook.com\/melissimo.ro","https:\/\/www.instagram.com\/melissimo.ro\/"]}]}},"_links":{"self":[{"href":"https:\/\/melissimo.ro\/en\/wp-json\/wp\/v2\/product\/11291","targetHints":{"allow":["GET"]}}],"collection":[{"href":"https:\/\/melissimo.ro\/en\/wp-json\/wp\/v2\/product"}],"about":[{"href":"https:\/\/melissimo.ro\/en\/wp-json\/wp\/v2\/types\/product"}],"wp:featuredmedia":[{"embeddable":true,"href":"https:\/\/melissimo.ro\/en\/wp-json\/wp\/v2\/media\/16254"}],"wp:attachment":[{"href":"https:\/\/melissimo.ro\/en\/wp-json\/wp\/v2\/media?parent=11291"}],"wp:term":[{"taxonomy":"product_brand","embeddable":true,"href":"https:\/\/melissimo.ro\/en\/wp-json\/wp\/v2\/product_brand?post=11291"},{"taxonomy":"product_cat","embeddable":true,"href":"https:\/\/melissimo.ro\/en\/wp-json\/wp\/v2\/product_cat?post=11291"},{"taxonomy":"product_tag","embeddable":true,"href":"https:\/\/melissimo.ro\/en\/wp-json\/wp\/v2\/product_tag?post=11291"}],"curies":[{"name":"wp","href":"https:\/\/api.w.org\/{rel}","templated":true}]}}