{"id":10903,"date":"2024-01-19T14:54:39","date_gmt":"2024-01-19T12:54:39","guid":{"rendered":"https:\/\/melissimo.ro\/?post_type=product&#038;p=10903"},"modified":"2026-02-10T17:21:39","modified_gmt":"2026-02-10T15:21:39","slug":"melarium-miere-de-salcam-bio","status":"publish","type":"product","link":"https:\/\/melissimo.ro\/en\/product\/melarium-miere-de-salcam-bio\/","title":{"rendered":"Melarium Organic Acacia Honey"},"content":{"rendered":"","protected":false},"excerpt":{"rendered":"<p style=\"text-align: center;\"><strong>Honey<\/strong> is produced by bees from the nectar of flowering plants. Depending on the floral source used, there are more than 320 varieties of honey in the world, differing in color, scent and flavor. More than just a natural sweetener, honey has many therapeutic indications, helping to keep the body healthy.<\/p>\n<p style=\"text-align: center;\"><strong>Acacia honey<\/strong> is characterized by a fine and delicate taste, fluidity, clarity and light color. In terms of composition, it is distinguished by its high fructose level and its numerous bioactive compounds such as vitamins, phenolic acids, flavonoids and fatty acids. Thanks to these characteristics, it is highly nutritious and has a powerful antioxidant and immunomodulatory effect.<\/p>\n<h4 style=\"text-align: center;\"><span style=\"color: #ff7536;\"><strong>INGREDIENT<br \/>\n<\/strong><\/span><\/h4>\n<p style=\"text-align: center;\">100% organic acacia honey, raw, straight from the beehive. Raw honey is not subjected to heating or pasteurization, preserving all natural enzymes, vitamins, minerals and bioactive compounds.<\/p>","protected":false},"featured_media":16164,"template":"","meta":{"_acf_changed":false},"product_brand":[],"product_cat":[49,72],"product_tag":[66],"class_list":{"0":"post-10903","1":"product","2":"type-product","3":"status-publish","4":"has-post-thumbnail","6":"product_cat-miere","7":"product_cat-sucuri-nectaruri-bauturi-bio","8":"product_tag-tip-1","10":"first","11":"instock","12":"taxable","13":"shipping-taxable","14":"purchasable","15":"product-type-variable"},"acf":[],"yoast_head":"<!-- This site is optimized with the Yoast SEO plugin v27.3 - https:\/\/yoast.com\/product\/yoast-seo-wordpress\/ -->\n<title>Miere de Salc\u00e2m Bio Melarium - Melissimo<\/title>\n<meta name=\"robots\" content=\"index, follow, max-snippet:-1, max-image-preview:large, max-video-preview:-1\" \/>\n<link rel=\"canonical\" href=\"https:\/\/melissimo.ro\/en\/product\/melarium-miere-de-salcam-bio\/\" \/>\n<meta property=\"og:locale\" content=\"en_US\" \/>\n<meta property=\"og:type\" content=\"article\" \/>\n<meta property=\"og:title\" content=\"Miere de Salc\u00e2m Bio Melarium - Melissimo\" \/>\n<meta property=\"og:description\" content=\"Mierea este produs\u0103 de albine din nectarul plantelor cu flori. \u00cen func\u021bie de sursa floral\u0103 folosit\u0103, \u00een lume exist\u0103 peste 320 de soiuri de miere care difer\u0103 prin culoare, miros \u0219i arom\u0103. Mai mult dec\u00e2t un \u00eendulcitor 100% natural, mierea are numeroase indica\u021bii terapeutice, contribuind la men\u021binerea st\u0103rii de s\u0103n\u0103tate a organismului. Mierea de salc\u00e2m se individualizeaz\u0103 printr-un gust fin \u0219i delicat, fluiditate, limpezime \u0219i culoare deschis\u0103. Din punct de vedere al compozi\u021biei, se remarc\u0103 prin nivelul ridicat de fructoz\u0103 \u0219i numero\u0219ii s\u0103i compu\u0219i\u00a0 bioactivi precum vitaminele, acizii fenolici, flavonoidele \u0219i acizii gra\u0219i. Datorit\u0103 acestor caracteristici, este extrem de nutritiv\u0103 \u0219i are un puternic efect antioxidant \u0219i imunomodulator.  INGREDIENTE  100% miere de salc\u00e2m bio, crud\u0103 (raw), ob\u021binut\u0103 direct din stup. Mierea raw nu este supus\u0103 \u00eenc\u0103lzirii sau pasteuriz\u0103rii, p\u0103str\u00e2nd integral enzimele naturale, vitaminele, mineralele \u0219i compu\u0219ii bioactivi.\" \/>\n<meta property=\"og:url\" content=\"https:\/\/melissimo.ro\/en\/product\/melarium-miere-de-salcam-bio\/\" \/>\n<meta property=\"og:site_name\" content=\"Melissimo\" \/>\n<meta property=\"article:publisher\" content=\"https:\/\/www.facebook.com\/melissimo.ro\" \/>\n<meta property=\"article:modified_time\" content=\"2026-02-10T15:21:39+00:00\" \/>\n<meta property=\"og:image\" content=\"https:\/\/melissimo.ro\/wp-content\/uploads\/2024\/01\/featured-social-Miere-de-Salcam-Bio-Melarium.jpg\" \/>\n\t<meta property=\"og:image:width\" content=\"1200\" \/>\n\t<meta property=\"og:image:height\" content=\"630\" \/>\n\t<meta property=\"og:image:type\" content=\"image\/jpeg\" \/>\n<meta name=\"twitter:card\" content=\"summary_large_image\" \/>\n<meta name=\"twitter:label1\" content=\"Est. reading time\" \/>\n\t<meta name=\"twitter:data1\" content=\"1 minute\" \/>\n<script type=\"application\/ld+json\" class=\"yoast-schema-graph\">{\"@context\":\"https:\\\/\\\/schema.org\",\"@graph\":[{\"@type\":\"WebPage\",\"@id\":\"https:\\\/\\\/melissimo.ro\\\/product\\\/melarium-miere-de-salcam-bio\\\/\",\"url\":\"https:\\\/\\\/melissimo.ro\\\/product\\\/melarium-miere-de-salcam-bio\\\/\",\"name\":\"Miere de Salc\u00e2m Bio Melarium - Melissimo\",\"isPartOf\":{\"@id\":\"https:\\\/\\\/melissimo.ro\\\/#website\"},\"primaryImageOfPage\":{\"@id\":\"https:\\\/\\\/melissimo.ro\\\/product\\\/melarium-miere-de-salcam-bio\\\/#primaryimage\"},\"image\":{\"@id\":\"https:\\\/\\\/melissimo.ro\\\/product\\\/melarium-miere-de-salcam-bio\\\/#primaryimage\"},\"thumbnailUrl\":\"https:\\\/\\\/melissimo.ro\\\/wp-content\\\/uploads\\\/2024\\\/01\\\/Miere-de-Salcam-Bio-200-melissimo-01.jpg\",\"datePublished\":\"2024-01-19T12:54:39+00:00\",\"dateModified\":\"2026-02-10T15:21:39+00:00\",\"breadcrumb\":{\"@id\":\"https:\\\/\\\/melissimo.ro\\\/product\\\/melarium-miere-de-salcam-bio\\\/#breadcrumb\"},\"inLanguage\":\"en-US\",\"potentialAction\":[{\"@type\":\"ReadAction\",\"target\":[\"https:\\\/\\\/melissimo.ro\\\/product\\\/melarium-miere-de-salcam-bio\\\/\"]}]},{\"@type\":\"ImageObject\",\"inLanguage\":\"en-US\",\"@id\":\"https:\\\/\\\/melissimo.ro\\\/product\\\/melarium-miere-de-salcam-bio\\\/#primaryimage\",\"url\":\"https:\\\/\\\/melissimo.ro\\\/wp-content\\\/uploads\\\/2024\\\/01\\\/Miere-de-Salcam-Bio-200-melissimo-01.jpg\",\"contentUrl\":\"https:\\\/\\\/melissimo.ro\\\/wp-content\\\/uploads\\\/2024\\\/01\\\/Miere-de-Salcam-Bio-200-melissimo-01.jpg\",\"width\":1080,\"height\":1080,\"caption\":\"Miere de Salcam Bio 200 melissimo\"},{\"@type\":\"BreadcrumbList\",\"@id\":\"https:\\\/\\\/melissimo.ro\\\/product\\\/melarium-miere-de-salcam-bio\\\/#breadcrumb\",\"itemListElement\":[{\"@type\":\"ListItem\",\"position\":1,\"name\":\"Prima pagin\u0103\",\"item\":\"https:\\\/\\\/melissimo.ro\\\/\"},{\"@type\":\"ListItem\",\"position\":2,\"name\":\"Shop\",\"item\":\"https:\\\/\\\/melissimo.ro\\\/shop\\\/\"},{\"@type\":\"ListItem\",\"position\":3,\"name\":\"Miere de Salc\u00e2m Bio Melarium\"}]},{\"@type\":\"WebSite\",\"@id\":\"https:\\\/\\\/melissimo.ro\\\/#website\",\"url\":\"https:\\\/\\\/melissimo.ro\\\/\",\"name\":\"Melissimo\",\"description\":\"Delicios de Sanatos\",\"publisher\":{\"@id\":\"https:\\\/\\\/melissimo.ro\\\/#organization\"},\"potentialAction\":[{\"@type\":\"SearchAction\",\"target\":{\"@type\":\"EntryPoint\",\"urlTemplate\":\"https:\\\/\\\/melissimo.ro\\\/?s={search_term_string}\"},\"query-input\":{\"@type\":\"PropertyValueSpecification\",\"valueRequired\":true,\"valueName\":\"search_term_string\"}}],\"inLanguage\":\"en-US\"},{\"@type\":\"Organization\",\"@id\":\"https:\\\/\\\/melissimo.ro\\\/#organization\",\"name\":\"Melissimo\",\"url\":\"https:\\\/\\\/melissimo.ro\\\/\",\"logo\":{\"@type\":\"ImageObject\",\"inLanguage\":\"en-US\",\"@id\":\"https:\\\/\\\/melissimo.ro\\\/#\\\/schema\\\/logo\\\/image\\\/\",\"url\":\"https:\\\/\\\/melissimo.ro\\\/wp-content\\\/uploads\\\/2020\\\/10\\\/logo_dark.png\",\"contentUrl\":\"https:\\\/\\\/melissimo.ro\\\/wp-content\\\/uploads\\\/2020\\\/10\\\/logo_dark.png\",\"width\":326,\"height\":70,\"caption\":\"Melissimo\"},\"image\":{\"@id\":\"https:\\\/\\\/melissimo.ro\\\/#\\\/schema\\\/logo\\\/image\\\/\"},\"sameAs\":[\"https:\\\/\\\/www.facebook.com\\\/melissimo.ro\",\"https:\\\/\\\/www.instagram.com\\\/melissimo.ro\\\/\"]}]}<\/script>\n<!-- \/ Yoast SEO plugin. -->","yoast_head_json":{"title":"Miere de Salc\u00e2m Bio Melarium - Melissimo","robots":{"index":"index","follow":"follow","max-snippet":"max-snippet:-1","max-image-preview":"max-image-preview:large","max-video-preview":"max-video-preview:-1"},"canonical":"https:\/\/melissimo.ro\/en\/product\/melarium-miere-de-salcam-bio\/","og_locale":"en_US","og_type":"article","og_title":"Miere de Salc\u00e2m Bio Melarium - Melissimo","og_description":"Mierea este produs\u0103 de albine din nectarul plantelor cu flori. \u00cen func\u021bie de sursa floral\u0103 folosit\u0103, \u00een lume exist\u0103 peste 320 de soiuri de miere care difer\u0103 prin culoare, miros \u0219i arom\u0103. Mai mult dec\u00e2t un \u00eendulcitor 100% natural, mierea are numeroase indica\u021bii terapeutice, contribuind la men\u021binerea st\u0103rii de s\u0103n\u0103tate a organismului. Mierea de salc\u00e2m se individualizeaz\u0103 printr-un gust fin \u0219i delicat, fluiditate, limpezime \u0219i culoare deschis\u0103. Din punct de vedere al compozi\u021biei, se remarc\u0103 prin nivelul ridicat de fructoz\u0103 \u0219i numero\u0219ii s\u0103i compu\u0219i\u00a0 bioactivi precum vitaminele, acizii fenolici, flavonoidele \u0219i acizii gra\u0219i. Datorit\u0103 acestor caracteristici, este extrem de nutritiv\u0103 \u0219i are un puternic efect antioxidant \u0219i imunomodulator.  INGREDIENTE  100% miere de salc\u00e2m bio, crud\u0103 (raw), ob\u021binut\u0103 direct din stup. Mierea raw nu este supus\u0103 \u00eenc\u0103lzirii sau pasteuriz\u0103rii, p\u0103str\u00e2nd integral enzimele naturale, vitaminele, mineralele \u0219i compu\u0219ii bioactivi.","og_url":"https:\/\/melissimo.ro\/en\/product\/melarium-miere-de-salcam-bio\/","og_site_name":"Melissimo","article_publisher":"https:\/\/www.facebook.com\/melissimo.ro","article_modified_time":"2026-02-10T15:21:39+00:00","og_image":[{"width":1200,"height":630,"url":"https:\/\/melissimo.ro\/wp-content\/uploads\/2024\/01\/featured-social-Miere-de-Salcam-Bio-Melarium.jpg","type":"image\/jpeg"}],"twitter_card":"summary_large_image","twitter_misc":{"Est. reading time":"1 minute"},"schema":{"@context":"https:\/\/schema.org","@graph":[{"@type":"WebPage","@id":"https:\/\/melissimo.ro\/product\/melarium-miere-de-salcam-bio\/","url":"https:\/\/melissimo.ro\/product\/melarium-miere-de-salcam-bio\/","name":"Miere de Salc\u00e2m Bio Melarium - Melissimo","isPartOf":{"@id":"https:\/\/melissimo.ro\/#website"},"primaryImageOfPage":{"@id":"https:\/\/melissimo.ro\/product\/melarium-miere-de-salcam-bio\/#primaryimage"},"image":{"@id":"https:\/\/melissimo.ro\/product\/melarium-miere-de-salcam-bio\/#primaryimage"},"thumbnailUrl":"https:\/\/melissimo.ro\/wp-content\/uploads\/2024\/01\/Miere-de-Salcam-Bio-200-melissimo-01.jpg","datePublished":"2024-01-19T12:54:39+00:00","dateModified":"2026-02-10T15:21:39+00:00","breadcrumb":{"@id":"https:\/\/melissimo.ro\/product\/melarium-miere-de-salcam-bio\/#breadcrumb"},"inLanguage":"en-US","potentialAction":[{"@type":"ReadAction","target":["https:\/\/melissimo.ro\/product\/melarium-miere-de-salcam-bio\/"]}]},{"@type":"ImageObject","inLanguage":"en-US","@id":"https:\/\/melissimo.ro\/product\/melarium-miere-de-salcam-bio\/#primaryimage","url":"https:\/\/melissimo.ro\/wp-content\/uploads\/2024\/01\/Miere-de-Salcam-Bio-200-melissimo-01.jpg","contentUrl":"https:\/\/melissimo.ro\/wp-content\/uploads\/2024\/01\/Miere-de-Salcam-Bio-200-melissimo-01.jpg","width":1080,"height":1080,"caption":"Miere de Salcam Bio 200 melissimo"},{"@type":"BreadcrumbList","@id":"https:\/\/melissimo.ro\/product\/melarium-miere-de-salcam-bio\/#breadcrumb","itemListElement":[{"@type":"ListItem","position":1,"name":"Prima pagin\u0103","item":"https:\/\/melissimo.ro\/"},{"@type":"ListItem","position":2,"name":"Shop","item":"https:\/\/melissimo.ro\/shop\/"},{"@type":"ListItem","position":3,"name":"Miere de Salc\u00e2m Bio Melarium"}]},{"@type":"WebSite","@id":"https:\/\/melissimo.ro\/#website","url":"https:\/\/melissimo.ro\/","name":"Melissimo","description":"Sanatos delights","publisher":{"@id":"https:\/\/melissimo.ro\/#organization"},"potentialAction":[{"@type":"SearchAction","target":{"@type":"EntryPoint","urlTemplate":"https:\/\/melissimo.ro\/?s={search_term_string}"},"query-input":{"@type":"PropertyValueSpecification","valueRequired":true,"valueName":"search_term_string"}}],"inLanguage":"en-US"},{"@type":"Organization","@id":"https:\/\/melissimo.ro\/#organization","name":"Melissimo","url":"https:\/\/melissimo.ro\/","logo":{"@type":"ImageObject","inLanguage":"en-US","@id":"https:\/\/melissimo.ro\/#\/schema\/logo\/image\/","url":"https:\/\/melissimo.ro\/wp-content\/uploads\/2020\/10\/logo_dark.png","contentUrl":"https:\/\/melissimo.ro\/wp-content\/uploads\/2020\/10\/logo_dark.png","width":326,"height":70,"caption":"Melissimo"},"image":{"@id":"https:\/\/melissimo.ro\/#\/schema\/logo\/image\/"},"sameAs":["https:\/\/www.facebook.com\/melissimo.ro","https:\/\/www.instagram.com\/melissimo.ro\/"]}]}},"_links":{"self":[{"href":"https:\/\/melissimo.ro\/en\/wp-json\/wp\/v2\/product\/10903","targetHints":{"allow":["GET"]}}],"collection":[{"href":"https:\/\/melissimo.ro\/en\/wp-json\/wp\/v2\/product"}],"about":[{"href":"https:\/\/melissimo.ro\/en\/wp-json\/wp\/v2\/types\/product"}],"wp:featuredmedia":[{"embeddable":true,"href":"https:\/\/melissimo.ro\/en\/wp-json\/wp\/v2\/media\/16164"}],"wp:attachment":[{"href":"https:\/\/melissimo.ro\/en\/wp-json\/wp\/v2\/media?parent=10903"}],"wp:term":[{"taxonomy":"product_brand","embeddable":true,"href":"https:\/\/melissimo.ro\/en\/wp-json\/wp\/v2\/product_brand?post=10903"},{"taxonomy":"product_cat","embeddable":true,"href":"https:\/\/melissimo.ro\/en\/wp-json\/wp\/v2\/product_cat?post=10903"},{"taxonomy":"product_tag","embeddable":true,"href":"https:\/\/melissimo.ro\/en\/wp-json\/wp\/v2\/product_tag?post=10903"}],"curies":[{"name":"wp","href":"https:\/\/api.w.org\/{rel}","templated":true}]}}