{"id":10554,"date":"2023-11-28T17:41:27","date_gmt":"2023-11-28T15:41:27","guid":{"rendered":"https:\/\/melissimo.ro\/?post_type=product&#038;p=10554"},"modified":"2026-04-01T13:09:36","modified_gmt":"2026-04-01T10:09:36","slug":"melissimo-limonada-cu-hibiscus","status":"publish","type":"product","link":"https:\/\/melissimo.ro\/en\/product\/melissimo-limonada-cu-hibiscus\/","title":{"rendered":"Hibiscus Lemonade Melissimo"},"content":{"rendered":"<p><strong>Quantity: 400ml<\/strong><\/p>\n<p><img loading=\"lazy\" decoding=\"async\" class=\"wd-lazy-fade alignnone size-full wp-image-593\" src=\"https:\/\/melissimo.ro\/wp-content\/themes\/woodmart\/images\/lazy.svg\" data-src=\"https:\/\/new.melissimo.ro\/wp-content\/uploads\/2024\/10\/produs-in-romania.jpg\" alt=\"\" width=\"25\" height=\"15\" \/>\u00a0 <strong>PRODUCED IN ROMANIA<\/strong><\/p>","protected":false},"excerpt":{"rendered":"<p style=\"text-align: center;\"><span style=\"font-weight: 400;\">Melissimo lemonade with hibiscus is a refined and invigorating blend with multiple benefits for the body. Hibiscus, known for its hypotensive and diuretic properties, helps to regulate blood pressure and eliminate excess water from the body. It is rich in antioxidants that fight inflammation and contribute to heart health. The slightly tart and floral taste is perfectly balanced, providing an elegant and healthy refreshing experience. Ideal for those who want to avoid artificial drinks and enjoy natural hydration.<\/span><\/p>\n<h4 style=\"text-align: center;\"><span style=\"color: #ff7536;\">INGREDIENT<\/span><\/h4>\n<p style=\"text-align: center;\"><span style=\"font-weight: 400;\">Lemon juice (<\/span><i><span style=\"font-weight: 400;\">Citrus limon<\/span><\/i><span style=\"font-weight: 400;\">) 15%<\/span><span style=\"font-weight: 400;\"><br \/>\n<\/span><span style=\"font-weight: 400;\">Honey 10%<\/span><span style=\"font-weight: 400;\"><br \/>\n<\/span><span style=\"font-weight: 400;\">Sea buckthorn juice (<\/span><i><span style=\"font-weight: 400;\">Hippophae rhamnoides<\/span><\/i><span style=\"font-weight: 400;\">) 1%<\/span><span style=\"font-weight: 400;\"><br \/>\n<\/span><span style=\"font-weight: 400;\">Hibiscus syrup (<\/span><i><span style=\"font-weight: 400;\">Hibiscus rosa-sinensis<\/span><\/i><span style=\"font-weight: 400;\">)<\/span><\/p>","protected":false},"featured_media":16141,"template":"","meta":{"_acf_changed":false},"product_brand":[],"product_cat":[71],"product_tag":[66],"class_list":{"0":"post-10554","1":"product","2":"type-product","3":"status-publish","4":"has-post-thumbnail","6":"product_cat-limonada","7":"product_tag-tip-1","9":"first","10":"instock","11":"taxable","12":"shipping-taxable","13":"purchasable","14":"product-type-simple"},"acf":[],"yoast_head":"<!-- This site is optimized with the Yoast SEO plugin v27.3 - https:\/\/yoast.com\/product\/yoast-seo-wordpress\/ -->\n<title>Limonad\u0103 cu Hibiscus Melissimo - Melissimo<\/title>\n<meta name=\"robots\" content=\"index, follow, max-snippet:-1, max-image-preview:large, max-video-preview:-1\" \/>\n<link rel=\"canonical\" href=\"https:\/\/melissimo.ro\/en\/product\/melissimo-limonada-cu-hibiscus\/\" \/>\n<meta property=\"og:locale\" content=\"en_US\" \/>\n<meta property=\"og:type\" content=\"article\" \/>\n<meta property=\"og:title\" content=\"Limonad\u0103 cu Hibiscus Melissimo - Melissimo\" \/>\n<meta property=\"og:description\" content=\"Limonada Melissimo cu hibiscus este un amestec rafinat \u0219i revigorant, cu multiple beneficii pentru organism. Hibiscusul, cunoscut pentru propriet\u0103\u021bile sale hipotensive \u0219i diuretice, ajut\u0103 la reglarea tensiunii arteriale \u0219i la eliminarea excesului de ap\u0103 din organism. Este bogat \u00een antioxidan\u021bi care combat inflama\u021biile \u0219i contribuie la s\u0103n\u0103tatea inimii. Gustul u\u0219or acri\u0219or \u0219i floral este perfect echilibrat, oferind o experien\u021b\u0103 de r\u0103corire elegant\u0103 \u0219i s\u0103n\u0103toas\u0103. Este ideal\u0103 pentru cei care vor s\u0103 evite b\u0103uturile artificiale \u0219i s\u0103 se bucure de o hidratare natural\u0103.  INGREDIENTE Suc de l\u0103m\u00e2ie (Citrus limon) 15% Miere 10% Suc de c\u0103tin\u0103 (Hippophae rhamnoides) 1% Sirop de Hibiscus (Hibiscus rosa-sinensis)\" \/>\n<meta property=\"og:url\" content=\"https:\/\/melissimo.ro\/en\/product\/melissimo-limonada-cu-hibiscus\/\" \/>\n<meta property=\"og:site_name\" content=\"Melissimo\" \/>\n<meta property=\"article:publisher\" content=\"https:\/\/www.facebook.com\/melissimo.ro\" \/>\n<meta property=\"article:modified_time\" content=\"2026-04-01T10:09:36+00:00\" \/>\n<meta property=\"og:image\" content=\"https:\/\/melissimo.ro\/wp-content\/uploads\/2023\/11\/featured-social-Limonada-cu-Hibiscus-Melissimo.jpg\" \/>\n\t<meta property=\"og:image:width\" content=\"1200\" \/>\n\t<meta property=\"og:image:height\" content=\"630\" \/>\n\t<meta property=\"og:image:type\" content=\"image\/jpeg\" \/>\n<meta name=\"twitter:card\" content=\"summary_large_image\" \/>\n<meta name=\"twitter:label1\" content=\"Est. reading time\" \/>\n\t<meta name=\"twitter:data1\" content=\"1 minute\" \/>\n<script type=\"application\/ld+json\" class=\"yoast-schema-graph\">{\"@context\":\"https:\\\/\\\/schema.org\",\"@graph\":[{\"@type\":\"WebPage\",\"@id\":\"https:\\\/\\\/melissimo.ro\\\/product\\\/melissimo-limonada-cu-hibiscus\\\/\",\"url\":\"https:\\\/\\\/melissimo.ro\\\/product\\\/melissimo-limonada-cu-hibiscus\\\/\",\"name\":\"Limonad\u0103 cu Hibiscus Melissimo - Melissimo\",\"isPartOf\":{\"@id\":\"https:\\\/\\\/melissimo.ro\\\/#website\"},\"primaryImageOfPage\":{\"@id\":\"https:\\\/\\\/melissimo.ro\\\/product\\\/melissimo-limonada-cu-hibiscus\\\/#primaryimage\"},\"image\":{\"@id\":\"https:\\\/\\\/melissimo.ro\\\/product\\\/melissimo-limonada-cu-hibiscus\\\/#primaryimage\"},\"thumbnailUrl\":\"https:\\\/\\\/melissimo.ro\\\/wp-content\\\/uploads\\\/2023\\\/11\\\/limonada-cu-hibiscus-melissimo-01.jpg\",\"datePublished\":\"2023-11-28T15:41:27+00:00\",\"dateModified\":\"2026-04-01T10:09:36+00:00\",\"breadcrumb\":{\"@id\":\"https:\\\/\\\/melissimo.ro\\\/product\\\/melissimo-limonada-cu-hibiscus\\\/#breadcrumb\"},\"inLanguage\":\"en-US\",\"potentialAction\":[{\"@type\":\"ReadAction\",\"target\":[\"https:\\\/\\\/melissimo.ro\\\/product\\\/melissimo-limonada-cu-hibiscus\\\/\"]}]},{\"@type\":\"ImageObject\",\"inLanguage\":\"en-US\",\"@id\":\"https:\\\/\\\/melissimo.ro\\\/product\\\/melissimo-limonada-cu-hibiscus\\\/#primaryimage\",\"url\":\"https:\\\/\\\/melissimo.ro\\\/wp-content\\\/uploads\\\/2023\\\/11\\\/limonada-cu-hibiscus-melissimo-01.jpg\",\"contentUrl\":\"https:\\\/\\\/melissimo.ro\\\/wp-content\\\/uploads\\\/2023\\\/11\\\/limonada-cu-hibiscus-melissimo-01.jpg\",\"width\":1080,\"height\":1080,\"caption\":\"limonada cu hibiscus melissimo\"},{\"@type\":\"BreadcrumbList\",\"@id\":\"https:\\\/\\\/melissimo.ro\\\/product\\\/melissimo-limonada-cu-hibiscus\\\/#breadcrumb\",\"itemListElement\":[{\"@type\":\"ListItem\",\"position\":1,\"name\":\"Prima pagin\u0103\",\"item\":\"https:\\\/\\\/melissimo.ro\\\/\"},{\"@type\":\"ListItem\",\"position\":2,\"name\":\"Shop\",\"item\":\"https:\\\/\\\/melissimo.ro\\\/shop\\\/\"},{\"@type\":\"ListItem\",\"position\":3,\"name\":\"Limonad\u0103 cu Hibiscus Melissimo\"}]},{\"@type\":\"WebSite\",\"@id\":\"https:\\\/\\\/melissimo.ro\\\/#website\",\"url\":\"https:\\\/\\\/melissimo.ro\\\/\",\"name\":\"Melissimo\",\"description\":\"Delicios de Sanatos\",\"publisher\":{\"@id\":\"https:\\\/\\\/melissimo.ro\\\/#organization\"},\"potentialAction\":[{\"@type\":\"SearchAction\",\"target\":{\"@type\":\"EntryPoint\",\"urlTemplate\":\"https:\\\/\\\/melissimo.ro\\\/?s={search_term_string}\"},\"query-input\":{\"@type\":\"PropertyValueSpecification\",\"valueRequired\":true,\"valueName\":\"search_term_string\"}}],\"inLanguage\":\"en-US\"},{\"@type\":\"Organization\",\"@id\":\"https:\\\/\\\/melissimo.ro\\\/#organization\",\"name\":\"Melissimo\",\"url\":\"https:\\\/\\\/melissimo.ro\\\/\",\"logo\":{\"@type\":\"ImageObject\",\"inLanguage\":\"en-US\",\"@id\":\"https:\\\/\\\/melissimo.ro\\\/#\\\/schema\\\/logo\\\/image\\\/\",\"url\":\"https:\\\/\\\/melissimo.ro\\\/wp-content\\\/uploads\\\/2020\\\/10\\\/logo_dark.png\",\"contentUrl\":\"https:\\\/\\\/melissimo.ro\\\/wp-content\\\/uploads\\\/2020\\\/10\\\/logo_dark.png\",\"width\":326,\"height\":70,\"caption\":\"Melissimo\"},\"image\":{\"@id\":\"https:\\\/\\\/melissimo.ro\\\/#\\\/schema\\\/logo\\\/image\\\/\"},\"sameAs\":[\"https:\\\/\\\/www.facebook.com\\\/melissimo.ro\",\"https:\\\/\\\/www.instagram.com\\\/melissimo.ro\\\/\"]}]}<\/script>\n<!-- \/ Yoast SEO plugin. -->","yoast_head_json":{"title":"Limonad\u0103 cu Hibiscus Melissimo - Melissimo","robots":{"index":"index","follow":"follow","max-snippet":"max-snippet:-1","max-image-preview":"max-image-preview:large","max-video-preview":"max-video-preview:-1"},"canonical":"https:\/\/melissimo.ro\/en\/product\/melissimo-limonada-cu-hibiscus\/","og_locale":"en_US","og_type":"article","og_title":"Limonad\u0103 cu Hibiscus Melissimo - Melissimo","og_description":"Limonada Melissimo cu hibiscus este un amestec rafinat \u0219i revigorant, cu multiple beneficii pentru organism. Hibiscusul, cunoscut pentru propriet\u0103\u021bile sale hipotensive \u0219i diuretice, ajut\u0103 la reglarea tensiunii arteriale \u0219i la eliminarea excesului de ap\u0103 din organism. Este bogat \u00een antioxidan\u021bi care combat inflama\u021biile \u0219i contribuie la s\u0103n\u0103tatea inimii. Gustul u\u0219or acri\u0219or \u0219i floral este perfect echilibrat, oferind o experien\u021b\u0103 de r\u0103corire elegant\u0103 \u0219i s\u0103n\u0103toas\u0103. Este ideal\u0103 pentru cei care vor s\u0103 evite b\u0103uturile artificiale \u0219i s\u0103 se bucure de o hidratare natural\u0103.  INGREDIENTE Suc de l\u0103m\u00e2ie (Citrus limon) 15% Miere 10% Suc de c\u0103tin\u0103 (Hippophae rhamnoides) 1% Sirop de Hibiscus (Hibiscus rosa-sinensis)","og_url":"https:\/\/melissimo.ro\/en\/product\/melissimo-limonada-cu-hibiscus\/","og_site_name":"Melissimo","article_publisher":"https:\/\/www.facebook.com\/melissimo.ro","article_modified_time":"2026-04-01T10:09:36+00:00","og_image":[{"width":1200,"height":630,"url":"https:\/\/melissimo.ro\/wp-content\/uploads\/2023\/11\/featured-social-Limonada-cu-Hibiscus-Melissimo.jpg","type":"image\/jpeg"}],"twitter_card":"summary_large_image","twitter_misc":{"Est. reading time":"1 minute"},"schema":{"@context":"https:\/\/schema.org","@graph":[{"@type":"WebPage","@id":"https:\/\/melissimo.ro\/product\/melissimo-limonada-cu-hibiscus\/","url":"https:\/\/melissimo.ro\/product\/melissimo-limonada-cu-hibiscus\/","name":"Limonad\u0103 cu Hibiscus Melissimo - Melissimo","isPartOf":{"@id":"https:\/\/melissimo.ro\/#website"},"primaryImageOfPage":{"@id":"https:\/\/melissimo.ro\/product\/melissimo-limonada-cu-hibiscus\/#primaryimage"},"image":{"@id":"https:\/\/melissimo.ro\/product\/melissimo-limonada-cu-hibiscus\/#primaryimage"},"thumbnailUrl":"https:\/\/melissimo.ro\/wp-content\/uploads\/2023\/11\/limonada-cu-hibiscus-melissimo-01.jpg","datePublished":"2023-11-28T15:41:27+00:00","dateModified":"2026-04-01T10:09:36+00:00","breadcrumb":{"@id":"https:\/\/melissimo.ro\/product\/melissimo-limonada-cu-hibiscus\/#breadcrumb"},"inLanguage":"en-US","potentialAction":[{"@type":"ReadAction","target":["https:\/\/melissimo.ro\/product\/melissimo-limonada-cu-hibiscus\/"]}]},{"@type":"ImageObject","inLanguage":"en-US","@id":"https:\/\/melissimo.ro\/product\/melissimo-limonada-cu-hibiscus\/#primaryimage","url":"https:\/\/melissimo.ro\/wp-content\/uploads\/2023\/11\/limonada-cu-hibiscus-melissimo-01.jpg","contentUrl":"https:\/\/melissimo.ro\/wp-content\/uploads\/2023\/11\/limonada-cu-hibiscus-melissimo-01.jpg","width":1080,"height":1080,"caption":"limonada cu hibiscus melissimo"},{"@type":"BreadcrumbList","@id":"https:\/\/melissimo.ro\/product\/melissimo-limonada-cu-hibiscus\/#breadcrumb","itemListElement":[{"@type":"ListItem","position":1,"name":"Prima pagin\u0103","item":"https:\/\/melissimo.ro\/"},{"@type":"ListItem","position":2,"name":"Shop","item":"https:\/\/melissimo.ro\/shop\/"},{"@type":"ListItem","position":3,"name":"Limonad\u0103 cu Hibiscus Melissimo"}]},{"@type":"WebSite","@id":"https:\/\/melissimo.ro\/#website","url":"https:\/\/melissimo.ro\/","name":"Melissimo","description":"Sanatos delights","publisher":{"@id":"https:\/\/melissimo.ro\/#organization"},"potentialAction":[{"@type":"SearchAction","target":{"@type":"EntryPoint","urlTemplate":"https:\/\/melissimo.ro\/?s={search_term_string}"},"query-input":{"@type":"PropertyValueSpecification","valueRequired":true,"valueName":"search_term_string"}}],"inLanguage":"en-US"},{"@type":"Organization","@id":"https:\/\/melissimo.ro\/#organization","name":"Melissimo","url":"https:\/\/melissimo.ro\/","logo":{"@type":"ImageObject","inLanguage":"en-US","@id":"https:\/\/melissimo.ro\/#\/schema\/logo\/image\/","url":"https:\/\/melissimo.ro\/wp-content\/uploads\/2020\/10\/logo_dark.png","contentUrl":"https:\/\/melissimo.ro\/wp-content\/uploads\/2020\/10\/logo_dark.png","width":326,"height":70,"caption":"Melissimo"},"image":{"@id":"https:\/\/melissimo.ro\/#\/schema\/logo\/image\/"},"sameAs":["https:\/\/www.facebook.com\/melissimo.ro","https:\/\/www.instagram.com\/melissimo.ro\/"]}]}},"_links":{"self":[{"href":"https:\/\/melissimo.ro\/en\/wp-json\/wp\/v2\/product\/10554","targetHints":{"allow":["GET"]}}],"collection":[{"href":"https:\/\/melissimo.ro\/en\/wp-json\/wp\/v2\/product"}],"about":[{"href":"https:\/\/melissimo.ro\/en\/wp-json\/wp\/v2\/types\/product"}],"wp:featuredmedia":[{"embeddable":true,"href":"https:\/\/melissimo.ro\/en\/wp-json\/wp\/v2\/media\/16141"}],"wp:attachment":[{"href":"https:\/\/melissimo.ro\/en\/wp-json\/wp\/v2\/media?parent=10554"}],"wp:term":[{"taxonomy":"product_brand","embeddable":true,"href":"https:\/\/melissimo.ro\/en\/wp-json\/wp\/v2\/product_brand?post=10554"},{"taxonomy":"product_cat","embeddable":true,"href":"https:\/\/melissimo.ro\/en\/wp-json\/wp\/v2\/product_cat?post=10554"},{"taxonomy":"product_tag","embeddable":true,"href":"https:\/\/melissimo.ro\/en\/wp-json\/wp\/v2\/product_tag?post=10554"}],"curies":[{"name":"wp","href":"https:\/\/api.w.org\/{rel}","templated":true}]}}