{"id":10551,"date":"2023-11-28T17:41:13","date_gmt":"2023-11-28T15:41:13","guid":{"rendered":"https:\/\/melissimo.ro\/?post_type=product&#038;p=10551"},"modified":"2026-04-01T13:10:00","modified_gmt":"2026-04-01T10:10:00","slug":"melissimo-limonada-cu-lavanda","status":"publish","type":"product","link":"https:\/\/melissimo.ro\/en\/product\/melissimo-limonada-cu-lavanda\/","title":{"rendered":"Lavender Lemonade Melissimo"},"content":{"rendered":"<p><strong>Quantity: 400ml<\/strong><\/p>\n<p><img loading=\"lazy\" decoding=\"async\" class=\"wd-lazy-fade alignnone size-full wp-image-593\" src=\"https:\/\/melissimo.ro\/wp-content\/themes\/woodmart\/images\/lazy.svg\" data-src=\"https:\/\/new.melissimo.ro\/wp-content\/uploads\/2024\/10\/produs-in-romania.jpg\" alt=\"\" width=\"25\" height=\"15\" \/>\u00a0 <strong>PRODUCED IN ROMANIA<\/strong><\/p>","protected":false},"excerpt":{"rendered":"<p style=\"text-align: center;\">A drink that combines the freshness of lemon with the soothing notes of lavender, Melissimo Lavender Lemonade is perfect for those relaxing moments. Lavender has soothing effects on the nervous system, reducing stress, anxiety and contributing to better sleep. Lemon, on the other hand, adds a boost of vitamin C and antioxidants that support the immune system and natural detoxification. It's a perfect drink for a break of calm and mental clarity, with no added sugar or artificial ingredients.<\/p>\n<h4 style=\"text-align: center;\"><span style=\"color: #ff7536;\">INGREDIENT<\/span><\/h4>\n<p style=\"text-align: center;\"><span style=\"font-weight: 400;\">Lemon nectar (Citrus limon) 15%<\/span><span style=\"font-weight: 400;\"><br \/>\n<\/span><span style=\"font-weight: 400;\">Honey 10%<\/span><span style=\"font-weight: 400;\"><br \/>\n<\/span><span style=\"font-weight: 400;\">Sea buckthorn nectar (Hippophae rhamnoides) 1%<\/span><span style=\"font-weight: 400;\"><br \/>\n<\/span><span style=\"font-weight: 400;\">Lavender natural syrup (Lavandula officinalis) 5%<\/span><\/p>","protected":false},"featured_media":16137,"template":"","meta":{"_acf_changed":false},"product_brand":[],"product_cat":[71],"product_tag":[66],"class_list":{"0":"post-10551","1":"product","2":"type-product","3":"status-publish","4":"has-post-thumbnail","6":"product_cat-limonada","7":"product_tag-tip-1","9":"first","10":"instock","11":"taxable","12":"shipping-taxable","13":"purchasable","14":"product-type-simple"},"acf":[],"yoast_head":"<!-- This site is optimized with the Yoast SEO plugin v27.3 - https:\/\/yoast.com\/product\/yoast-seo-wordpress\/ -->\n<title>Limonad\u0103 cu Lavand\u0103 Melissimo - Melissimo<\/title>\n<meta name=\"robots\" content=\"index, follow, max-snippet:-1, max-image-preview:large, max-video-preview:-1\" \/>\n<link rel=\"canonical\" href=\"https:\/\/melissimo.ro\/en\/product\/melissimo-limonada-cu-lavanda\/\" \/>\n<meta property=\"og:locale\" content=\"en_US\" \/>\n<meta property=\"og:type\" content=\"article\" \/>\n<meta property=\"og:title\" content=\"Limonad\u0103 cu Lavand\u0103 Melissimo - Melissimo\" \/>\n<meta property=\"og:description\" content=\"O b\u0103utur\u0103 care combin\u0103 prospe\u021bimea l\u0103m\u00e2ii cu notele calmante ale lavandei, Melissimo Limonad\u0103 cu Lavand\u0103 este perfect\u0103 pentru momentele de relaxare. Lavanda are efecte lini\u0219titoare asupra sistemului nervos, reduc\u00e2nd stresul, anxietatea \u0219i contribuind la un somn mai bun. L\u0103m\u00e2ia, pe de alt\u0103 parte, adaug\u0103 un aport de vitamina C \u0219i antioxidan\u021bi care sus\u021bin sistemul imunitar \u0219i detoxifierea natural\u0103. Este o b\u0103utur\u0103 perfect\u0103 pentru o pauz\u0103 de calm \u0219i claritate mental\u0103, f\u0103r\u0103 zah\u0103r ad\u0103ugat sau ingrediente artificiale.  INGREDIENTE Nectar de l\u0103m\u00e2ie (Citrus limon) 15% Miere 10% Nectar de c\u0103tin\u0103 (Hippophae rhamnoides) 1% Sirop natural de lavand\u0103 (Lavandula officinalis) 5%\" \/>\n<meta property=\"og:url\" content=\"https:\/\/melissimo.ro\/en\/product\/melissimo-limonada-cu-lavanda\/\" \/>\n<meta property=\"og:site_name\" content=\"Melissimo\" \/>\n<meta property=\"article:publisher\" content=\"https:\/\/www.facebook.com\/melissimo.ro\" \/>\n<meta property=\"article:modified_time\" content=\"2026-04-01T10:10:00+00:00\" \/>\n<meta property=\"og:image\" content=\"https:\/\/melissimo.ro\/wp-content\/uploads\/2023\/11\/featured-social-Limonada-cu-Lavanda-Melissimo.jpg\" \/>\n\t<meta property=\"og:image:width\" content=\"1200\" \/>\n\t<meta property=\"og:image:height\" content=\"630\" \/>\n\t<meta property=\"og:image:type\" content=\"image\/jpeg\" \/>\n<meta name=\"twitter:card\" content=\"summary_large_image\" \/>\n<meta name=\"twitter:label1\" content=\"Est. reading time\" \/>\n\t<meta name=\"twitter:data1\" content=\"1 minute\" \/>\n<script type=\"application\/ld+json\" class=\"yoast-schema-graph\">{\"@context\":\"https:\\\/\\\/schema.org\",\"@graph\":[{\"@type\":\"WebPage\",\"@id\":\"https:\\\/\\\/melissimo.ro\\\/product\\\/melissimo-limonada-cu-lavanda\\\/\",\"url\":\"https:\\\/\\\/melissimo.ro\\\/product\\\/melissimo-limonada-cu-lavanda\\\/\",\"name\":\"Limonad\u0103 cu Lavand\u0103 Melissimo - Melissimo\",\"isPartOf\":{\"@id\":\"https:\\\/\\\/melissimo.ro\\\/#website\"},\"primaryImageOfPage\":{\"@id\":\"https:\\\/\\\/melissimo.ro\\\/product\\\/melissimo-limonada-cu-lavanda\\\/#primaryimage\"},\"image\":{\"@id\":\"https:\\\/\\\/melissimo.ro\\\/product\\\/melissimo-limonada-cu-lavanda\\\/#primaryimage\"},\"thumbnailUrl\":\"https:\\\/\\\/melissimo.ro\\\/wp-content\\\/uploads\\\/2023\\\/11\\\/limonada-cu-lavanda-melissimo-01.jpg\",\"datePublished\":\"2023-11-28T15:41:13+00:00\",\"dateModified\":\"2026-04-01T10:10:00+00:00\",\"breadcrumb\":{\"@id\":\"https:\\\/\\\/melissimo.ro\\\/product\\\/melissimo-limonada-cu-lavanda\\\/#breadcrumb\"},\"inLanguage\":\"en-US\",\"potentialAction\":[{\"@type\":\"ReadAction\",\"target\":[\"https:\\\/\\\/melissimo.ro\\\/product\\\/melissimo-limonada-cu-lavanda\\\/\"]}]},{\"@type\":\"ImageObject\",\"inLanguage\":\"en-US\",\"@id\":\"https:\\\/\\\/melissimo.ro\\\/product\\\/melissimo-limonada-cu-lavanda\\\/#primaryimage\",\"url\":\"https:\\\/\\\/melissimo.ro\\\/wp-content\\\/uploads\\\/2023\\\/11\\\/limonada-cu-lavanda-melissimo-01.jpg\",\"contentUrl\":\"https:\\\/\\\/melissimo.ro\\\/wp-content\\\/uploads\\\/2023\\\/11\\\/limonada-cu-lavanda-melissimo-01.jpg\",\"width\":1080,\"height\":1080,\"caption\":\"limonada cu lavanda melissimo\"},{\"@type\":\"BreadcrumbList\",\"@id\":\"https:\\\/\\\/melissimo.ro\\\/product\\\/melissimo-limonada-cu-lavanda\\\/#breadcrumb\",\"itemListElement\":[{\"@type\":\"ListItem\",\"position\":1,\"name\":\"Prima pagin\u0103\",\"item\":\"https:\\\/\\\/melissimo.ro\\\/\"},{\"@type\":\"ListItem\",\"position\":2,\"name\":\"Shop\",\"item\":\"https:\\\/\\\/melissimo.ro\\\/shop\\\/\"},{\"@type\":\"ListItem\",\"position\":3,\"name\":\"Limonad\u0103 cu Lavand\u0103 Melissimo\"}]},{\"@type\":\"WebSite\",\"@id\":\"https:\\\/\\\/melissimo.ro\\\/#website\",\"url\":\"https:\\\/\\\/melissimo.ro\\\/\",\"name\":\"Melissimo\",\"description\":\"Delicios de Sanatos\",\"publisher\":{\"@id\":\"https:\\\/\\\/melissimo.ro\\\/#organization\"},\"potentialAction\":[{\"@type\":\"SearchAction\",\"target\":{\"@type\":\"EntryPoint\",\"urlTemplate\":\"https:\\\/\\\/melissimo.ro\\\/?s={search_term_string}\"},\"query-input\":{\"@type\":\"PropertyValueSpecification\",\"valueRequired\":true,\"valueName\":\"search_term_string\"}}],\"inLanguage\":\"en-US\"},{\"@type\":\"Organization\",\"@id\":\"https:\\\/\\\/melissimo.ro\\\/#organization\",\"name\":\"Melissimo\",\"url\":\"https:\\\/\\\/melissimo.ro\\\/\",\"logo\":{\"@type\":\"ImageObject\",\"inLanguage\":\"en-US\",\"@id\":\"https:\\\/\\\/melissimo.ro\\\/#\\\/schema\\\/logo\\\/image\\\/\",\"url\":\"https:\\\/\\\/melissimo.ro\\\/wp-content\\\/uploads\\\/2020\\\/10\\\/logo_dark.png\",\"contentUrl\":\"https:\\\/\\\/melissimo.ro\\\/wp-content\\\/uploads\\\/2020\\\/10\\\/logo_dark.png\",\"width\":326,\"height\":70,\"caption\":\"Melissimo\"},\"image\":{\"@id\":\"https:\\\/\\\/melissimo.ro\\\/#\\\/schema\\\/logo\\\/image\\\/\"},\"sameAs\":[\"https:\\\/\\\/www.facebook.com\\\/melissimo.ro\",\"https:\\\/\\\/www.instagram.com\\\/melissimo.ro\\\/\"]}]}<\/script>\n<!-- \/ Yoast SEO plugin. -->","yoast_head_json":{"title":"Lavender Lemonade Melissimo - Melissimo","robots":{"index":"index","follow":"follow","max-snippet":"max-snippet:-1","max-image-preview":"max-image-preview:large","max-video-preview":"max-video-preview:-1"},"canonical":"https:\/\/melissimo.ro\/en\/product\/melissimo-limonada-cu-lavanda\/","og_locale":"en_US","og_type":"article","og_title":"Limonad\u0103 cu Lavand\u0103 Melissimo - Melissimo","og_description":"O b\u0103utur\u0103 care combin\u0103 prospe\u021bimea l\u0103m\u00e2ii cu notele calmante ale lavandei, Melissimo Limonad\u0103 cu Lavand\u0103 este perfect\u0103 pentru momentele de relaxare. Lavanda are efecte lini\u0219titoare asupra sistemului nervos, reduc\u00e2nd stresul, anxietatea \u0219i contribuind la un somn mai bun. L\u0103m\u00e2ia, pe de alt\u0103 parte, adaug\u0103 un aport de vitamina C \u0219i antioxidan\u021bi care sus\u021bin sistemul imunitar \u0219i detoxifierea natural\u0103. Este o b\u0103utur\u0103 perfect\u0103 pentru o pauz\u0103 de calm \u0219i claritate mental\u0103, f\u0103r\u0103 zah\u0103r ad\u0103ugat sau ingrediente artificiale.  INGREDIENTE Nectar de l\u0103m\u00e2ie (Citrus limon) 15% Miere 10% Nectar de c\u0103tin\u0103 (Hippophae rhamnoides) 1% Sirop natural de lavand\u0103 (Lavandula officinalis) 5%","og_url":"https:\/\/melissimo.ro\/en\/product\/melissimo-limonada-cu-lavanda\/","og_site_name":"Melissimo","article_publisher":"https:\/\/www.facebook.com\/melissimo.ro","article_modified_time":"2026-04-01T10:10:00+00:00","og_image":[{"width":1200,"height":630,"url":"https:\/\/melissimo.ro\/wp-content\/uploads\/2023\/11\/featured-social-Limonada-cu-Lavanda-Melissimo.jpg","type":"image\/jpeg"}],"twitter_card":"summary_large_image","twitter_misc":{"Est. reading time":"1 minute"},"schema":{"@context":"https:\/\/schema.org","@graph":[{"@type":"WebPage","@id":"https:\/\/melissimo.ro\/product\/melissimo-limonada-cu-lavanda\/","url":"https:\/\/melissimo.ro\/product\/melissimo-limonada-cu-lavanda\/","name":"Lavender Lemonade Melissimo - Melissimo","isPartOf":{"@id":"https:\/\/melissimo.ro\/#website"},"primaryImageOfPage":{"@id":"https:\/\/melissimo.ro\/product\/melissimo-limonada-cu-lavanda\/#primaryimage"},"image":{"@id":"https:\/\/melissimo.ro\/product\/melissimo-limonada-cu-lavanda\/#primaryimage"},"thumbnailUrl":"https:\/\/melissimo.ro\/wp-content\/uploads\/2023\/11\/limonada-cu-lavanda-melissimo-01.jpg","datePublished":"2023-11-28T15:41:13+00:00","dateModified":"2026-04-01T10:10:00+00:00","breadcrumb":{"@id":"https:\/\/melissimo.ro\/product\/melissimo-limonada-cu-lavanda\/#breadcrumb"},"inLanguage":"en-US","potentialAction":[{"@type":"ReadAction","target":["https:\/\/melissimo.ro\/product\/melissimo-limonada-cu-lavanda\/"]}]},{"@type":"ImageObject","inLanguage":"en-US","@id":"https:\/\/melissimo.ro\/product\/melissimo-limonada-cu-lavanda\/#primaryimage","url":"https:\/\/melissimo.ro\/wp-content\/uploads\/2023\/11\/limonada-cu-lavanda-melissimo-01.jpg","contentUrl":"https:\/\/melissimo.ro\/wp-content\/uploads\/2023\/11\/limonada-cu-lavanda-melissimo-01.jpg","width":1080,"height":1080,"caption":"limonada cu lavanda melissimo"},{"@type":"BreadcrumbList","@id":"https:\/\/melissimo.ro\/product\/melissimo-limonada-cu-lavanda\/#breadcrumb","itemListElement":[{"@type":"ListItem","position":1,"name":"Prima pagin\u0103","item":"https:\/\/melissimo.ro\/"},{"@type":"ListItem","position":2,"name":"Shop","item":"https:\/\/melissimo.ro\/shop\/"},{"@type":"ListItem","position":3,"name":"Limonad\u0103 cu Lavand\u0103 Melissimo"}]},{"@type":"WebSite","@id":"https:\/\/melissimo.ro\/#website","url":"https:\/\/melissimo.ro\/","name":"Melissimo","description":"Sanatos delights","publisher":{"@id":"https:\/\/melissimo.ro\/#organization"},"potentialAction":[{"@type":"SearchAction","target":{"@type":"EntryPoint","urlTemplate":"https:\/\/melissimo.ro\/?s={search_term_string}"},"query-input":{"@type":"PropertyValueSpecification","valueRequired":true,"valueName":"search_term_string"}}],"inLanguage":"en-US"},{"@type":"Organization","@id":"https:\/\/melissimo.ro\/#organization","name":"Melissimo","url":"https:\/\/melissimo.ro\/","logo":{"@type":"ImageObject","inLanguage":"en-US","@id":"https:\/\/melissimo.ro\/#\/schema\/logo\/image\/","url":"https:\/\/melissimo.ro\/wp-content\/uploads\/2020\/10\/logo_dark.png","contentUrl":"https:\/\/melissimo.ro\/wp-content\/uploads\/2020\/10\/logo_dark.png","width":326,"height":70,"caption":"Melissimo"},"image":{"@id":"https:\/\/melissimo.ro\/#\/schema\/logo\/image\/"},"sameAs":["https:\/\/www.facebook.com\/melissimo.ro","https:\/\/www.instagram.com\/melissimo.ro\/"]}]}},"_links":{"self":[{"href":"https:\/\/melissimo.ro\/en\/wp-json\/wp\/v2\/product\/10551","targetHints":{"allow":["GET"]}}],"collection":[{"href":"https:\/\/melissimo.ro\/en\/wp-json\/wp\/v2\/product"}],"about":[{"href":"https:\/\/melissimo.ro\/en\/wp-json\/wp\/v2\/types\/product"}],"wp:featuredmedia":[{"embeddable":true,"href":"https:\/\/melissimo.ro\/en\/wp-json\/wp\/v2\/media\/16137"}],"wp:attachment":[{"href":"https:\/\/melissimo.ro\/en\/wp-json\/wp\/v2\/media?parent=10551"}],"wp:term":[{"taxonomy":"product_brand","embeddable":true,"href":"https:\/\/melissimo.ro\/en\/wp-json\/wp\/v2\/product_brand?post=10551"},{"taxonomy":"product_cat","embeddable":true,"href":"https:\/\/melissimo.ro\/en\/wp-json\/wp\/v2\/product_cat?post=10551"},{"taxonomy":"product_tag","embeddable":true,"href":"https:\/\/melissimo.ro\/en\/wp-json\/wp\/v2\/product_tag?post=10551"}],"curies":[{"name":"wp","href":"https:\/\/api.w.org\/{rel}","templated":true}]}}