{"id":2606,"date":"2021-06-22T20:12:15","date_gmt":"2021-06-22T20:12:15","guid":{"rendered":"https:\/\/melissimo.ro\/?page_id=2606"},"modified":"2026-01-22T13:13:51","modified_gmt":"2026-01-22T11:13:51","slug":"parteneri","status":"publish","type":"page","link":"https:\/\/melissimo.ro\/en\/parteneri\/","title":{"rendered":"Partners"},"content":{"rendered":"<div class=\"wpb-content-wrapper\"><div class=\"vc_row wpb_row vc_row-fluid\"><div class=\"wpb_column vc_column_container vc_col-sm-3 vc_col-xs-6\"><div class=\"vc_column-inner\"><div class=\"wpb_wrapper\">\n\t<div  class=\"wpb_single_image wpb_content_element vc_align_left\">\n\t\t\n\t\t<figure class=\"wpb_wrapper vc_figure\">\n\t\t\t<div class=\"vc_single_image-wrapper   vc_box_border_grey\"><img loading=\"lazy\" decoding=\"async\" width=\"400\" height=\"400\" src=\"https:\/\/melissimo.ro\/wp-content\/uploads\/2021\/06\/LogoArtboard-1.jpg\" class=\"vc_single_image-img attachment-full\" alt=\"mega image parteneri - melissimo\" title=\"mega image partners - melissimo\" srcset=\"https:\/\/melissimo.ro\/wp-content\/uploads\/2021\/06\/LogoArtboard-1.jpg 400w, https:\/\/melissimo.ro\/wp-content\/uploads\/2021\/06\/LogoArtboard-1-250x250.jpg 250w, https:\/\/melissimo.ro\/wp-content\/uploads\/2021\/06\/LogoArtboard-1-300x300.jpg 300w, https:\/\/melissimo.ro\/wp-content\/uploads\/2021\/06\/LogoArtboard-1-150x150.jpg 150w\" sizes=\"auto, (max-width: 400px) 100vw, 400px\" \/><\/div>\n\t\t<\/figure>\n\t<\/div>\n<\/div><\/div><\/div><div class=\"wpb_column vc_column_container vc_col-sm-3 vc_col-xs-6\"><div class=\"vc_column-inner\"><div class=\"wpb_wrapper\">\n\t<div  class=\"wpb_single_image wpb_content_element vc_align_left\">\n\t\t\n\t\t<figure class=\"wpb_wrapper vc_figure\">\n\t\t\t<div class=\"vc_single_image-wrapper   vc_box_border_grey\"><img loading=\"lazy\" decoding=\"async\" width=\"400\" height=\"400\" src=\"https:\/\/melissimo.ro\/wp-content\/uploads\/2021\/06\/LogoArtboard-1-copy.jpg\" class=\"vc_single_image-img attachment-full\" alt=\"auchan parteneri - melissimo\" title=\"auchan partners - melissimo\" srcset=\"https:\/\/melissimo.ro\/wp-content\/uploads\/2021\/06\/LogoArtboard-1-copy.jpg 400w, https:\/\/melissimo.ro\/wp-content\/uploads\/2021\/06\/LogoArtboard-1-copy-250x250.jpg 250w, https:\/\/melissimo.ro\/wp-content\/uploads\/2021\/06\/LogoArtboard-1-copy-300x300.jpg 300w, https:\/\/melissimo.ro\/wp-content\/uploads\/2021\/06\/LogoArtboard-1-copy-150x150.jpg 150w\" sizes=\"auto, (max-width: 400px) 100vw, 400px\" \/><\/div>\n\t\t<\/figure>\n\t<\/div>\n<\/div><\/div><\/div><div class=\"wpb_column vc_column_container vc_col-sm-3 vc_col-xs-6\"><div class=\"vc_column-inner\"><div class=\"wpb_wrapper\">\n\t<div  class=\"wpb_single_image wpb_content_element vc_align_left\">\n\t\t\n\t\t<figure class=\"wpb_wrapper vc_figure\">\n\t\t\t<div class=\"vc_single_image-wrapper   vc_box_border_grey\"><img loading=\"lazy\" decoding=\"async\" width=\"400\" height=\"400\" src=\"https:\/\/melissimo.ro\/wp-content\/uploads\/2021\/06\/LogoArtboard-2.jpg\" class=\"vc_single_image-img attachment-full\" alt=\"carrefour parteneri - melissimo\" title=\"carrefour partners - melissimo\" srcset=\"https:\/\/melissimo.ro\/wp-content\/uploads\/2021\/06\/LogoArtboard-2.jpg 400w, https:\/\/melissimo.ro\/wp-content\/uploads\/2021\/06\/LogoArtboard-2-250x250.jpg 250w, https:\/\/melissimo.ro\/wp-content\/uploads\/2021\/06\/LogoArtboard-2-300x300.jpg 300w, https:\/\/melissimo.ro\/wp-content\/uploads\/2021\/06\/LogoArtboard-2-150x150.jpg 150w\" sizes=\"auto, (max-width: 400px) 100vw, 400px\" \/><\/div>\n\t\t<\/figure>\n\t<\/div>\n<\/div><\/div><\/div><div class=\"wpb_column vc_column_container vc_col-sm-3 vc_col-xs-6\"><div class=\"vc_column-inner\"><div class=\"wpb_wrapper\">\n\t<div  class=\"wpb_single_image wpb_content_element vc_align_left\">\n\t\t\n\t\t<figure class=\"wpb_wrapper vc_figure\">\n\t\t\t<div class=\"vc_single_image-wrapper   vc_box_border_grey\"><img loading=\"lazy\" decoding=\"async\" width=\"400\" height=\"400\" src=\"https:\/\/melissimo.ro\/wp-content\/uploads\/2025\/11\/logo-emag-.jpg\" class=\"vc_single_image-img attachment-full\" alt=\"logo emag melissimo\" title=\"emag melissimo logo\" srcset=\"https:\/\/melissimo.ro\/wp-content\/uploads\/2025\/11\/logo-emag-.jpg 400w, https:\/\/melissimo.ro\/wp-content\/uploads\/2025\/11\/logo-emag--250x250.jpg 250w, https:\/\/melissimo.ro\/wp-content\/uploads\/2025\/11\/logo-emag--300x300.jpg 300w, https:\/\/melissimo.ro\/wp-content\/uploads\/2025\/11\/logo-emag--150x150.jpg 150w, https:\/\/melissimo.ro\/wp-content\/uploads\/2025\/11\/logo-emag--12x12.jpg 12w\" sizes=\"auto, (max-width: 400px) 100vw, 400px\" \/><\/div>\n\t\t<\/figure>\n\t<\/div>\n<\/div><\/div><\/div><div class=\"wpb_column vc_column_container vc_col-sm-3 vc_col-xs-6\"><div class=\"vc_column-inner\"><div class=\"wpb_wrapper\">\n\t<div  class=\"wpb_single_image wpb_content_element vc_align_left\">\n\t\t\n\t\t<figure class=\"wpb_wrapper vc_figure\">\n\t\t\t<div class=\"vc_single_image-wrapper   vc_box_border_grey\"><img loading=\"lazy\" decoding=\"async\" width=\"400\" height=\"400\" src=\"https:\/\/melissimo.ro\/wp-content\/uploads\/2025\/11\/logo-freshfull-.jpg\" class=\"vc_single_image-img attachment-full\" alt=\"logo freshfull melissimo\" title=\"freshfull melissimo logo\" srcset=\"https:\/\/melissimo.ro\/wp-content\/uploads\/2025\/11\/logo-freshfull-.jpg 400w, https:\/\/melissimo.ro\/wp-content\/uploads\/2025\/11\/logo-freshfull--250x250.jpg 250w, https:\/\/melissimo.ro\/wp-content\/uploads\/2025\/11\/logo-freshfull--300x300.jpg 300w, https:\/\/melissimo.ro\/wp-content\/uploads\/2025\/11\/logo-freshfull--150x150.jpg 150w, https:\/\/melissimo.ro\/wp-content\/uploads\/2025\/11\/logo-freshfull--12x12.jpg 12w\" sizes=\"auto, (max-width: 400px) 100vw, 400px\" \/><\/div>\n\t\t<\/figure>\n\t<\/div>\n<\/div><\/div><\/div><div class=\"wpb_column vc_column_container vc_col-sm-3 vc_col-xs-6\"><div class=\"vc_column-inner\"><div class=\"wpb_wrapper\">\n\t<div  class=\"wpb_single_image wpb_content_element vc_align_left\">\n\t\t\n\t\t<figure class=\"wpb_wrapper vc_figure\">\n\t\t\t<div class=\"vc_single_image-wrapper   vc_box_border_grey\"><img loading=\"lazy\" decoding=\"async\" width=\"400\" height=\"400\" src=\"https:\/\/melissimo.ro\/wp-content\/uploads\/2023\/12\/logo-sezamo.jpg\" class=\"vc_single_image-img attachment-full\" alt=\"logo sezamo - partener melissimo\" title=\"sezamo logo - partner melissimo\" srcset=\"https:\/\/melissimo.ro\/wp-content\/uploads\/2023\/12\/logo-sezamo.jpg 400w, https:\/\/melissimo.ro\/wp-content\/uploads\/2023\/12\/logo-sezamo-250x250.jpg 250w, https:\/\/melissimo.ro\/wp-content\/uploads\/2023\/12\/logo-sezamo-300x300.jpg 300w, https:\/\/melissimo.ro\/wp-content\/uploads\/2023\/12\/logo-sezamo-150x150.jpg 150w\" sizes=\"auto, (max-width: 400px) 100vw, 400px\" \/><\/div>\n\t\t<\/figure>\n\t<\/div>\n<\/div><\/div><\/div><div class=\"wpb_column vc_column_container vc_col-sm-3 vc_col-xs-6\"><div class=\"vc_column-inner\"><div class=\"wpb_wrapper\">\n\t<div  class=\"wpb_single_image wpb_content_element vc_align_left\">\n\t\t\n\t\t<figure class=\"wpb_wrapper vc_figure\">\n\t\t\t<div class=\"vc_single_image-wrapper   vc_box_border_grey\"><img loading=\"lazy\" decoding=\"async\" width=\"400\" height=\"400\" src=\"https:\/\/melissimo.ro\/wp-content\/uploads\/2023\/12\/logo-omw.png\" class=\"vc_single_image-img attachment-full\" alt=\"logo omv - partener melissimo\" title=\"omv logo - partner melissimo\" srcset=\"https:\/\/melissimo.ro\/wp-content\/uploads\/2023\/12\/logo-omw.png 400w, https:\/\/melissimo.ro\/wp-content\/uploads\/2023\/12\/logo-omw-250x250.png 250w, https:\/\/melissimo.ro\/wp-content\/uploads\/2023\/12\/logo-omw-300x300.png 300w, https:\/\/melissimo.ro\/wp-content\/uploads\/2023\/12\/logo-omw-150x150.png 150w\" sizes=\"auto, (max-width: 400px) 100vw, 400px\" \/><\/div>\n\t\t<\/figure>\n\t<\/div>\n<\/div><\/div><\/div><div class=\"wpb_column vc_column_container vc_col-sm-3 vc_col-xs-6\"><div class=\"vc_column-inner\"><div class=\"wpb_wrapper\">\n\t<div  class=\"wpb_single_image wpb_content_element vc_align_left\">\n\t\t\n\t\t<figure class=\"wpb_wrapper vc_figure\">\n\t\t\t<div class=\"vc_single_image-wrapper   vc_box_border_grey\"><img loading=\"lazy\" decoding=\"async\" width=\"400\" height=\"400\" src=\"https:\/\/melissimo.ro\/wp-content\/uploads\/2023\/12\/logo-mol.jpg\" class=\"vc_single_image-img attachment-full\" alt=\"logo mol - partener melissimo\" title=\"mol logo - partner melissimo\" srcset=\"https:\/\/melissimo.ro\/wp-content\/uploads\/2023\/12\/logo-mol.jpg 400w, https:\/\/melissimo.ro\/wp-content\/uploads\/2023\/12\/logo-mol-250x250.jpg 250w, https:\/\/melissimo.ro\/wp-content\/uploads\/2023\/12\/logo-mol-300x300.jpg 300w, https:\/\/melissimo.ro\/wp-content\/uploads\/2023\/12\/logo-mol-150x150.jpg 150w\" sizes=\"auto, (max-width: 400px) 100vw, 400px\" \/><\/div>\n\t\t<\/figure>\n\t<\/div>\n<\/div><\/div><\/div><div class=\"wpb_column vc_column_container vc_col-sm-3 vc_col-xs-6\"><div class=\"vc_column-inner\"><div class=\"wpb_wrapper\">\n\t<div  class=\"wpb_single_image wpb_content_element vc_align_left\">\n\t\t\n\t\t<figure class=\"wpb_wrapper vc_figure\">\n\t\t\t<div class=\"vc_single_image-wrapper   vc_box_border_grey\"><img loading=\"lazy\" decoding=\"async\" width=\"400\" height=\"400\" src=\"https:\/\/melissimo.ro\/wp-content\/uploads\/2023\/12\/logo-etu.jpg\" class=\"vc_single_image-img attachment-full\" alt=\"logo etu - partener melissimo\" title=\"etu logo - partner melissimo\" srcset=\"https:\/\/melissimo.ro\/wp-content\/uploads\/2023\/12\/logo-etu.jpg 400w, https:\/\/melissimo.ro\/wp-content\/uploads\/2023\/12\/logo-etu-250x250.jpg 250w, https:\/\/melissimo.ro\/wp-content\/uploads\/2023\/12\/logo-etu-300x300.jpg 300w, https:\/\/melissimo.ro\/wp-content\/uploads\/2023\/12\/logo-etu-150x150.jpg 150w\" sizes=\"auto, (max-width: 400px) 100vw, 400px\" \/><\/div>\n\t\t<\/figure>\n\t<\/div>\n<\/div><\/div><\/div><div class=\"wpb_column vc_column_container vc_col-sm-3 vc_col-xs-6\"><div class=\"vc_column-inner\"><div class=\"wpb_wrapper\">\n\t<div  class=\"wpb_single_image wpb_content_element vc_align_left\">\n\t\t\n\t\t<figure class=\"wpb_wrapper vc_figure\">\n\t\t\t<div class=\"vc_single_image-wrapper   vc_box_border_grey\"><img loading=\"lazy\" decoding=\"async\" width=\"400\" height=\"400\" src=\"https:\/\/melissimo.ro\/wp-content\/uploads\/2023\/12\/logo-petrom.jpg\" class=\"vc_single_image-img attachment-full\" alt=\"logo petrom partener melissimo\" title=\"petrom logo melissimo partner\" srcset=\"https:\/\/melissimo.ro\/wp-content\/uploads\/2023\/12\/logo-petrom.jpg 400w, https:\/\/melissimo.ro\/wp-content\/uploads\/2023\/12\/logo-petrom-250x250.jpg 250w, https:\/\/melissimo.ro\/wp-content\/uploads\/2023\/12\/logo-petrom-300x300.jpg 300w, https:\/\/melissimo.ro\/wp-content\/uploads\/2023\/12\/logo-petrom-150x150.jpg 150w\" sizes=\"auto, (max-width: 400px) 100vw, 400px\" \/><\/div>\n\t\t<\/figure>\n\t<\/div>\n<\/div><\/div><\/div><div class=\"wpb_column vc_column_container vc_col-sm-3 vc_col-xs-6\"><div class=\"vc_column-inner\"><div class=\"wpb_wrapper\">\n\t<div  class=\"wpb_single_image wpb_content_element vc_align_left\">\n\t\t\n\t\t<figure class=\"wpb_wrapper vc_figure\">\n\t\t\t<div class=\"vc_single_image-wrapper   vc_box_border_grey\"><img loading=\"lazy\" decoding=\"async\" width=\"400\" height=\"400\" src=\"https:\/\/melissimo.ro\/wp-content\/uploads\/2023\/12\/logo-zexe.jpg\" class=\"vc_single_image-img attachment-full\" alt=\"logo zexe - partener melissimo\" title=\"zexe logo - partner melissimo\" srcset=\"https:\/\/melissimo.ro\/wp-content\/uploads\/2023\/12\/logo-zexe.jpg 400w, https:\/\/melissimo.ro\/wp-content\/uploads\/2023\/12\/logo-zexe-250x250.jpg 250w, https:\/\/melissimo.ro\/wp-content\/uploads\/2023\/12\/logo-zexe-300x300.jpg 300w, https:\/\/melissimo.ro\/wp-content\/uploads\/2023\/12\/logo-zexe-150x150.jpg 150w\" sizes=\"auto, (max-width: 400px) 100vw, 400px\" \/><\/div>\n\t\t<\/figure>\n\t<\/div>\n<\/div><\/div><\/div><div class=\"wpb_column vc_column_container vc_col-sm-3 vc_col-xs-6\"><div class=\"vc_column-inner\"><div class=\"wpb_wrapper\">\n\t<div  class=\"wpb_single_image wpb_content_element vc_align_left\">\n\t\t\n\t\t<figure class=\"wpb_wrapper vc_figure\">\n\t\t\t<div class=\"vc_single_image-wrapper   vc_box_border_grey\"><img loading=\"lazy\" decoding=\"async\" width=\"400\" height=\"400\" src=\"https:\/\/melissimo.ro\/wp-content\/uploads\/2023\/12\/logo-carmelo.jpg\" class=\"vc_single_image-img attachment-full\" alt=\"logo caramello - partener melissimo\" title=\"caramel logo - melissimo partner\" srcset=\"https:\/\/melissimo.ro\/wp-content\/uploads\/2023\/12\/logo-carmelo.jpg 400w, https:\/\/melissimo.ro\/wp-content\/uploads\/2023\/12\/logo-carmelo-250x250.jpg 250w, https:\/\/melissimo.ro\/wp-content\/uploads\/2023\/12\/logo-carmelo-300x300.jpg 300w, https:\/\/melissimo.ro\/wp-content\/uploads\/2023\/12\/logo-carmelo-150x150.jpg 150w\" sizes=\"auto, (max-width: 400px) 100vw, 400px\" \/><\/div>\n\t\t<\/figure>\n\t<\/div>\n<\/div><\/div><\/div><div class=\"wpb_column vc_column_container vc_col-sm-3 vc_col-xs-6\"><div class=\"vc_column-inner\"><div class=\"wpb_wrapper\">\n\t<div  class=\"wpb_single_image wpb_content_element vc_align_left\">\n\t\t\n\t\t<figure class=\"wpb_wrapper vc_figure\">\n\t\t\t<div class=\"vc_single_image-wrapper   vc_box_border_grey\"><img loading=\"lazy\" decoding=\"async\" width=\"400\" height=\"400\" src=\"https:\/\/melissimo.ro\/wp-content\/uploads\/2023\/12\/logo-golden.jpg\" class=\"vc_single_image-img attachment-full\" alt=\"logo golden provider - partener melissimo\" title=\"golden provider logo - partner melissimo\" srcset=\"https:\/\/melissimo.ro\/wp-content\/uploads\/2023\/12\/logo-golden.jpg 400w, https:\/\/melissimo.ro\/wp-content\/uploads\/2023\/12\/logo-golden-250x250.jpg 250w, https:\/\/melissimo.ro\/wp-content\/uploads\/2023\/12\/logo-golden-300x300.jpg 300w, https:\/\/melissimo.ro\/wp-content\/uploads\/2023\/12\/logo-golden-150x150.jpg 150w\" sizes=\"auto, (max-width: 400px) 100vw, 400px\" \/><\/div>\n\t\t<\/figure>\n\t<\/div>\n<\/div><\/div><\/div><div class=\"wpb_column vc_column_container vc_col-sm-3 vc_col-xs-6\"><div class=\"vc_column-inner\"><div class=\"wpb_wrapper\">\n\t<div  class=\"wpb_single_image wpb_content_element vc_align_left\">\n\t\t\n\t\t<figure class=\"wpb_wrapper vc_figure\">\n\t\t\t<div class=\"vc_single_image-wrapper   vc_box_border_grey\"><img loading=\"lazy\" decoding=\"async\" width=\"400\" height=\"400\" src=\"https:\/\/melissimo.ro\/wp-content\/uploads\/2023\/12\/logo-diet-life.jpg\" class=\"vc_single_image-img attachment-full\" alt=\"logo diet life - melissimo\" title=\"diet life logo - melissimo\" srcset=\"https:\/\/melissimo.ro\/wp-content\/uploads\/2023\/12\/logo-diet-life.jpg 400w, https:\/\/melissimo.ro\/wp-content\/uploads\/2023\/12\/logo-diet-life-250x250.jpg 250w, https:\/\/melissimo.ro\/wp-content\/uploads\/2023\/12\/logo-diet-life-300x300.jpg 300w, https:\/\/melissimo.ro\/wp-content\/uploads\/2023\/12\/logo-diet-life-150x150.jpg 150w\" sizes=\"auto, (max-width: 400px) 100vw, 400px\" \/><\/div>\n\t\t<\/figure>\n\t<\/div>\n<\/div><\/div><\/div><div class=\"wpb_column vc_column_container vc_col-sm-3\"><div class=\"vc_column-inner\"><div class=\"wpb_wrapper\">\n\t<div  class=\"wpb_single_image wpb_content_element vc_align_left\">\n\t\t\n\t\t<figure class=\"wpb_wrapper vc_figure\">\n\t\t\t<a href=\"https:\/\/www.annabella.ro\/\" target=\"_blank\" class=\"vc_single_image-wrapper   vc_box_border_grey\"><img loading=\"lazy\" decoding=\"async\" width=\"400\" height=\"400\" src=\"https:\/\/melissimo.ro\/wp-content\/uploads\/2026\/01\/partener-melissimo-annabella.jpg\" class=\"vc_single_image-img attachment-full\" alt=\"partener melissimo annabella\" title=\"partener melissimo annabella\" srcset=\"https:\/\/melissimo.ro\/wp-content\/uploads\/2026\/01\/partener-melissimo-annabella.jpg 400w, https:\/\/melissimo.ro\/wp-content\/uploads\/2026\/01\/partener-melissimo-annabella-300x300.jpg 300w, https:\/\/melissimo.ro\/wp-content\/uploads\/2026\/01\/partener-melissimo-annabella-150x150.jpg 150w, https:\/\/melissimo.ro\/wp-content\/uploads\/2026\/01\/partener-melissimo-annabella-12x12.jpg 12w, https:\/\/melissimo.ro\/wp-content\/uploads\/2026\/01\/partener-melissimo-annabella-250x250.jpg 250w\" sizes=\"auto, (max-width: 400px) 100vw, 400px\" \/><\/a>\n\t\t<\/figure>\n\t<\/div>\n<\/div><\/div><\/div><\/div>\n<\/div>","protected":false},"excerpt":{"rendered":"","protected":false},"author":1,"featured_media":0,"parent":0,"menu_order":0,"comment_status":"closed","ping_status":"closed","template":"","meta":{"_acf_changed":false,"footnotes":""},"class_list":["post-2606","page","type-page","status-publish","hentry"],"acf":[],"yoast_head":"<!-- This site is optimized with the Yoast SEO plugin v27.3 - https:\/\/yoast.com\/product\/yoast-seo-wordpress\/ -->\n<title>Parteneri - Melissimo<\/title>\n<meta name=\"description\" content=\"Euromellis Natura S.R.L. este o companie privat\u0103, cu capital integral rom\u00e2nesc, \u00eenfiin\u021bat\u0103 \u00een anul 2014. Av\u00e2nd stupine \u0219i planta\u021bie de c\u0103tin\u0103\" \/>\n<meta name=\"robots\" content=\"index, follow, max-snippet:-1, max-image-preview:large, max-video-preview:-1\" \/>\n<link rel=\"canonical\" href=\"https:\/\/melissimo.ro\/en\/parteneri\/\" \/>\n<meta property=\"og:locale\" content=\"en_US\" \/>\n<meta property=\"og:type\" content=\"article\" \/>\n<meta property=\"og:title\" content=\"Parteneri - Melissimo\" \/>\n<meta property=\"og:description\" content=\"Euromellis Natura S.R.L. este o companie privat\u0103, cu capital integral rom\u00e2nesc, \u00eenfiin\u021bat\u0103 \u00een anul 2014. Av\u00e2nd stupine \u0219i planta\u021bie de c\u0103tin\u0103\" \/>\n<meta property=\"og:url\" content=\"https:\/\/melissimo.ro\/en\/parteneri\/\" \/>\n<meta property=\"og:site_name\" content=\"Melissimo\" \/>\n<meta property=\"article:publisher\" content=\"https:\/\/www.facebook.com\/melissimo.ro\" \/>\n<meta property=\"article:modified_time\" content=\"2026-01-22T11:13:51+00:00\" \/>\n<meta property=\"og:image\" content=\"https:\/\/melissimo.ro\/wp-content\/uploads\/2021\/12\/melissimo-facebook.jpg\" \/>\n\t<meta property=\"og:image:width\" content=\"1200\" \/>\n\t<meta property=\"og:image:height\" content=\"630\" \/>\n\t<meta property=\"og:image:type\" content=\"image\/jpeg\" \/>\n<meta name=\"twitter:card\" content=\"summary_large_image\" \/>\n<meta name=\"twitter:label1\" content=\"Est. reading time\" \/>\n\t<meta name=\"twitter:data1\" content=\"4 minutes\" \/>\n<script type=\"application\/ld+json\" class=\"yoast-schema-graph\">{\"@context\":\"https:\\\/\\\/schema.org\",\"@graph\":[{\"@type\":\"WebPage\",\"@id\":\"https:\\\/\\\/melissimo.ro\\\/parteneri\\\/\",\"url\":\"https:\\\/\\\/melissimo.ro\\\/parteneri\\\/\",\"name\":\"Parteneri - Melissimo\",\"isPartOf\":{\"@id\":\"https:\\\/\\\/melissimo.ro\\\/#website\"},\"datePublished\":\"2021-06-22T20:12:15+00:00\",\"dateModified\":\"2026-01-22T11:13:51+00:00\",\"description\":\"Euromellis Natura S.R.L. este o companie privat\u0103, cu capital integral rom\u00e2nesc, \u00eenfiin\u021bat\u0103 \u00een anul 2014. Av\u00e2nd stupine \u0219i planta\u021bie de c\u0103tin\u0103\",\"breadcrumb\":{\"@id\":\"https:\\\/\\\/melissimo.ro\\\/parteneri\\\/#breadcrumb\"},\"inLanguage\":\"en-US\",\"potentialAction\":[{\"@type\":\"ReadAction\",\"target\":[\"https:\\\/\\\/melissimo.ro\\\/parteneri\\\/\"]}]},{\"@type\":\"BreadcrumbList\",\"@id\":\"https:\\\/\\\/melissimo.ro\\\/parteneri\\\/#breadcrumb\",\"itemListElement\":[{\"@type\":\"ListItem\",\"position\":1,\"name\":\"Prima pagin\u0103\",\"item\":\"https:\\\/\\\/melissimo.ro\\\/\"},{\"@type\":\"ListItem\",\"position\":2,\"name\":\"Parteneri\"}]},{\"@type\":\"WebSite\",\"@id\":\"https:\\\/\\\/melissimo.ro\\\/#website\",\"url\":\"https:\\\/\\\/melissimo.ro\\\/\",\"name\":\"Melissimo\",\"description\":\"Delicios de Sanatos\",\"publisher\":{\"@id\":\"https:\\\/\\\/melissimo.ro\\\/#organization\"},\"potentialAction\":[{\"@type\":\"SearchAction\",\"target\":{\"@type\":\"EntryPoint\",\"urlTemplate\":\"https:\\\/\\\/melissimo.ro\\\/?s={search_term_string}\"},\"query-input\":{\"@type\":\"PropertyValueSpecification\",\"valueRequired\":true,\"valueName\":\"search_term_string\"}}],\"inLanguage\":\"en-US\"},{\"@type\":\"Organization\",\"@id\":\"https:\\\/\\\/melissimo.ro\\\/#organization\",\"name\":\"Melissimo\",\"url\":\"https:\\\/\\\/melissimo.ro\\\/\",\"logo\":{\"@type\":\"ImageObject\",\"inLanguage\":\"en-US\",\"@id\":\"https:\\\/\\\/melissimo.ro\\\/#\\\/schema\\\/logo\\\/image\\\/\",\"url\":\"https:\\\/\\\/melissimo.ro\\\/wp-content\\\/uploads\\\/2020\\\/10\\\/logo_dark.png\",\"contentUrl\":\"https:\\\/\\\/melissimo.ro\\\/wp-content\\\/uploads\\\/2020\\\/10\\\/logo_dark.png\",\"width\":326,\"height\":70,\"caption\":\"Melissimo\"},\"image\":{\"@id\":\"https:\\\/\\\/melissimo.ro\\\/#\\\/schema\\\/logo\\\/image\\\/\"},\"sameAs\":[\"https:\\\/\\\/www.facebook.com\\\/melissimo.ro\",\"https:\\\/\\\/www.instagram.com\\\/melissimo.ro\\\/\"]}]}<\/script>\n<!-- \/ Yoast SEO plugin. -->","yoast_head_json":{"title":"Parteneri - Melissimo","description":"Euromellis Natura S.R.L. este o companie privat\u0103, cu capital integral rom\u00e2nesc, \u00eenfiin\u021bat\u0103 \u00een anul 2014. Av\u00e2nd stupine \u0219i planta\u021bie de c\u0103tin\u0103","robots":{"index":"index","follow":"follow","max-snippet":"max-snippet:-1","max-image-preview":"max-image-preview:large","max-video-preview":"max-video-preview:-1"},"canonical":"https:\/\/melissimo.ro\/en\/parteneri\/","og_locale":"en_US","og_type":"article","og_title":"Parteneri - Melissimo","og_description":"Euromellis Natura S.R.L. este o companie privat\u0103, cu capital integral rom\u00e2nesc, \u00eenfiin\u021bat\u0103 \u00een anul 2014. Av\u00e2nd stupine \u0219i planta\u021bie de c\u0103tin\u0103","og_url":"https:\/\/melissimo.ro\/en\/parteneri\/","og_site_name":"Melissimo","article_publisher":"https:\/\/www.facebook.com\/melissimo.ro","article_modified_time":"2026-01-22T11:13:51+00:00","og_image":[{"width":1200,"height":630,"url":"https:\/\/melissimo.ro\/wp-content\/uploads\/2021\/12\/melissimo-facebook.jpg","type":"image\/jpeg"}],"twitter_card":"summary_large_image","twitter_misc":{"Est. reading time":"4 minutes"},"schema":{"@context":"https:\/\/schema.org","@graph":[{"@type":"WebPage","@id":"https:\/\/melissimo.ro\/parteneri\/","url":"https:\/\/melissimo.ro\/parteneri\/","name":"Parteneri - Melissimo","isPartOf":{"@id":"https:\/\/melissimo.ro\/#website"},"datePublished":"2021-06-22T20:12:15+00:00","dateModified":"2026-01-22T11:13:51+00:00","description":"Euromellis Natura S.R.L. este o companie privat\u0103, cu capital integral rom\u00e2nesc, \u00eenfiin\u021bat\u0103 \u00een anul 2014. Av\u00e2nd stupine \u0219i planta\u021bie de c\u0103tin\u0103","breadcrumb":{"@id":"https:\/\/melissimo.ro\/parteneri\/#breadcrumb"},"inLanguage":"en-US","potentialAction":[{"@type":"ReadAction","target":["https:\/\/melissimo.ro\/parteneri\/"]}]},{"@type":"BreadcrumbList","@id":"https:\/\/melissimo.ro\/parteneri\/#breadcrumb","itemListElement":[{"@type":"ListItem","position":1,"name":"Prima pagin\u0103","item":"https:\/\/melissimo.ro\/"},{"@type":"ListItem","position":2,"name":"Parteneri"}]},{"@type":"WebSite","@id":"https:\/\/melissimo.ro\/#website","url":"https:\/\/melissimo.ro\/","name":"Melissimo","description":"Sanatos delights","publisher":{"@id":"https:\/\/melissimo.ro\/#organization"},"potentialAction":[{"@type":"SearchAction","target":{"@type":"EntryPoint","urlTemplate":"https:\/\/melissimo.ro\/?s={search_term_string}"},"query-input":{"@type":"PropertyValueSpecification","valueRequired":true,"valueName":"search_term_string"}}],"inLanguage":"en-US"},{"@type":"Organization","@id":"https:\/\/melissimo.ro\/#organization","name":"Melissimo","url":"https:\/\/melissimo.ro\/","logo":{"@type":"ImageObject","inLanguage":"en-US","@id":"https:\/\/melissimo.ro\/#\/schema\/logo\/image\/","url":"https:\/\/melissimo.ro\/wp-content\/uploads\/2020\/10\/logo_dark.png","contentUrl":"https:\/\/melissimo.ro\/wp-content\/uploads\/2020\/10\/logo_dark.png","width":326,"height":70,"caption":"Melissimo"},"image":{"@id":"https:\/\/melissimo.ro\/#\/schema\/logo\/image\/"},"sameAs":["https:\/\/www.facebook.com\/melissimo.ro","https:\/\/www.instagram.com\/melissimo.ro\/"]}]}},"_links":{"self":[{"href":"https:\/\/melissimo.ro\/en\/wp-json\/wp\/v2\/pages\/2606","targetHints":{"allow":["GET"]}}],"collection":[{"href":"https:\/\/melissimo.ro\/en\/wp-json\/wp\/v2\/pages"}],"about":[{"href":"https:\/\/melissimo.ro\/en\/wp-json\/wp\/v2\/types\/page"}],"author":[{"embeddable":true,"href":"https:\/\/melissimo.ro\/en\/wp-json\/wp\/v2\/users\/1"}],"replies":[{"embeddable":true,"href":"https:\/\/melissimo.ro\/en\/wp-json\/wp\/v2\/comments?post=2606"}],"version-history":[{"count":10,"href":"https:\/\/melissimo.ro\/en\/wp-json\/wp\/v2\/pages\/2606\/revisions"}],"predecessor-version":[{"id":16808,"href":"https:\/\/melissimo.ro\/en\/wp-json\/wp\/v2\/pages\/2606\/revisions\/16808"}],"wp:attachment":[{"href":"https:\/\/melissimo.ro\/en\/wp-json\/wp\/v2\/media?parent=2606"}],"curies":[{"name":"wp","href":"https:\/\/api.w.org\/{rel}","templated":true}]}}