{"id":1531,"date":"2020-11-09T10:48:12","date_gmt":"2020-11-09T10:48:12","guid":{"rendered":"https:\/\/melissimo.ro\/?page_id=1531"},"modified":"2025-11-21T15:29:55","modified_gmt":"2025-11-21T13:29:55","slug":"contact","status":"publish","type":"page","link":"https:\/\/melissimo.ro\/en\/contact\/","title":{"rendered":"Contact"},"content":{"rendered":"<div class=\"wpb-content-wrapper\"><div class=\"vc_row wpb_row vc_row-fluid\"><div class=\"wpb_column vc_column_container vc_col-sm-12\"><div class=\"vc_column-inner\"><div class=\"wpb_wrapper\"><h2 style=\"text-align: left\" class=\"vc_custom_heading vc_do_custom_heading\" >We will be happy to answer your questions or telephone order requests.<\/h2><div class=\"vc_separator wpb_content_element vc_separator_align_center vc_sep_width_100 vc_sep_pos_align_center vc_separator_no_text vc_sep_color_grey\" ><span class=\"vc_sep_holder vc_sep_holder_l\"><span class=\"vc_sep_line\"><\/span><\/span><span class=\"vc_sep_holder vc_sep_holder_r\"><span class=\"vc_sep_line\"><\/span><\/span>\n<\/div><\/div><\/div><\/div><\/div><div class=\"vc_row wpb_row vc_row-fluid vc_custom_1763731791880 vc_row-o-content-middle vc_row-flex wd-rs-69206947edc65\"><div class=\"wpb_column vc_column_container vc_col-sm-6 wd-rs-65ddf06fe732e\"><div class=\"vc_column-inner vc_custom_1709043830851\"><div class=\"wpb_wrapper\">\n\t\t<div id=\"wd-671769af69217\" class=\"title-wrapper wd-wpb wd-set-mb reset-last-child  wd-rs-671769af69217 wd-title-color-default wd-title-style-default text-left vc_custom_1729587636490 wd-underline-colored\">\n\t\t\t\n\t\t\t<div class=\"liner-continer\">\n\t\t\t\t<h4 class=\"woodmart-title-container title  wd-font-weight- wd-fontsize-l\" >Phone<\/h4>\n\t\t\t\t\t\t\t<\/div>\n\t\t\t\n\t\t\t\n\t\t\t\n\t\t<\/div>\n\t\t\n\t\t\t\t<div id=\"wd-67176948b1bbb\" class=\"wd-text-block wd-wpb reset-last-child wd-rs-67176948b1bbb text-left wd-font-weight-600 wd-fontsize-custom vc_custom_1729587541194\">\n\t\t\t<p><a href=\"tel:+40 738 696 023\"><u>+40 738 696 023<\/u><\/a><\/p>\n\t\t<\/div>\n\t\t<\/div><\/div><\/div><div class=\"wpb_column vc_column_container vc_col-sm-6\"><div class=\"vc_column-inner\"><div class=\"wpb_wrapper\">\n\t\t<div id=\"wd-65ddefbd7466c\" class=\"title-wrapper wd-wpb wd-set-mb reset-last-child  wd-rs-65ddefbd7466c wd-title-color-default wd-title-style-default text-left vc_custom_1709043650001 wd-underline-colored\">\n\t\t\t\n\t\t\t<div class=\"liner-continer\">\n\t\t\t\t<h4 class=\"woodmart-title-container title  wd-font-weight- wd-fontsize-l\" >Email<\/h4>\n\t\t\t\t\t\t\t<\/div>\n\t\t\t\n\t\t\t\n\t\t\t\n\t\t<\/div>\n\t\t\n\t\t\t\t<div id=\"wd-671769684c73a\" class=\"wd-text-block wd-wpb reset-last-child wd-rs-671769684c73a text-left wd-font-weight-600 wd-fontsize-custom vc_custom_1729587581782\">\n\t\t\t<p><u><a href=\"mailto:office(@)euromellis.ro\">office(@)euromellis.ro<\/a><\/u><\/p>\n\t\t<\/div>\n\t\t<\/div><\/div><\/div><\/div><div class=\"vc_row wpb_row vc_row-fluid\"><div class=\"wpb_column vc_column_container vc_col-sm-12\"><div class=\"vc_column-inner\"><div class=\"wpb_wrapper\">\n\t<div class=\"wpb_raw_code wpb_raw_html wpb_content_element\" >\n\t\t<div class=\"wpb_wrapper\">\n\t\t\t<iframe src=\"https:\/\/www.google.com\/maps\/embed?pb=!1m14!1m8!1m3!1d11246.92129346154!2d26.02865!3d45.192555!3m2!1i1024!2i768!4f13.1!3m3!1m2!1s0x40b3a542d3298c49%3A0x8c60d4280c733d91!2sStrada%20Berevoie%C8%99ti%2077%2C%20V%C4%83lenii%20de%20Munte%20106400!5e0!3m2!1sen!2sro!4v1729586820801!5m2!1sen!2sro\" width=\"1920\" height=\"650\" style=\"border:0;\" allowfullscreen=\"\" loading=\"lazy\" referrerpolicy=\"no-referrer-when-downgrade\"><\/iframe>\n\t\t<\/div>\n\t<\/div>\n<\/div><\/div><\/div><\/div><div class=\"vc_row wpb_row vc_row-fluid vc_row-o-equal-height vc_row-o-content-middle vc_row-flex wd-rs-67176c1553734\"><div class=\"wpb_column vc_column_container vc_col-sm-3 wd-rs-67176c01ec631\"><div class=\"vc_column-inner\"><div class=\"wpb_wrapper\">\n\t<div  class=\"wpb_single_image wpb_content_element vc_align_center\">\n\t\t\n\t\t<figure class=\"wpb_wrapper vc_figure\">\n\t\t\t<div class=\"vc_single_image-wrapper   vc_box_border_grey\"><img loading=\"lazy\" decoding=\"async\" width=\"600\" height=\"600\" src=\"https:\/\/melissimo.ro\/wp-content\/uploads\/2020\/11\/EuromellisLogo.png\" class=\"vc_single_image-img attachment-full\" alt=\"Euromellis Logo - melissimo\" title=\"Euromellis Logo - melissimo\" srcset=\"https:\/\/melissimo.ro\/wp-content\/uploads\/2020\/11\/EuromellisLogo.png 600w, https:\/\/melissimo.ro\/wp-content\/uploads\/2020\/11\/EuromellisLogo-250x250.png 250w, https:\/\/melissimo.ro\/wp-content\/uploads\/2020\/11\/EuromellisLogo-300x300.png 300w, https:\/\/melissimo.ro\/wp-content\/uploads\/2020\/11\/EuromellisLogo-150x150.png 150w\" sizes=\"auto, (max-width: 600px) 100vw, 600px\" \/><\/div>\n\t\t<\/figure>\n\t<\/div>\n<\/div><\/div><\/div><div class=\"wpb_column vc_column_container vc_col-sm-9\"><div class=\"vc_column-inner\"><div class=\"wpb_wrapper\">\n\t<div class=\"wpb_text_column wpb_content_element\" >\n\t\t<div class=\"wpb_wrapper\">\n\t\t\t<p><strong>EUROMELLIS NATURA SRL<\/strong>\u00a0is a private company, with Romanian capital, established in 2014. Honey is purchased from local producers, certified and confirmed by quality analysis. The honey comes from the plantation of the group of companies, is certified organic and is frequently analyzed for continuous confirmation of properties. So everything we produce is fresh, unpasteurized and without any additives.<\/p>\n\n\t\t<\/div>\n\t<\/div>\n<\/div><\/div><\/div><\/div>\n<\/div>","protected":false},"excerpt":{"rendered":"Va r\u0103spundem cu drag \u00eentreb\u0103rilor sau cererilor de comand\u0103 telefonic\u0103. Telefon +40 738 696 023 Email office(@)euromellis.ro EUROMELLIS NATURA SRL\u00a0este","protected":false},"author":1,"featured_media":0,"parent":0,"menu_order":0,"comment_status":"closed","ping_status":"closed","template":"","meta":{"_acf_changed":false,"footnotes":""},"class_list":["post-1531","page","type-page","status-publish","hentry"],"acf":[],"yoast_head":"<!-- This site is optimized with the Yoast SEO plugin v27.3 - https:\/\/yoast.com\/product\/yoast-seo-wordpress\/ -->\n<title>Contact - Melissimo<\/title>\n<meta name=\"description\" content=\"VALENII DE MUNTE, Str. Berevoiesti, nr. 77-79, Prahova\" \/>\n<meta name=\"robots\" content=\"index, follow, max-snippet:-1, max-image-preview:large, max-video-preview:-1\" \/>\n<link rel=\"canonical\" href=\"https:\/\/melissimo.ro\/en\/contact\/\" \/>\n<meta property=\"og:locale\" content=\"en_US\" \/>\n<meta property=\"og:type\" content=\"article\" \/>\n<meta property=\"og:title\" content=\"Contact - Melissimo\" \/>\n<meta property=\"og:description\" content=\"VALENII DE MUNTE, Str. Berevoiesti, nr. 77-79, Prahova\" \/>\n<meta property=\"og:url\" content=\"https:\/\/melissimo.ro\/en\/contact\/\" \/>\n<meta property=\"og:site_name\" content=\"Melissimo\" \/>\n<meta property=\"article:publisher\" content=\"https:\/\/www.facebook.com\/melissimo.ro\" \/>\n<meta property=\"article:modified_time\" content=\"2025-11-21T13:29:55+00:00\" \/>\n<meta property=\"og:image\" content=\"https:\/\/melissimo.ro\/wp-content\/uploads\/2021\/12\/melissimo-facebook.jpg\" \/>\n\t<meta property=\"og:image:width\" content=\"1200\" \/>\n\t<meta property=\"og:image:height\" content=\"630\" \/>\n\t<meta property=\"og:image:type\" content=\"image\/jpeg\" \/>\n<meta name=\"twitter:card\" content=\"summary_large_image\" \/>\n<meta name=\"twitter:label1\" content=\"Est. reading time\" \/>\n\t<meta name=\"twitter:data1\" content=\"2 minutes\" \/>\n<script type=\"application\/ld+json\" class=\"yoast-schema-graph\">{\"@context\":\"https:\\\/\\\/schema.org\",\"@graph\":[{\"@type\":\"WebPage\",\"@id\":\"https:\\\/\\\/melissimo.ro\\\/contact\\\/\",\"url\":\"https:\\\/\\\/melissimo.ro\\\/contact\\\/\",\"name\":\"Contact - Melissimo\",\"isPartOf\":{\"@id\":\"https:\\\/\\\/melissimo.ro\\\/#website\"},\"datePublished\":\"2020-11-09T10:48:12+00:00\",\"dateModified\":\"2025-11-21T13:29:55+00:00\",\"description\":\"VALENII DE MUNTE, Str. Berevoiesti, nr. 77-79, Prahova\",\"breadcrumb\":{\"@id\":\"https:\\\/\\\/melissimo.ro\\\/contact\\\/#breadcrumb\"},\"inLanguage\":\"en-US\",\"potentialAction\":[{\"@type\":\"ReadAction\",\"target\":[\"https:\\\/\\\/melissimo.ro\\\/contact\\\/\"]}]},{\"@type\":\"BreadcrumbList\",\"@id\":\"https:\\\/\\\/melissimo.ro\\\/contact\\\/#breadcrumb\",\"itemListElement\":[{\"@type\":\"ListItem\",\"position\":1,\"name\":\"Prima pagin\u0103\",\"item\":\"https:\\\/\\\/melissimo.ro\\\/\"},{\"@type\":\"ListItem\",\"position\":2,\"name\":\"Contact\"}]},{\"@type\":\"WebSite\",\"@id\":\"https:\\\/\\\/melissimo.ro\\\/#website\",\"url\":\"https:\\\/\\\/melissimo.ro\\\/\",\"name\":\"Melissimo\",\"description\":\"Delicios de Sanatos\",\"publisher\":{\"@id\":\"https:\\\/\\\/melissimo.ro\\\/#organization\"},\"potentialAction\":[{\"@type\":\"SearchAction\",\"target\":{\"@type\":\"EntryPoint\",\"urlTemplate\":\"https:\\\/\\\/melissimo.ro\\\/?s={search_term_string}\"},\"query-input\":{\"@type\":\"PropertyValueSpecification\",\"valueRequired\":true,\"valueName\":\"search_term_string\"}}],\"inLanguage\":\"en-US\"},{\"@type\":\"Organization\",\"@id\":\"https:\\\/\\\/melissimo.ro\\\/#organization\",\"name\":\"Melissimo\",\"url\":\"https:\\\/\\\/melissimo.ro\\\/\",\"logo\":{\"@type\":\"ImageObject\",\"inLanguage\":\"en-US\",\"@id\":\"https:\\\/\\\/melissimo.ro\\\/#\\\/schema\\\/logo\\\/image\\\/\",\"url\":\"https:\\\/\\\/melissimo.ro\\\/wp-content\\\/uploads\\\/2020\\\/10\\\/logo_dark.png\",\"contentUrl\":\"https:\\\/\\\/melissimo.ro\\\/wp-content\\\/uploads\\\/2020\\\/10\\\/logo_dark.png\",\"width\":326,\"height\":70,\"caption\":\"Melissimo\"},\"image\":{\"@id\":\"https:\\\/\\\/melissimo.ro\\\/#\\\/schema\\\/logo\\\/image\\\/\"},\"sameAs\":[\"https:\\\/\\\/www.facebook.com\\\/melissimo.ro\",\"https:\\\/\\\/www.instagram.com\\\/melissimo.ro\\\/\"]}]}<\/script>\n<!-- \/ Yoast SEO plugin. -->","yoast_head_json":{"title":"Contact - Melissimo","description":"VALENII DE MUNTE, Str. Berevoiesti, nr. 77-79, Prahova","robots":{"index":"index","follow":"follow","max-snippet":"max-snippet:-1","max-image-preview":"max-image-preview:large","max-video-preview":"max-video-preview:-1"},"canonical":"https:\/\/melissimo.ro\/en\/contact\/","og_locale":"en_US","og_type":"article","og_title":"Contact - Melissimo","og_description":"VALENII DE MUNTE, Str. Berevoiesti, nr. 77-79, Prahova","og_url":"https:\/\/melissimo.ro\/en\/contact\/","og_site_name":"Melissimo","article_publisher":"https:\/\/www.facebook.com\/melissimo.ro","article_modified_time":"2025-11-21T13:29:55+00:00","og_image":[{"width":1200,"height":630,"url":"https:\/\/melissimo.ro\/wp-content\/uploads\/2021\/12\/melissimo-facebook.jpg","type":"image\/jpeg"}],"twitter_card":"summary_large_image","twitter_misc":{"Est. reading time":"2 minutes"},"schema":{"@context":"https:\/\/schema.org","@graph":[{"@type":"WebPage","@id":"https:\/\/melissimo.ro\/contact\/","url":"https:\/\/melissimo.ro\/contact\/","name":"Contact - Melissimo","isPartOf":{"@id":"https:\/\/melissimo.ro\/#website"},"datePublished":"2020-11-09T10:48:12+00:00","dateModified":"2025-11-21T13:29:55+00:00","description":"VALENII DE MUNTE, Str. Berevoiesti, nr. 77-79, Prahova","breadcrumb":{"@id":"https:\/\/melissimo.ro\/contact\/#breadcrumb"},"inLanguage":"en-US","potentialAction":[{"@type":"ReadAction","target":["https:\/\/melissimo.ro\/contact\/"]}]},{"@type":"BreadcrumbList","@id":"https:\/\/melissimo.ro\/contact\/#breadcrumb","itemListElement":[{"@type":"ListItem","position":1,"name":"Prima pagin\u0103","item":"https:\/\/melissimo.ro\/"},{"@type":"ListItem","position":2,"name":"Contact"}]},{"@type":"WebSite","@id":"https:\/\/melissimo.ro\/#website","url":"https:\/\/melissimo.ro\/","name":"Melissimo","description":"Sanatos delights","publisher":{"@id":"https:\/\/melissimo.ro\/#organization"},"potentialAction":[{"@type":"SearchAction","target":{"@type":"EntryPoint","urlTemplate":"https:\/\/melissimo.ro\/?s={search_term_string}"},"query-input":{"@type":"PropertyValueSpecification","valueRequired":true,"valueName":"search_term_string"}}],"inLanguage":"en-US"},{"@type":"Organization","@id":"https:\/\/melissimo.ro\/#organization","name":"Melissimo","url":"https:\/\/melissimo.ro\/","logo":{"@type":"ImageObject","inLanguage":"en-US","@id":"https:\/\/melissimo.ro\/#\/schema\/logo\/image\/","url":"https:\/\/melissimo.ro\/wp-content\/uploads\/2020\/10\/logo_dark.png","contentUrl":"https:\/\/melissimo.ro\/wp-content\/uploads\/2020\/10\/logo_dark.png","width":326,"height":70,"caption":"Melissimo"},"image":{"@id":"https:\/\/melissimo.ro\/#\/schema\/logo\/image\/"},"sameAs":["https:\/\/www.facebook.com\/melissimo.ro","https:\/\/www.instagram.com\/melissimo.ro\/"]}]}},"_links":{"self":[{"href":"https:\/\/melissimo.ro\/en\/wp-json\/wp\/v2\/pages\/1531","targetHints":{"allow":["GET"]}}],"collection":[{"href":"https:\/\/melissimo.ro\/en\/wp-json\/wp\/v2\/pages"}],"about":[{"href":"https:\/\/melissimo.ro\/en\/wp-json\/wp\/v2\/types\/page"}],"author":[{"embeddable":true,"href":"https:\/\/melissimo.ro\/en\/wp-json\/wp\/v2\/users\/1"}],"replies":[{"embeddable":true,"href":"https:\/\/melissimo.ro\/en\/wp-json\/wp\/v2\/comments?post=1531"}],"version-history":[{"count":6,"href":"https:\/\/melissimo.ro\/en\/wp-json\/wp\/v2\/pages\/1531\/revisions"}],"predecessor-version":[{"id":16374,"href":"https:\/\/melissimo.ro\/en\/wp-json\/wp\/v2\/pages\/1531\/revisions\/16374"}],"wp:attachment":[{"href":"https:\/\/melissimo.ro\/en\/wp-json\/wp\/v2\/media?parent=1531"}],"curies":[{"name":"wp","href":"https:\/\/api.w.org\/{rel}","templated":true}]}}