{"id":1504,"date":"2020-11-09T09:05:10","date_gmt":"2020-11-09T09:05:10","guid":{"rendered":"https:\/\/melissimo.ro\/?page_id=1504"},"modified":"2025-11-26T16:25:16","modified_gmt":"2025-11-26T14:25:16","slug":"plantatie-acreditata-bio","status":"publish","type":"page","link":"https:\/\/melissimo.ro\/en\/plantatie-acreditata-bio\/","title":{"rendered":"Plantation"},"content":{"rendered":"<div class=\"wpb-content-wrapper\"><div class=\"vc_row wpb_row vc_row-fluid wd-rs-681b1e3b8330e wd-section-stretch-content\"><div class=\"wpb_column vc_column_container vc_col-sm-12\"><div class=\"vc_column-inner\"><div class=\"wpb_wrapper\"><\/div><\/div><\/div><\/div><div data-vc-full-width=\"true\" data-vc-full-width-temp=\"true\" data-vc-full-width-init=\"false\" class=\"vc_row wpb_row vc_row-fluid vc_custom_1746623505962 vc_row-has-fill wd-rs-681b5c04e80cc wd-section-stretch\"><div class=\"wpb_column vc_column_container vc_col-sm-12 vc_col-has-fill wd-z-index wd-rs-681b1f43c2ef1\"><div class=\"vc_column-inner vc_custom_1746607929582\"><div class=\"wpb_wrapper\"><div class=\"vc_row wpb_row vc_inner vc_row-fluid wd-rs-681b1f7a04343\"><div class=\"wpb_column vc_column_container vc_col-sm-12 color-scheme-dark wd-rs-681b1faad58bd\"><div class=\"vc_column-inner\"><div class=\"wpb_wrapper\">\n\t\t<div id=\"wd-681b5f1614c37\" class=\"title-wrapper wd-wpb wd-set-mb reset-last-child  wd-rs-681b5f1614c37 wd-title-color-black wd-title-style-default text-center vc_custom_1746624280805 wd-width-custom wd-title-empty wd-underline-colored\">\n\t\t\t\t\t\t\t\n\t\t\t\t<div class=\"title-subtitle  subtitle-color-black font-default subtitle-style-background wd-font-weight- wd-fontsize-xs\">The largest plantation in Romania<\/div>\n\t\t\t\n\t\t\t<div class=\"liner-continer\">\n\t\t\t\t<h4 class=\"woodmart-title-container title  wd-font-weight-400 wd-fontsize-l\" ><\/h4>\n\t\t\t\t\t\t\t<\/div>\n\t\t\t\n\t\t\t\n\t\t\t\n\t\t<\/div>\n\t\t\n\t\t\n\t\t<div id=\"wd-69270da2b2c07\" class=\"title-wrapper wd-wpb wd-set-mb reset-last-child  wd-rs-69270da2b2c07 wd-title-color-black wd-title-style-default text-center vc_custom_1764167077216 wd-width-custom wd-underline-colored\">\n\t\t\t\n\t\t\t<div class=\"liner-continer\">\n\t\t\t\t<h4 class=\"woodmart-title-container title  wd-font-weight-400 wd-fontsize-l\" >THE PLANTATION IN OUR HOLDING<\/h4>\n\t\t\t\t\t\t\t<\/div>\n\t\t\t\n\t\t\t\n\t\t\t\n\t\t<\/div>\n\t\t\n\t\t\t\t<div id=\"wd-69270dc02fc21\" class=\"wd-text-block wd-wpb reset-last-child wd-rs-69270dc02fc21 text-left color-scheme-dark color-title wd-fontsize-custom vc_custom_1764167107872\">\n\t\t\t<p>The celery we use in Melissimo products comes from a certified organic plantation, operated by a specialized company within our holding. The three varieties of sea buckthorn are harvested at different times in order to preserve all the vitamins (C, E, F, K, B1, B2, B3) and OMEGA fatty acids (3, 6, 7, 9).<\/p>\n<p>The plantation is located in the Gorj county, in the Gilort meadow, in a natural area protected from pollution and intensive agriculture. On the over 44 hectares, the quince is harvested according to European standards and processed into unpasteurized RAW juice using HPP technology.<\/p>\n<p style=\"text-align: left;\"><strong>Melissimo is a natural, unpasteurized 100% drink, made exclusively from pure, non-industrially processed ingredients, produced naturally, with minimal human intervention, in clean, pollution-free areas.<\/strong><\/p>\n<p style=\"text-align: left;\"><strong>In Melissimo there are no additives, preservatives, colorings or artificial elements.<\/strong><\/p>\n<p style=\"text-align: left;\"><strong>Beyond its delicious and refreshing taste, each of Melissimo's ingredients is a true wonder of nature, with extraordinary benefits for the body's well-being and balance.<\/strong><\/p>\n\t\t<\/div>\n\t\t<\/div><\/div><\/div><\/div><\/div><\/div><\/div><\/div><div class=\"vc_row-full-width vc_clearfix\"><\/div><div class=\"vc_row wpb_row vc_row-fluid vc_custom_1746601912124 wd-z-index wd-disable-overflow wd-rs-681b075e0961e\"><div class=\"wpb_column vc_column_container vc_col-sm-12 vc_col-has-fill text-center wd-rs-681b201fdb346\"><div class=\"vc_column-inner vc_custom_1746608149935\"><div class=\"wpb_wrapper\"><div class=\"vc_row wpb_row vc_inner vc_row-fluid\"><div class=\"wpb_column vc_column_container vc_col-sm-4\"><div class=\"vc_column-inner\"><div class=\"wpb_wrapper\">\t\t<div id=\"wd-691f05146ef05\" class=\"wd-image wd-wpb wd-rs-691f05146ef05 text-center vc_custom_1763640672592\">\n\t\t\t\n\t\t\t<img loading=\"lazy\" decoding=\"async\" width=\"768\" height=\"1024\" src=\"https:\/\/melissimo.ro\/wp-content\/uploads\/2025\/11\/catina-melissimo.jpg\" class=\"attachment-full size-full\" alt=\"catina melissimo\" srcset=\"https:\/\/melissimo.ro\/wp-content\/uploads\/2025\/11\/catina-melissimo.jpg 768w, https:\/\/melissimo.ro\/wp-content\/uploads\/2025\/11\/catina-melissimo-250x333.jpg 250w, https:\/\/melissimo.ro\/wp-content\/uploads\/2025\/11\/catina-melissimo-225x300.jpg 225w\" sizes=\"auto, (max-width: 768px) 100vw, 768px\" \/>\n\t\t\t\t\t<\/div>\n\t\t<\/div><\/div><\/div><div class=\"wpb_column vc_column_container vc_col-sm-4\"><div class=\"vc_column-inner\"><div class=\"wpb_wrapper\">\t\t<div id=\"wd-691f0563da56a\" class=\"wd-image wd-wpb wd-rs-691f0563da56a text-center vc_custom_1763640691211\">\n\t\t\t\n\t\t\t<img loading=\"lazy\" decoding=\"async\" width=\"768\" height=\"1024\" src=\"https:\/\/melissimo.ro\/wp-content\/uploads\/2020\/11\/WhatsApp-Image-2020-10-30-at-14.54.36.jpeg\" class=\"attachment-full size-full\" alt=\"catina - melissimo\" srcset=\"https:\/\/melissimo.ro\/wp-content\/uploads\/2020\/11\/WhatsApp-Image-2020-10-30-at-14.54.36.jpeg 768w, https:\/\/melissimo.ro\/wp-content\/uploads\/2020\/11\/WhatsApp-Image-2020-10-30-at-14.54.36-250x333.jpeg 250w, https:\/\/melissimo.ro\/wp-content\/uploads\/2020\/11\/WhatsApp-Image-2020-10-30-at-14.54.36-600x800.jpeg 600w, https:\/\/melissimo.ro\/wp-content\/uploads\/2020\/11\/WhatsApp-Image-2020-10-30-at-14.54.36-225x300.jpeg 225w, https:\/\/melissimo.ro\/wp-content\/uploads\/2020\/11\/WhatsApp-Image-2020-10-30-at-14.54.36-150x200.jpeg 150w\" sizes=\"auto, (max-width: 768px) 100vw, 768px\" \/>\n\t\t\t\t\t<\/div>\n\t\t<\/div><\/div><\/div><div class=\"wpb_column vc_column_container vc_col-sm-4\"><div class=\"vc_column-inner\"><div class=\"wpb_wrapper\">\t\t<div id=\"wd-691f0577a0db7\" class=\"wd-image wd-wpb wd-rs-691f0577a0db7 text-center vc_custom_1763640704746\">\n\t\t\t\n\t\t\t<img loading=\"lazy\" decoding=\"async\" width=\"768\" height=\"1024\" src=\"https:\/\/melissimo.ro\/wp-content\/uploads\/2020\/11\/WhatsApp-Image-2020-10-30-at-14.54.37.jpeg\" class=\"attachment-full size-full\" alt=\"catina - melissimo\" srcset=\"https:\/\/melissimo.ro\/wp-content\/uploads\/2020\/11\/WhatsApp-Image-2020-10-30-at-14.54.37.jpeg 768w, https:\/\/melissimo.ro\/wp-content\/uploads\/2020\/11\/WhatsApp-Image-2020-10-30-at-14.54.37-250x333.jpeg 250w, https:\/\/melissimo.ro\/wp-content\/uploads\/2020\/11\/WhatsApp-Image-2020-10-30-at-14.54.37-600x800.jpeg 600w, https:\/\/melissimo.ro\/wp-content\/uploads\/2020\/11\/WhatsApp-Image-2020-10-30-at-14.54.37-225x300.jpeg 225w, https:\/\/melissimo.ro\/wp-content\/uploads\/2020\/11\/WhatsApp-Image-2020-10-30-at-14.54.37-150x200.jpeg 150w\" sizes=\"auto, (max-width: 768px) 100vw, 768px\" \/>\n\t\t\t\t\t<\/div>\n\t\t<\/div><\/div><\/div><\/div><\/div><\/div><\/div><\/div>\n<\/div>","protected":false},"excerpt":{"rendered":"Cea mai mare planta\u021bie din Rom\u00e2nia PLANTA\u021aIA DIN HOLDINGUL NOSTRU C\u0103tina pe care o folosim \u00een produsele Melissimo provine dintr-o","protected":false},"author":1,"featured_media":0,"parent":0,"menu_order":0,"comment_status":"closed","ping_status":"closed","template":"","meta":{"_acf_changed":false,"footnotes":""},"class_list":["post-1504","page","type-page","status-publish","hentry"],"acf":[],"yoast_head":"<!-- This site is optimized with the Yoast SEO plugin v27.3 - https:\/\/yoast.com\/product\/yoast-seo-wordpress\/ -->\n<title>Planta\u021bie - Melissimo<\/title>\n<meta name=\"description\" content=\"Avem 4 soiuri de c\u0103tin\u0103 acreditat\u0103 BIO, pe care le culegem in pentru a ne bucura de complexul de VITAMINE si OMEGA (3, 6, 7, 9)...\" \/>\n<meta name=\"robots\" content=\"index, follow, max-snippet:-1, max-image-preview:large, max-video-preview:-1\" \/>\n<link rel=\"canonical\" href=\"https:\/\/melissimo.ro\/en\/plantatie-acreditata-bio\/\" \/>\n<meta property=\"og:locale\" content=\"en_US\" \/>\n<meta property=\"og:type\" content=\"article\" \/>\n<meta property=\"og:title\" content=\"Planta\u021bie - Melissimo\" \/>\n<meta property=\"og:description\" content=\"Avem 4 soiuri de c\u0103tin\u0103 acreditat\u0103 BIO, pe care le culegem in pentru a ne bucura de complexul de VITAMINE si OMEGA (3, 6, 7, 9)...\" \/>\n<meta property=\"og:url\" content=\"https:\/\/melissimo.ro\/en\/plantatie-acreditata-bio\/\" \/>\n<meta property=\"og:site_name\" content=\"Melissimo\" \/>\n<meta property=\"article:publisher\" content=\"https:\/\/www.facebook.com\/melissimo.ro\" \/>\n<meta property=\"article:modified_time\" content=\"2025-11-26T14:25:16+00:00\" \/>\n<meta property=\"og:image\" content=\"https:\/\/melissimo.ro\/wp-content\/uploads\/2021\/12\/melissimo-facebook.jpg\" \/>\n\t<meta property=\"og:image:width\" content=\"1200\" \/>\n\t<meta property=\"og:image:height\" content=\"630\" \/>\n\t<meta property=\"og:image:type\" content=\"image\/jpeg\" \/>\n<meta name=\"twitter:card\" content=\"summary_large_image\" \/>\n<meta name=\"twitter:label1\" content=\"Est. reading time\" \/>\n\t<meta name=\"twitter:data1\" content=\"2 minutes\" \/>\n<script type=\"application\/ld+json\" class=\"yoast-schema-graph\">{\"@context\":\"https:\\\/\\\/schema.org\",\"@graph\":[{\"@type\":\"WebPage\",\"@id\":\"https:\\\/\\\/melissimo.ro\\\/plantatie-acreditata-bio\\\/\",\"url\":\"https:\\\/\\\/melissimo.ro\\\/plantatie-acreditata-bio\\\/\",\"name\":\"Planta\u021bie - Melissimo\",\"isPartOf\":{\"@id\":\"https:\\\/\\\/melissimo.ro\\\/#website\"},\"datePublished\":\"2020-11-09T09:05:10+00:00\",\"dateModified\":\"2025-11-26T14:25:16+00:00\",\"description\":\"Avem 4 soiuri de c\u0103tin\u0103 acreditat\u0103 BIO, pe care le culegem in pentru a ne bucura de complexul de VITAMINE si OMEGA (3, 6, 7, 9)...\",\"breadcrumb\":{\"@id\":\"https:\\\/\\\/melissimo.ro\\\/plantatie-acreditata-bio\\\/#breadcrumb\"},\"inLanguage\":\"en-US\",\"potentialAction\":[{\"@type\":\"ReadAction\",\"target\":[\"https:\\\/\\\/melissimo.ro\\\/plantatie-acreditata-bio\\\/\"]}]},{\"@type\":\"BreadcrumbList\",\"@id\":\"https:\\\/\\\/melissimo.ro\\\/plantatie-acreditata-bio\\\/#breadcrumb\",\"itemListElement\":[{\"@type\":\"ListItem\",\"position\":1,\"name\":\"Prima pagin\u0103\",\"item\":\"https:\\\/\\\/melissimo.ro\\\/\"},{\"@type\":\"ListItem\",\"position\":2,\"name\":\"Planta\u021bie\"}]},{\"@type\":\"WebSite\",\"@id\":\"https:\\\/\\\/melissimo.ro\\\/#website\",\"url\":\"https:\\\/\\\/melissimo.ro\\\/\",\"name\":\"Melissimo\",\"description\":\"Delicios de Sanatos\",\"publisher\":{\"@id\":\"https:\\\/\\\/melissimo.ro\\\/#organization\"},\"potentialAction\":[{\"@type\":\"SearchAction\",\"target\":{\"@type\":\"EntryPoint\",\"urlTemplate\":\"https:\\\/\\\/melissimo.ro\\\/?s={search_term_string}\"},\"query-input\":{\"@type\":\"PropertyValueSpecification\",\"valueRequired\":true,\"valueName\":\"search_term_string\"}}],\"inLanguage\":\"en-US\"},{\"@type\":\"Organization\",\"@id\":\"https:\\\/\\\/melissimo.ro\\\/#organization\",\"name\":\"Melissimo\",\"url\":\"https:\\\/\\\/melissimo.ro\\\/\",\"logo\":{\"@type\":\"ImageObject\",\"inLanguage\":\"en-US\",\"@id\":\"https:\\\/\\\/melissimo.ro\\\/#\\\/schema\\\/logo\\\/image\\\/\",\"url\":\"https:\\\/\\\/melissimo.ro\\\/wp-content\\\/uploads\\\/2020\\\/10\\\/logo_dark.png\",\"contentUrl\":\"https:\\\/\\\/melissimo.ro\\\/wp-content\\\/uploads\\\/2020\\\/10\\\/logo_dark.png\",\"width\":326,\"height\":70,\"caption\":\"Melissimo\"},\"image\":{\"@id\":\"https:\\\/\\\/melissimo.ro\\\/#\\\/schema\\\/logo\\\/image\\\/\"},\"sameAs\":[\"https:\\\/\\\/www.facebook.com\\\/melissimo.ro\",\"https:\\\/\\\/www.instagram.com\\\/melissimo.ro\\\/\"]}]}<\/script>\n<!-- \/ Yoast SEO plugin. -->","yoast_head_json":{"title":"Planta\u021bie - Melissimo","description":"Avem 4 soiuri de c\u0103tin\u0103 acreditat\u0103 BIO, pe care le culegem in pentru a ne bucura de complexul de VITAMINE si OMEGA (3, 6, 7, 9)...","robots":{"index":"index","follow":"follow","max-snippet":"max-snippet:-1","max-image-preview":"max-image-preview:large","max-video-preview":"max-video-preview:-1"},"canonical":"https:\/\/melissimo.ro\/en\/plantatie-acreditata-bio\/","og_locale":"en_US","og_type":"article","og_title":"Planta\u021bie - Melissimo","og_description":"Avem 4 soiuri de c\u0103tin\u0103 acreditat\u0103 BIO, pe care le culegem in pentru a ne bucura de complexul de VITAMINE si OMEGA (3, 6, 7, 9)...","og_url":"https:\/\/melissimo.ro\/en\/plantatie-acreditata-bio\/","og_site_name":"Melissimo","article_publisher":"https:\/\/www.facebook.com\/melissimo.ro","article_modified_time":"2025-11-26T14:25:16+00:00","og_image":[{"width":1200,"height":630,"url":"https:\/\/melissimo.ro\/wp-content\/uploads\/2021\/12\/melissimo-facebook.jpg","type":"image\/jpeg"}],"twitter_card":"summary_large_image","twitter_misc":{"Est. reading time":"2 minutes"},"schema":{"@context":"https:\/\/schema.org","@graph":[{"@type":"WebPage","@id":"https:\/\/melissimo.ro\/plantatie-acreditata-bio\/","url":"https:\/\/melissimo.ro\/plantatie-acreditata-bio\/","name":"Planta\u021bie - Melissimo","isPartOf":{"@id":"https:\/\/melissimo.ro\/#website"},"datePublished":"2020-11-09T09:05:10+00:00","dateModified":"2025-11-26T14:25:16+00:00","description":"Avem 4 soiuri de c\u0103tin\u0103 acreditat\u0103 BIO, pe care le culegem in pentru a ne bucura de complexul de VITAMINE si OMEGA (3, 6, 7, 9)...","breadcrumb":{"@id":"https:\/\/melissimo.ro\/plantatie-acreditata-bio\/#breadcrumb"},"inLanguage":"en-US","potentialAction":[{"@type":"ReadAction","target":["https:\/\/melissimo.ro\/plantatie-acreditata-bio\/"]}]},{"@type":"BreadcrumbList","@id":"https:\/\/melissimo.ro\/plantatie-acreditata-bio\/#breadcrumb","itemListElement":[{"@type":"ListItem","position":1,"name":"Prima pagin\u0103","item":"https:\/\/melissimo.ro\/"},{"@type":"ListItem","position":2,"name":"Planta\u021bie"}]},{"@type":"WebSite","@id":"https:\/\/melissimo.ro\/#website","url":"https:\/\/melissimo.ro\/","name":"Melissimo","description":"Sanatos delights","publisher":{"@id":"https:\/\/melissimo.ro\/#organization"},"potentialAction":[{"@type":"SearchAction","target":{"@type":"EntryPoint","urlTemplate":"https:\/\/melissimo.ro\/?s={search_term_string}"},"query-input":{"@type":"PropertyValueSpecification","valueRequired":true,"valueName":"search_term_string"}}],"inLanguage":"en-US"},{"@type":"Organization","@id":"https:\/\/melissimo.ro\/#organization","name":"Melissimo","url":"https:\/\/melissimo.ro\/","logo":{"@type":"ImageObject","inLanguage":"en-US","@id":"https:\/\/melissimo.ro\/#\/schema\/logo\/image\/","url":"https:\/\/melissimo.ro\/wp-content\/uploads\/2020\/10\/logo_dark.png","contentUrl":"https:\/\/melissimo.ro\/wp-content\/uploads\/2020\/10\/logo_dark.png","width":326,"height":70,"caption":"Melissimo"},"image":{"@id":"https:\/\/melissimo.ro\/#\/schema\/logo\/image\/"},"sameAs":["https:\/\/www.facebook.com\/melissimo.ro","https:\/\/www.instagram.com\/melissimo.ro\/"]}]}},"_links":{"self":[{"href":"https:\/\/melissimo.ro\/en\/wp-json\/wp\/v2\/pages\/1504","targetHints":{"allow":["GET"]}}],"collection":[{"href":"https:\/\/melissimo.ro\/en\/wp-json\/wp\/v2\/pages"}],"about":[{"href":"https:\/\/melissimo.ro\/en\/wp-json\/wp\/v2\/types\/page"}],"author":[{"embeddable":true,"href":"https:\/\/melissimo.ro\/en\/wp-json\/wp\/v2\/users\/1"}],"replies":[{"embeddable":true,"href":"https:\/\/melissimo.ro\/en\/wp-json\/wp\/v2\/comments?post=1504"}],"version-history":[{"count":9,"href":"https:\/\/melissimo.ro\/en\/wp-json\/wp\/v2\/pages\/1504\/revisions"}],"predecessor-version":[{"id":16433,"href":"https:\/\/melissimo.ro\/en\/wp-json\/wp\/v2\/pages\/1504\/revisions\/16433"}],"wp:attachment":[{"href":"https:\/\/melissimo.ro\/en\/wp-json\/wp\/v2\/media?parent=1504"}],"curies":[{"name":"wp","href":"https:\/\/api.w.org\/{rel}","templated":true}]}}