{"id":1455,"date":"2020-11-06T10:35:44","date_gmt":"2020-11-06T10:35:44","guid":{"rendered":"https:\/\/melissimo.ro\/?page_id=1455"},"modified":"2025-11-20T14:24:23","modified_gmt":"2025-11-20T12:24:23","slug":"livrare-si-retur","status":"publish","type":"page","link":"https:\/\/melissimo.ro\/en\/livrare-si-retur\/","title":{"rendered":"Delivery and return"},"content":{"rendered":"<div class=\"wpb-content-wrapper\"><div class=\"vc_row wpb_row vc_row-fluid vc_custom_1721992773200 vc_row-has-fill wd-rs-66a3863f6cc63\"><div class=\"wpb_column vc_column_container vc_col-sm-12 wd-rs-65ddf436840f4\"><div class=\"vc_column-inner vc_custom_1709044794401\"><div class=\"wpb_wrapper\">\n\t\t<div id=\"wd-67176dbea8e92\" class=\"title-wrapper wd-wpb wd-set-mb reset-last-child  wd-rs-67176dbea8e92 wd-title-color-default wd-title-style-default text-left vc_custom_1729588677508 wd-underline-colored\">\n\t\t\t\n\t\t\t<div class=\"liner-continer\">\n\t\t\t\t<h4 class=\"woodmart-title-container title  wd-font-weight- wd-fontsize-l\" >Informa\u021bii despre livrare<\/h4>\n\t\t\t\t\t\t\t<\/div>\n\t\t\t\n\t\t\t\n\t\t\t\n\t\t<\/div>\n\t\t\n\t\t\t\t<div id=\"wd-67176db72f1c5\" class=\"wd-text-block wd-wpb reset-last-child wd-rs-67176db72f1c5 text-left vc_custom_1729588665182\">\n\t\t\t<p>Se poate comanda orice produs disponibil \u00een stoc.<br \/>\nPlata se poate face la primirea coletului \u00een sistem ramburs sau prin transfer bancar.<\/p>\n\t\t<\/div>\n\t\t<div class=\"vc_row wpb_row vc_inner vc_row-fluid vc_custom_1709044778263 vc_row-o-equal-height vc_row-o-content-top vc_row-flex wd-rs-65ddf42384013\"><div class=\"wpb_column vc_column_container vc_col-sm-6 vc_col-lg-3 vc_col-has-fill wd-rs-65ddf65771be8\"><div class=\"vc_column-inner vc_custom_1709045341571\"><div class=\"wpb_wrapper\">\t\t<div id=\"wd-691f080db4236\" class=\"wd-image wd-wpb wd-rs-691f080db4236 text-center vc_custom_1763641375718\">\n\t\t\t\n\t\t\t<img decoding=\"async\" class=\" wd-lazy-fade\"  alt=\"vg delivery icon melissimo\" src=\"https:\/\/melissimo.ro\/wp-content\/themes\/woodmart\/images\/lazy.svg\" data-src=\"https:\/\/melissimo.ro\/wp-content\/uploads\/2025\/11\/vg-delivery-img-icon-1.svg\" title=\"vg delivery icon melissimo\" loading=\"lazy\" width=\"128\" height=\"128\">\n\t\t\t\t\t<\/div>\n\t\t\t\t<div id=\"wd-67176d08a91ed\" class=\"wd-text-block wd-wpb reset-last-child wd-rs-67176d08a91ed text-center wd-font-weight-600 color-title wd-fontsize-custom vc_custom_1729588496318\">\n\t\t\t<p>1. Plaseaz\u0103 o comand\u0103<\/p>\n\t\t<\/div>\n\t\t<\/div><\/div><\/div><div class=\"wpb_column vc_column_container vc_col-sm-6 vc_col-lg-3 vc_col-has-fill wd-rs-65ddf65f10e5d\"><div class=\"vc_column-inner vc_custom_1709045347950\"><div class=\"wpb_wrapper\">\t\t<div id=\"wd-691f08245ec79\" class=\"wd-image wd-wpb wd-rs-691f08245ec79 text-center vc_custom_1763641398369\">\n\t\t\t\n\t\t\t<img decoding=\"async\" class=\" wd-lazy-fade\"  alt=\"vg delivery icon melissimo\" src=\"https:\/\/melissimo.ro\/wp-content\/themes\/woodmart\/images\/lazy.svg\" data-src=\"https:\/\/melissimo.ro\/wp-content\/uploads\/2025\/11\/vg-delivery-img-icon-2.svg\" title=\"vg delivery icon melissimo\" loading=\"lazy\" width=\"128\" height=\"128\">\n\t\t\t\t\t<\/div>\n\t\t\t\t<div id=\"wd-67176dc9c1309\" class=\"wd-text-block wd-wpb reset-last-child wd-rs-67176dc9c1309 text-center wd-font-weight-600 color-title wd-fontsize-custom vc_custom_1729588694364\">\n\t\t\t<p>2. Dup\u0103 \u00eenregistrarea comenzii, aceasta va fi procesat\u0103 \u00een vederea confirm\u0103rii exclusiv prin email \u0219i stabilirii detaliilor de livrare.<\/p>\n\t\t<\/div>\n\t\t<\/div><\/div><\/div><div class=\"wpb_column vc_column_container vc_col-sm-6 vc_col-lg-3 vc_col-has-fill wd-rs-65ddf6657b6e7\"><div class=\"vc_column-inner vc_custom_1709045354433\"><div class=\"wpb_wrapper\">\t\t<div id=\"wd-691f0839cc88c\" class=\"wd-image wd-wpb wd-rs-691f0839cc88c text-center vc_custom_1763641434806\">\n\t\t\t\n\t\t\t<img decoding=\"async\" class=\" wd-lazy-fade\"  alt=\"delivery icon melissimo\" src=\"https:\/\/melissimo.ro\/wp-content\/themes\/woodmart\/images\/lazy.svg\" data-src=\"https:\/\/melissimo.ro\/wp-content\/uploads\/2025\/11\/vg-delivery-img-icon-3.svg\" title=\"delivery icon melissimo\" loading=\"lazy\" width=\"128\" height=\"128\">\n\t\t\t\t\t<\/div>\n\t\t\t\t<div id=\"wd-67176ddb205ba\" class=\"wd-text-block wd-wpb reset-last-child wd-rs-67176ddb205ba text-center wd-font-weight-600 color-title wd-fontsize-custom vc_custom_1729588791818\">\n\t\t\t<p>3. Metoda de livrare a produselor este prin colet, iar expedierea se face prin Fan Courier.<\/p>\n\t\t<\/div>\n\t\t<\/div><\/div><\/div><div class=\"wpb_column vc_column_container vc_col-sm-6 vc_col-lg-3 vc_col-has-fill wd-rs-65ddf66bd8069\"><div class=\"vc_column-inner vc_custom_1709045362035\"><div class=\"wpb_wrapper\">\t\t<div id=\"wd-691f0865d2df4\" class=\"wd-image wd-wpb wd-rs-691f0865d2df4 text-center vc_custom_1763641459151\">\n\t\t\t\n\t\t\t<img decoding=\"async\" class=\" wd-lazy-fade\"  alt=\"delivery icon melissimo\" src=\"https:\/\/melissimo.ro\/wp-content\/themes\/woodmart\/images\/lazy.svg\" data-src=\"https:\/\/melissimo.ro\/wp-content\/uploads\/2025\/11\/vg-delivery-img-icon-4.svg\" title=\"delivery icon melissimo\" loading=\"lazy\" width=\"128\" height=\"128\">\n\t\t\t\t\t<\/div>\n\t\t\t\t<div id=\"wd-67176e3d53070\" class=\"wd-text-block wd-wpb reset-last-child wd-rs-67176e3d53070 text-center wd-font-weight-600 color-title wd-fontsize-custom vc_custom_1729588816714\">\n\t\t\t<p>4. Ne asum\u0103m responsabilitatea pentru transportul \u00een bune condi\u021bii al coletului.<\/p>\n\t\t<\/div>\n\t\t<\/div><\/div><\/div><\/div><\/div><\/div><\/div><\/div><div class=\"vc_row wpb_row vc_row-fluid vc_custom_1721992778669 vc_row-has-fill wd-rs-66a3864713e36\"><div class=\"wpb_column vc_column_container vc_col-sm-12 wd-rs-65ddf436840f4\"><div class=\"vc_column-inner vc_custom_1709044794401\"><div class=\"wpb_wrapper\">\n\t\t<div id=\"wd-67176e8928723\" class=\"title-wrapper wd-wpb wd-set-mb reset-last-child  wd-rs-67176e8928723 wd-title-color-default wd-title-style-default text-left vc_custom_1729588888715 wd-underline-colored\">\n\t\t\t\n\t\t\t<div class=\"liner-continer\">\n\t\t\t\t<h4 class=\"woodmart-title-container title  wd-font-weight- wd-fontsize-l\" >Politica pentru retur<\/h4>\n\t\t\t\t\t\t\t<\/div>\n\t\t\t\n\t\t\t\n\t\t\t\n\t\t<\/div>\n\t\t\n\t\t\t\t<div id=\"wd-67176e841459b\" class=\"wd-text-block wd-wpb reset-last-child wd-rs-67176e841459b text-left vc_custom_1729588895786\">\n\t\t\t<p>Dac\u0103 \u00een urma transportului produsul\/produsele sunt distruse, acestea vor fi \u00eenlocuite f\u0103r\u0103 costuri suplimentare. Verificarea coletului se va face \u00een prezen\u021ba reprezentantului firmei de curierat, iar \u00een cazul constat\u0103rii deterior\u0103rilor se va \u00eentocmi un proces-verbal de constatare a pagubelor.<\/p>\n<p>Costul livr\u0103rii este afi\u0219at \u00een pagina de check-out. Pentru comenzi unice al c\u0103ror cost dep\u0103\u0219e\u0219te suma de 250 lei, livrarea este gratuit\u0103.<br \/>\nAnularea comenzilor se poate face prin e-mail sau telefonic, \u00eens\u0103 este valid\u0103 doar dac\u0103 acestea nu au fost expediate.<br \/>\nClientul are obliga\u021bia de a furniza date corecte de livrare \u0219i de a recep\u021biona coletul direct sau prin reprezentan\u021bi.<\/p>\n\t\t<\/div>\n\t\t\t\t<div id=\"wd-67176ee404a7a\" class=\"wd-text-block wd-wpb reset-last-child wd-rs-67176ee404a7a text-left vc_custom_1729589029501\">\n\t\t\t<div class=\"vc_row wpb_row vc_row-fluid vc_custom_1604660065487\">\n<div class=\"wpb_column vc_column_container vc_col-sm-12\">\n<div class=\"vc_column-inner\">\n<div class=\"wpb_wrapper\">\n<div class=\"wpb_text_column wpb_content_element\">\n<div class=\"wpb_wrapper\">\n<p>Potrivit OUG nr. 34\/2014, consumatorul beneficiaz\u0103 de o perioad\u0103 de 14 zile pentru a se retrage dintr-un contract la distan\u021b\u0103, f\u0103r\u0103 a fi nevoit s\u0103 justifice decizia de retragere \u0219i f\u0103r\u0103 a suporta alte costuri, cu excep\u021bia celor privind livrarea, precum \u0219i a celor privind diminuarea valorii produselor rezultat\u0103 din manipularea acestora.<\/p>\n<p>Potrivit aceluia\u0219i act normativ, sunt exceptate de la dreptul de retragere furnizarea de produse sigilate care nu pot fi returnate din motive de protec\u021bie a s\u0103n\u0103t\u0103\u021bii sau din motive de igien\u0103 \u0219i care au fost desigilate de consumator.<\/p>\n<p>Inten\u021bia de returnare a unui produs va fi comunicat\u0103 c\u0103tre SC Euromellis Natura SRL prin oricare din urm\u0103toarele: e-mail, scrisoare recomandat\u0103 cu confirmare de primire, telefon, SMS, utiliz\u00e2nd formularul anexat sau prin orice alt\u0103 declara\u021bie neechivoc\u0103 prin care v\u0103 exprima\u021bi decizia de retragere din contract.<\/p>\n<h2><strong>Model formular de retragere:<\/strong><\/h2>\n<p>Prezentul formular se trimite \u00eenapoi completat doar dac\u0103 dori\u021bi s\u0103 v\u0103 retrage\u021bi din contract.<\/p>\n<p>C\u0103tre [&#8230;.] aici se introduce numele, adresa po\u0219tal\u0103 \u0219i, dac\u0103 este cazul, num\u0103rul de telefon, num\u0103rul de fax \u0219i adresa de e-mail ale profesionistului]<\/p>\n<p>V\u0103 informez prin prezenta cu privire la retragerea mea din contractul referitor la v\u00e2nzarea urm\u0103toarelor produse \u2026\u2026\u2026\u2026\u2026comandate la data \u2026\u2026\u2026\u2026primite la data \u2026\u2026\u2026\u2026..<\/p>\n<p>Numele consumatorului \u2026\u2026\u2026\u2026\u2026\u2026\u2026\u2026\u2026<\/p>\n<p>Adresa consumatorului \u2026\u2026\u2026\u2026\u2026\u2026\u2026\u2026\u2026..<\/p>\n<p>Semn\u0103tura consumatorului \u2026\u2026\u2026\u2026\u2026\u2026 (doar \u00een cazul \u00een care acest formular este notificat pe h\u00e2rtie)<\/p>\n<p>Data\u2026\u2026\u2026\u2026\n<\/p><\/div>\n<\/div>\n<\/div>\n<\/div>\n<\/div>\n<\/div>\n\t\t<\/div>\n\t\t<\/div><\/div><\/div><\/div>\n<\/div>","protected":false},"excerpt":{"rendered":"Informa\u021bii despre livrare Se poate comanda orice produs disponibil \u00een stoc. Plata se poate face la primirea coletului \u00een sistem","protected":false},"author":1,"featured_media":0,"parent":0,"menu_order":0,"comment_status":"closed","ping_status":"closed","template":"","meta":{"_acf_changed":false,"footnotes":""},"class_list":["post-1455","page","type-page","status-publish","hentry"],"acf":[],"yoast_head":"<!-- This site is optimized with the Yoast SEO plugin v27.3 - https:\/\/yoast.com\/product\/yoast-seo-wordpress\/ -->\n<title>Livrare \u0219i retur - Melissimo<\/title>\n<meta name=\"description\" content=\"Se poate comanda orice produs diponibil in stoc. Plata se poate face la primirea coletului in sistem ramburs sau prin transfer bancar...\" \/>\n<meta name=\"robots\" content=\"index, follow, max-snippet:-1, max-image-preview:large, max-video-preview:-1\" \/>\n<link rel=\"canonical\" href=\"https:\/\/melissimo.ro\/en\/livrare-si-retur\/\" \/>\n<meta property=\"og:locale\" content=\"en_US\" \/>\n<meta property=\"og:type\" content=\"article\" \/>\n<meta property=\"og:title\" content=\"Livrare \u0219i retur - Melissimo\" \/>\n<meta property=\"og:description\" content=\"Se poate comanda orice produs diponibil in stoc. Plata se poate face la primirea coletului in sistem ramburs sau prin transfer bancar...\" \/>\n<meta property=\"og:url\" content=\"https:\/\/melissimo.ro\/en\/livrare-si-retur\/\" \/>\n<meta property=\"og:site_name\" content=\"Melissimo\" \/>\n<meta property=\"article:publisher\" content=\"https:\/\/www.facebook.com\/melissimo.ro\" \/>\n<meta property=\"article:modified_time\" content=\"2025-11-20T12:24:23+00:00\" \/>\n<meta property=\"og:image\" content=\"https:\/\/melissimo.ro\/wp-content\/uploads\/2021\/12\/melissimo-facebook.jpg\" \/>\n\t<meta property=\"og:image:width\" content=\"1200\" \/>\n\t<meta property=\"og:image:height\" content=\"630\" \/>\n\t<meta property=\"og:image:type\" content=\"image\/jpeg\" \/>\n<meta name=\"twitter:card\" content=\"summary_large_image\" \/>\n<meta name=\"twitter:label1\" content=\"Est. reading time\" \/>\n\t<meta name=\"twitter:data1\" content=\"2 minutes\" \/>\n<script type=\"application\/ld+json\" class=\"yoast-schema-graph\">{\"@context\":\"https:\\\/\\\/schema.org\",\"@graph\":[{\"@type\":\"WebPage\",\"@id\":\"https:\\\/\\\/melissimo.ro\\\/livrare-si-retur\\\/\",\"url\":\"https:\\\/\\\/melissimo.ro\\\/livrare-si-retur\\\/\",\"name\":\"Livrare \u0219i retur - Melissimo\",\"isPartOf\":{\"@id\":\"https:\\\/\\\/melissimo.ro\\\/#website\"},\"datePublished\":\"2020-11-06T10:35:44+00:00\",\"dateModified\":\"2025-11-20T12:24:23+00:00\",\"description\":\"Se poate comanda orice produs diponibil in stoc. Plata se poate face la primirea coletului in sistem ramburs sau prin transfer bancar...\",\"breadcrumb\":{\"@id\":\"https:\\\/\\\/melissimo.ro\\\/livrare-si-retur\\\/#breadcrumb\"},\"inLanguage\":\"en-US\",\"potentialAction\":[{\"@type\":\"ReadAction\",\"target\":[\"https:\\\/\\\/melissimo.ro\\\/livrare-si-retur\\\/\"]}]},{\"@type\":\"BreadcrumbList\",\"@id\":\"https:\\\/\\\/melissimo.ro\\\/livrare-si-retur\\\/#breadcrumb\",\"itemListElement\":[{\"@type\":\"ListItem\",\"position\":1,\"name\":\"Prima pagin\u0103\",\"item\":\"https:\\\/\\\/melissimo.ro\\\/\"},{\"@type\":\"ListItem\",\"position\":2,\"name\":\"Livrare \u0219i retur\"}]},{\"@type\":\"WebSite\",\"@id\":\"https:\\\/\\\/melissimo.ro\\\/#website\",\"url\":\"https:\\\/\\\/melissimo.ro\\\/\",\"name\":\"Melissimo\",\"description\":\"Delicios de Sanatos\",\"publisher\":{\"@id\":\"https:\\\/\\\/melissimo.ro\\\/#organization\"},\"potentialAction\":[{\"@type\":\"SearchAction\",\"target\":{\"@type\":\"EntryPoint\",\"urlTemplate\":\"https:\\\/\\\/melissimo.ro\\\/?s={search_term_string}\"},\"query-input\":{\"@type\":\"PropertyValueSpecification\",\"valueRequired\":true,\"valueName\":\"search_term_string\"}}],\"inLanguage\":\"en-US\"},{\"@type\":\"Organization\",\"@id\":\"https:\\\/\\\/melissimo.ro\\\/#organization\",\"name\":\"Melissimo\",\"url\":\"https:\\\/\\\/melissimo.ro\\\/\",\"logo\":{\"@type\":\"ImageObject\",\"inLanguage\":\"en-US\",\"@id\":\"https:\\\/\\\/melissimo.ro\\\/#\\\/schema\\\/logo\\\/image\\\/\",\"url\":\"https:\\\/\\\/melissimo.ro\\\/wp-content\\\/uploads\\\/2020\\\/10\\\/logo_dark.png\",\"contentUrl\":\"https:\\\/\\\/melissimo.ro\\\/wp-content\\\/uploads\\\/2020\\\/10\\\/logo_dark.png\",\"width\":326,\"height\":70,\"caption\":\"Melissimo\"},\"image\":{\"@id\":\"https:\\\/\\\/melissimo.ro\\\/#\\\/schema\\\/logo\\\/image\\\/\"},\"sameAs\":[\"https:\\\/\\\/www.facebook.com\\\/melissimo.ro\",\"https:\\\/\\\/www.instagram.com\\\/melissimo.ro\\\/\"]}]}<\/script>\n<!-- \/ Yoast SEO plugin. -->","yoast_head_json":{"title":"Livrare \u0219i retur - Melissimo","description":"Se poate comanda orice produs diponibil in stoc. Plata se poate face la primirea coletului in sistem ramburs sau prin transfer bancar...","robots":{"index":"index","follow":"follow","max-snippet":"max-snippet:-1","max-image-preview":"max-image-preview:large","max-video-preview":"max-video-preview:-1"},"canonical":"https:\/\/melissimo.ro\/en\/livrare-si-retur\/","og_locale":"en_US","og_type":"article","og_title":"Livrare \u0219i retur - Melissimo","og_description":"Se poate comanda orice produs diponibil in stoc. Plata se poate face la primirea coletului in sistem ramburs sau prin transfer bancar...","og_url":"https:\/\/melissimo.ro\/en\/livrare-si-retur\/","og_site_name":"Melissimo","article_publisher":"https:\/\/www.facebook.com\/melissimo.ro","article_modified_time":"2025-11-20T12:24:23+00:00","og_image":[{"width":1200,"height":630,"url":"https:\/\/melissimo.ro\/wp-content\/uploads\/2021\/12\/melissimo-facebook.jpg","type":"image\/jpeg"}],"twitter_card":"summary_large_image","twitter_misc":{"Est. reading time":"2 minutes"},"schema":{"@context":"https:\/\/schema.org","@graph":[{"@type":"WebPage","@id":"https:\/\/melissimo.ro\/livrare-si-retur\/","url":"https:\/\/melissimo.ro\/livrare-si-retur\/","name":"Livrare \u0219i retur - Melissimo","isPartOf":{"@id":"https:\/\/melissimo.ro\/#website"},"datePublished":"2020-11-06T10:35:44+00:00","dateModified":"2025-11-20T12:24:23+00:00","description":"Se poate comanda orice produs diponibil in stoc. Plata se poate face la primirea coletului in sistem ramburs sau prin transfer bancar...","breadcrumb":{"@id":"https:\/\/melissimo.ro\/livrare-si-retur\/#breadcrumb"},"inLanguage":"en-US","potentialAction":[{"@type":"ReadAction","target":["https:\/\/melissimo.ro\/livrare-si-retur\/"]}]},{"@type":"BreadcrumbList","@id":"https:\/\/melissimo.ro\/livrare-si-retur\/#breadcrumb","itemListElement":[{"@type":"ListItem","position":1,"name":"Prima pagin\u0103","item":"https:\/\/melissimo.ro\/"},{"@type":"ListItem","position":2,"name":"Livrare \u0219i retur"}]},{"@type":"WebSite","@id":"https:\/\/melissimo.ro\/#website","url":"https:\/\/melissimo.ro\/","name":"Melissimo","description":"Sanatos delights","publisher":{"@id":"https:\/\/melissimo.ro\/#organization"},"potentialAction":[{"@type":"SearchAction","target":{"@type":"EntryPoint","urlTemplate":"https:\/\/melissimo.ro\/?s={search_term_string}"},"query-input":{"@type":"PropertyValueSpecification","valueRequired":true,"valueName":"search_term_string"}}],"inLanguage":"en-US"},{"@type":"Organization","@id":"https:\/\/melissimo.ro\/#organization","name":"Melissimo","url":"https:\/\/melissimo.ro\/","logo":{"@type":"ImageObject","inLanguage":"en-US","@id":"https:\/\/melissimo.ro\/#\/schema\/logo\/image\/","url":"https:\/\/melissimo.ro\/wp-content\/uploads\/2020\/10\/logo_dark.png","contentUrl":"https:\/\/melissimo.ro\/wp-content\/uploads\/2020\/10\/logo_dark.png","width":326,"height":70,"caption":"Melissimo"},"image":{"@id":"https:\/\/melissimo.ro\/#\/schema\/logo\/image\/"},"sameAs":["https:\/\/www.facebook.com\/melissimo.ro","https:\/\/www.instagram.com\/melissimo.ro\/"]}]}},"_links":{"self":[{"href":"https:\/\/melissimo.ro\/en\/wp-json\/wp\/v2\/pages\/1455","targetHints":{"allow":["GET"]}}],"collection":[{"href":"https:\/\/melissimo.ro\/en\/wp-json\/wp\/v2\/pages"}],"about":[{"href":"https:\/\/melissimo.ro\/en\/wp-json\/wp\/v2\/types\/page"}],"author":[{"embeddable":true,"href":"https:\/\/melissimo.ro\/en\/wp-json\/wp\/v2\/users\/1"}],"replies":[{"embeddable":true,"href":"https:\/\/melissimo.ro\/en\/wp-json\/wp\/v2\/comments?post=1455"}],"version-history":[{"count":4,"href":"https:\/\/melissimo.ro\/en\/wp-json\/wp\/v2\/pages\/1455\/revisions"}],"predecessor-version":[{"id":16114,"href":"https:\/\/melissimo.ro\/en\/wp-json\/wp\/v2\/pages\/1455\/revisions\/16114"}],"wp:attachment":[{"href":"https:\/\/melissimo.ro\/en\/wp-json\/wp\/v2\/media?parent=1455"}],"curies":[{"name":"wp","href":"https:\/\/api.w.org\/{rel}","templated":true}]}}